{"id":8868,"date":"2024-05-02T13:15:33","date_gmt":"2024-05-02T17:15:33","guid":{"rendered":"https:\/\/old.pondlehocky.com\/acerca-de\/nuestra-comunidad\/salon-de-la-fama-de-las-leyendas-del-trabajo\/"},"modified":"2024-05-02T13:15:53","modified_gmt":"2024-05-02T17:15:53","slug":"salon-de-la-fama-de-las-leyendas-del-trabajo","status":"publish","type":"page","link":"https:\/\/old.pondlehocky.com\/es\/acerca-de\/nuestra-comunidad\/salon-de-la-fama-de-las-leyendas-del-trabajo\/","title":{"rendered":"Sal\u00f3n de la Fama de las Leyendas del Trabajo"},"content":{"rendered":"<p>[et_pb_section fb_built=\u00bb1&#8243; custom_padding_last_edited=\u00bbon|phone\u00bb _builder_version=\u00bb4.18.0&#8243; _module_preset=\u00bbdefault\u00bb background_image=\u00bbhttps:\/\/old.pondlehocky.com\/wp-content\/uploads\/2022\/08\/Partnerships-bg.jpg\u00bb background_position=\u00bbtop_center\u00bb min_height=\u00bb325px\u00bb custom_margin=\u00bb0px||0px||false|false\u00bb custom_padding=\u00bb100px||0px||false|false\u00bb custom_padding_tablet=\u00bb100px||0px||false|false\u00bb custom_padding_phone=\u00bb50px||||false|false\u00bb global_colors_info=\u00bb{}\u00bb theme_builder_area=\u00bbpost_content\u00bb][et_pb_row _builder_version=\u00bb4.17.6&#8243; _module_preset=\u00bbdefault\u00bb global_colors_info=\u00bb{}\u00bb theme_builder_area=\u00bbpost_content\u00bb][et_pb_column type=\u00bb4_4&#8243; _builder_version=\u00bb4.17.6&#8243; _module_preset=\u00bbdefault\u00bb global_colors_info=\u00bb{}\u00bb theme_builder_area=\u00bbpost_content\u00bb][et_pb_text module_class=\u00bbbreadcrumb\u00bb _builder_version=\u00bb4.18.0&#8243; _module_preset=\u00bbdefault\u00bb text_font=\u00bb|||on|||||\u00bb text_text_color=\u00bb#EAAB42&#8243; text_font_size=\u00bb22px\u00bb link_font=\u00bb|||on|||||\u00bb link_text_color=\u00bb#EAAB42&#8243; link_font_size=\u00bb22px\u00bb link_letter_spacing=\u00bb4px\u00bb header_2_font=\u00bb|||on|||||\u00bb header_2_text_color=\u00bb#EAAB42&#8243; header_2_font_size=\u00bb18px\u00bb header_2_letter_spacing=\u00bb6px\u00bb header_4_letter_spacing=\u00bb6px\u00bb custom_margin=\u00bb||-3px|||\u00bb animation_style=\u00bbslide\u00bb animation_direction=\u00bbbottom\u00bb animation_duration=\u00bb850ms\u00bb animation_intensity_slide=\u00bb10%\u00bb global_colors_info=\u00bb{}\u00bb link_text_color__hover=\u00bb#FFFFFF\u00bb link_text_color__hover_enabled=\u00bbon|desktop\u00bb theme_builder_area=\u00bbpost_content\u00bb]<a href=\"\/sobre\/\">Acerca de<\/a>&nbsp;&nbsp;|&nbsp;&nbsp;<a href=\"\/nuestra-comunidad\/\">Nuestra comunidad<\/a>[\/et_pb_text][et_pb_text _builder_version=\u00bb4.18.0&#8243; _dynamic_attributes=\u00bbcontent\u00bb _module_preset=\u00bbdefault\u00bb link_text_color=\u00bb#4295C9&#8243; header_text_color=\u00bb#FFFFFF\u00bb header_font_size=\u00bb72px\u00bb header_4_letter_spacing=\u00bb6px\u00bb animation_style=\u00bbslide\u00bb animation_direction=\u00bbbottom\u00bb animation_duration=\u00bb850ms\u00bb animation_intensity_slide=\u00bb10%\u00bb header_text_shadow_style=\u00bbpreset1&#8243; header_text_shadow_vertical_length=\u00bb0.08em\u00bb header_text_shadow_color=\u00bbrgba(18,40,76,0.15)\u00bb global_colors_info=\u00bb{}\u00bb link_text_color__hover=\u00bb#EAAB42&#8243; link_text_color__hover_enabled=\u00bbon|hover\u00bb theme_builder_area=\u00bbpost_content\u00bb]@ET-DC@eyJkeW5hbWljIjp0cnVlLCJjb250ZW50IjoicG9zdF90aXRsZSIsInNldHRpbmdzIjp7ImJlZm9yZSI6IjxoMT4iLCJhZnRlciI6IjxcL2gxPiJ9fQ==@[\/et_pb_text][\/et_pb_column][\/et_pb_row][\/et_pb_section][et_pb_section fb_built=\u00bb1&#8243; _builder_version=\u00bb4.17.6&#8243; _module_preset=\u00bbdefault\u00bb custom_padding=\u00bb||19px|||\u00bb global_colors_info=\u00bb{}\u00bb theme_builder_area=\u00bbpost_content\u00bb][et_pb_row column_structure=\u00bb2_3,1_3&#8243; _builder_version=\u00bb4.17.6&#8243; _module_preset=\u00bbdefault\u00bb custom_padding=\u00bb||3px|||\u00bb global_colors_info=\u00bb{}\u00bb theme_builder_area=\u00bbpost_content\u00bb][et_pb_column type=\u00bb2_3&#8243; _builder_version=\u00bb4.17.6&#8243; _module_preset=\u00bbdefault\u00bb animation_style=\u00bbslide\u00bb animation_direction=\u00bbbottom\u00bb animation_duration=\u00bb850ms\u00bb animation_intensity_slide=\u00bb5%\u00bb global_colors_info=\u00bb{}\u00bb theme_builder_area=\u00bbpost_content\u00bb][et_pb_text _builder_version=\u00bb4.23.1&#8243; _module_preset=\u00bbdefault\u00bb header_4_letter_spacing=\u00bb6px\u00bb custom_margin=\u00bb||40px||false|false\u00bb hover_enabled=\u00bb0&#8243; global_colors_info=\u00bb{}\u00bb theme_builder_area=\u00bbpost_content\u00bb sticky_enabled=\u00bb0&#8243;]<\/p>\n<p>El Sal\u00f3n de la Fama de las Leyendas del Trabajo fue instituido por las organizaciones de medios de comunicaci\u00f3n pro-laborales <a href=\"http:\/\/PhillyLabor.com\" target=\"_blank\" rel=\"noopener\">PhillyLabor.com<\/a>, <a href=\"https:\/\/jakibsports.com\/\" target=\"_blank\" rel=\"noopener\">JAKIB Media<\/a> y Keel Communications en 2023. La distinci\u00f3n pretende \u00abhonrar y reconocer, a perpetuidad, a aquellos l\u00edderes y amigos del Trabajo, pasados y presentes, que han dejado una huella indeleble en las familias trabajadoras, en su comunidad y en el movimiento obrero\u00bb.<\/p>\n<p>El Sal\u00f3n de la Fama de las Leyendas del Trabajo se cre\u00f3 como parte de un esfuerzo por educar mejor a los miembros de los sindicatos y al p\u00fablico en general sobre los principios y la historia del movimiento obrero. Al reconocer a los grandes l\u00edderes que ayudan a defender y proteger los valores del movimiento obrero, PhillyLabor pretende inspirar y desarrollar la pr\u00f3xima generaci\u00f3n de liderazgo y asociaci\u00f3n laboral. Las organizaciones fundadoras demuestran estos mismos principios en su programa de radio semanal en WWDB Talk 860, <a href=\"https:\/\/old.pondlehocky.com\/es\/acerca-de\/nuestra-comunidad\/plg-x-the-labor-show\/\">el Labor Show con JDoc (Joe Dougherty Jr. de PhillyLabor) y Krausey (Joe Krause de Jakib Media)<\/a>.<\/p>\n<p>El Socio Fundador de Pond Lehocky Giordano, Samuel H. Pond, fue honrado como el \u00abAmigo del Trabajo\u00bb inaugural del Sal\u00f3n de la Fama de las Leyendas del Trabajo en 2023. Desde que se licenci\u00f3 en Derecho por la Facultad de Derecho de la Universidad de Temple en 1984, el Sr. Pond ha centrado su pr\u00e1ctica en los litigios de indemnizaci\u00f3n por accidentes de trabajo. Tuvo un papel decisivo en el crecimiento de Pond Lehocky Giordano hasta convertirla en una de las mayores empresas de indemnizaci\u00f3n de trabajadores de Estados Unidos en la actualidad. Su defensa de sus clientes les ha valido algunos de los mayores acuerdos en todo el pa\u00eds. El Sr. Pond se preocupa profundamente por ser un l\u00edder fuerte que devuelve a la comunidad, lo que es evidente por sus numerosos puestos de liderazgo y sus amplias contribuciones ben\u00e9ficas.<\/p>\n<h3>Miembros del Sal\u00f3n de la Fama de las Leyendas del Trabajo<\/h3>\n<p><strong>2024<\/strong><\/p>\n<p>Mike Fera<\/p>\n<p><strong>2023<\/strong><\/p>\n<p>Samuel H. Pond<\/p>\n<p><strong>2022<\/strong><\/p>\n<p>Samuel Staten Sr.<\/p>\n<p>[\/et_pb_text][et_pb_button button_url=\u00bbhttps:\/\/wwdbam.com\/podcasts\/89693\/\u00bb url_new_window=\u00bbon\u00bb button_text=\u00bbEscuchar en l\u00ednea\u00bb button_alignment=\u00bbleft\u00bb module_class=\u00bbbtn\u00bb _builder_version=\u00bb4.23.1&#8243; _module_preset=\u00bbdefault\u00bb custom_button=\u00bbon\u00bb button_text_size=\u00bb16px\u00bb button_text_color=\u00bb#12284C\u00bb button_bg_color=\u00bb#EAAB42&#8243; button_border_width=\u00bb0px\u00bb button_border_radius=\u00bb0px\u00bb button_font=\u00bb|||on|||||\u00bb button_use_icon=\u00bboff\u00bb custom_margin=\u00bb||50px||false|false\u00bb custom_padding=\u00bb10px|40px|10px|40px|true|true\u00bb global_colors_info=\u00bb{}\u00bb button_bg_color__hover_enabled=\u00bbon|desktop\u00bb button_bg_color__hover=\u00bb#12284C\u00bb button_bg_enable_color__hover=\u00bbon\u00bb button_text_color__hover_enabled=\u00bbon|hover\u00bb button_text_color__hover=\u00bb#EAAB42&#8243; theme_builder_area=\u00bbpost_content\u00bb][\/et_pb_button][et_pb_divider color=\u00bb#F2F2F2&#8243; divider_weight=\u00bb2px\u00bb _builder_version=\u00bb4.18.0&#8243; _module_preset=\u00bbdefault\u00bb width=\u00bb80%\u00bb module_alignment=\u00bbleft\u00bb custom_margin=\u00bb||-2px|||\u00bb custom_padding=\u00bb||40px|||\u00bb animation_style=\u00bbslide\u00bb animation_duration=\u00bb850ms\u00bb global_colors_info=\u00bb{}\u00bb theme_builder_area=\u00bbpost_content\u00bb][\/et_pb_divider][\/et_pb_column][et_pb_column type=\u00bb1_3&#8243; _builder_version=\u00bb4.17.6&#8243; _module_preset=\u00bbdefault\u00bb animation_style=\u00bbslide\u00bb animation_direction=\u00bbbottom\u00bb animation_duration=\u00bb850ms\u00bb animation_delay=\u00bb50ms\u00bb animation_intensity_slide=\u00bb5%\u00bb global_colors_info=\u00bb{}\u00bb theme_builder_area=\u00bbpost_content\u00bb][et_pb_wpt_gravityform gravityform_id=\u00bbgf-1&#8243; description_custom_margin=\u00bb10px|0|16px|0|false|false\u00bb description_custom_padding=\u00bb0|0px|0|0|false|false\u00bb field_container_custom_margin=\u00bb20px|0|0|0|false|false\u00bb input_container_custom_margin=\u00bb0px|0|0|0|false|false\u00bb text_input_bg_color=\u00bb#FFFFFF\u00bb label_custom_margin=\u00bb5px|0|5px|0|false|false\u00bb _builder_version=\u00bb4.20.4&#8243; _module_preset=\u00bbdefault\u00bb title_text_color=\u00bb#12284C\u00bb title_font_size=\u00bb36px\u00bb description_font=\u00bb|||on|||||\u00bb description_text_color=\u00bb#12284C\u00bb description_font_size=\u00bb18px\u00bb description_letter_spacing=\u00bb4px\u00bb description_line_height=\u00bb1.3em\u00bb label_text_color=\u00bb#000000&#8243; label_font_size=\u00bb18px\u00bb background_color=\u00bb#F2F2F2&#8243; custom_form_button=\u00bbon\u00bb form_button_text_color=\u00bb#12284C\u00bb form_button_bg_color=\u00bb#EAAB42&#8243; form_button_border_width=\u00bb0px\u00bb form_button_font=\u00bb|||on|||||\u00bb custom_padding=\u00bb15px|20px|15px|20px|true|true\u00bb custom_css_text_field=\u00bbwidth:100%;\u00bb custom_css_textarea_field=\u00bbwidth:100%;\u00bb custom_css_select_field=\u00bbwidth:100%;\u00bb custom_css_button=\u00bbwidth:100%;\u00bb border_color_all_input_general=\u00bb#dbdbdb\u00bb global_module=\u00bb206&#8243; global_colors_info=\u00bb{}\u00bb form_button_bg_color__hover_enabled=\u00bbon|desktop\u00bb form_button_bg_color__hover=\u00bb#12284C\u00bb form_button_bg_enable_color__hover=\u00bbon\u00bb form_button_text_color__hover_enabled=\u00bbon|desktop\u00bb form_button_text_color__hover=\u00bb#EAAB42&#8243; theme_builder_area=\u00bbpost_content\u00bb][\/et_pb_wpt_gravityform][\/et_pb_column][\/et_pb_row][\/et_pb_section]<\/p>\n","protected":false},"excerpt":{"rendered":"<p>Acerca de&nbsp;&nbsp;|&nbsp;&nbsp;Nuestra comunidadEl Sal\u00f3n de la Fama de las Leyendas del Trabajo fue instituido por las organizaciones de medios de comunicaci\u00f3n pro-laborales PhillyLabor.com, JAKIB Media y Keel Communications en 2023. La distinci\u00f3n pretende \u00abhonrar y reconocer, a perpetuidad, a aquellos l\u00edderes y amigos del Trabajo, pasados y presentes, que han dejado una huella indeleble en [&hellip;]<\/p>\n","protected":false},"author":21,"featured_media":0,"parent":5570,"menu_order":0,"comment_status":"closed","ping_status":"closed","template":"","meta":{"_et_pb_use_builder":"on","_et_pb_old_content":"","_et_gb_content_width":"","footnotes":""},"class_list":["post-8868","page","type-page","status-publish","hentry"],"acf":[],"_links":{"self":[{"href":"https:\/\/old.pondlehocky.com\/es\/wp-json\/wp\/v2\/pages\/8868","targetHints":{"allow":["GET"]}}],"collection":[{"href":"https:\/\/old.pondlehocky.com\/es\/wp-json\/wp\/v2\/pages"}],"about":[{"href":"https:\/\/old.pondlehocky.com\/es\/wp-json\/wp\/v2\/types\/page"}],"author":[{"embeddable":true,"href":"https:\/\/old.pondlehocky.com\/es\/wp-json\/wp\/v2\/users\/21"}],"replies":[{"embeddable":true,"href":"https:\/\/old.pondlehocky.com\/es\/wp-json\/wp\/v2\/comments?post=8868"}],"version-history":[{"count":0,"href":"https:\/\/old.pondlehocky.com\/es\/wp-json\/wp\/v2\/pages\/8868\/revisions"}],"up":[{"embeddable":true,"href":"https:\/\/old.pondlehocky.com\/es\/wp-json\/wp\/v2\/pages\/5570"}],"wp:attachment":[{"href":"https:\/\/old.pondlehocky.com\/es\/wp-json\/wp\/v2\/media?parent=8868"}],"curies":[{"name":"wp","href":"https:\/\/api.w.org\/{rel}","templated":true}]}}