{"id":8730,"date":"2024-03-05T15:19:50","date_gmt":"2024-03-05T20:19:50","guid":{"rendered":"https:\/\/old.pondlehocky.com\/acerca-de\/dr-nicholas-dinubile\/"},"modified":"2024-03-05T15:20:12","modified_gmt":"2024-03-05T20:20:12","slug":"dr-nicholas-dinubile","status":"publish","type":"page","link":"https:\/\/old.pondlehocky.com\/es\/acerca-de\/dr-nicholas-dinubile\/","title":{"rendered":"Dr. Nicholas DiNubile"},"content":{"rendered":"<p>[et_pb_section fb_built=\u00bb1&#8243; custom_padding_last_edited=\u00bbon|phone\u00bb _builder_version=\u00bb4.23.1&#8243; _module_preset=\u00bbdefault\u00bb background_image=\u00bbhttps:\/\/old.pondlehocky.com\/wp-content\/uploads\/2023\/01\/news-bg.jpg\u00bb background_position=\u00bbtop_center\u00bb min_height=\u00bb325px\u00bb custom_margin=\u00bb0px||0px||false|false\u00bb custom_padding=\u00bb100px||0px||false|false\u00bb custom_padding_tablet=\u00bb100px||0px||false|false\u00bb custom_padding_phone=\u00bb50px||||false|false\u00bb global_colors_info=\u00bb{}\u00bb][et_pb_row _builder_version=\u00bb4.17.6&#8243; _module_preset=\u00bbdefault\u00bb global_colors_info=\u00bb{}\u00bb][et_pb_column type=\u00bb4_4&#8243; _builder_version=\u00bb4.17.6&#8243; _module_preset=\u00bbdefault\u00bb global_colors_info=\u00bb{}\u00bb][et_pb_text module_class=\u00bbsubhead\u00bb _builder_version=\u00bb4.17.6&#8243; _module_preset=\u00bbdefault\u00bb text_font=\u00bb|||on|||||\u00bb text_text_color=\u00bb#4295C9&#8243; link_text_color=\u00bb#4295C9&#8243; header_2_font=\u00bb|||on|||||\u00bb header_2_text_color=\u00bb#EAAB42&#8243; header_2_font_size=\u00bb18px\u00bb header_2_letter_spacing=\u00bb6px\u00bb custom_margin=\u00bb||-3px|||\u00bb animation_style=\u00bbslide\u00bb animation_direction=\u00bbbottom\u00bb animation_duration=\u00bb850ms\u00bb animation_intensity_slide=\u00bb10%\u00bb global_colors_info=\u00bb{}\u00bb link_text_color__hover=\u00bb#EAAB42&#8243; link_text_color__hover_enabled=\u00bbon|hover\u00bb]<\/p>\n<h2>Acerca de<\/h2>\n<p>[\/et_pb_text][et_pb_text _builder_version=\u00bb4.18.0&#8243; _dynamic_attributes=\u00bbcontent\u00bb _module_preset=\u00bbdefault\u00bb link_text_color=\u00bb#4295C9&#8243; header_text_color=\u00bb#FFFFFF\u00bb header_font_size=\u00bb72px\u00bb animation_style=\u00bbslide\u00bb animation_direction=\u00bbbottom\u00bb animation_duration=\u00bb850ms\u00bb animation_intensity_slide=\u00bb10%\u00bb header_text_shadow_style=\u00bbpreset1&#8243; header_text_shadow_vertical_length=\u00bb0.08em\u00bb header_text_shadow_color=\u00bbrgba(18,40,76,0.15)\u00bb global_colors_info=\u00bb{}\u00bb link_text_color__hover=\u00bb#EAAB42&#8243; link_text_color__hover_enabled=\u00bbon|hover\u00bb]@ET-DC@eyJkeW5hbWljIjp0cnVlLCJjb250ZW50IjoicG9zdF90aXRsZSIsInNldHRpbmdzIjp7ImJlZm9yZSI6IjxoMT4iLCJhZnRlciI6IjxcL2gxPiJ9fQ==@[\/et_pb_text][\/et_pb_column][\/et_pb_row][\/et_pb_section][et_pb_section fb_built=\u00bb1&#8243; _builder_version=\u00bb4.17.6&#8243; _module_preset=\u00bbdefault\u00bb custom_padding=\u00bb||19px|||\u00bb global_colors_info=\u00bb{}\u00bb][et_pb_row column_structure=\u00bb2_3,1_3&#8243; _builder_version=\u00bb4.17.6&#8243; _module_preset=\u00bbdefault\u00bb global_colors_info=\u00bb{}\u00bb][et_pb_column type=\u00bb2_3&#8243; _builder_version=\u00bb4.17.6&#8243; _module_preset=\u00bbdefault\u00bb animation_style=\u00bbslide\u00bb animation_direction=\u00bbbottom\u00bb animation_duration=\u00bb850ms\u00bb animation_intensity_slide=\u00bb5%\u00bb global_colors_info=\u00bb{}\u00bb][et_pb_text _builder_version=\u00bb4.23.1&#8243; _module_preset=\u00bbdefault\u00bb custom_margin=\u00bb||0px||false|false\u00bb animation_style=\u00bbslide\u00bb animation_direction=\u00bbbottom\u00bb animation_duration=\u00bb850ms\u00bb animation_intensity_slide=\u00bb10%\u00bb global_colors_info=\u00bb{}\u00bb]<\/p>\n<h2>Conozca al Dr. DiNubile: Consultor Ortop\u00e9dico Jefe de Pond Lehocky<\/h2>\n<p>[\/et_pb_text][et_pb_divider color=\u00bb#EAAB42&#8243; divider_weight=\u00bb2px\u00bb _builder_version=\u00bb4.18.0&#8243; _module_preset=\u00bbdefault\u00bb width=\u00bb62%\u00bb width_tablet=\u00bb75%\u00bb width_phone=\u00bb100%\u00bb width_last_edited=\u00bbon|phone\u00bb custom_margin=\u00bb||0px|||\u00bb animation_style=\u00bbslide\u00bb animation_duration=\u00bb850ms\u00bb animation_intensity_slide=\u00bb10%\u00bb global_colors_info=\u00bb{}\u00bb][\/et_pb_divider][et_pb_text _builder_version=\u00bb4.23.1&#8243; _module_preset=\u00bbdefault\u00bb custom_margin=\u00bb||40px||false|false\u00bb animation_style=\u00bbslide\u00bb animation_direction=\u00bbbottom\u00bb animation_duration=\u00bb850ms\u00bb animation_intensity_slide=\u00bb10%\u00bb global_colors_info=\u00bb{}\u00bb]<\/p>\n<p><span style=\"font-weight: 400;\">Pond Lehocky Giordano se compromete a ayudar a nuestros clientes lesionados a lograr la mejor vida posible despu\u00e9s de un accidente grave. Ese compromiso va m\u00e1s all\u00e1 de recuperar prestaciones e indemnizaciones para nuestros clientes; tambi\u00e9n significa proporcionarles los recursos que necesitan para tomar decisiones informadas sobre su salud, las prestaciones del seguro y los posibles caminos hacia la recuperaci\u00f3n f\u00edsica.<\/span><\/p>\n<p><span style=\"font-weight: 400;\">Por eso nos hemos asociado con uno de los m\u00e9dicos m\u00e1s conocidos y respetados del pa\u00eds: <\/span><a href=\"https:\/\/premierortho.com\/physicians\/nicholas-dinubile-m-d\/\" target=\"_blank\" rel=\"noopener\"><br \/>\n  <span style=\"font-weight: 400;\">Dr. Nicholas DiNubile<\/span><br \/>\n<\/a><span style=\"font-weight: 400;\">. Dr. DiNubile sirve en un papel crucial para nuestra empresa y llena un vac\u00edo que a nuestro conocimiento ninguna otra lesi\u00f3n, accidente, o la firma de discapacidad en el pa\u00eds es capaz de llenar: ofrecer asesoramiento m\u00e9dico y puntos de vista de un cirujano ortop\u00e9dico de renombre nacional.  <\/span><\/p>\n<p><span style=\"font-weight: 400;\">El Dr. DiNubile ha<\/span><span style=\"font-weight: 400;\">  asesor\u00f3 a dos presidentes de Estados Unidos sobre pol\u00edtica sanitaria y ha sido incluido en el Sal\u00f3n Nacional de la Fama del Fitness, entre otros muchos honores. Contar con \u00e9l para asesorar a nuestros abogados y ayudar a nuestros clientes a tomar las mejores decisiones para su salud es un honor para nuestra Firma. Sus consejos cambian las reglas del juego en nuestro bufete y nos ayudan a preparar a nuestros clientes para un futuro mejor y m\u00e1s saludable mucho despu\u00e9s de que se resuelva su caso.<\/span><\/p>\n<p><span style=\"font-weight: 400;\">Obtenga m\u00e1s informaci\u00f3n sobre el Dr. DiNubile a continuaci\u00f3n y las formas en que est\u00e1 ayudando a los clientes de Pond Lehocky a volver a un estilo de vida m\u00e1s activo y sin dolor.<\/span><\/p>\n<p>[\/et_pb_text][et_pb_divider color=\u00bb#F2F2F2&#8243; divider_weight=\u00bb2px\u00bb _builder_version=\u00bb4.18.0&#8243; _module_preset=\u00bbdefault\u00bb custom_margin=\u00bb||1px|||\u00bb animation_style=\u00bbslide\u00bb animation_duration=\u00bb850ms\u00bb animation_intensity_slide=\u00bb10%\u00bb global_colors_info=\u00bb{}\u00bb][\/et_pb_divider][et_pb_text module_class=\u00bbsubhead\u00bb _builder_version=\u00bb4.23.1&#8243; _module_preset=\u00bbdefault\u00bb header_font=\u00bb|||on|||||\u00bb header_4_font=\u00bb|||on|||||\u00bb header_4_font_size=\u00bb22px\u00bb header_4_letter_spacing=\u00bb7px\u00bb custom_margin=\u00bb||1px|||\u00bb animation_style=\u00bbslide\u00bb animation_direction=\u00bbbottom\u00bb animation_duration=\u00bb850ms\u00bb animation_intensity_slide=\u00bb10%\u00bb global_colors_info=\u00bb{}\u00bb]<\/p>\n<h4>Sobre el Dr. Nicholas DiNubile<\/h4>\n<p>[\/et_pb_text][et_pb_text _builder_version=\u00bb4.23.1&#8243; _module_preset=\u00bbdefault\u00bb custom_margin=\u00bb||40px||false|false\u00bb animation_style=\u00bbslide\u00bb animation_direction=\u00bbbottom\u00bb animation_duration=\u00bb850ms\u00bb animation_intensity_slide=\u00bb10%\u00bb global_colors_info=\u00bb{}\u00bb]<\/p>\n<p><span style=\"font-weight: 400;\">El Dr. Nicholas DiNubile es un galardonado y respetado cirujano ortop\u00e9dico en el \u00e1rea de Filadelfia. Ha sido reconocido durante m\u00e1s de 20 a\u00f1os como \u00abMejor M\u00e9dico de Am\u00e9rica\u00bb, fue nombrado \u00abMejor M\u00e9dico\u00bb por US News &amp; World Report, y \u00abMejor M\u00e9dico\u00bb por  <\/span><i><span style=\"font-weight: 400;\">Philadelphia Magazine.  <\/span><\/i><span style=\"font-weight: 400;\">\u00c9l  <\/span><span style=\"font-weight: 400;\">ha sido Asesor Especial del Consejo del Presidente de los Estados Unidos para la Condici\u00f3n F\u00edsica y el Deporte y ha asesorado a dos Presidentes de los Estados Unidos en materia de salud y pol\u00edtica sanitaria. El Dr. DiNubile fue incluido en el Sal\u00f3n Nacional de la Fama del Fitness y en el Sal\u00f3n de la Fama de la Medicina Deportiva de Filadelfia. Tiene  <\/span><span style=\"font-weight: 400;\">tambi\u00e9n recibi\u00f3 el <\/span><span style=\"font-weight: 400;\">prestigioso premio HAFL (Healthy American Fitness Leaders)<\/span><span style=\"font-weight: 400;\">. <\/span> <\/p>\n<p><span style=\"font-weight: 400;\">El Dr. DiNubile se especializa en Medicina Deportiva. Es el principal portavoz de la Academia Americana de Cirujanos Ortop\u00e9dicos y de la Sociedad Ortop\u00e9dica Americana de Medicina Deportiva. Tambi\u00e9n es Director M\u00e9dico de Premier Orthopedics &amp; Sports Medicine, uno de los mayores grupos ortop\u00e9dicos del pa\u00eds. En su calidad de editor ejecutivo de la revista de fitness  <\/span><i><br \/>\n  <span style=\"font-weight: 400;\">Physician y Sportsmedicine Journal<\/span><br \/>\n<\/i><span style=\"font-weight: 400;\"> y su nombramiento como miembro del consejo asesor de <\/span><i><br \/>\n  <span style=\"font-weight: 400;\">Muscle &amp; Fitness<\/span><br \/>\n<\/i><span style=\"font-weight: 400;\">, <\/span><i><br \/>\n  <span style=\"font-weight: 400;\">Men&#8217;s Health<\/span><br \/>\n<\/i><span style=\"font-weight: 400;\">, <\/span><i><br \/>\n  <span style=\"font-weight: 400;\">Men&#8217;s Fitness<\/span><br \/>\n<\/i><span style=\"font-weight: 400;\">y <\/span><i><br \/>\n  <span style=\"font-weight: 400;\">Shape<\/span><br \/>\n<\/i><span style=\"font-weight: 400;\">  revistas. Tambi\u00e9n ha colaborado en el Informe del Cirujano General de EE.UU. sobre Actividad F\u00edsica y Salud. El Dr. DiNubile ejerci\u00f3 como director m\u00e9dico ortop\u00e9dico durante m\u00e1s de una d\u00e9cada para US Healthcare y Aetna, y tambi\u00e9n fue asesor ortop\u00e9dico del equipo de baloncesto Philadelphia 76ers y del Ballet de Pensilvania.  <\/span><\/p>\n<p><span style=\"font-weight: 400;\">El Dr. DiNubile es uno de los cirujanos ortop\u00e9dicos m\u00e1s cotizados del pa\u00eds. Es el autor m\u00e1s vendido de la serie de libros FrameWork y fue productor ejecutivo y presentador del galardonado especial de televisi\u00f3n nacional de PBS \u00abYour Body&#8217;s FrameWork\u00bb. Publicaciones y medios de comunicaci\u00f3n nacionales recurren regularmente al Dr. NiNubile por sus conocimientos m\u00e9dicos, incluidos, entre otros, Good Morning America, The Today Show, CNN, HBO Real Sports y National Public Radio. El Dr. DiNubile tambi\u00e9n ha aparecido en el New York Times, el Wall Street Journal, el Washington Post y Newsweek.  <\/span><\/p>\n<p>[\/et_pb_text][et_pb_divider color=\u00bb#F2F2F2&#8243; divider_weight=\u00bb2px\u00bb _builder_version=\u00bb4.18.0&#8243; _module_preset=\u00bbdefault\u00bb custom_margin=\u00bb||1px|||\u00bb animation_style=\u00bbslide\u00bb animation_duration=\u00bb850ms\u00bb animation_intensity_slide=\u00bb10%\u00bb global_colors_info=\u00bb{}\u00bb][\/et_pb_divider][et_pb_text module_class=\u00bbsubhead\u00bb _builder_version=\u00bb4.23.1&#8243; _module_preset=\u00bbdefault\u00bb header_font=\u00bb|||on|||||\u00bb header_4_font=\u00bb|||on|||||\u00bb header_4_font_size=\u00bb22px\u00bb header_4_letter_spacing=\u00bb7px\u00bb custom_margin=\u00bb||1px|||\u00bb animation_style=\u00bbslide\u00bb animation_direction=\u00bbbottom\u00bb animation_duration=\u00bb850ms\u00bb animation_intensity_slide=\u00bb10%\u00bb global_colors_info=\u00bb{}\u00bb]<\/p>\n<h4>C\u00f3mo pueden beneficiarse los clientes de Pond Lehocky de la experiencia del Dr. DiNubile<\/h4>\n<p>[\/et_pb_text][et_pb_text _builder_version=\u00bb4.23.1&#8243; _module_preset=\u00bbdefault\u00bb custom_margin=\u00bb||40px||false|false\u00bb animation_style=\u00bbslide\u00bb animation_direction=\u00bbbottom\u00bb animation_duration=\u00bb850ms\u00bb animation_intensity_slide=\u00bb10%\u00bb global_colors_info=\u00bb{}\u00bb]<\/p>\n<p><span style=\"font-weight: 400;\">El Dr. DiNubile es el principal asesor ortop\u00e9dico de Pond Lehocky. Trabaja en estrecha colaboraci\u00f3n con nuestros abogados para ayudar a asegurar que cada caso detalla el alcance completo de las lesiones de nuestros clientes, as\u00ed como el peaje en sus vidas, para ayudarles a recibir la m\u00e1xima cantidad de beneficios y compensaci\u00f3n. Cuando procede, est\u00e1 disponible para ofrecer asesoramiento m\u00e9dico y consejos sobre atenci\u00f3n sanitaria a nuestros clientes, as\u00ed como informaci\u00f3n sobre si determinados tratamientos pueden estar cubiertos por las prestaciones de indemnizaci\u00f3n por accidentes de trabajo y\/o las prestaciones por incapacidad de la Seguridad Social.  <\/span><\/p>\n<p><span style=\"font-weight: 400;\">Si usted tiene una pregunta espec\u00edfica para el Dr. DiNubile con respecto a su lesi\u00f3n y las opciones de atenci\u00f3n m\u00e9dica que pueden estar disponibles para usted, por favor llene el formulario de contacto en esta p\u00e1gina.<\/span><\/p>\n<p>&nbsp;<\/p>\n<p><i><span style=\"font-weight: 400;\">Tenga en cuenta que, sin una relaci\u00f3n m\u00e9dico-paciente formal y sin acceso a su historial m\u00e9dico completo, cualquier consejo m\u00e9dico debe considerarse junto con las recomendaciones de su m\u00e9dico.<\/span><\/i><\/p>\n<p>[\/et_pb_text][\/et_pb_column][et_pb_column type=\u00bb1_3&#8243; _builder_version=\u00bb4.17.6&#8243; _module_preset=\u00bbdefault\u00bb animation_style=\u00bbslide\u00bb animation_direction=\u00bbbottom\u00bb animation_duration=\u00bb850ms\u00bb animation_delay=\u00bb50ms\u00bb animation_intensity_slide=\u00bb5%\u00bb global_colors_info=\u00bb{}\u00bb][et_pb_wpt_gravityform gravityform_id=\u00bbgf-1&#8243; description_custom_margin=\u00bb10px|0|16px|0|false|false\u00bb description_custom_padding=\u00bb0|0px|0|0|false|false\u00bb field_container_custom_margin=\u00bb20px|0|0|0|false|false\u00bb input_container_custom_margin=\u00bb0px|0|0|0|false|false\u00bb text_input_bg_color=\u00bb#FFFFFF\u00bb label_custom_margin=\u00bb5px|0|5px|0|false|false\u00bb _builder_version=\u00bb4.20.4&#8243; _module_preset=\u00bbdefault\u00bb title_text_color=\u00bb#12284C\u00bb title_font_size=\u00bb36px\u00bb description_font=\u00bb|||on|||||\u00bb description_text_color=\u00bb#12284C\u00bb description_font_size=\u00bb18px\u00bb description_letter_spacing=\u00bb4px\u00bb description_line_height=\u00bb1.3em\u00bb label_text_color=\u00bb#000000&#8243; label_font_size=\u00bb18px\u00bb background_color=\u00bb#F2F2F2&#8243; custom_form_button=\u00bbon\u00bb form_button_text_color=\u00bb#12284C\u00bb form_button_bg_color=\u00bb#EAAB42&#8243; form_button_border_width=\u00bb0px\u00bb form_button_font=\u00bb|||on|||||\u00bb custom_padding=\u00bb15px|20px|15px|20px|true|true\u00bb custom_css_text_field=\u00bbwidth:100%;\u00bb custom_css_textarea_field=\u00bbwidth:100%;\u00bb custom_css_select_field=\u00bbwidth:100%;\u00bb custom_css_button=\u00bbwidth:100%;\u00bb border_color_all_input_general=\u00bb#dbdbdb\u00bb global_module=\u00bb206&#8243; global_colors_info=\u00bb{}\u00bb form_button_bg_color__hover_enabled=\u00bbon|desktop\u00bb form_button_bg_color__hover=\u00bb#12284C\u00bb form_button_bg_enable_color__hover=\u00bbon\u00bb form_button_text_color__hover_enabled=\u00bbon|desktop\u00bb form_button_text_color__hover=\u00bb#EAAB42&#8243;][\/et_pb_wpt_gravityform][\/et_pb_column][\/et_pb_row][\/et_pb_section]<\/p>\n","protected":false},"excerpt":{"rendered":"<p>Acerca deConozca al Dr. DiNubile: Consultor Ortop\u00e9dico Jefe de Pond LehockyPond Lehocky Giordano se compromete a ayudar a nuestros clientes lesionados a lograr la mejor vida posible despu\u00e9s de un accidente grave. Ese compromiso va m\u00e1s all\u00e1 de recuperar prestaciones e indemnizaciones para nuestros clientes; tambi\u00e9n significa proporcionarles los recursos que necesitan para tomar decisiones [&hellip;]<\/p>\n","protected":false},"author":8,"featured_media":0,"parent":5529,"menu_order":0,"comment_status":"closed","ping_status":"closed","template":"","meta":{"_et_pb_use_builder":"on","_et_pb_old_content":"","_et_gb_content_width":"","footnotes":""},"class_list":["post-8730","page","type-page","status-publish","hentry"],"acf":[],"_links":{"self":[{"href":"https:\/\/old.pondlehocky.com\/es\/wp-json\/wp\/v2\/pages\/8730","targetHints":{"allow":["GET"]}}],"collection":[{"href":"https:\/\/old.pondlehocky.com\/es\/wp-json\/wp\/v2\/pages"}],"about":[{"href":"https:\/\/old.pondlehocky.com\/es\/wp-json\/wp\/v2\/types\/page"}],"author":[{"embeddable":true,"href":"https:\/\/old.pondlehocky.com\/es\/wp-json\/wp\/v2\/users\/8"}],"replies":[{"embeddable":true,"href":"https:\/\/old.pondlehocky.com\/es\/wp-json\/wp\/v2\/comments?post=8730"}],"version-history":[{"count":0,"href":"https:\/\/old.pondlehocky.com\/es\/wp-json\/wp\/v2\/pages\/8730\/revisions"}],"up":[{"embeddable":true,"href":"https:\/\/old.pondlehocky.com\/es\/wp-json\/wp\/v2\/pages\/5529"}],"wp:attachment":[{"href":"https:\/\/old.pondlehocky.com\/es\/wp-json\/wp\/v2\/media?parent=8730"}],"curies":[{"name":"wp","href":"https:\/\/api.w.org\/{rel}","templated":true}]}}