{"id":5666,"date":"2022-11-07T18:17:44","date_gmt":"2022-11-07T18:17:44","guid":{"rendered":"https:\/\/old.pondlehocky.com\/red-de-referencias\/trabajadores-sindicalizados\/"},"modified":"2023-08-08T14:45:36","modified_gmt":"2023-08-08T14:45:36","slug":"trabajadores-sindicalizados","status":"publish","type":"page","link":"https:\/\/old.pondlehocky.com\/es\/red-de-referencias\/trabajadores-sindicalizados\/","title":{"rendered":"Trabajadores sindicalizados"},"content":{"rendered":"<p>[et_pb_section fb_built=\u00bb1&#8243; custom_padding_last_edited=\u00bbon|phone\u00bb _builder_version=\u00bb4.19.0&#8243; _module_preset=\u00bbdefault\u00bb background_image=\u00bbhttps:\/\/old.pondlehocky.com\/wp-content\/uploads\/2022\/11\/union-header.jpg\u00bb background_position=\u00bbtop_center\u00bb min_height=\u00bb325px\u00bb custom_margin=\u00bb0px||0px||false|false\u00bb custom_padding=\u00bb100px||0px||false|false\u00bb custom_padding_tablet=\u00bb100px||0px||false|false\u00bb custom_padding_phone=\u00bb50px||||false|false\u00bb global_colors_info=\u00bb{}\u00bb][et_pb_row _builder_version=\u00bb4.17.6&#8243; _module_preset=\u00bbdefault\u00bb global_colors_info=\u00bb{}\u00bb][et_pb_column type=\u00bb4_4&#8243; _builder_version=\u00bb4.17.6&#8243; _module_preset=\u00bbdefault\u00bb global_colors_info=\u00bb{}\u00bb][et_pb_text module_class=\u00bbbreadcrumb\u00bb _builder_version=\u00bb4.18.0&#8243; _module_preset=\u00bbdefault\u00bb text_font=\u00bb|||on|||||\u00bb text_text_color=\u00bb#4295C9&#8243; link_text_color=\u00bb#EAAB42&#8243; link_font_size=\u00bb22px\u00bb link_letter_spacing=\u00bb5px\u00bb header_2_font=\u00bb|||on|||||\u00bb header_2_text_color=\u00bb#EAAB42&#8243; header_2_font_size=\u00bb18px\u00bb header_2_letter_spacing=\u00bb6px\u00bb custom_margin=\u00bb||-3px|||\u00bb animation_style=\u00bbslide\u00bb animation_direction=\u00bbbottom\u00bb animation_duration=\u00bb850ms\u00bb animation_intensity_slide=\u00bb10%\u00bb global_colors_info=\u00bb{}\u00bb link_text_color__hover=\u00bb#FFFFFF\u00bb link_text_color__hover_enabled=\u00bbon|desktop\u00bb]<a href=\"https:\/\/old.pondlehocky.com\/es\/red-de-referencias\/\">Red de Referencias<\/a>[\/et_pb_text][et_pb_text _builder_version=\u00bb4.18.0&#8243; _dynamic_attributes=\u00bbcontent\u00bb _module_preset=\u00bbdefault\u00bb link_text_color=\u00bb#4295C9&#8243; header_text_color=\u00bb#FFFFFF\u00bb header_font_size=\u00bb72px\u00bb custom_padding=\u00bb|29px||||\u00bb animation_style=\u00bbslide\u00bb animation_direction=\u00bbbottom\u00bb animation_duration=\u00bb850ms\u00bb animation_intensity_slide=\u00bb10%\u00bb header_text_shadow_style=\u00bbpreset1&#8243; header_text_shadow_vertical_length=\u00bb0.08em\u00bb header_text_shadow_color=\u00bbrgba(18,40,76,0.15)\u00bb global_colors_info=\u00bb{}\u00bb link_text_color__hover=\u00bb#EAAB42&#8243; link_text_color__hover_enabled=\u00bbon|hover\u00bb]@ET-DC@eyJkeW5hbWljIjp0cnVlLCJjb250ZW50IjoicG9zdF90aXRsZSIsInNldHRpbmdzIjp7ImJlZm9yZSI6IjxoMT4iLCJhZnRlciI6IjxcL2gxPiJ9fQ==@[\/et_pb_text][\/et_pb_column][\/et_pb_row][\/et_pb_section][et_pb_section fb_built=\u00bb1&#8243; _builder_version=\u00bb4.17.6&#8243; _module_preset=\u00bbdefault\u00bb custom_padding=\u00bb||60px|||\u00bb global_colors_info=\u00bb{}\u00bb][et_pb_row column_structure=\u00bb2_3,1_3&#8243; _builder_version=\u00bb4.17.6&#8243; _module_preset=\u00bbdefault\u00bb custom_padding=\u00bb||0px|||\u00bb global_colors_info=\u00bb{}\u00bb][et_pb_column type=\u00bb2_3&#8243; _builder_version=\u00bb4.17.6&#8243; _module_preset=\u00bbdefault\u00bb animation_style=\u00bbslide\u00bb animation_direction=\u00bbbottom\u00bb animation_duration=\u00bb850ms\u00bb animation_intensity_slide=\u00bb5%\u00bb global_colors_info=\u00bb{}\u00bb][et_pb_text _builder_version=\u00bb4.18.0&#8243; _module_preset=\u00bbdefault\u00bb link_text_color=\u00bb#4295C9&#8243; header_2_font_size=\u00bb54px\u00bb header_2_line_height=\u00bb1.2em\u00bb global_colors_info=\u00bb{}\u00bb link_text_color__hover_enabled=\u00bbon|desktop\u00bb link_text_color__hover=\u00bb#EAAB42&#8243;]<\/p>\n<h2>En Pond Lehocky Giordano, el trabajo organizado corre por nuestras venas.<\/h2>\n<p>[\/et_pb_text][et_pb_text _builder_version=\u00bb4.20.4&#8243; _module_preset=\u00bbdefault\u00bb header_font=\u00bb|||on|||||\u00bb header_2_font=\u00bb|||on|||||\u00bb header_2_text_color=\u00bb#12284C\u00bb header_2_font_size=\u00bb22px\u00bb header_2_letter_spacing=\u00bb5px\u00bb header_3_font=\u00bb|||on|||||\u00bb header_3_font_size=\u00bb21px\u00bb header_3_letter_spacing=\u00bb5px\u00bb header_4_font=\u00bb|||on|||||\u00bb header_4_font_size=\u00bb22px\u00bb header_4_letter_spacing=\u00bb7px\u00bb custom_margin=\u00bb||40px||false|false\u00bb animation_style=\u00bbslide\u00bb animation_direction=\u00bbbottom\u00bb animation_duration=\u00bb850ms\u00bb animation_intensity_slide=\u00bb10%\u00bb hover_enabled=\u00bb0&#8243; global_colors_info=\u00bb{}\u00bb sticky_enabled=\u00bb0&#8243;]<\/p>\n<p>El padre del socio fundador, Sam Pond, era un maquinista sindicalizado.<\/p>\n<p>El padre del socio fundador, Jerry Lehocky, era un fontanero sindicalizado cuya afiliaci\u00f3n al sindicato le salv\u00f3 literalmente la vida al proporcionarle un seguro para un tratamiento m\u00e9dico que le salv\u00f3 la vida.<\/p>\n<p>El abuelo del socio fundador, Tom Giordano, era un Millwright que fund\u00f3 el sindicato local de Millwrights.<\/p>\n<p>Adem\u00e1s, docenas de nuestros abogados y personal tienen sangre sindical gracias a su propia afiliaci\u00f3n sindical o a la de sus familiares.<\/p>\n<p>[\/et_pb_text][et_pb_divider color=\u00bb#F2F2F2&#8243; divider_weight=\u00bb2px\u00bb _builder_version=\u00bb4.18.0&#8243; _module_preset=\u00bbdefault\u00bb custom_margin=\u00bb||10px||false|false\u00bb animation_style=\u00bbslide\u00bb animation_duration=\u00bb850ms\u00bb animation_intensity_slide=\u00bb10%\u00bb global_colors_info=\u00bb{}\u00bb][\/et_pb_divider][et_pb_text _builder_version=\u00bb4.19.0&#8243; _module_preset=\u00bbdefault\u00bb link_text_color=\u00bb#4295C9&#8243; header_2_font_size=\u00bb36px\u00bb header_2_line_height=\u00bb1.2em\u00bb custom_margin=\u00bb||25px|||\u00bb global_colors_info=\u00bb{}\u00bb link_text_color__hover_enabled=\u00bbon|desktop\u00bb link_text_color__hover=\u00bb#EAAB42&#8243;]<\/p>\n<h2>Por eso nos tomamos muy en serio el privilegio, el honor y la responsabilidad que tenemos cuando representamos a los miembros del sindicato en sus asuntos de compensaci\u00f3n laboral, incapacidad y otros asuntos legales.<\/h2>\n<p>[\/et_pb_text][et_pb_text _builder_version=\u00bb4.19.0&#8243; _module_preset=\u00bbdefault\u00bb header_font=\u00bb|||on|||||\u00bb header_2_font=\u00bb|||on|||||\u00bb header_2_text_color=\u00bb#12284C\u00bb header_2_font_size=\u00bb22px\u00bb header_2_letter_spacing=\u00bb5px\u00bb header_3_font=\u00bb|||on|||||\u00bb header_3_font_size=\u00bb21px\u00bb header_3_letter_spacing=\u00bb5px\u00bb header_4_font=\u00bb|||on|||||\u00bb header_4_font_size=\u00bb22px\u00bb header_4_letter_spacing=\u00bb7px\u00bb custom_margin=\u00bb||22px||false|false\u00bb animation_style=\u00bbslide\u00bb animation_direction=\u00bbbottom\u00bb animation_duration=\u00bb850ms\u00bb animation_intensity_slide=\u00bb10%\u00bb global_colors_info=\u00bb{}\u00bb]<\/p>\n<p><strong>Los abogados y el personal de Pond Lehocky Giordano tienen el placer de trabajar con los miembros del sindicato en todo el pa\u00eds, incluyendo aquellos que son miembros de los siguientes sindicatos:<\/strong><\/p>\n<ul>\n<li>Federaci\u00f3n Americana de Empleados del Gobierno (AFGE)<\/li>\n<li>Federaci\u00f3n Americana del Trabajo y Congreso de Organizaciones Industriales (AFL-CIO)<\/li>\n<li>Federaci\u00f3n Americana de M\u00fasicos (AFM)<\/li>\n<li>Federaci\u00f3n Americana de Empleados Estatales, Municipales y de Condados (AFSCME)<\/li>\n<li>Federaci\u00f3n Americana de Profesores (AFT)<\/li>\n<li>Oficiales mar\u00edtimos americanos (AMO)<\/li>\n<li>Uni\u00f3n Americana de Trabajadores Postales (APWU)<\/li>\n<li>Trabajadores de amianto, plomo y residuos peligrosos<\/li>\n<li>Uni\u00f3n Internacional de Trabajadores de la Panader\u00eda, Confiter\u00eda, Tabaco y Molinos de Cereales (BCTGM)<\/li>\n<li>Divisi\u00f3n de la Hermandad de Empleados de Mantenimiento de V\u00edas &#8211; Hermandad Internacional de Camioneros<\/li>\n<li>Consejo Regional de Carpinteros<\/li>\n<li>Sindicato de Alba\u00f1iles del Cemento y Yeseros<\/li>\n<li>Communications Workers of America (CWA)<\/li>\n<li>Sindicato de Trabajadores del Gas<\/li>\n<li>Obreros de la construcci\u00f3n pesada<\/li>\n<li>Alianza Internacional de Empleados de Escenarios Teatrales, T\u00e9cnicos Cinematogr\u00e1ficos, Artistas y Oficios Afines (IATSE)<\/li>\n<li>Asociaci\u00f3n Internacional de Trabajadores de Puentes, Estructuras, Ornamentos y Refuerzos (Ironworkers)<\/li>\n<li>Asociaci\u00f3n Internacional de Bomberos (IAFF)<\/li>\n<li>Asociaci\u00f3n Internacional de Aisladores T\u00e9rmicos y Anticongelantes y Trabajadores Afines<\/li>\n<li>Asociaci\u00f3n Internacional de Maquinistas y Trabajadores Aeroespaciales (IAM)<\/li>\n<li>Hermandad Internacional de Caldereros, Constructores de Barcos de Hierro, Herreros, Forjadores y Ayudantes<\/li>\n<li>Hermandad Internacional de Trabajadores de la Electricidad (IBEW)<\/li>\n<li>Hermandad Internacional de Camioneros<\/li>\n<li>Federaci\u00f3n Internacional de Ingenieros Profesionales y T\u00e9cnicos (IFPTE)<\/li>\n<li>Asociaci\u00f3n Internacional de Estibadores (ILA)<\/li>\n<li>Sindicato Internacional de Alba\u00f1iles y Artesanos Afines ( BAC)<\/li>\n<li>Uni\u00f3n Internacional de Constructores de Ascensores (UIE)<\/li>\n<li>Uni\u00f3n Internacional de Ingenieros de Explotaci\u00f3n (UIOE)<\/li>\n<li>Uni\u00f3n Internacional de Pintores y Oficios Afines (IUPAT)<\/li>\n<li>Sindicato Internacional, United Automobile, Aerospace and Agricultural Implement Workers of America (UAW)<\/li>\n<li>IUE-CWA (Communications Workers of America)<\/li>\n<li>Asociaci\u00f3n Nacional de Carteros (NALC)<\/li>\n<li>Asociaci\u00f3n Nacional de Controladores de Tr\u00e1fico A\u00e9reo (NATCA)<\/li>\n<li>Sindicato nacional de manipuladores de correo postal<\/li>\n<li>The NewsGuild-CWA<\/li>\n<li>Asociaci\u00f3n Internacional de Yeseros y Alba\u00f1iles del Cemento<\/li>\n<li>Pintores y oficios afines<\/li>\n<li>Pavimentadoras y constructoras de carreteras<\/li>\n<li>Asociaci\u00f3n de Personal de Enfermer\u00eda y Profesionales Afines de Pensilvania (PASNAP)<\/li>\n<li>Consejo de Oficios de la Construcci\u00f3n de Filadelfia<\/li>\n<li>Junta de Filadelfia, Trabajadores Unidos<\/li>\n<li>Asociaci\u00f3n de Empleados de Seguridad P\u00fablica (PSEA)<\/li>\n<li>Sindicato de minoristas, mayoristas y grandes almacenes (RWDSU)<\/li>\n<li>Federaci\u00f3n de Profesores de Scranton<\/li>\n<li>Gremio de Actores de la Pantalla &#8211; Federaci\u00f3n Americana de Artistas de la Televisi\u00f3n y la Radio (SAG-AFTRA)<\/li>\n<li>Sindicato Internacional de Empleados de Servicios (SEIU)<\/li>\n<li>Asociaci\u00f3n Internacional de Trabajadores de la Chapa Met\u00e1lica<\/li>\n<li>Instaladores de aspersores<\/li>\n<li>Azulejos, m\u00e1rmol y terrazo<\/li>\n<li>Uni\u00f3n de Trabajadores del Transporte de Am\u00e9rica (TWU)<\/li>\n<li>Asociaci\u00f3n Unida de Oficiales y Aprendices de la Industria de la Fontaner\u00eda y las Tuber\u00edas de Estados Unidos y Canad\u00e1 (UA)<\/li>\n<li>UA &#8211; Pipefitters<\/li>\n<li>UA &#8211; Fontaneros<\/li>\n<li>UA &#8211; Vaporistas<\/li>\n<li>Hermandad Unida de Carpinteros y Ebanistas de Am\u00e9rica (UBC)<\/li>\n<li>United Food and Commercial Workers (UFCW)<\/li>\n<li>Sindicato Unido de Techadores, Impermeabilizadores y Afines<\/li>\n<li>United Steelworkers (USW)<\/li>\n<\/ul>\n<p>Desgraciadamente, los trabajadores sindicalizados son hoy el \u00faltimo basti\u00f3n de la clase media. Est\u00e1n viviendo el sue\u00f1o americano que ahora se le escapa a la mayor\u00eda de los estadounidenses: Trabajar duro en un empleo que te pague bien y te ofrezca una pensi\u00f3n para poder llevar comida a la mesa y cuidar de tu familia mientras t\u00fa y ellos viv\u00e1is.<\/p>\n<p>Pero el duro trabajo que realizan los trabajadores sindicales pasa factura. Conocemos el esfuerzo f\u00edsico y la destreza necesarios para ser un trabajador sindical productivo, ya sea un aprendiz o un trabajador experimentado en el ocaso de su carrera.<\/p>\n<p>[\/et_pb_text][et_pb_divider color=\u00bb#F2F2F2&#8243; divider_weight=\u00bb2px\u00bb _builder_version=\u00bb4.18.0&#8243; _module_preset=\u00bbdefault\u00bb custom_margin=\u00bb||10px||false|false\u00bb animation_style=\u00bbslide\u00bb animation_duration=\u00bb850ms\u00bb animation_intensity_slide=\u00bb10%\u00bb global_colors_info=\u00bb{}\u00bb][\/et_pb_divider][et_pb_text _builder_version=\u00bb4.19.0&#8243; _module_preset=\u00bbdefault\u00bb link_text_color=\u00bb#4295C9&#8243; header_2_font_size=\u00bb36px\u00bb header_2_line_height=\u00bb1.2em\u00bb custom_margin=\u00bb||25px|||\u00bb global_colors_info=\u00bb{}\u00bb link_text_color__hover_enabled=\u00bbon|desktop\u00bb link_text_color__hover=\u00bb#EAAB42&#8243;]<\/p>\n<h2>Sabemos que incluso los cuerpos m\u00e1s fuertes se descomponen con el tiempo cuando han sido puestos a prueba todos los d\u00edas durante d\u00e9cadas.<\/h2>\n<p>[\/et_pb_text][et_pb_text _builder_version=\u00bb4.19.0&#8243; _module_preset=\u00bbdefault\u00bb header_font=\u00bb|||on|||||\u00bb header_2_font=\u00bb|||on|||||\u00bb header_2_text_color=\u00bb#12284C\u00bb header_2_font_size=\u00bb22px\u00bb header_2_letter_spacing=\u00bb5px\u00bb header_3_font=\u00bb|||on|||||\u00bb header_3_font_size=\u00bb21px\u00bb header_3_letter_spacing=\u00bb5px\u00bb header_4_font=\u00bb|||on|||||\u00bb header_4_font_size=\u00bb22px\u00bb header_4_letter_spacing=\u00bb7px\u00bb custom_margin=\u00bb||19px||false|false\u00bb animation_style=\u00bbslide\u00bb animation_direction=\u00bbbottom\u00bb animation_duration=\u00bb850ms\u00bb animation_intensity_slide=\u00bb10%\u00bb global_colors_info=\u00bb{}\u00bb]<\/p>\n<p>Y conocemos las dificultades a las que se enfrentan los trabajadores sindicalizados cuando llevan la carga de tener que mantener a sus familias pero no pueden hacerlo debido a una lesi\u00f3n, accidente o enfermedad. Los trabajadores sindicalizados pueden sentirse desamparados cuando no pueden volver inmediatamente a un puesto bien remunerado que ha pagado las necesidades y los lujos que disfrutan sus familias.<\/p>\n<p>Por eso abordamos los asuntos legales de nuestros clientes de forma integral. Cuando asesoramos a nuestros clientes con respecto a sus asuntos legales, trabajamos estrechamente con nuestras redes de referencia de m\u00e9dicos y otros abogados para trazar caminos legales y m\u00e9dicos hacia adelante para que puedan alcanzar sus objetivos personales y laborales lo antes posible.<\/p>\n<p>[\/et_pb_text][et_pb_divider color=\u00bb#F2F2F2&#8243; divider_weight=\u00bb2px\u00bb _builder_version=\u00bb4.18.0&#8243; _module_preset=\u00bbdefault\u00bb custom_margin=\u00bb||10px||false|false\u00bb animation_style=\u00bbslide\u00bb animation_duration=\u00bb850ms\u00bb animation_intensity_slide=\u00bb10%\u00bb global_colors_info=\u00bb{}\u00bb][\/et_pb_divider][et_pb_text _builder_version=\u00bb4.19.0&#8243; _module_preset=\u00bbdefault\u00bb link_text_color=\u00bb#4295C9&#8243; header_2_font_size=\u00bb36px\u00bb header_2_line_height=\u00bb1.2em\u00bb custom_margin=\u00bb||25px|||\u00bb global_colors_info=\u00bb{}\u00bb link_text_color__hover_enabled=\u00bbon|desktop\u00bb link_text_color__hover=\u00bb#EAAB42&#8243;]<\/p>\n<h2>No proporcionamos soluciones legales de corte de galleta porque no hay dos clientes en la misma situaci\u00f3n, y no hay dos clientes que tengan las mismas preocupaciones de salud y familia.<\/h2>\n<p>[\/et_pb_text][et_pb_text _builder_version=\u00bb4.19.0&#8243; _module_preset=\u00bbdefault\u00bb header_font=\u00bb|||on|||||\u00bb header_2_font=\u00bb|||on|||||\u00bb header_2_text_color=\u00bb#12284C\u00bb header_2_font_size=\u00bb22px\u00bb header_2_letter_spacing=\u00bb5px\u00bb header_3_font=\u00bb|||on|||||\u00bb header_3_font_size=\u00bb21px\u00bb header_3_letter_spacing=\u00bb5px\u00bb header_4_font=\u00bb|||on|||||\u00bb header_4_font_size=\u00bb22px\u00bb header_4_letter_spacing=\u00bb7px\u00bb custom_margin=\u00bb||40px||false|false\u00bb animation_style=\u00bbslide\u00bb animation_direction=\u00bbbottom\u00bb animation_duration=\u00bb850ms\u00bb animation_intensity_slide=\u00bb10%\u00bb global_colors_info=\u00bb{}\u00bb]<\/p>\n<p>El cliente que quiere cobrar las prestaciones de indemnizaci\u00f3n por accidente de trabajo mientras est\u00e1 lesionado, pero que espera recuperarse y volver al lugar de trabajo lo antes posible, requerir\u00e1 una estrategia legal y m\u00e9dica diferente a la de otro cliente que est\u00e1 m\u00e1s cerca del final de su carrera laboral y necesita decidir c\u00f3mo las prestaciones de indemnizaci\u00f3n por accidente de trabajo podr\u00edan afectar a su derecho a percibir el Seguro de Incapacidad de la Seguridad Social u otras formas de prestaciones por incapacidad, as\u00ed como a sus prestaciones de pensi\u00f3n y jubilaci\u00f3n.<\/p>\n<p>Tambi\u00e9n creemos que podemos servir a los trabajadores organizados incluso cuando no somos sus abogados. Tenemos el honor de hablar en eventos sindicales en todo el pa\u00eds para educar a los miembros del sindicato acerca de sus muchos derechos legales, incluyendo sus derechos legales con respecto a la compensaci\u00f3n de los trabajadores y la discapacidad.<\/p>\n<p>Los miembros del sindicato que reciban informaci\u00f3n sobre sus derechos legales estar\u00e1n capacitados para tomar las medidas que m\u00e1s les convengan a ellos y a sus familias, ya sea entender c\u00f3mo informar de las lesiones en el lugar de trabajo o saber cu\u00e1ndo contratar a un abogado para resolver un problema legal.<\/p>\n<p>[\/et_pb_text][et_pb_text _builder_version=\u00bb4.19.5&#8243; _module_preset=\u00bbdefault\u00bb link_text_color=\u00bb#4295C9&#8243; header_2_font_size=\u00bb30px\u00bb header_2_line_height=\u00bb1.2em\u00bb global_colors_info=\u00bb{}\u00bb link_text_color__hover_enabled=\u00bbon|desktop\u00bb link_text_color__hover=\u00bb#EAAB42&#8243;]<\/p>\n<h2>Si usted es un miembro del sindicato que sufre de un accidente, enfermedad o lesi\u00f3n, y le gustar\u00eda explorar sus opciones legales, o usted es un miembro de la familia de uno, p\u00f3ngase en contacto con Pond Lehocky Giordano hoy en <a href=\"tel:8337686466\">833-76-UNION<\/a>.<\/h2>\n<p>[\/et_pb_text][\/et_pb_column][et_pb_column type=\u00bb1_3&#8243; _builder_version=\u00bb4.17.6&#8243; _module_preset=\u00bbdefault\u00bb animation_style=\u00bbslide\u00bb animation_direction=\u00bbbottom\u00bb animation_duration=\u00bb850ms\u00bb animation_delay=\u00bb50ms\u00bb animation_intensity_slide=\u00bb5%\u00bb global_colors_info=\u00bb{}\u00bb][et_pb_wpt_gravityform gravityform_id=\u00bbgf-1&#8243; description_custom_margin=\u00bb10px|0|16px|0|false|false\u00bb description_custom_padding=\u00bb0|0px|0|0|false|false\u00bb field_container_custom_margin=\u00bb20px|0|0|0|false|false\u00bb input_container_custom_margin=\u00bb0px|0|0|0|false|false\u00bb text_input_bg_color=\u00bb#FFFFFF\u00bb label_custom_margin=\u00bb5px|0|5px|0|false|false\u00bb title_custom_margin=\u00bb0px|0|0px|0|false|false\u00bb _builder_version=\u00bb4.20.4&#8243; _module_preset=\u00bbdefault\u00bb title_text_color=\u00bb#12284C\u00bb title_font_size=\u00bb36px\u00bb description_font=\u00bb|||on|||||\u00bb description_text_color=\u00bb#12284C\u00bb description_font_size=\u00bb18px\u00bb description_letter_spacing=\u00bb4px\u00bb description_line_height=\u00bb1.3em\u00bb label_text_color=\u00bb#000000&#8243; label_font_size=\u00bb18px\u00bb background_color=\u00bb#F2F2F2&#8243; custom_form_button=\u00bbon\u00bb form_button_text_color=\u00bb#12284C\u00bb form_button_bg_color=\u00bb#EAAB42&#8243; form_button_border_width=\u00bb0px\u00bb form_button_font=\u00bb|||on|||||\u00bb custom_padding=\u00bb15px|20px|15px|20px|true|true\u00bb custom_css_text_field=\u00bbwidth:100%;\u00bb custom_css_textarea_field=\u00bbwidth:100%;\u00bb custom_css_select_field=\u00bbwidth:100%;\u00bb custom_css_button=\u00bbwidth:100%;\u00bb border_color_all_input_general=\u00bb#dbdbdb\u00bb global_module=\u00bb206&#8243; global_colors_info=\u00bb{}\u00bb form_button_bg_color__hover_enabled=\u00bbon|desktop\u00bb form_button_bg_color__hover=\u00bb#12284C\u00bb form_button_bg_enable_color__hover=\u00bbon\u00bb form_button_text_color__hover_enabled=\u00bbon|desktop\u00bb form_button_text_color__hover=\u00bb#EAAB42&#8243;][\/et_pb_wpt_gravityform][\/et_pb_column][\/et_pb_row][\/et_pb_section]<\/p>\n","protected":false},"excerpt":{"rendered":"<p>Red de ReferenciasEn Pond Lehocky Giordano, el trabajo organizado corre por nuestras venas.El padre del socio fundador, Sam Pond, era un maquinista sindicalizado. El padre del socio fundador, Jerry Lehocky, era un fontanero sindicalizado cuya afiliaci\u00f3n al sindicato le salv\u00f3 literalmente la vida al proporcionarle un seguro para un tratamiento m\u00e9dico que le salv\u00f3 la [&hellip;]<\/p>\n","protected":false},"author":1,"featured_media":0,"parent":5645,"menu_order":0,"comment_status":"closed","ping_status":"closed","template":"","meta":{"_et_pb_use_builder":"on","_et_pb_old_content":"","_et_gb_content_width":"","footnotes":""},"class_list":["post-5666","page","type-page","status-publish","hentry"],"acf":[],"_links":{"self":[{"href":"https:\/\/old.pondlehocky.com\/es\/wp-json\/wp\/v2\/pages\/5666","targetHints":{"allow":["GET"]}}],"collection":[{"href":"https:\/\/old.pondlehocky.com\/es\/wp-json\/wp\/v2\/pages"}],"about":[{"href":"https:\/\/old.pondlehocky.com\/es\/wp-json\/wp\/v2\/types\/page"}],"author":[{"embeddable":true,"href":"https:\/\/old.pondlehocky.com\/es\/wp-json\/wp\/v2\/users\/1"}],"replies":[{"embeddable":true,"href":"https:\/\/old.pondlehocky.com\/es\/wp-json\/wp\/v2\/comments?post=5666"}],"version-history":[{"count":0,"href":"https:\/\/old.pondlehocky.com\/es\/wp-json\/wp\/v2\/pages\/5666\/revisions"}],"up":[{"embeddable":true,"href":"https:\/\/old.pondlehocky.com\/es\/wp-json\/wp\/v2\/pages\/5645"}],"wp:attachment":[{"href":"https:\/\/old.pondlehocky.com\/es\/wp-json\/wp\/v2\/media?parent=5666"}],"curies":[{"name":"wp","href":"https:\/\/api.w.org\/{rel}","templated":true}]}}