{"id":5659,"date":"2022-10-05T15:11:51","date_gmt":"2022-10-05T15:11:51","guid":{"rendered":"https:\/\/old.pondlehocky.com\/preguntas-frecuentes\/preguntas-frecuentes-sobre-la-discapacidad-de-la-seguridad-social\/que-discapacidades-dan-derecho-a-la-condonacion-de-prestamos-estudiantiles\/"},"modified":"2022-12-07T21:37:52","modified_gmt":"2022-12-07T21:37:52","slug":"que-discapacidades-dan-derecho-a-la-condonacion-de-prestamos-estudiantiles","status":"publish","type":"page","link":"https:\/\/old.pondlehocky.com\/es\/preguntas-frecuentes\/preguntas-frecuentes-sobre-la-discapacidad-de-la-seguridad-social\/que-discapacidades-dan-derecho-a-la-condonacion-de-prestamos-estudiantiles\/","title":{"rendered":"\u00bfQu\u00e9 discapacidades dan derecho a la condonaci\u00f3n de pr\u00e9stamos estudiantiles?"},"content":{"rendered":"<p>[et_pb_section fb_built=\u00bb1&#8243; custom_padding_last_edited=\u00bbon|phone\u00bb _builder_version=\u00bb4.18.0&#8243; _module_preset=\u00bbdefault\u00bb background_image=\u00bbhttps:\/\/old.pondlehocky.com\/wp-content\/uploads\/2022\/09\/faqs-bg.jpg\u00bb background_position=\u00bbtop_center\u00bb min_height=\u00bb325px\u00bb custom_margin=\u00bb0px||0px||false|false\u00bb custom_padding=\u00bb50px||17px||false|false\u00bb custom_padding_tablet=\u00bb100px||0px||false|false\u00bb custom_padding_phone=\u00bb50px||||false|false\u00bb global_colors_info=\u00bb{}\u00bb][et_pb_row _builder_version=\u00bb4.17.6&#8243; _module_preset=\u00bbdefault\u00bb global_colors_info=\u00bb{}\u00bb][et_pb_column type=\u00bb4_4&#8243; _builder_version=\u00bb4.17.6&#8243; _module_preset=\u00bbdefault\u00bb global_colors_info=\u00bb{}\u00bb][et_pb_text module_class=\u00bbbreadcrumb\u00bb _builder_version=\u00bb4.18.0&#8243; _module_preset=\u00bbdefault\u00bb text_font=\u00bb|||on|||||\u00bb text_text_color=\u00bb#EAAB42&#8243; text_letter_spacing=\u00bb5px\u00bb link_text_color=\u00bb#EAAB42&#8243; header_2_font=\u00bb|||on|||||\u00bb header_2_text_color=\u00bb#EAAB42&#8243; header_2_font_size=\u00bb18px\u00bb header_2_letter_spacing=\u00bb6px\u00bb custom_margin=\u00bb||-3px|||\u00bb animation_style=\u00bbslide\u00bb animation_direction=\u00bbbottom\u00bb animation_duration=\u00bb850ms\u00bb animation_intensity_slide=\u00bb10%\u00bb global_colors_info=\u00bb{}\u00bb link_text_color__hover=\u00bb#FFFFFF\u00bb link_text_color__hover_enabled=\u00bbon|hover\u00bb]<a href=\"https:\/\/old.pondlehocky.com\/es\/preguntas-frecuentes\/\">Preguntas frecuentes<\/a>&nbsp;|&nbsp;<a href=\"https:\/\/old.pondlehocky.com\/es\/preguntas-frecuentes\/preguntas-frecuentes-sobre-la-discapacidad-de-la-seguridad-social\/\">Preguntas frecuentes sobre la discapacidad de la Seguridad Social<\/a>[\/et_pb_text][et_pb_text _builder_version=\u00bb4.18.0&#8243; _dynamic_attributes=\u00bbcontent\u00bb _module_preset=\u00bbdefault\u00bb link_text_color=\u00bb#4295C9&#8243; header_text_color=\u00bb#FFFFFF\u00bb header_font_size=\u00bb72px\u00bb custom_padding=\u00bb|73px||||\u00bb animation_style=\u00bbslide\u00bb animation_direction=\u00bbbottom\u00bb animation_duration=\u00bb850ms\u00bb animation_intensity_slide=\u00bb10%\u00bb header_text_shadow_style=\u00bbpreset1&#8243; header_text_shadow_vertical_length=\u00bb0.08em\u00bb header_text_shadow_color=\u00bbrgba(18,40,76,0.15)\u00bb global_colors_info=\u00bb{}\u00bb link_text_color__hover=\u00bb#EAAB42&#8243; link_text_color__hover_enabled=\u00bbon|hover\u00bb]@ET-DC@eyJkeW5hbWljIjp0cnVlLCJjb250ZW50IjoicG9zdF90aXRsZSIsInNldHRpbmdzIjp7ImJlZm9yZSI6IjxoMT4iLCJhZnRlciI6IjxcL2gxPiJ9fQ==@[\/et_pb_text][\/et_pb_column][\/et_pb_row][\/et_pb_section][et_pb_section fb_built=\u00bb1&#8243; _builder_version=\u00bb4.17.6&#8243; _module_preset=\u00bbdefault\u00bb custom_padding=\u00bb||19px|||\u00bb global_colors_info=\u00bb{}\u00bb][et_pb_row column_structure=\u00bb2_3,1_3&#8243; _builder_version=\u00bb4.17.6&#8243; _module_preset=\u00bbdefault\u00bb global_colors_info=\u00bb{}\u00bb][et_pb_column type=\u00bb2_3&#8243; _builder_version=\u00bb4.17.6&#8243; _module_preset=\u00bbdefault\u00bb animation_style=\u00bbslide\u00bb animation_direction=\u00bbbottom\u00bb animation_duration=\u00bb850ms\u00bb animation_intensity_slide=\u00bb5%\u00bb global_colors_info=\u00bb{}\u00bb][et_pb_text module_class=\u00bbsubhead\u00bb _builder_version=\u00bb4.18.0&#8243; _module_preset=\u00bbdefault\u00bb header_2_font=\u00bb|||on|||||\u00bb header_2_font_size=\u00bb20px\u00bb header_2_letter_spacing=\u00bb5px\u00bb header_2_line_height=\u00bb1.2em\u00bb custom_margin=\u00bb||40px||false|false\u00bb global_colors_info=\u00bb{}\u00bb]<\/p>\n<p>Si ha sufrido una lesi\u00f3n o una afecci\u00f3n m\u00e9dica que le impide trabajar por tiempo indefinido, puede optar a cancelar los pr\u00e9stamos estudiantiles que tenga.<\/p>\n<p>De acuerdo con las nuevas directrices del Departamento de Educaci\u00f3n de los Estados Unidos (ED), quienes hayan obtenido pr\u00e9stamos federales pueden optar a la condonaci\u00f3n de sus pr\u00e9stamos federales del T\u00edtulo IV.<\/p>\n<p>El Departamento de Educaci\u00f3n ha anunciado que ya no har\u00e1 que las personas clasificadas como discapacitadas totales y permanentes (TPD) por la Administraci\u00f3n de la Seguridad Social (SSA) soliciten la condonaci\u00f3n de sus pr\u00e9stamos federales para estudiantes. En cambio, los prestatarios con DPT podr\u00e1n recibir la condonaci\u00f3n autom\u00e1tica gracias a una nueva norma que permite a los administradores de pr\u00e9stamos estudiantiles cotejar los datos de los clientes con la SSA.<\/p>\n<h2>C\u00f3mo solicitar la condonaci\u00f3n del pr\u00e9stamo estudiantil para&nbsp;Discapacidad<\/h2>\n<p>El Departamento de Educaci\u00f3n tiene acuerdos con la Administraci\u00f3n de la Seguridad Social (SSA) y el Departamento de Asuntos de los Veteranos de los Estados Unidos (VA) que les permiten determinar de forma proactiva si usted puede tener derecho a una baja por TPD. Si determinan que puede reunir los requisitos, se pondr\u00e1n en contacto con usted para informarle de lo que tiene que hacer para solicitar el alta.<\/p>\n<p><strong>Tenga en cuenta que si no tiene noticias del Departamento de Educaci\u00f3n, puede solicitar la condonaci\u00f3n por tel\u00e9fono o por correo electr\u00f3nico:<\/strong><\/p>\n<p>Tel\u00e9fono: 888.303.7818<\/p>\n<p>Horario de oficina: De lunes a viernes de 8:00 a 20:00 (ET)<\/p>\n<p>Correo electr\u00f3nico: <a href=\"mailto:DisabilityInformation@Nelnet.net\" target=\"_blank\" rel=\"noopener\">DisabilityInformation@Nelnet.net<\/a><\/p>\n<p>En la mayor\u00eda de los casos, para tener derecho a una baja por TPD, debe rellenar y presentar una solicitud de baja por TPD, junto con la documentaci\u00f3n que demuestre que cumple los requisitos para ser considerado total y permanentemente discapacitado, a Nelnet, el administrador que ayuda al DE con el proceso de baja por TPD.<\/p>\n<h2>Condonaci\u00f3n de pr\u00e9stamos estudiantiles para veteranos discapacitados&nbsp;<\/h2>\n<p>Esto se aplica tambi\u00e9n si usted es un veterano. Si cree que cumple los requisitos para ser dado de baja por TPD sobre la base de una determinaci\u00f3n de discapacidad del VA, pero el ED no se puso en contacto con usted para solicitar una baja por TPD, puede presentar una solicitud de baja por TPD junto con la documentaci\u00f3n del VA que demuestre que tiene una discapacidad (o discapacidades) relacionada con el servicio que le incapacita al 100%, o que est\u00e1 totalmente incapacitado sobre la base de una calificaci\u00f3n de inutilidad individual.<\/p>\n<p>Lamentablemente, esta nueva directriz no ampl\u00eda la condonaci\u00f3n de pr\u00e9stamos a los c\u00f3nyuges de militares no discapacitados. Sin embargo, entre otras opciones, los c\u00f3nyuges de militares con pr\u00e9stamos federales pueden utilizar el programa de Condonaci\u00f3n de Pr\u00e9stamos del Servicio P\u00fablico (PSLF), que requiere que los prestatarios realicen 120 pagos mientras trabajan para un empleador que re\u00fana los requisitos para que se les condone el saldo del pr\u00e9stamo.<\/p>\n<p>Si considera la posibilidad de seguir estudiando mientras est\u00e1 discapacitado, tenga en cuenta que la Seguridad Social por Discapacidad no paga la universidad. Sin embargo, las personas que reciben prestaciones por discapacidad pueden solicitar prestaciones de rehabilitaci\u00f3n profesional, que pueden ayudar a pagar la universidad y otros tipos de formaci\u00f3n. Tambi\u00e9n hay varias becas y premios relacionados con la discapacidad que pueden complementar los gastos de los estudiantes.<\/p>\n<p>[\/et_pb_text][\/et_pb_column][et_pb_column type=\u00bb1_3&#8243; _builder_version=\u00bb4.17.6&#8243; _module_preset=\u00bbdefault\u00bb animation_style=\u00bbslide\u00bb animation_direction=\u00bbbottom\u00bb animation_duration=\u00bb850ms\u00bb animation_delay=\u00bb50ms\u00bb animation_intensity_slide=\u00bb5%\u00bb global_colors_info=\u00bb{}\u00bb][et_pb_wpt_gravityform gravityform_id=\u00bbgf-1&#8243; description_custom_margin=\u00bb10px|0|16px|0|false|false\u00bb description_custom_padding=\u00bb0|0px|0|0|false|false\u00bb field_container_custom_margin=\u00bb20px|0|0|0|false|false\u00bb input_container_custom_margin=\u00bb0px|0|0|0|false|false\u00bb text_input_bg_color=\u00bb#FFFFFF\u00bb label_custom_margin=\u00bb5px|0|5px|0|false|false\u00bb title_custom_margin=\u00bb0px|0|0px|0|false|false\u00bb _builder_version=\u00bb4.19.0&#8243; _module_preset=\u00bbdefault\u00bb title_text_color=\u00bb#12284C\u00bb title_font_size=\u00bb36px\u00bb description_font=\u00bb|||on|||||\u00bb description_text_color=\u00bb#12284C\u00bb description_font_size=\u00bb18px\u00bb description_letter_spacing=\u00bb4px\u00bb description_line_height=\u00bb1.3em\u00bb label_text_color=\u00bb#000000&#8243; label_font_size=\u00bb18px\u00bb background_color=\u00bb#F2F2F2&#8243; custom_form_button=\u00bbon\u00bb form_button_text_color=\u00bb#12284C\u00bb form_button_bg_color=\u00bb#EAAB42&#8243; form_button_border_width=\u00bb0px\u00bb form_button_font=\u00bb|||on|||||\u00bb custom_padding=\u00bb15px|20px|15px|20px|true|true\u00bb custom_css_text_field=\u00bbwidth:100%;\u00bb custom_css_textarea_field=\u00bbwidth:100%;\u00bb custom_css_select_field=\u00bbwidth:100%;\u00bb custom_css_button=\u00bbwidth:100%;\u00bb border_color_all_input_general=\u00bb#dbdbdb\u00bb global_module=\u00bb206&#8243; global_colors_info=\u00bb{}\u00bb form_button_bg_color__hover_enabled=\u00bbon|desktop\u00bb form_button_bg_color__hover=\u00bb#12284C\u00bb form_button_bg_enable_color__hover=\u00bbon\u00bb form_button_text_color__hover_enabled=\u00bbon|desktop\u00bb form_button_text_color__hover=\u00bb#EAAB42&#8243;][\/et_pb_wpt_gravityform][\/et_pb_column][\/et_pb_row][\/et_pb_section]<\/p>\n","protected":false},"excerpt":{"rendered":"<p>Preguntas frecuentes&nbsp;|&nbsp;Preguntas frecuentes sobre la discapacidad de la Seguridad SocialSi ha sufrido una lesi\u00f3n o una afecci\u00f3n m\u00e9dica que le impide trabajar por tiempo indefinido, puede optar a cancelar los pr\u00e9stamos estudiantiles que tenga. De acuerdo con las nuevas directrices del Departamento de Educaci\u00f3n de los Estados Unidos (ED), quienes hayan obtenido pr\u00e9stamos federales pueden [&hellip;]<\/p>\n","protected":false},"author":1,"featured_media":0,"parent":5621,"menu_order":0,"comment_status":"closed","ping_status":"closed","template":"","meta":{"_et_pb_use_builder":"on","_et_pb_old_content":"","_et_gb_content_width":"","footnotes":""},"class_list":["post-5659","page","type-page","status-publish","hentry"],"acf":[],"_links":{"self":[{"href":"https:\/\/old.pondlehocky.com\/es\/wp-json\/wp\/v2\/pages\/5659","targetHints":{"allow":["GET"]}}],"collection":[{"href":"https:\/\/old.pondlehocky.com\/es\/wp-json\/wp\/v2\/pages"}],"about":[{"href":"https:\/\/old.pondlehocky.com\/es\/wp-json\/wp\/v2\/types\/page"}],"author":[{"embeddable":true,"href":"https:\/\/old.pondlehocky.com\/es\/wp-json\/wp\/v2\/users\/1"}],"replies":[{"embeddable":true,"href":"https:\/\/old.pondlehocky.com\/es\/wp-json\/wp\/v2\/comments?post=5659"}],"version-history":[{"count":0,"href":"https:\/\/old.pondlehocky.com\/es\/wp-json\/wp\/v2\/pages\/5659\/revisions"}],"up":[{"embeddable":true,"href":"https:\/\/old.pondlehocky.com\/es\/wp-json\/wp\/v2\/pages\/5621"}],"wp:attachment":[{"href":"https:\/\/old.pondlehocky.com\/es\/wp-json\/wp\/v2\/media?parent=5659"}],"curies":[{"name":"wp","href":"https:\/\/api.w.org\/{rel}","templated":true}]}}