{"id":5658,"date":"2022-09-13T20:16:40","date_gmt":"2022-09-13T20:16:40","guid":{"rendered":"https:\/\/old.pondlehocky.com\/acerca-de\/equipo-ejecutivo\/bryan-reilly\/"},"modified":"2023-07-06T15:17:12","modified_gmt":"2023-07-06T15:17:12","slug":"bryan-reilly","status":"publish","type":"page","link":"https:\/\/old.pondlehocky.com\/es\/acerca-de\/equipo-ejecutivo\/bryan-reilly\/","title":{"rendered":"Bryan Reilly"},"content":{"rendered":"<p>[et_pb_section fb_built=\u00bb1&#8243; custom_padding_last_edited=\u00bbon|phone\u00bb _builder_version=\u00bb4.17.6&#8243; _module_preset=\u00bbdefault\u00bb background_image=\u00bbhttps:\/\/old.pondlehocky.com\/wp-content\/uploads\/2022\/07\/our-attorneys-bg.jpg\u00bb background_position=\u00bbtop_center\u00bb min_height=\u00bb325px\u00bb custom_margin=\u00bb0px||0px||false|false\u00bb custom_padding=\u00bb100px||0px||false|false\u00bb custom_padding_tablet=\u00bb100px||0px||false|false\u00bb custom_padding_phone=\u00bb50px||||false|false\u00bb global_colors_info=\u00bb{}\u00bb][et_pb_row _builder_version=\u00bb4.17.6&#8243; _module_preset=\u00bbdefault\u00bb global_colors_info=\u00bb{}\u00bb][et_pb_column type=\u00bb4_4&#8243; _builder_version=\u00bb4.17.6&#8243; _module_preset=\u00bbdefault\u00bb global_colors_info=\u00bb{}\u00bb][et_pb_text module_class=\u00bbbreadcrumb\u00bb _builder_version=\u00bb4.18.0&#8243; _module_preset=\u00bbdefault\u00bb text_font=\u00bb|||on|||||\u00bb text_text_color=\u00bb#4295C9&#8243; text_font_size=\u00bb22px\u00bb link_text_color=\u00bb#F5A81C\u00bb link_font_size=\u00bb22px\u00bb link_letter_spacing=\u00bb5px\u00bb header_2_font=\u00bb|||on|||||\u00bb header_2_text_color=\u00bb#EAAB42&#8243; header_2_font_size=\u00bb18px\u00bb header_2_letter_spacing=\u00bb6px\u00bb header_4_letter_spacing=\u00bb6px\u00bb custom_margin=\u00bb||-3px|||\u00bb animation_style=\u00bbslide\u00bb animation_direction=\u00bbbottom\u00bb animation_duration=\u00bb850ms\u00bb animation_intensity_slide=\u00bb10%\u00bb global_colors_info=\u00bb{}\u00bb link_text_color__hover=\u00bb#FFFFFF\u00bb link_text_color__hover_enabled=\u00bbon|desktop\u00bb]<a href=\"https:\/\/old.pondlehocky.com\/es\/acerca-de\/\">Acerca de<\/a>[\/et_pb_text][et_pb_text _builder_version=\u00bb4.17.6&#8243; _module_preset=\u00bbdefault\u00bb link_text_color=\u00bb#4295C9&#8243; header_text_color=\u00bb#FFFFFF\u00bb header_font_size=\u00bb72px\u00bb header_4_letter_spacing=\u00bb6px\u00bb animation_style=\u00bbslide\u00bb animation_direction=\u00bbbottom\u00bb animation_duration=\u00bb850ms\u00bb animation_intensity_slide=\u00bb10%\u00bb header_text_shadow_style=\u00bbpreset1&#8243; header_text_shadow_vertical_length=\u00bb0.08em\u00bb header_text_shadow_color=\u00bbrgba(18,40,76,0.15)\u00bb global_colors_info=\u00bb{}\u00bb link_text_color__hover=\u00bb#EAAB42&#8243; link_text_color__hover_enabled=\u00bbon|hover\u00bb]<\/p>\n<h1>Equipo ejecutivo<\/h1>\n<p>[\/et_pb_text][\/et_pb_column][\/et_pb_row][\/et_pb_section][et_pb_section fb_built=\u00bb1&#8243; _builder_version=\u00bb4.17.6&#8243; _module_preset=\u00bbdefault\u00bb custom_padding=\u00bb||19px|||\u00bb global_colors_info=\u00bb{}\u00bb][et_pb_row column_structure=\u00bb2_3,1_3&#8243; _builder_version=\u00bb4.17.6&#8243; _module_preset=\u00bbdefault\u00bb global_colors_info=\u00bb{}\u00bb][et_pb_column type=\u00bb2_3&#8243; _builder_version=\u00bb4.17.6&#8243; _module_preset=\u00bbdefault\u00bb animation_style=\u00bbslide\u00bb animation_direction=\u00bbbottom\u00bb animation_duration=\u00bb850ms\u00bb animation_intensity_slide=\u00bb5%\u00bb global_colors_info=\u00bb{}\u00bb][et_pb_text _builder_version=\u00bb4.17.6&#8243; _dynamic_attributes=\u00bbcontent\u00bb _module_preset=\u00bbdefault\u00bb link_text_color=\u00bb#4295C9&#8243; header_3_text_color=\u00bb#12284C\u00bb header_3_font_size=\u00bb54px\u00bb header_4_letter_spacing=\u00bb6px\u00bb custom_margin=\u00bb0px||5px||false|false\u00bb animation_style=\u00bbslide\u00bb animation_direction=\u00bbbottom\u00bb animation_duration=\u00bb850ms\u00bb animation_intensity_slide=\u00bb10%\u00bb global_colors_info=\u00bb{}\u00bb link_text_color__hover=\u00bb#EAAB42&#8243; link_text_color__hover_enabled=\u00bbon|hover\u00bb]@ET-DC@eyJkeW5hbWljIjp0cnVlLCJjb250ZW50IjoicG9zdF90aXRsZSIsInNldHRpbmdzIjp7ImJlZm9yZSI6IjxoMj4iLCJhZnRlciI6IjxcL2gyPiJ9fQ==@[\/et_pb_text][et_pb_text _builder_version=\u00bb4.18.0&#8243; _module_preset=\u00bbdefault\u00bb text_font_size=\u00bb16px\u00bb header_4_letter_spacing=\u00bb6px\u00bb custom_margin=\u00bb-10px||0px||false|false\u00bb custom_padding=\u00bb0px||16px||false|false\u00bb global_colors_info=\u00bb{}\u00bb]<\/p>\n<p class=\"italic\">Director Financiero<\/p>\n<p>[\/et_pb_text][et_pb_divider color=\u00bb#EAAB42&#8243; divider_weight=\u00bb2px\u00bb _builder_version=\u00bb4.17.6&#8243; _module_preset=\u00bbdefault\u00bb width=\u00bb80%\u00bb module_alignment=\u00bbleft\u00bb custom_margin=\u00bb||-2px|||\u00bb animation_style=\u00bbslide\u00bb animation_duration=\u00bb850ms\u00bb global_colors_info=\u00bb{}\u00bb][\/et_pb_divider][et_pb_text _builder_version=\u00bb4.20.2&#8243; _module_preset=\u00bbdefault\u00bb header_4_letter_spacing=\u00bb6px\u00bb custom_margin=\u00bb||40px||false|false\u00bb global_colors_info=\u00bb{}\u00bb]<\/p>\n<p>A veces, los ejecutivos trabajan en una empresa porque el puesto que ocupan se ajusta bien a sus aptitudes.<\/p>\n<p>Otras veces, el puesto puede encajar bien con sus aptitudes, pero lo m\u00e1s importante es que la misi\u00f3n de la empresa est\u00e9 en consonancia con su misi\u00f3n personal y su visi\u00f3n del mundo.<\/p>\n<p>Bryan Reilly, Director Financiero de Pond Lehocky Giordano, es uno de ellos.<\/p>\n<p>El camino de Bryan hasta convertirse en director financiero de un bufete de abogados dedicado a ayudar a sus clientes lesionados y discapacitados, muchos de los cuales son trabajadores sindicados, a obtener justicia y las prestaciones a las que tienen derecho, comenz\u00f3 cuando era ni\u00f1o y crec\u00eda con su padre, un carpintero sindicalizado, y otros miembros de su familia sindicados.<\/p>\n<p>Entre ellos, su abuelo, conductor de autob\u00fas de la SEPTA, que sufri\u00f3 un accidente laboral y resolvi\u00f3 con \u00e9xito su caso de indemnizaci\u00f3n por accidente laboral al respecto, pero tuvo que lidiar con el dolor persistente de esa lesi\u00f3n durante gran parte de su vida.<\/p>\n<p>[\/et_pb_text][et_pb_text _builder_version=\u00bb4.20.2&#8243; _module_preset=\u00bbdefault\u00bb header_4_letter_spacing=\u00bb6px\u00bb custom_margin=\u00bb||40px||false|false\u00bb global_colors_info=\u00bb{}\u00bb]<\/p>\n<h3>El camino hacia el estanque Lehocky Giordano<\/h3>\n<p>[\/et_pb_text][et_pb_text _builder_version=\u00bb4.20.2&#8243; _module_preset=\u00bbdefault\u00bb header_4_letter_spacing=\u00bb6px\u00bb custom_margin=\u00bb||40px||false|false\u00bb global_colors_info=\u00bb{}\u00bb]<\/p>\n<p>Bryan naci\u00f3 en el noreste de Filadelfia, pero creci\u00f3 sobre todo en los suburbios de Bucks County. Su padre y su madre, secretaria del instituto, les trasladaron a \u00e9l y a su hermano a los suburbios. Su padre conduc\u00eda todos los d\u00edas hora y media de ida y vuelta al trabajo para que Bryan y su familia pudieran vivir en una casa m\u00e1s grande en una tranquila calle de las afueras.<\/p>\n<p>Tras su primer y segundo a\u00f1o en la Universidad de Pittsburgh, Bryan hizo pr\u00e1cticas en el bufete de abogados donde se conocieron Sam Pond, Jerry Lehocky y Tom Giordano, antes de independizarse y fundar Pond Lehocky Giordano. La oportunidad de hacer pr\u00e1cticas all\u00ed surgi\u00f3 de un encuentro casual que Bryan tuvo con Sam en una playa de Nueva Jersey cuando Bryan cursaba el \u00faltimo a\u00f1o de instituto. Bryan hab\u00eda seguido en contacto con Sam despu\u00e9s de encontrarse con \u00e9l en la playa aquel d\u00eda de verano.<\/p>\n<p>Durante su pasant\u00eda en ese bufete, Bryan vio c\u00f3mo los abogados especializados en indemnizaci\u00f3n e incapacidad laboral pueden cambiar la vida de los trabajadores lesionados -personas como su abuelo- ayud\u00e1ndoles a conseguir prestaciones para que puedan mantener a sus familias incluso cuando no pueden trabajar.<\/p>\n<p>Tras licenciarse en Finanzas y Econom\u00eda por la Universidad de Pittsburgh en 2009, Bryan trabaj\u00f3 en empresas de servicios financieros de primer orden como Edward Jones, Merrill Lynch y Northwestern Mutual. Pero Bryan anhelaba trabajar en una empresa que marcara una diferencia real en la vida de las personas, y en la que \u00e9l pudiera contribuir a que esa empresa creciera estrat\u00e9gicamente.<\/p>\n<p>Volvi\u00f3 a conectar con Sam y Tom en 2010, y se enter\u00f3 de que Sam, Jerry y Tom lanzar\u00edan Pond Lehocky Giordano el 1 de julio de 2010. Bryan acept\u00f3 un puesto de contable en plantilla en el bufete y empez\u00f3 a trabajar en \u00e9l en su segunda semana de existencia.<\/p>\n<p>[\/et_pb_text][et_pb_text _builder_version=\u00bb4.20.2&#8243; _module_preset=\u00bbdefault\u00bb header_4_letter_spacing=\u00bb6px\u00bb custom_margin=\u00bb||40px||false|false\u00bb global_colors_info=\u00bb{}\u00bb]<\/p>\n<h3>Posicionamiento de Pond Lehocky Giordano para seguir creciendo<\/h3>\n<p>[\/et_pb_text][et_pb_text _builder_version=\u00bb4.20.2&#8243; _module_preset=\u00bbdefault\u00bb header_4_letter_spacing=\u00bb6px\u00bb custom_margin=\u00bb||40px||false|false\u00bb global_colors_info=\u00bb{}\u00bb]<\/p>\n<p>Bryan fue ascendiendo en el escalaf\u00f3n contable de Pond Lehocky Giordano hasta convertirse en director financiero en enero de 2013. En la actualidad, Bryan asesora a los socios fundadores y al equipo ejecutivo de la empresa en su planificaci\u00f3n estrat\u00e9gica, pero con una inclinaci\u00f3n financiera.<\/p>\n<p>Para ello, Bryan trabaja estrechamente con datos, estad\u00edsticas y modelos para determinar si las iniciativas estrat\u00e9gicas que Pond Lehocky Giordano est\u00e1 considerando le ofrecen el equilibrio riesgo\/recompensa adecuado. Tambi\u00e9n elabora hojas de ruta financieras para las iniciativas que ofrecen ese equilibrio, de modo que la empresa pueda presupuestarlas en consecuencia. Adem\u00e1s, Bryan gestiona las funciones de contabilidad, finanzas, banca e inversiones de la empresa. Tambi\u00e9n es tesorero de la fundaci\u00f3n ben\u00e9fica del bufete, Pond Lehocky Foundation, y de su comit\u00e9 de acci\u00f3n pol\u00edtica, Pennsylvanians for the Disabled.<\/p>\n<p>Puede que Bryan trabaje en el mundo racional de los n\u00fameros, pero su trabajo es personal.<\/p>\n<p>Habiendo crecido en una familia llena de trabajadores sindicados, Bryan sabe lo orgullosos que est\u00e1n los trabajadores -sindicados o no- de poder mantener a sus familias. Como director financiero del mayor bufete de abogados especializado en indemnizaci\u00f3n e incapacidad laboral de Pensilvania y uno de los mayores de Estados Unidos, Bryan tambi\u00e9n sabe lo despiadados que pueden ser los empresarios y las compa\u00f1\u00edas de seguros a la hora de impedir que los trabajadores lesionados cobren las prestaciones de indemnizaci\u00f3n laboral a las que tienen derecho por ley.<\/p>\n<p>Es por eso que Bryan est\u00e1 impulsado a asegurar que Pond Lehocky Giordano contin\u00fae teniendo la base financiera s\u00f3lida necesaria para ampliar sus esfuerzos para seguir luchando por los lesionados y discapacitados de la sociedad, y ayudar a tantos clientes como sea posible a obtener la justicia que merecen.<\/p>\n<p>[\/et_pb_text][et_pb_button button_url=\u00bb@ET-DC@eyJkeW5hbWljIjp0cnVlLCJjb250ZW50IjoicG9zdF9saW5rX3VybF9wYWdlIiwic2V0dGluZ3MiOnsicG9zdF9pZCI6IjE1MzgifX0=@\u00bb button_text=\u00bbVolver a Equipo Ejecutivo\u00bb _builder_version=\u00bb4.18.0&#8243; _dynamic_attributes=\u00bbbutton_url\u00bb _module_preset=\u00bbdefault\u00bb custom_button=\u00bbon\u00bb button_text_size=\u00bb19px\u00bb button_text_color=\u00bb#4295C9&#8243; button_border_width=\u00bb0px\u00bb button_font=\u00bb|700||on|||||\u00bb button_icon=\u00bb&#xf359;||fa||400&#8243; button_icon_color=\u00bb#4295C9&#8243; button_icon_placement=\u00bbleft\u00bb button_on_hover=\u00bboff\u00bb saved_tabs=\u00bball\u00bb global_colors_info=\u00bb{}\u00bb button_text_color__hover_enabled=\u00bbon|desktop\u00bb button_text_color__hover=\u00bb#EAAB42&#8243; button_icon_color__hover_enabled=\u00bbon|hover\u00bb button_icon_color__hover=\u00bb#EAAB42&#8243; button_bg_color__hover_enabled=\u00bbon|desktop\u00bb button_bg_color__hover=\u00bbRGBA(255,255,255,0)\u00bb button_bg_enable_color__hover=\u00bbon\u00bb][\/et_pb_button][\/et_pb_column][et_pb_column type=\u00bb1_3&#8243; _builder_version=\u00bb4.17.6&#8243; _module_preset=\u00bbdefault\u00bb animation_style=\u00bbslide\u00bb animation_direction=\u00bbbottom\u00bb animation_duration=\u00bb850ms\u00bb animation_delay=\u00bb50ms\u00bb animation_intensity_slide=\u00bb5%\u00bb global_colors_info=\u00bb{}\u00bb][et_pb_image src=\u00bbhttps:\/\/old.pondlehocky.com\/wp-content\/uploads\/2023\/07\/Bryan-Reilly.jpg\u00bb alt=\u00bbBryan Reilly\u00bb title_text=\u00bbBryan Reilly\u00bb show_bottom_space=\u00bboff\u00bb align=\u00bbcenter\u00bb _builder_version=\u00bb4.20.4&#8243; _module_preset=\u00bbdefault\u00bb custom_margin=\u00bb||10px||false|false\u00bb hover_enabled=\u00bb0&#8243; custom_css_main_element=\u00bboverflow:hidden;||cursor:pointer;\u00bb global_colors_info=\u00bb{}\u00bb transform_styles__hover_enabled=\u00bbon|hover\u00bb transform_scale__hover_enabled=\u00bbon|hover\u00bb transform_translate__hover_enabled=\u00bbon|desktop\u00bb transform_rotate__hover_enabled=\u00bbon|desktop\u00bb transform_skew__hover_enabled=\u00bbon|desktop\u00bb transform_origin__hover_enabled=\u00bbon|desktop\u00bb transform_scale__hover=\u00bb110%|110%\u00bb background__hover_enabled=\u00bbon|hover\u00bb background_color__hover=\u00bb\u00bb background_enable_color__hover=\u00bboff\u00bb background_pattern_style__hover=\u00bbpolka-dots\u00bb background_enable_pattern_style__hover=\u00bbon\u00bb background_pattern_color__hover=\u00bb#EAAB42&#8243; sticky_enabled=\u00bb0&#8243;][\/et_pb_image][et_pb_wpt_gravityform gravityform_id=\u00bbgf-1&#8243; description_custom_margin=\u00bb10px|0|16px|0|false|false\u00bb description_custom_padding=\u00bb0|0px|0|0|false|false\u00bb field_container_custom_margin=\u00bb20px|0|0|0|false|false\u00bb input_container_custom_margin=\u00bb0px|0|0|0|false|false\u00bb text_input_bg_color=\u00bb#FFFFFF\u00bb label_custom_margin=\u00bb5px|0|5px|0|false|false\u00bb title_custom_margin=\u00bb0px|0|0px|0|false|false\u00bb _builder_version=\u00bb4.20.4&#8243; _module_preset=\u00bbdefault\u00bb title_text_color=\u00bb#12284C\u00bb title_font_size=\u00bb36px\u00bb description_font=\u00bb|||on|||||\u00bb description_text_color=\u00bb#12284C\u00bb description_font_size=\u00bb18px\u00bb description_letter_spacing=\u00bb4px\u00bb description_line_height=\u00bb1.3em\u00bb label_text_color=\u00bb#000000&#8243; label_font_size=\u00bb18px\u00bb background_color=\u00bb#F2F2F2&#8243; custom_form_button=\u00bbon\u00bb form_button_text_color=\u00bb#12284C\u00bb form_button_bg_color=\u00bb#EAAB42&#8243; form_button_border_width=\u00bb0px\u00bb form_button_font=\u00bb|||on|||||\u00bb custom_padding=\u00bb15px|20px|15px|20px|true|true\u00bb custom_css_text_field=\u00bbwidth:100%;\u00bb custom_css_textarea_field=\u00bbwidth:100%;\u00bb custom_css_select_field=\u00bbwidth:100%;\u00bb custom_css_button=\u00bbwidth:100%;\u00bb border_color_all_input_general=\u00bb#dbdbdb\u00bb global_module=\u00bb206&#8243; global_colors_info=\u00bb{}\u00bb form_button_bg_color__hover_enabled=\u00bbon|desktop\u00bb form_button_bg_color__hover=\u00bb#12284C\u00bb form_button_bg_enable_color__hover=\u00bbon\u00bb form_button_text_color__hover_enabled=\u00bbon|desktop\u00bb form_button_text_color__hover=\u00bb#EAAB42&#8243;][\/et_pb_wpt_gravityform][\/et_pb_column][\/et_pb_row][\/et_pb_section]<\/p>\n","protected":false},"excerpt":{"rendered":"<p>Acerca deEquipo ejecutivoDirector FinancieroA veces, los ejecutivos trabajan en una empresa porque el puesto que ocupan se ajusta bien a sus aptitudes. Otras veces, el puesto puede encajar bien con sus aptitudes, pero lo m\u00e1s importante es que la misi\u00f3n de la empresa est\u00e9 en consonancia con su misi\u00f3n personal y su visi\u00f3n del mundo. [&hellip;]<\/p>\n","protected":false},"author":1,"featured_media":0,"parent":5652,"menu_order":0,"comment_status":"closed","ping_status":"closed","template":"","meta":{"_et_pb_use_builder":"on","_et_pb_old_content":"","_et_gb_content_width":"","footnotes":""},"class_list":["post-5658","page","type-page","status-publish","hentry"],"acf":[],"_links":{"self":[{"href":"https:\/\/old.pondlehocky.com\/es\/wp-json\/wp\/v2\/pages\/5658","targetHints":{"allow":["GET"]}}],"collection":[{"href":"https:\/\/old.pondlehocky.com\/es\/wp-json\/wp\/v2\/pages"}],"about":[{"href":"https:\/\/old.pondlehocky.com\/es\/wp-json\/wp\/v2\/types\/page"}],"author":[{"embeddable":true,"href":"https:\/\/old.pondlehocky.com\/es\/wp-json\/wp\/v2\/users\/1"}],"replies":[{"embeddable":true,"href":"https:\/\/old.pondlehocky.com\/es\/wp-json\/wp\/v2\/comments?post=5658"}],"version-history":[{"count":0,"href":"https:\/\/old.pondlehocky.com\/es\/wp-json\/wp\/v2\/pages\/5658\/revisions"}],"up":[{"embeddable":true,"href":"https:\/\/old.pondlehocky.com\/es\/wp-json\/wp\/v2\/pages\/5652"}],"wp:attachment":[{"href":"https:\/\/old.pondlehocky.com\/es\/wp-json\/wp\/v2\/media?parent=5658"}],"curies":[{"name":"wp","href":"https:\/\/api.w.org\/{rel}","templated":true}]}}