{"id":5648,"date":"2022-09-01T20:39:09","date_gmt":"2022-09-01T20:39:09","guid":{"rendered":"https:\/\/old.pondlehocky.com\/preguntas-frecuentes\/preguntas-frecuentes-sobre-la-indemnizacion-de-los-trabajadores\/que-es-la-indemnizacion-por-accidente-de-trabajo\/"},"modified":"2023-03-09T20:42:13","modified_gmt":"2023-03-09T20:42:13","slug":"que-es-la-indemnizacion-por-accidente-de-trabajo","status":"publish","type":"page","link":"https:\/\/old.pondlehocky.com\/es\/preguntas-frecuentes\/preguntas-frecuentes-sobre-la-indemnizacion-de-los-trabajadores\/que-es-la-indemnizacion-por-accidente-de-trabajo\/","title":{"rendered":"\u00bfQu\u00e9 es la indemnizaci\u00f3n por accidente de trabajo?"},"content":{"rendered":"<p>[et_pb_section fb_built=\u00bb1&#8243; custom_padding_last_edited=\u00bbon|phone\u00bb _builder_version=\u00bb4.18.0&#8243; _module_preset=\u00bbdefault\u00bb background_image=\u00bbhttps:\/\/old.pondlehocky.com\/wp-content\/uploads\/2022\/09\/faqs-bg.jpg\u00bb background_position=\u00bbtop_center\u00bb min_height=\u00bb325px\u00bb custom_margin=\u00bb0px||0px||false|false\u00bb custom_padding=\u00bb80px||0px||false|false\u00bb custom_padding_tablet=\u00bb100px||0px||false|false\u00bb custom_padding_phone=\u00bb50px||||false|false\u00bb global_colors_info=\u00bb{}\u00bb][et_pb_row _builder_version=\u00bb4.17.6&#8243; _module_preset=\u00bbdefault\u00bb global_colors_info=\u00bb{}\u00bb][et_pb_column type=\u00bb4_4&#8243; _builder_version=\u00bb4.17.6&#8243; _module_preset=\u00bbdefault\u00bb global_colors_info=\u00bb{}\u00bb][et_pb_text module_class=\u00bbbreadcrumb\u00bb _builder_version=\u00bb4.18.0&#8243; _module_preset=\u00bbdefault\u00bb text_font=\u00bb|||on|||||\u00bb text_text_color=\u00bb#EAAB42&#8243; text_letter_spacing=\u00bb5px\u00bb link_text_color=\u00bb#EAAB42&#8243; header_2_font=\u00bb|||on|||||\u00bb header_2_text_color=\u00bb#EAAB42&#8243; header_2_font_size=\u00bb18px\u00bb header_2_letter_spacing=\u00bb6px\u00bb custom_margin=\u00bb||-3px|||\u00bb animation_style=\u00bbslide\u00bb animation_direction=\u00bbbottom\u00bb animation_duration=\u00bb850ms\u00bb animation_intensity_slide=\u00bb10%\u00bb global_colors_info=\u00bb{}\u00bb link_text_color__hover=\u00bb#FFFFFF\u00bb link_text_color__hover_enabled=\u00bbon|hover\u00bb]<a href=\"https:\/\/old.pondlehocky.com\/es\/preguntas-frecuentes\/\">Preguntas frecuentes<\/a>&nbsp;|&nbsp;<a href=\"https:\/\/old.pondlehocky.com\/es\/preguntas-frecuentes\/preguntas-frecuentes-sobre-la-indemnizacion-de-los-trabajadores\/\">Indemnizaci\u00f3n por accidente de trabajo FAQ<\/a>[\/et_pb_text][et_pb_text _builder_version=\u00bb4.18.0&#8243; _dynamic_attributes=\u00bbcontent\u00bb _module_preset=\u00bbdefault\u00bb link_text_color=\u00bb#4295C9&#8243; header_text_color=\u00bb#FFFFFF\u00bb header_font_size=\u00bb72px\u00bb animation_style=\u00bbslide\u00bb animation_direction=\u00bbbottom\u00bb animation_duration=\u00bb850ms\u00bb animation_intensity_slide=\u00bb10%\u00bb header_text_shadow_style=\u00bbpreset1&#8243; header_text_shadow_vertical_length=\u00bb0.08em\u00bb header_text_shadow_color=\u00bbrgba(18,40,76,0.15)\u00bb global_colors_info=\u00bb{}\u00bb link_text_color__hover=\u00bb#EAAB42&#8243; link_text_color__hover_enabled=\u00bbon|hover\u00bb]@ET-DC@eyJkeW5hbWljIjp0cnVlLCJjb250ZW50IjoicG9zdF90aXRsZSIsInNldHRpbmdzIjp7ImJlZm9yZSI6IjxoMT4iLCJhZnRlciI6IjxcL2gxPiJ9fQ==@[\/et_pb_text][\/et_pb_column][\/et_pb_row][\/et_pb_section][et_pb_section fb_built=\u00bb1&#8243; _builder_version=\u00bb4.17.6&#8243; _module_preset=\u00bbdefault\u00bb custom_padding=\u00bb||19px|||\u00bb global_colors_info=\u00bb{}\u00bb][et_pb_row column_structure=\u00bb2_3,1_3&#8243; _builder_version=\u00bb4.17.6&#8243; _module_preset=\u00bbdefault\u00bb global_colors_info=\u00bb{}\u00bb][et_pb_column type=\u00bb2_3&#8243; _builder_version=\u00bb4.17.6&#8243; _module_preset=\u00bbdefault\u00bb animation_style=\u00bbslide\u00bb animation_direction=\u00bbbottom\u00bb animation_duration=\u00bb850ms\u00bb animation_intensity_slide=\u00bb5%\u00bb global_colors_info=\u00bb{}\u00bb][et_pb_text _builder_version=\u00bb4.18.0&#8243; _module_preset=\u00bbdefault\u00bb header_2_line_height=\u00bb1.2em\u00bb custom_margin=\u00bb||40px||false|false\u00bb global_colors_info=\u00bb{}\u00bb]<\/p>\n<p>La indemnizaci\u00f3n por accidente de trabajo es un programa de seguros obligatorio por el Estado que proporciona compensaci\u00f3n a los empleados que sufren lesiones y enfermedades relacionadas con el trabajo. Mientras que el gobierno federal administra un programa de compensaci\u00f3n de trabajadores para los empleados federales y algunos otros tipos de empleados, cada estado tiene sus propias leyes y programas de compensaci\u00f3n de trabajadores.<\/p>\n<p>Las prestaciones incluyen el pago de los gastos m\u00e9dicos y la compensaci\u00f3n de los salarios perdidos hasta que el trabajador pueda volver a trabajar. Estas prestaciones suelen ser pagadas por la compa\u00f1\u00eda de seguros privada del empresario, el Fondo Estatal del Seguro de los Trabajadores o el propio empresario si est\u00e1 autoasegurado.<\/p>\n<p>En general, un empleado con una lesi\u00f3n o enfermedad relacionada con el trabajo puede obtener prestaciones de indemnizaci\u00f3n por accidente de trabajo independientemente de qui\u00e9n haya sido el culpable, ya sea el empleado, el empresario, un cliente o un tercero.<\/p>\n<p>[\/et_pb_text][et_pb_text _builder_version=\u00bb4.18.0&#8243; _module_preset=\u00bbdefault\u00bb header_2_text_color=\u00bb#12284C\u00bb header_2_font_size=\u00bb36px\u00bb header_2_line_height=\u00bb1.2em\u00bb custom_margin=\u00bb||18px||false|false\u00bb global_colors_info=\u00bb{}\u00bb]<\/p>\n<h2>\u00bfEst\u00e1n todas las lesiones en el trabajo cubiertas por la indemnizaci\u00f3n de los trabajadores?<\/h2>\n<p>[\/et_pb_text][et_pb_text _builder_version=\u00bb4.18.0&#8243; _module_preset=\u00bbdefault\u00bb header_2_line_height=\u00bb1.2em\u00bb custom_margin=\u00bb||40px||false|false\u00bb global_colors_info=\u00bb{}\u00bb]<\/p>\n<p><strong>La compensaci\u00f3n de los trabajadores cubre la mayor\u00eda de las lesiones en el trabajo, pero no todas. El sistema de compensaci\u00f3n de los trabajadores est\u00e1 dise\u00f1ado para proporcionar beneficios a los trabajadores lesionados sin importar la circunstancia. Por lo general, las lesiones que se producen porque un empleado est\u00e1 intoxicado o consume drogas ilegales no est\u00e1n cubiertas por la indemnizaci\u00f3n de los trabajadores. La cobertura tambi\u00e9n puede ser denegada en situaciones que impliquen:<\/strong><\/p>\n<ul>\n<li>Lesiones autoinfligidas (incluidas las causadas por una persona que inicia una pelea)<\/li>\n<li>Lesiones sufridas durante la comisi\u00f3n de un delito por parte de un trabajador<\/li>\n<li>Lesiones sufridas mientras el empleado no estaba en el trabajo<\/li>\n<\/ul>\n<p>[\/et_pb_text][et_pb_text _builder_version=\u00bb4.18.0&#8243; _module_preset=\u00bbdefault\u00bb header_2_text_color=\u00bb#12284C\u00bb header_2_font_size=\u00bb36px\u00bb header_2_line_height=\u00bb1.2em\u00bb custom_margin=\u00bb||15px||false|false\u00bb global_colors_info=\u00bb{}\u00bb]<\/p>\n<h2>\u00bfCubre la indemnizaci\u00f3n por accidente de trabajo los problemas a largo plazo de&nbsp;?<\/h2>\n<p>[\/et_pb_text][et_pb_text _builder_version=\u00bb4.18.0&#8243; _module_preset=\u00bbdefault\u00bb header_2_line_height=\u00bb1.2em\u00bb custom_margin=\u00bb||40px||false|false\u00bb global_colors_info=\u00bb{}\u00bb]<\/p>\n<p>No es necesario que su lesi\u00f3n est\u00e9 causada por un accidente (como un resbal\u00f3n o una ca\u00edda) para que est\u00e9 cubierta por la indemnizaci\u00f3n por accidente de trabajo. Muchos trabajadores reciben indemnizaciones por lesiones causadas por un uso excesivo o incorrecto a lo largo del tiempo (por ejemplo, lesiones por esfuerzo repetitivo derivadas de estar excesivamente sentado o de trabajar con el ordenador).<\/p>\n<p>Tambi\u00e9n puede ser indemnizado por algunas enfermedades y dolencias que son el resultado gradual de las condiciones de trabajo, como afecciones card\u00edacas, enfermedades pulmonares y problemas relacionados con el estr\u00e9s.<\/p>\n<p>[\/et_pb_text][et_pb_text _builder_version=\u00bb4.19.2&#8243; _module_preset=\u00bbdefault\u00bb header_2_text_color=\u00bb#12284C\u00bb header_2_font_size=\u00bb36px\u00bb header_2_line_height=\u00bb1.2em\u00bb custom_margin=\u00bb||21px||false|false\u00bb custom_padding=\u00bb|78px||||\u00bb states_mode=\u00bbexclude\u00bb states_input=\u00bbAlabama,California,New Jersey\u00bb global_colors_info=\u00bb{}\u00bb]<\/p>\n<h2>\u00bfPuedo demandar a mi empleador por mi lesi\u00f3n?<\/h2>\n<p>[\/et_pb_text][et_pb_text _builder_version=\u00bb4.19.2&#8243; _module_preset=\u00bbdefault\u00bb header_2_line_height=\u00bb1.2em\u00bb custom_margin=\u00bb||29px||false|false\u00bb states_mode=\u00bbexclude\u00bb states_input=\u00bbAlabama,California,New Jersey\u00bb global_colors_info=\u00bb{}\u00bb]<\/p>\n<p>Los empleados no pueden demandar a sus empleadores en caso de lesi\u00f3n laboral. Cuando se promulg\u00f3 la Ley de Compensaci\u00f3n de los Trabajadores de Pensilvania en 1915, los ciudadanos de ese pa\u00eds renunciaron al derecho constitucional de demandar por da\u00f1os y perjuicios tras una lesi\u00f3n laboral. A cambio, se les garantiz\u00f3 el pago de los salarios perdidos y los gastos m\u00e9dicos. Mientras tanto, sus empleadores se liberaron de las ramificaciones de los distintos importes de las liquidaciones.<\/p>\n<p>[\/et_pb_text][et_pb_text _builder_version=\u00bb4.18.0&#8243; _module_preset=\u00bbdefault\u00bb header_2_text_color=\u00bb#12284C\u00bb header_2_font_size=\u00bb36px\u00bb header_2_line_height=\u00bb1.2em\u00bb custom_margin=\u00bb||21px||false|false\u00bb custom_padding=\u00bb|78px||||\u00bb global_colors_info=\u00bb{}\u00bb]<\/p>\n<h2>\u00bfExiste alguna circunstancia por la que no pueda recibir una indemnizaci\u00f3n por accidente de trabajo?<\/h2>\n<p>[\/et_pb_text][et_pb_text _builder_version=\u00bb4.18.0&#8243; _module_preset=\u00bbdefault\u00bb header_2_line_height=\u00bb1.2em\u00bb custom_margin=\u00bb||29px||false|false\u00bb global_colors_info=\u00bb{}\u00bb]<\/p>\n<p>Por lo general, si te lesionas de camino al trabajo o al volver a casa, no est\u00e1s cubierto por la Ley de Indemnizaci\u00f3n por Accidentes de Trabajo. Sin embargo, si su trabajo le obliga a viajar, no tiene un lugar fijo de trabajo o tiene un contrato que le cubre mientras va y viene del trabajo, puede estar cubierto.<\/p>\n<p>[\/et_pb_text][\/et_pb_column][et_pb_column type=\u00bb1_3&#8243; _builder_version=\u00bb4.17.6&#8243; _module_preset=\u00bbdefault\u00bb animation_style=\u00bbslide\u00bb animation_direction=\u00bbbottom\u00bb animation_duration=\u00bb850ms\u00bb animation_delay=\u00bb50ms\u00bb animation_intensity_slide=\u00bb5%\u00bb global_colors_info=\u00bb{}\u00bb][et_pb_wpt_gravityform gravityform_id=\u00bbgf-1&#8243; description_custom_margin=\u00bb10px|0|16px|0|false|false\u00bb description_custom_padding=\u00bb0|0px|0|0|false|false\u00bb field_container_custom_margin=\u00bb20px|0|0|0|false|false\u00bb input_container_custom_margin=\u00bb0px|0|0|0|false|false\u00bb text_input_bg_color=\u00bb#FFFFFF\u00bb label_custom_margin=\u00bb5px|0|5px|0|false|false\u00bb title_custom_margin=\u00bb0px|0|0px|0|false|false\u00bb _builder_version=\u00bb4.19.0&#8243; _module_preset=\u00bbdefault\u00bb title_text_color=\u00bb#12284C\u00bb title_font_size=\u00bb36px\u00bb description_font=\u00bb|||on|||||\u00bb description_text_color=\u00bb#12284C\u00bb description_font_size=\u00bb18px\u00bb description_letter_spacing=\u00bb4px\u00bb description_line_height=\u00bb1.3em\u00bb label_text_color=\u00bb#000000&#8243; label_font_size=\u00bb18px\u00bb background_color=\u00bb#F2F2F2&#8243; custom_form_button=\u00bbon\u00bb form_button_text_color=\u00bb#12284C\u00bb form_button_bg_color=\u00bb#EAAB42&#8243; form_button_border_width=\u00bb0px\u00bb form_button_font=\u00bb|||on|||||\u00bb custom_padding=\u00bb15px|20px|15px|20px|true|true\u00bb custom_css_text_field=\u00bbwidth:100%;\u00bb custom_css_textarea_field=\u00bbwidth:100%;\u00bb custom_css_select_field=\u00bbwidth:100%;\u00bb custom_css_button=\u00bbwidth:100%;\u00bb border_color_all_input_general=\u00bb#dbdbdb\u00bb global_module=\u00bb206&#8243; global_colors_info=\u00bb{}\u00bb form_button_bg_color__hover_enabled=\u00bbon|desktop\u00bb form_button_bg_color__hover=\u00bb#12284C\u00bb form_button_bg_enable_color__hover=\u00bbon\u00bb form_button_text_color__hover_enabled=\u00bbon|desktop\u00bb form_button_text_color__hover=\u00bb#EAAB42&#8243;][\/et_pb_wpt_gravityform][\/et_pb_column][\/et_pb_row][\/et_pb_section]<\/p>\n","protected":false},"excerpt":{"rendered":"<p>Preguntas frecuentes&nbsp;|&nbsp;Indemnizaci\u00f3n por accidente de trabajo FAQLa indemnizaci\u00f3n por accidente de trabajo es un programa de seguros obligatorio por el Estado que proporciona compensaci\u00f3n a los empleados que sufren lesiones y enfermedades relacionadas con el trabajo. Mientras que el gobierno federal administra un programa de compensaci\u00f3n de trabajadores para los empleados federales y algunos otros [&hellip;]<\/p>\n","protected":false},"author":1,"featured_media":0,"parent":5643,"menu_order":0,"comment_status":"closed","ping_status":"closed","template":"","meta":{"_et_pb_use_builder":"on","_et_pb_old_content":"","_et_gb_content_width":"","footnotes":""},"class_list":["post-5648","page","type-page","status-publish","hentry"],"acf":[],"_links":{"self":[{"href":"https:\/\/old.pondlehocky.com\/es\/wp-json\/wp\/v2\/pages\/5648","targetHints":{"allow":["GET"]}}],"collection":[{"href":"https:\/\/old.pondlehocky.com\/es\/wp-json\/wp\/v2\/pages"}],"about":[{"href":"https:\/\/old.pondlehocky.com\/es\/wp-json\/wp\/v2\/types\/page"}],"author":[{"embeddable":true,"href":"https:\/\/old.pondlehocky.com\/es\/wp-json\/wp\/v2\/users\/1"}],"replies":[{"embeddable":true,"href":"https:\/\/old.pondlehocky.com\/es\/wp-json\/wp\/v2\/comments?post=5648"}],"version-history":[{"count":0,"href":"https:\/\/old.pondlehocky.com\/es\/wp-json\/wp\/v2\/pages\/5648\/revisions"}],"up":[{"embeddable":true,"href":"https:\/\/old.pondlehocky.com\/es\/wp-json\/wp\/v2\/pages\/5643"}],"wp:attachment":[{"href":"https:\/\/old.pondlehocky.com\/es\/wp-json\/wp\/v2\/media?parent=5648"}],"curies":[{"name":"wp","href":"https:\/\/api.w.org\/{rel}","templated":true}]}}