{"id":5635,"date":"2022-09-02T17:13:19","date_gmt":"2022-09-02T17:13:19","guid":{"rendered":"https:\/\/old.pondlehocky.com\/puedo-trabajar-mientras-recibo-la-indemnizacion-por-accidente-de-trabajo\/"},"modified":"2023-08-24T19:34:54","modified_gmt":"2023-08-24T19:34:54","slug":"puedo-trabajar-mientras-recibo-la-indemnizacion-por-accidente-de-trabajo","status":"publish","type":"page","link":"https:\/\/old.pondlehocky.com\/es\/preguntas-frecuentes\/preguntas-frecuentes-sobre-la-indemnizacion-de-los-trabajadores\/puedo-trabajar-mientras-recibo-la-indemnizacion-por-accidente-de-trabajo\/","title":{"rendered":"\u00bfPuedo trabajar mientras recibo la indemnizaci\u00f3n por accidente de trabajo?"},"content":{"rendered":"<p>[et_pb_section fb_built=\u00bb1&#8243; custom_padding_last_edited=\u00bbon|phone\u00bb _builder_version=\u00bb4.18.0&#8243; _module_preset=\u00bbdefault\u00bb background_image=\u00bbhttps:\/\/old.pondlehocky.com\/wp-content\/uploads\/2022\/09\/faqs-bg.jpg\u00bb background_position=\u00bbtop_center\u00bb min_height=\u00bb325px\u00bb custom_margin=\u00bb0px||0px||false|false\u00bb custom_padding=\u00bb50px||17px||false|false\u00bb custom_padding_tablet=\u00bb100px||0px||false|false\u00bb custom_padding_phone=\u00bb50px||||false|false\u00bb global_colors_info=\u00bb{}\u00bb][et_pb_row _builder_version=\u00bb4.17.6&#8243; _module_preset=\u00bbdefault\u00bb global_colors_info=\u00bb{}\u00bb][et_pb_column type=\u00bb4_4&#8243; _builder_version=\u00bb4.17.6&#8243; _module_preset=\u00bbdefault\u00bb global_colors_info=\u00bb{}\u00bb][et_pb_text module_class=\u00bbbreadcrumb\u00bb _builder_version=\u00bb4.18.0&#8243; _module_preset=\u00bbdefault\u00bb text_font=\u00bb|||on|||||\u00bb text_text_color=\u00bb#EAAB42&#8243; text_letter_spacing=\u00bb5px\u00bb link_text_color=\u00bb#EAAB42&#8243; header_2_font=\u00bb|||on|||||\u00bb header_2_text_color=\u00bb#EAAB42&#8243; header_2_font_size=\u00bb18px\u00bb header_2_letter_spacing=\u00bb6px\u00bb custom_margin=\u00bb||-3px|||\u00bb animation_style=\u00bbslide\u00bb animation_direction=\u00bbbottom\u00bb animation_duration=\u00bb850ms\u00bb animation_intensity_slide=\u00bb10%\u00bb global_colors_info=\u00bb{}\u00bb link_text_color__hover=\u00bb#FFFFFF\u00bb link_text_color__hover_enabled=\u00bbon|hover\u00bb]<a href=\"https:\/\/old.pondlehocky.com\/es\/preguntas-frecuentes\/\">Preguntas frecuentes<\/a>&nbsp;|&nbsp;<a href=\"https:\/\/old.pondlehocky.com\/es\/preguntas-frecuentes\/preguntas-frecuentes-sobre-la-indemnizacion-de-los-trabajadores\/\">Indemnizaci\u00f3n por accidente de trabajo FAQ<\/a>[\/et_pb_text][et_pb_text _builder_version=\u00bb4.20.4&#8243; _dynamic_attributes=\u00bbcontent\u00bb _module_preset=\u00bbdefault\u00bb link_text_color=\u00bb#4295C9&#8243; header_text_color=\u00bb#FFFFFF\u00bb header_font_size=\u00bb72px\u00bb custom_padding=\u00bb|123px||||\u00bb animation_style=\u00bbslide\u00bb animation_direction=\u00bbbottom\u00bb animation_duration=\u00bb850ms\u00bb animation_intensity_slide=\u00bb10%\u00bb hover_enabled=\u00bb0&#8243; header_font_size_tablet=\u00bb72px\u00bb header_font_size_phone=\u00bb72px\u00bb header_font_size_last_edited=\u00bbon|phone\u00bb header_text_shadow_style=\u00bbpreset1&#8243; header_text_shadow_vertical_length=\u00bb0.08em\u00bb header_text_shadow_color=\u00bbrgba(18,40,76,0.15)\u00bb global_colors_info=\u00bb{}\u00bb link_text_color__hover=\u00bb#EAAB42&#8243; link_text_color__hover_enabled=\u00bbon|hover\u00bb sticky_enabled=\u00bb0&#8243;]@ET-DC@eyJkeW5hbWljIjp0cnVlLCJjb250ZW50IjoicG9zdF90aXRsZSIsInNldHRpbmdzIjp7ImJlZm9yZSI6IjxoMT4iLCJhZnRlciI6IjxcL2gxPiJ9fQ==@[\/et_pb_text][\/et_pb_column][\/et_pb_row][\/et_pb_section][et_pb_section fb_built=\u00bb1&#8243; _builder_version=\u00bb4.17.6&#8243; _module_preset=\u00bbdefault\u00bb custom_padding=\u00bb||19px|||\u00bb global_colors_info=\u00bb{}\u00bb][et_pb_row column_structure=\u00bb2_3,1_3&#8243; _builder_version=\u00bb4.17.6&#8243; _module_preset=\u00bbdefault\u00bb global_colors_info=\u00bb{}\u00bb][et_pb_column type=\u00bb2_3&#8243; _builder_version=\u00bb4.17.6&#8243; _module_preset=\u00bbdefault\u00bb animation_style=\u00bbslide\u00bb animation_direction=\u00bbbottom\u00bb animation_duration=\u00bb850ms\u00bb animation_intensity_slide=\u00bb5%\u00bb global_colors_info=\u00bb{}\u00bb][et_pb_button button_url=\u00bb#form-jump\u00bb button_text=\u00bbProgramar una consulta legal gratuita\u00bb disabled_on=\u00bboff|on|on\u00bb _builder_version=\u00bb4.20.4&#8243; _module_preset=\u00bbdefault\u00bb custom_button=\u00bbon\u00bb button_text_size=\u00bb18px\u00bb button_text_color=\u00bb#F5A81C\u00bb button_bg_color=\u00bb#12284C\u00bb button_border_color=\u00bb#12284C\u00bb custom_margin=\u00bb-60px||||false|false\u00bb custom_padding=\u00bb||||false|false\u00bb box_shadow_style=\u00bbpreset3&#8243; box_shadow_vertical=\u00bb5px\u00bb locked=\u00bboff\u00bb global_colors_info=\u00bb{}\u00bb][\/et_pb_button][et_pb_text _builder_version=\u00bb4.18.0&#8243; _module_preset=\u00bbdefault\u00bb header_2_line_height=\u00bb1.2em\u00bb custom_margin=\u00bb||40px||false|false\u00bb global_colors_info=\u00bb{}\u00bb]<\/p>\n<p>Enfrentarse a una lesi\u00f3n laboral puede ser agotador por m\u00e1s razones que la propia lesi\u00f3n. Las lesiones laborales alteran tu rutina, a\u00f1aden mucho papeleo burocr\u00e1tico y pueden afectar a tu estado de \u00e1nimo o a tu salud mental. Estos factores pueden llevar a los trabajadores lesionados a preguntarse si pueden volver a alg\u00fan tipo de trabajo, aunque no sea el que ten\u00edan antes de sus lesiones.<\/p>\n<p>A continuaci\u00f3n, se responden algunas de las preguntas m\u00e1s comunes que pueden tener los trabajadores que se enfrentan a esta situaci\u00f3n.<\/p>\n<p>[\/et_pb_text][et_pb_text _builder_version=\u00bb4.20.4&#8243; _module_preset=\u00bbdefault\u00bb header_2_text_color=\u00bb#12284C\u00bb header_2_font_size=\u00bb36px\u00bb header_2_line_height=\u00bb1.2em\u00bb custom_margin=\u00bb||18px||false|false\u00bb global_colors_info=\u00bb{}\u00bb]<\/p>\n<h2>\u00bfPuedo trabajar en mi empleo actual mientras cobro la indemnizaci\u00f3n por accidente de trabajo?<\/h2>\n<p>[\/et_pb_text][et_pb_text _builder_version=\u00bb4.20.4&#8243; _module_preset=\u00bbdefault\u00bb header_2_line_height=\u00bb1.2em\u00bb custom_margin=\u00bb||40px||false|false\u00bb global_colors_info=\u00bb{}\u00bb]<\/p>\n<p>T\u00e9cnicamente, s\u00ed: puede seguir trabajando mientras percibe prestaciones de compensaci\u00f3n por accidente de trabajo. Sin embargo, hay normas estrictas que debe cumplir, sobre todo a la hora de declarar sus ingresos a la compa\u00f1\u00eda de seguros. Si se lesion\u00f3 en su lugar de trabajo y un m\u00e9dico le autoriz\u00f3 a reincorporarse al trabajo en condiciones de trabajo ligero, deber\u00e1 notificarlo, aunque se trate de la misma empresa.<\/p>\n<p>[\/et_pb_text][et_pb_text _builder_version=\u00bb4.20.4&#8243; _module_preset=\u00bbdefault\u00bb header_2_text_color=\u00bb#12284C\u00bb header_2_font_size=\u00bb36px\u00bb header_2_line_height=\u00bb1.2em\u00bb custom_margin=\u00bb||18px||false|false\u00bb global_colors_info=\u00bb{}\u00bb]<\/p>\n<h2>\u00bfPuedo tener un segundo empleo mientras cobro la indemnizaci\u00f3n por accidente de trabajo?<\/h2>\n<p>[\/et_pb_text][et_pb_text _builder_version=\u00bb4.20.4&#8243; _module_preset=\u00bbdefault\u00bb header_2_line_height=\u00bb1.2em\u00bb custom_margin=\u00bb||40px||false|false\u00bb global_colors_info=\u00bb{}\u00bb]<\/p>\n<p>La respuesta corta es no, no lo recomendar\u00edamos. Los trabajadores reciben prestaciones de indemnizaci\u00f3n por accidente de trabajo porque se han lesionado y no pueden realizar sus tareas habituales. Si es f\u00edsicamente capaz de trabajar en un segundo empleo, entonces se puede determinar que es capaz de volver a su trabajo actual o capaz de encontrar un empleo en otro lugar.<\/p>\n<p>La respuesta larga es que la cuesti\u00f3n es complicada. Si empieza a trabajar para otra empresa respetando las restricciones, tiene que declarar esos ingresos a la compa\u00f1\u00eda de seguros de la empresa en la que trabajaba antes de lesionarse. Si sigue sin ganar lo mismo que antes, a\u00fan puede tener derecho a prestaciones por p\u00e9rdida parcial de salario. Estas prestaciones se reducir\u00e1n de la cuant\u00eda total que percibir\u00eda si no trabajara. Lo calcular\u00e1 la compa\u00f1\u00eda de seguros. En momentos como estos, puede ser muy beneficioso tener un abogado de compensaci\u00f3n de trabajadores revisar sus recibos de pago para asegurarse de que sus beneficios modificados se pagan con precisi\u00f3n.<\/p>\n<p>Si en alg\u00fan momento vuelves a dejar de trabajar, la compa\u00f1\u00eda de seguros debe restablecerte la totalidad de las prestaciones por p\u00e9rdida de salario. Sin embargo, las compa\u00f1\u00edas de seguros a menudo intentan combatir esto y exigen que se cumplan los litigios.<\/p>\n<p>Sus salarios perdidos pueden suspenderse totalmente si su nuevo trabajo le paga lo mismo o m\u00e1s que lo que ganaba antes de lesionarse. Sin embargo, sus prestaciones m\u00e9dicas deben mantenerse. En este punto, la compa\u00f1\u00eda de seguros probablemente le notificar\u00e1 que sus cheques ser\u00e1n detenidos &#8211; de nuevo, otro momento cr\u00edtico para consultar con su abogado. Usted querr\u00e1 consultar con un experto legal para asegurarse de que sus beneficios de p\u00e9rdida de salario en realidad deben ser suspendidos y que sus beneficios m\u00e9dicos est\u00e1n intactos.<\/p>\n<p>[\/et_pb_text][et_pb_text _builder_version=\u00bb4.18.0&#8243; _module_preset=\u00bbdefault\u00bb header_2_text_color=\u00bb#12284C\u00bb header_2_font_size=\u00bb36px\u00bb header_2_line_height=\u00bb1.2em\u00bb custom_margin=\u00bb||15px||false|false\u00bb global_colors_info=\u00bb{}\u00bb]<\/p>\n<h2>\u00bfY si ya tengo un segundo empleo?<\/h2>\n<p>[\/et_pb_text][et_pb_text _builder_version=\u00bb4.20.4&#8243; _module_preset=\u00bbdefault\u00bb header_2_line_height=\u00bb1.2em\u00bb custom_margin=\u00bb||40px||false|false\u00bb global_colors_info=\u00bb{}\u00bb]<\/p>\n<p>Si ten\u00eda un segundo trabajo para otro empleador en el momento de su lesi\u00f3n, sus prestaciones de indemnizaci\u00f3n por accidente de trabajo pueden cubrir total o parcialmente la p\u00e9rdida del segundo ingreso.<\/p>\n<p>Lo mejor es adelantarse a esta cuesti\u00f3n cuando se presente la solicitud de prestaciones por accidentes de trabajo. Cualquier ingreso que reciba en el momento de su lesi\u00f3n debe ser reportado en su reclamo.<\/p>\n<p>Digamos que tambi\u00e9n tienes un trabajo a tiempo parcial mientras te lesionas en tu trabajo a tiempo completo. Si su lesi\u00f3n le impide trabajar tambi\u00e9n en ese empleo a tiempo parcial, las prestaciones de indemnizaci\u00f3n por accidente de trabajo pueden cubrir el total de los ingresos que normalmente recibir\u00eda de los dos empleos. Este proceso, sin embargo, es dif\u00edcil de navegar. Lo mejor es consultar a un abogado especializado en indemnizaciones laborales para que le ayude a encontrar el mejor plan de acci\u00f3n para su situaci\u00f3n particular.<\/p>\n<p>[\/et_pb_text][et_pb_text _builder_version=\u00bb4.20.4&#8243; _module_preset=\u00bbdefault\u00bb header_2_text_color=\u00bb#12284C\u00bb header_2_font_size=\u00bb36px\u00bb header_2_line_height=\u00bb1.2em\u00bb custom_margin=\u00bb||15px||false|false\u00bb global_colors_info=\u00bb{}\u00bb]<\/p>\n<h2>\u00bfY si todav\u00eda puedo trabajar en mi segundo empleo?<\/h2>\n<p>[\/et_pb_text][et_pb_text _builder_version=\u00bb4.18.0&#8243; _module_preset=\u00bbdefault\u00bb header_2_line_height=\u00bb1.2em\u00bb custom_margin=\u00bb||40px||false|false\u00bb global_colors_info=\u00bb{}\u00bb]<\/p>\n<p>Esta cuesti\u00f3n surge con frecuencia cuando se discute el tema de tener dos trabajos y lesionarse en el principal. Este trabajo puede ser menos intensivo en mano de obra o f\u00edsicamente exigente. Puede ser un horario m\u00e1s corto. Puede que se trate de un sector totalmente distinto y que no requiera las mismas herramientas f\u00edsicas.<\/p>\n<p>Sea cual sea el motivo por el que puede trabajar en un empleo y no en otro, es probable que la compa\u00f1\u00eda de seguros lo tenga en cuenta. Sus prestaciones pueden ajustarse en funci\u00f3n de un segundo ingreso.<\/p>\n<p>Esto plantea otra cuesti\u00f3n m\u00e1s cr\u00edtica: su capacidad para trabajar en un segundo empleo puede afectar al \u00e9xito de su reclamaci\u00f3n. Su empleador podr\u00eda alegar que las responsabilidades del segundo trabajo son una prueba de su capacidad para realizar su trabajo principal. Si este es el caso, es posible que le corten las prestaciones.<\/p>\n<p><strong>El siguiente ejemplo puede arrojar m\u00e1s luz sobre la situaci\u00f3n:<\/strong><\/p>\n<p>Supongamos que tu trabajo principal, el trabajo en el que se produjo la lesi\u00f3n, es un sector de gran intensidad de mano de obra, como la construcci\u00f3n, y que tu trabajo a tiempo parcial es el de paisajista. Un empleador puede mirar esos dos trabajos y determinar que si eres capaz de realizar trabajos f\u00edsicos de jardiner\u00eda, deber\u00edas ser capaz de realizar trabajos de construcci\u00f3n. Es probable que el desempe\u00f1o de sus funciones a tiempo parcial requiera las mismas exigencias f\u00edsicas: estar de pie durante largos periodos de tiempo, levantar maquinaria o agacharse con frecuencia.<\/p>\n<p>Si los trabajos requieren una serie de habilidades o un esfuerzo f\u00edsico diferente, como la construcci\u00f3n frente al trabajo de oficina, entonces puede seguir haciendo el trabajo de oficina mientras cobra las prestaciones. Sin embargo, como hemos mencionado antes, esas prestaciones pueden reducirse para tener en cuenta los ingresos adicionales.<\/p>\n<p>[\/et_pb_text][et_pb_text _builder_version=\u00bb4.18.0&#8243; _module_preset=\u00bbdefault\u00bb header_2_text_color=\u00bb#12284C\u00bb header_2_font_size=\u00bb36px\u00bb header_2_line_height=\u00bb1.2em\u00bb custom_margin=\u00bb||15px||false|false\u00bb global_colors_info=\u00bb{}\u00bb]<\/p>\n<h2>\u00bfY si quiero obtener un segundo empleo?<\/h2>\n<p>[\/et_pb_text][et_pb_text _builder_version=\u00bb4.18.0&#8243; _module_preset=\u00bbdefault\u00bb header_2_line_height=\u00bb1.2em\u00bb custom_margin=\u00bb||40px||false|false\u00bb global_colors_info=\u00bb{}\u00bb]<\/p>\n<p>Normalmente, esto no es lo mejor para usted. Ya sea que su lesi\u00f3n le impida tener su trabajo principal a corto, largo o permanente, un segundo trabajo podr\u00eda disminuir sus beneficios o ponerlos en peligro por completo. Lo mejor es mantenerse al margen del trabajo y darse tiempo para recuperarse.<\/p>\n<p>[\/et_pb_text][et_pb_text _builder_version=\u00bb4.20.4&#8243; _module_preset=\u00bbdefault\u00bb header_2_text_color=\u00bb#12284C\u00bb header_2_font_size=\u00bb36px\u00bb header_2_line_height=\u00bb1.2em\u00bb custom_margin=\u00bb||15px||false|false\u00bb global_colors_info=\u00bb{}\u00bb]<\/p>\n<h2>\u00bfQu\u00e9 ocurre si me pillan trabajando mientras cobro la indemnizaci\u00f3n por accidente de trabajo?<\/h2>\n<p>[\/et_pb_text][et_pb_text _builder_version=\u00bb4.20.4&#8243; _module_preset=\u00bbdefault\u00bb header_2_line_height=\u00bb1.2em\u00bb custom_margin=\u00bb||40px||false|false\u00bb global_colors_info=\u00bb{}\u00bb]<\/p>\n<p>Si te pillan trabajando mientras recibes todas las prestaciones de indemnizaci\u00f3n por accidente de trabajo -y no has declarado la totalidad de tus ingresos-, puedes enfrentarte a graves consecuencias. Las compa\u00f1\u00edas de seguros tienen derecho a vigilar las actividades p\u00fablicas de un trabajador lesionado que est\u00e9 reclamando una indemnizaci\u00f3n por accidente laboral (recuerde: cuando est\u00e1 en p\u00fablico, la ley no le otorga ning\u00fan derecho a la intimidad). Tambi\u00e9n podr\u00edan contratar a terceras empresas de investigaci\u00f3n para que escudri\u00f1en tus redes sociales y recojan pruebas de que has estado trabajando en otro empleo. En resumen, si pueden presentar un caso s\u00f3lido de fraude de compensaci\u00f3n de trabajadores contra usted, es probable que no s\u00f3lo pierda sus beneficios de compensaci\u00f3n de trabajadores, sino que tambi\u00e9n se enfrente potencialmente a un enjuiciamiento penal. Otras repercusiones del fraude en la compensaci\u00f3n de los trabajadores pueden incluir tener que reembolsar a la compensaci\u00f3n de los trabajadores las prestaciones pagadas indebidamente, pagar multas civiles, pagar multas penales o incluso cumplir penas de prisi\u00f3n. Por ello, Pond Lehocky Giordano recomienda siempre a sus clientes total transparencia y honestidad.<\/p>\n<p>[\/et_pb_text][et_pb_text _builder_version=\u00bb4.18.0&#8243; _module_preset=\u00bbdefault\u00bb header_2_text_color=\u00bb#12284C\u00bb header_2_font_size=\u00bb36px\u00bb header_2_line_height=\u00bb1.2em\u00bb custom_margin=\u00bb||15px||false|false\u00bb global_colors_info=\u00bb{}\u00bb]<\/p>\n<h2>\u00bfY si consigo un segundo trabajo que me pague \u00abpor debajo de la mesa\u00bb?<\/h2>\n<p>[\/et_pb_text][et_pb_text _builder_version=\u00bb4.18.0&#8243; _module_preset=\u00bbdefault\u00bb header_2_line_height=\u00bb1.2em\u00bb custom_margin=\u00bb||40px||false|false\u00bb global_colors_info=\u00bb{}\u00bb]<\/p>\n<p>En pocas palabras, si est\u00e1 cobrando prestaciones de compensaci\u00f3n laboral, debe declarar TODOS los ingresos adicionales. En la mayor\u00eda de los casos, no declarar los ingresos se considerar\u00e1 un fraude al seguro.<\/p>\n<p>Las aseguradoras est\u00e1n muy familiarizadas con estas pr\u00e1cticas y disponen de muchos m\u00e9todos para garantizar que los reclamantes no \u00abenga\u00f1en\u00bb al sistema. Por ejemplo, si se sospecha que tiene un trabajo adicional y no declara los ingresos, los investigadores pueden estar vigilando y recogiendo pruebas para demostrar que lo hace.<\/p>\n<p>Adem\u00e1s, cualquier persona puede denunciar esta actividad directamente a un transportista o a la agencia gubernamental correspondiente.<\/p>\n<p>No vale la pena el riesgo. Si la compa\u00f1\u00eda de seguros determina que est\u00e1 cobrando ingresos y no los declara, pueden quitarle las prestaciones y emprender acciones legales contra usted.<\/p>\n<p>[\/et_pb_text][et_pb_text _builder_version=\u00bb4.18.0&#8243; _module_preset=\u00bbdefault\u00bb header_2_text_color=\u00bb#12284C\u00bb header_2_font_size=\u00bb36px\u00bb header_2_line_height=\u00bb1.2em\u00bb custom_margin=\u00bb||15px||false|false\u00bb global_colors_info=\u00bb{}\u00bb]<\/p>\n<h2>Las leyes difieren en cada estado<\/h2>\n<p>[\/et_pb_text][et_pb_text _builder_version=\u00bb4.18.0&#8243; _module_preset=\u00bbdefault\u00bb header_2_line_height=\u00bb1.2em\u00bb custom_margin=\u00bb||40px||false|false\u00bb global_colors_info=\u00bb{}\u00bb]<\/p>\n<p>Esta directriz establece las normas generales que rigen el trabajo mientras se reciben las prestaciones de compensaci\u00f3n de los trabajadores. Sin embargo, las leyes var\u00edan seg\u00fan el estado.<\/p>\n<p>En algunos casos, si un trabajador es dado de alta para realizar trabajos ligeros, puede buscar un trabajo adecuado y seguir recibiendo las prestaciones, pero ese trabajador debe seguir informando de los ingresos adicionales a la compa\u00f1\u00eda de seguros. Tambi\u00e9n hay circunstancias en las que un trabajador puede volver a trabajar mientras recibe prestaciones por tiempo perdido intermitente.<\/p>\n<p>Como en cualquier reclamaci\u00f3n de indemnizaci\u00f3n por accidente de trabajo, siempre es mejor consultar a un abogado de indemnizaci\u00f3n por accidente de trabajo para saber cu\u00e1les son sus opciones y c\u00f3mo puede protegerse mejor contra la p\u00e9rdida de prestaciones o las acciones que puedan afectar a su reclamaci\u00f3n.<\/p>\n<p>[\/et_pb_text][\/et_pb_column][et_pb_column type=\u00bb1_3&#8243; _builder_version=\u00bb4.17.6&#8243; _module_preset=\u00bbdefault\u00bb animation_style=\u00bbslide\u00bb animation_direction=\u00bbbottom\u00bb animation_duration=\u00bb850ms\u00bb animation_delay=\u00bb50ms\u00bb animation_intensity_slide=\u00bb5%\u00bb global_colors_info=\u00bb{}\u00bb][et_pb_wpt_gravityform gravityform_id=\u00bbgf-1&#8243; description_custom_margin=\u00bb10px|0|16px|0|false|false\u00bb description_custom_padding=\u00bb0|0px|0|0|false|false\u00bb field_container_custom_margin=\u00bb20px|0|0|0|false|false\u00bb input_container_custom_margin=\u00bb0px|0|0|0|false|false\u00bb text_input_bg_color=\u00bb#FFFFFF\u00bb label_custom_margin=\u00bb5px|0|5px|0|false|false\u00bb title_custom_margin=\u00bb0px|0|0px|0|false|false\u00bb module_id=\u00bbform-jump\u00bb _builder_version=\u00bb4.20.4&#8243; _module_preset=\u00bbdefault\u00bb title_text_color=\u00bb#12284C\u00bb title_font_size=\u00bb36px\u00bb description_font=\u00bb|||on|||||\u00bb description_text_color=\u00bb#12284C\u00bb description_font_size=\u00bb18px\u00bb description_letter_spacing=\u00bb4px\u00bb description_line_height=\u00bb1.3em\u00bb label_text_color=\u00bb#000000&#8243; label_font_size=\u00bb18px\u00bb background_color=\u00bb#F2F2F2&#8243; custom_form_button=\u00bbon\u00bb form_button_text_color=\u00bb#12284C\u00bb form_button_bg_color=\u00bb#EAAB42&#8243; form_button_border_width=\u00bb0px\u00bb form_button_font=\u00bb|||on|||||\u00bb custom_padding=\u00bb15px|20px|15px|20px|true|true\u00bb custom_css_text_field=\u00bbwidth:100%;\u00bb custom_css_textarea_field=\u00bbwidth:100%;\u00bb custom_css_select_field=\u00bbwidth:100%;\u00bb custom_css_button=\u00bbwidth:100%;\u00bb border_color_all_input_general=\u00bb#dbdbdb\u00bb global_module=\u00bb206&#8243; global_colors_info=\u00bb{}\u00bb form_button_bg_color__hover_enabled=\u00bbon|desktop\u00bb form_button_bg_color__hover=\u00bb#12284C\u00bb form_button_bg_enable_color__hover=\u00bbon\u00bb form_button_text_color__hover_enabled=\u00bbon|desktop\u00bb form_button_text_color__hover=\u00bb#EAAB42&#8243;][\/et_pb_wpt_gravityform][\/et_pb_column][\/et_pb_row][\/et_pb_section]<\/p>\n","protected":false},"excerpt":{"rendered":"<p>Preguntas frecuentes&nbsp;|&nbsp;Indemnizaci\u00f3n por accidente de trabajo FAQEnfrentarse a una lesi\u00f3n laboral puede ser agotador por m\u00e1s razones que la propia lesi\u00f3n. Las lesiones laborales alteran tu rutina, a\u00f1aden mucho papeleo burocr\u00e1tico y pueden afectar a tu estado de \u00e1nimo o a tu salud mental. Estos factores pueden llevar a los trabajadores lesionados a preguntarse si [&hellip;]<\/p>\n","protected":false},"author":1,"featured_media":0,"parent":5643,"menu_order":0,"comment_status":"closed","ping_status":"closed","template":"","meta":{"_et_pb_use_builder":"on","_et_pb_old_content":"<!-- wp:divi\/placeholder \/-->","_et_gb_content_width":"","footnotes":""},"class_list":["post-5635","page","type-page","status-publish","hentry"],"acf":[],"_links":{"self":[{"href":"https:\/\/old.pondlehocky.com\/es\/wp-json\/wp\/v2\/pages\/5635","targetHints":{"allow":["GET"]}}],"collection":[{"href":"https:\/\/old.pondlehocky.com\/es\/wp-json\/wp\/v2\/pages"}],"about":[{"href":"https:\/\/old.pondlehocky.com\/es\/wp-json\/wp\/v2\/types\/page"}],"author":[{"embeddable":true,"href":"https:\/\/old.pondlehocky.com\/es\/wp-json\/wp\/v2\/users\/1"}],"replies":[{"embeddable":true,"href":"https:\/\/old.pondlehocky.com\/es\/wp-json\/wp\/v2\/comments?post=5635"}],"version-history":[{"count":0,"href":"https:\/\/old.pondlehocky.com\/es\/wp-json\/wp\/v2\/pages\/5635\/revisions"}],"up":[{"embeddable":true,"href":"https:\/\/old.pondlehocky.com\/es\/wp-json\/wp\/v2\/pages\/5643"}],"wp:attachment":[{"href":"https:\/\/old.pondlehocky.com\/es\/wp-json\/wp\/v2\/media?parent=5635"}],"curies":[{"name":"wp","href":"https:\/\/api.w.org\/{rel}","templated":true}]}}