{"id":5632,"date":"2022-09-01T19:50:33","date_gmt":"2022-09-01T19:50:33","guid":{"rendered":"https:\/\/old.pondlehocky.com\/preguntas-frecuentes\/preguntas-frecuentes-sobre-la-discapacidad-a-corto-y-largo-plazo\/como-funciona-la-incapacidad-de-larga-duracion-del-empresario\/"},"modified":"2022-12-07T22:01:09","modified_gmt":"2022-12-07T22:01:09","slug":"como-funciona-la-incapacidad-de-larga-duracion-del-empresario","status":"publish","type":"page","link":"https:\/\/old.pondlehocky.com\/es\/preguntas-frecuentes\/preguntas-frecuentes-sobre-la-discapacidad-a-corto-y-largo-plazo\/como-funciona-la-incapacidad-de-larga-duracion-del-empresario\/","title":{"rendered":"\u00bfC\u00f3mo funciona la incapacidad de larga duraci\u00f3n del empresario?"},"content":{"rendered":"<p>[et_pb_section fb_built=\u00bb1&#8243; custom_padding_last_edited=\u00bbon|phone\u00bb _builder_version=\u00bb4.18.0&#8243; _module_preset=\u00bbdefault\u00bb background_image=\u00bbhttps:\/\/old.pondlehocky.com\/wp-content\/uploads\/2022\/09\/faqs-bg.jpg\u00bb background_position=\u00bbtop_center\u00bb min_height=\u00bb325px\u00bb custom_margin=\u00bb0px||0px||false|false\u00bb custom_padding=\u00bb50px||0px||false|false\u00bb custom_padding_tablet=\u00bb100px||0px||false|false\u00bb custom_padding_phone=\u00bb50px||||false|false\u00bb global_colors_info=\u00bb{}\u00bb][et_pb_row _builder_version=\u00bb4.17.6&#8243; _module_preset=\u00bbdefault\u00bb global_colors_info=\u00bb{}\u00bb][et_pb_column type=\u00bb4_4&#8243; _builder_version=\u00bb4.17.6&#8243; _module_preset=\u00bbdefault\u00bb global_colors_info=\u00bb{}\u00bb][et_pb_text module_class=\u00bbbreadcrumb\u00bb _builder_version=\u00bb4.18.0&#8243; _module_preset=\u00bbdefault\u00bb text_font=\u00bb|||on|||||\u00bb text_text_color=\u00bb#EAAB42&#8243; text_letter_spacing=\u00bb5px\u00bb link_text_color=\u00bb#EAAB42&#8243; header_2_font=\u00bb|||on|||||\u00bb header_2_text_color=\u00bb#EAAB42&#8243; header_2_font_size=\u00bb18px\u00bb header_2_letter_spacing=\u00bb6px\u00bb custom_margin=\u00bb||-3px|||\u00bb animation_style=\u00bbslide\u00bb animation_direction=\u00bbbottom\u00bb animation_duration=\u00bb850ms\u00bb animation_intensity_slide=\u00bb10%\u00bb global_colors_info=\u00bb{}\u00bb link_text_color__hover=\u00bb#FFFFFF\u00bb link_text_color__hover_enabled=\u00bbon|hover\u00bb]<a href=\"https:\/\/old.pondlehocky.com\/es\/preguntas-frecuentes\/\">Preguntas frecuentes<\/a>&nbsp;|&nbsp;<a href=\"https:\/\/old.pondlehocky.com\/es\/preguntas-frecuentes\/preguntas-frecuentes-sobre-la-discapacidad-a-corto-y-largo-plazo\/\">Preguntas frecuentes sobre la discapacidad de corta y larga duraci\u00f3n<\/a>[\/et_pb_text][et_pb_text _builder_version=\u00bb4.18.0&#8243; _dynamic_attributes=\u00bbcontent\u00bb _module_preset=\u00bbdefault\u00bb link_text_color=\u00bb#4295C9&#8243; header_text_color=\u00bb#FFFFFF\u00bb header_font_size=\u00bb72px\u00bb animation_style=\u00bbslide\u00bb animation_direction=\u00bbbottom\u00bb animation_duration=\u00bb850ms\u00bb animation_intensity_slide=\u00bb10%\u00bb header_text_shadow_style=\u00bbpreset1&#8243; header_text_shadow_vertical_length=\u00bb0.08em\u00bb header_text_shadow_color=\u00bbrgba(18,40,76,0.15)\u00bb global_colors_info=\u00bb{}\u00bb link_text_color__hover=\u00bb#EAAB42&#8243; link_text_color__hover_enabled=\u00bbon|hover\u00bb]@ET-DC@eyJkeW5hbWljIjp0cnVlLCJjb250ZW50IjoicG9zdF90aXRsZSIsInNldHRpbmdzIjp7ImJlZm9yZSI6IjxoMT4iLCJhZnRlciI6IjxcL2gxPiJ9fQ==@[\/et_pb_text][\/et_pb_column][\/et_pb_row][\/et_pb_section][et_pb_section fb_built=\u00bb1&#8243; _builder_version=\u00bb4.17.6&#8243; _module_preset=\u00bbdefault\u00bb custom_padding=\u00bb||19px|||\u00bb global_colors_info=\u00bb{}\u00bb][et_pb_row column_structure=\u00bb2_3,1_3&#8243; _builder_version=\u00bb4.17.6&#8243; _module_preset=\u00bbdefault\u00bb global_colors_info=\u00bb{}\u00bb][et_pb_column type=\u00bb2_3&#8243; _builder_version=\u00bb4.17.6&#8243; _module_preset=\u00bbdefault\u00bb animation_style=\u00bbslide\u00bb animation_direction=\u00bbbottom\u00bb animation_duration=\u00bb850ms\u00bb animation_intensity_slide=\u00bb5%\u00bb global_colors_info=\u00bb{}\u00bb][et_pb_text _builder_version=\u00bb4.18.0&#8243; _module_preset=\u00bbdefault\u00bb header_2_line_height=\u00bb1.2em\u00bb custom_margin=\u00bb||40px||false|false\u00bb global_colors_info=\u00bb{}\u00bb]<\/p>\n<p>Si su seguro de incapacidad es a trav\u00e9s de su empleador, puede entrar en el \u00e1mbito de una ley federal llamada Ley de Seguridad de Ingresos de Jubilaci\u00f3n de los Empleados (ERISA). Esta ley tiene normas estrictas sobre c\u00f3mo debe solicitar las prestaciones o presentar un recurso. Tambi\u00e9n afecta a sus posibilidades de aprobaci\u00f3n.<\/p>\n<p>[\/et_pb_text][et_pb_text _builder_version=\u00bb4.18.0&#8243; _module_preset=\u00bbdefault\u00bb header_2_text_color=\u00bb#12284C\u00bb header_2_font_size=\u00bb36px\u00bb header_2_line_height=\u00bb1.2em\u00bb custom_margin=\u00bb||21px||false|false\u00bb global_colors_info=\u00bb{}\u00bb]<\/p>\n<h2>\u00bfQu\u00e9 es la invalidez de larga duraci\u00f3n a trav\u00e9s de una empresa&nbsp;?<\/h2>\n<p>[\/et_pb_text][et_pb_text _builder_version=\u00bb4.18.0&#8243; _module_preset=\u00bbdefault\u00bb header_2_line_height=\u00bb1.2em\u00bb custom_margin=\u00bb||40px||false|false\u00bb global_colors_info=\u00bb{}\u00bb]<\/p>\n<p>Las prestaciones por incapacidad de larga duraci\u00f3n de su empresa suelen ofrecerse a trav\u00e9s del paquete de prestaciones que le proporciona su empresa. Si opta por acogerse al plan de invalidez de larga duraci\u00f3n proporcionado por la empresa, estar\u00e1 asegurado para recibir prestaciones si deja de estar disponible para realizar las tareas materiales de su profesi\u00f3n. Si queda incapacitado, debe ponerse en contacto con el Departamento de Recursos Humanos de su empresa y solicitar una solicitud de prestaciones.<\/p>\n<p>Su empleador tiene la obligaci\u00f3n fiduciaria de ayudarle si necesita presentar una solicitud. Su empleador deber\u00e1 rellenar una parte de la solicitud en la que informar\u00e1 a la compa\u00f1\u00eda de seguros de su \u00faltimo d\u00eda de trabajo, su salario y si est\u00e1 asegurado en el plan de incapacidad colectiva.<\/p>\n<p>Despu\u00e9s de presentar su solicitud, la compa\u00f1\u00eda de seguros de incapacidad de larga duraci\u00f3n evaluar\u00e1 si est\u00e1 incapacitado para realizar las tareas materiales y sustanciales de su ocupaci\u00f3n habitual. Es importante que obtenga una opini\u00f3n de sus m\u00e9dicos indicando sus limitaciones. La afirmaci\u00f3n de que est\u00e1 incapacitado para trabajar no es una valoraci\u00f3n contundente. M\u00e1s bien, su m\u00e9dico debe evaluar su capacidad de funcionamiento; en particular, si tiene limitaciones para sentarse, estar de pie, caminar y levantar objetos. Si su reclamaci\u00f3n se basa en una discapacidad mental, debe obtener una opini\u00f3n de su m\u00e9dico o terapeuta sobre su capacidad de concentraci\u00f3n, enfoque e interacci\u00f3n con los compa\u00f1eros de trabajo, los supervisores y el p\u00fablico.<\/p>\n<p>Si la compa\u00f1\u00eda de seguros de incapacidad de larga duraci\u00f3n deniega su solicitud, tendr\u00e1 la oportunidad de presentar un recurso administrativo. La carta de denegaci\u00f3n le indicar\u00e1 el plazo que tiene para presentar un recurso administrativo. El plazo suele ser de 180 d\u00edas (unos 6 meses), aunque puede ser inferior. Este plazo es extremadamente importante. Si se le pasa el plazo, no tendr\u00e1 la oportunidad de presentar una demanda contra su compa\u00f1\u00eda de seguros de incapacidad de larga duraci\u00f3n.<\/p>\n<p>Pond Lehocky Giordano le sugiere encarecidamente que obtenga un abogado que le ayude con su apelaci\u00f3n. Su abogado utilizar\u00e1 los 180 d\u00edas para construir su caso. Deben obtener los historiales m\u00e9dicos pendientes, los historiales m\u00e9dicos actualizados y las opiniones de sus m\u00e9dicos sobre su capacidad de funcionamiento. Nuestro bufete representa a personas que han presentado recursos por su cuenta y, casi universalmente, su expediente carece de la documentaci\u00f3n m\u00e9dica necesaria para probar su reclamaci\u00f3n.<\/p>\n<p>Si su reclamaci\u00f3n es denegada tras el recurso administrativo, tendr\u00e1 derecho a presentar una demanda para obtener una revisi\u00f3n de la denegaci\u00f3n de la compa\u00f1\u00eda de seguros de incapacidad de larga duraci\u00f3n. Sin embargo, normalmente no tendr\u00e1 la oportunidad de presentar nuevas pruebas cuando presente su demanda, por lo que es imprescindible que presente toda la informaci\u00f3n m\u00e9dica posible durante su recurso administrativo.<\/p>\n<p>[\/et_pb_text][et_pb_text _builder_version=\u00bb4.18.0&#8243; _module_preset=\u00bbdefault\u00bb header_2_text_color=\u00bb#12284C\u00bb header_2_font_size=\u00bb36px\u00bb header_2_line_height=\u00bb1.2em\u00bb custom_margin=\u00bb||21px||false|false\u00bb global_colors_info=\u00bb{}\u00bb]<\/p>\n<h2>\u00bfCu\u00e1l es la duraci\u00f3n de la invalidez de larga duraci\u00f3n a trav\u00e9s de una empresa&nbsp;?<\/h2>\n<p>[\/et_pb_text][et_pb_text _builder_version=\u00bb4.18.0&#8243; _module_preset=\u00bbdefault\u00bb header_2_line_height=\u00bb1.2em\u00bb custom_margin=\u00bb||29px||false|false\u00bb global_colors_info=\u00bb{}\u00bb]<\/p>\n<p>La p\u00f3liza colectiva de incapacidad de larga duraci\u00f3n a trav\u00e9s de su empleador nombrar\u00e1 la duraci\u00f3n m\u00e1xima de sus prestaciones de incapacidad de larga duraci\u00f3n. La mayor\u00eda de las p\u00f3lizas prev\u00e9n que la compa\u00f1\u00eda de seguros pague las prestaciones por invalidez hasta los 65 a\u00f1os. Sin embargo, esta afirmaci\u00f3n es enga\u00f1osa.<\/p>\n<p>La mayor\u00eda de las p\u00f3lizas de incapacidad a largo plazo proporcionadas por la empresa prev\u00e9n una doble definici\u00f3n de incapacidad. Durante los dos primeros a\u00f1os, la compa\u00f1\u00eda de seguros le abonar\u00e1 las prestaciones por incapacidad si no puede realizar las tareas materiales de su profesi\u00f3n habitual. Transcurridos dos a\u00f1os, la compa\u00f1\u00eda de seguros s\u00f3lo le abonar\u00e1 las prestaciones por incapacidad de larga duraci\u00f3n si no puede realizar las tareas materiales de cualquier otra ocupaci\u00f3n. Algunas p\u00f3lizas de seguro pueden establecer que tendr\u00e1 que ganar el 60-80% de sus ingresos indexados antes de la incapacidad para que sus beneficios terminen despu\u00e9s de su propia definici\u00f3n de incapacidad.<\/p>\n<p>Adem\u00e1s, la mayor\u00eda de las prestaciones por incapacidad de larga duraci\u00f3n ofrecidas a trav\u00e9s de su empresa tendr\u00e1n una limitaci\u00f3n de dos a\u00f1os para cualquier incapacidad que est\u00e9 causada por condiciones de salud mental como la depresi\u00f3n, la ansiedad y el TEPT. Esta limitaci\u00f3n puede superarse si est\u00e1 hospitalizado por salud mental o si padece trastorno bipolar, esquizofrenia y otros trastornos psicol\u00f3gicos graves.<\/p>\n<p>Si su compa\u00f1\u00eda de seguros de incapacidad de larga duraci\u00f3n decide que ya no est\u00e1 incapacitado, debe ponerse en contacto inmediatamente con un abogado para que le ayude a presentar un recurso. La compa\u00f1\u00eda de seguros suele basarse en las opiniones de una enfermera o un m\u00e9dico que nunca le ha conocido para decidir si debe seguir recibiendo prestaciones por incapacidad de larga duraci\u00f3n a trav\u00e9s de la p\u00f3liza de su empresa. Es importante que usted construya el expediente administrativo con todos sus registros m\u00e9dicos y las opiniones de los m\u00e9dicos que le atienden para derrotar el intento de la compa\u00f1\u00eda de seguros de denegar su solicitud de prestaciones por incapacidad de larga duraci\u00f3n.<\/p>\n<p>[\/et_pb_text][et_pb_text _builder_version=\u00bb4.18.0&#8243; _module_preset=\u00bbdefault\u00bb header_2_text_color=\u00bb#12284C\u00bb header_2_font_size=\u00bb36px\u00bb header_2_line_height=\u00bb1.2em\u00bb custom_margin=\u00bb||21px||false|false\u00bb global_colors_info=\u00bb{}\u00bb]<\/p>\n<h2>\u00bfLa discapacidad de larga duraci\u00f3n pagada por el empresario&nbsp;est\u00e1 sujeta a impuestos?  <\/h2>\n<p>[\/et_pb_text][et_pb_text _builder_version=\u00bb4.18.0&#8243; _module_preset=\u00bbdefault\u00bb header_2_line_height=\u00bb1.2em\u00bb custom_margin=\u00bb||29px||false|false\u00bb global_colors_info=\u00bb{}\u00bb]<\/p>\n<p>Las prestaciones por invalidez de larga duraci\u00f3n a trav\u00e9s de su empresa pueden estar sujetas a impuestos. El hecho de que sus prestaciones por incapacidad de larga duraci\u00f3n est\u00e9n sujetas a impuestos se basa en la forma en que se pagaron las primas de las prestaciones.<\/p>\n<p>Si su empresa ha pagado las primas de sus prestaciones por incapacidad de larga duraci\u00f3n, \u00e9stas est\u00e1n sujetas a impuestos. Si ha pagado las primas con ingresos despu\u00e9s de impuestos, las prestaciones por invalidez de larga duraci\u00f3n no est\u00e1n sujetas a impuestos.<\/p>\n<p>Puedes consultar tu n\u00f3mina para obtener esta respuesta. Si el impuesto federal sobre la renta se deduce primero de su n\u00f3mina y luego paga las primas de sus prestaciones por incapacidad de larga duraci\u00f3n, entonces las prestaciones no deber\u00edan estar sujetas a impuestos. Si sus primas se pagaron con ingresos antes de impuestos, es decir, las primas se pagaron antes de pagar cualquier impuesto federal sobre la renta, entonces sus prestaciones por incapacidad a largo plazo est\u00e1n sujetas a impuestos.<\/p>\n<p>[\/et_pb_text][\/et_pb_column][et_pb_column type=\u00bb1_3&#8243; _builder_version=\u00bb4.17.6&#8243; _module_preset=\u00bbdefault\u00bb animation_style=\u00bbslide\u00bb animation_direction=\u00bbbottom\u00bb animation_duration=\u00bb850ms\u00bb animation_delay=\u00bb50ms\u00bb animation_intensity_slide=\u00bb5%\u00bb global_colors_info=\u00bb{}\u00bb][et_pb_wpt_gravityform gravityform_id=\u00bbgf-1&#8243; description_custom_margin=\u00bb10px|0|16px|0|false|false\u00bb description_custom_padding=\u00bb0|0px|0|0|false|false\u00bb field_container_custom_margin=\u00bb20px|0|0|0|false|false\u00bb input_container_custom_margin=\u00bb0px|0|0|0|false|false\u00bb text_input_bg_color=\u00bb#FFFFFF\u00bb label_custom_margin=\u00bb5px|0|5px|0|false|false\u00bb title_custom_margin=\u00bb0px|0|0px|0|false|false\u00bb _builder_version=\u00bb4.19.0&#8243; _module_preset=\u00bbdefault\u00bb title_text_color=\u00bb#12284C\u00bb title_font_size=\u00bb36px\u00bb description_font=\u00bb|||on|||||\u00bb description_text_color=\u00bb#12284C\u00bb description_font_size=\u00bb18px\u00bb description_letter_spacing=\u00bb4px\u00bb description_line_height=\u00bb1.3em\u00bb label_text_color=\u00bb#000000&#8243; label_font_size=\u00bb18px\u00bb background_color=\u00bb#F2F2F2&#8243; custom_form_button=\u00bbon\u00bb form_button_text_color=\u00bb#12284C\u00bb form_button_bg_color=\u00bb#EAAB42&#8243; form_button_border_width=\u00bb0px\u00bb form_button_font=\u00bb|||on|||||\u00bb custom_padding=\u00bb15px|20px|15px|20px|true|true\u00bb custom_css_text_field=\u00bbwidth:100%;\u00bb custom_css_textarea_field=\u00bbwidth:100%;\u00bb custom_css_select_field=\u00bbwidth:100%;\u00bb custom_css_button=\u00bbwidth:100%;\u00bb border_color_all_input_general=\u00bb#dbdbdb\u00bb global_module=\u00bb206&#8243; global_colors_info=\u00bb{}\u00bb form_button_bg_color__hover_enabled=\u00bbon|desktop\u00bb form_button_bg_color__hover=\u00bb#12284C\u00bb form_button_bg_enable_color__hover=\u00bbon\u00bb form_button_text_color__hover_enabled=\u00bbon|desktop\u00bb form_button_text_color__hover=\u00bb#EAAB42&#8243;][\/et_pb_wpt_gravityform][\/et_pb_column][\/et_pb_row][\/et_pb_section]<\/p>\n","protected":false},"excerpt":{"rendered":"<p>Preguntas frecuentes&nbsp;|&nbsp;Preguntas frecuentes sobre la discapacidad de corta y larga duraci\u00f3nSi su seguro de incapacidad es a trav\u00e9s de su empleador, puede entrar en el \u00e1mbito de una ley federal llamada Ley de Seguridad de Ingresos de Jubilaci\u00f3n de los Empleados (ERISA). Esta ley tiene normas estrictas sobre c\u00f3mo debe solicitar las prestaciones o presentar [&hellip;]<\/p>\n","protected":false},"author":1,"featured_media":0,"parent":5624,"menu_order":0,"comment_status":"closed","ping_status":"closed","template":"","meta":{"_et_pb_use_builder":"on","_et_pb_old_content":"","_et_gb_content_width":"","footnotes":""},"class_list":["post-5632","page","type-page","status-publish","hentry"],"acf":[],"_links":{"self":[{"href":"https:\/\/old.pondlehocky.com\/es\/wp-json\/wp\/v2\/pages\/5632","targetHints":{"allow":["GET"]}}],"collection":[{"href":"https:\/\/old.pondlehocky.com\/es\/wp-json\/wp\/v2\/pages"}],"about":[{"href":"https:\/\/old.pondlehocky.com\/es\/wp-json\/wp\/v2\/types\/page"}],"author":[{"embeddable":true,"href":"https:\/\/old.pondlehocky.com\/es\/wp-json\/wp\/v2\/users\/1"}],"replies":[{"embeddable":true,"href":"https:\/\/old.pondlehocky.com\/es\/wp-json\/wp\/v2\/comments?post=5632"}],"version-history":[{"count":0,"href":"https:\/\/old.pondlehocky.com\/es\/wp-json\/wp\/v2\/pages\/5632\/revisions"}],"up":[{"embeddable":true,"href":"https:\/\/old.pondlehocky.com\/es\/wp-json\/wp\/v2\/pages\/5624"}],"wp:attachment":[{"href":"https:\/\/old.pondlehocky.com\/es\/wp-json\/wp\/v2\/media?parent=5632"}],"curies":[{"name":"wp","href":"https:\/\/api.w.org\/{rel}","templated":true}]}}