{"id":5622,"date":"2022-08-25T15:35:20","date_gmt":"2022-08-25T15:35:20","guid":{"rendered":"https:\/\/old.pondlehocky.com\/areas-de-practica\/asuntos-de-la-administracion-de-veteranos\/"},"modified":"2023-01-25T20:28:24","modified_gmt":"2023-01-25T20:28:24","slug":"asuntos-de-la-administracion-de-veteranos","status":"publish","type":"page","link":"https:\/\/old.pondlehocky.com\/es\/areas-de-practica\/asuntos-de-la-administracion-de-veteranos\/","title":{"rendered":"Asuntos de la Administraci\u00f3n de Veteranos"},"content":{"rendered":"<p>[et_pb_section fb_built=\u00bb1&#8243; custom_padding_last_edited=\u00bbon|phone\u00bb _builder_version=\u00bb4.18.0&#8243; _module_preset=\u00bbdefault\u00bb background_image=\u00bbhttps:\/\/old.pondlehocky.com\/wp-content\/uploads\/2022\/08\/practice-areas-bg.jpg\u00bb background_position=\u00bbtop_center\u00bb min_height=\u00bb325px\u00bb custom_margin=\u00bb0px||0px||false|false\u00bb custom_padding=\u00bb100px||0px||false|false\u00bb custom_padding_tablet=\u00bb100px||0px||false|false\u00bb custom_padding_phone=\u00bb50px||||false|false\u00bb global_colors_info=\u00bb{}\u00bb][et_pb_row _builder_version=\u00bb4.17.6&#8243; _module_preset=\u00bbdefault\u00bb custom_padding=\u00bb|6px||||\u00bb global_colors_info=\u00bb{}\u00bb][et_pb_column type=\u00bb4_4&#8243; _builder_version=\u00bb4.17.6&#8243; _module_preset=\u00bbdefault\u00bb global_colors_info=\u00bb{}\u00bb][et_pb_text module_class=\u00bbbreadcrumb\u00bb _builder_version=\u00bb4.18.0&#8243; _module_preset=\u00bbdefault\u00bb text_font=\u00bb|||on|||||\u00bb text_text_color=\u00bb#4295C9&#8243; link_text_color=\u00bb#EAAB42&#8243; link_font_size=\u00bb22px\u00bb link_letter_spacing=\u00bb5px\u00bb header_2_font=\u00bb|||on|||||\u00bb header_2_text_color=\u00bb#EAAB42&#8243; header_2_font_size=\u00bb18px\u00bb header_2_letter_spacing=\u00bb6px\u00bb custom_margin=\u00bb||-3px|||\u00bb animation_style=\u00bbslide\u00bb animation_direction=\u00bbbottom\u00bb animation_duration=\u00bb850ms\u00bb animation_intensity_slide=\u00bb10%\u00bb global_colors_info=\u00bb{}\u00bb link_text_color__hover=\u00bb#FFFFFF\u00bb link_text_color__hover_enabled=\u00bbon|desktop\u00bb]<a href=\"https:\/\/old.pondlehocky.com\/es\/areas-de-practica\/\">\u00c1reas de pr\u00e1ctica<\/a>[\/et_pb_text][et_pb_text _builder_version=\u00bb4.18.0&#8243; _dynamic_attributes=\u00bbcontent\u00bb _module_preset=\u00bbdefault\u00bb link_text_color=\u00bb#4295C9&#8243; header_text_color=\u00bb#FFFFFF\u00bb header_font_size=\u00bb72px\u00bb custom_padding=\u00bb|29px||||\u00bb animation_style=\u00bbslide\u00bb animation_direction=\u00bbbottom\u00bb animation_duration=\u00bb850ms\u00bb animation_intensity_slide=\u00bb10%\u00bb header_text_shadow_style=\u00bbpreset1&#8243; header_text_shadow_vertical_length=\u00bb0.08em\u00bb header_text_shadow_color=\u00bbrgba(18,40,76,0.15)\u00bb global_colors_info=\u00bb{}\u00bb link_text_color__hover=\u00bb#EAAB42&#8243; link_text_color__hover_enabled=\u00bbon|hover\u00bb]@ET-DC@eyJkeW5hbWljIjp0cnVlLCJjb250ZW50IjoicG9zdF90aXRsZSIsInNldHRpbmdzIjp7ImJlZm9yZSI6IjxoMT4iLCJhZnRlciI6IjxcL2gxPiJ9fQ==@[\/et_pb_text][\/et_pb_column][\/et_pb_row][\/et_pb_section][et_pb_section fb_built=\u00bb1&#8243; _builder_version=\u00bb4.17.6&#8243; _module_preset=\u00bbdefault\u00bb custom_padding=\u00bb||60px|||\u00bb global_colors_info=\u00bb{}\u00bb][et_pb_row column_structure=\u00bb2_3,1_3&#8243; _builder_version=\u00bb4.17.6&#8243; _module_preset=\u00bbdefault\u00bb custom_padding=\u00bb||0px|||\u00bb global_colors_info=\u00bb{}\u00bb][et_pb_column type=\u00bb2_3&#8243; _builder_version=\u00bb4.17.6&#8243; _module_preset=\u00bbdefault\u00bb animation_style=\u00bbslide\u00bb animation_direction=\u00bbbottom\u00bb animation_duration=\u00bb850ms\u00bb animation_intensity_slide=\u00bb5%\u00bb global_colors_info=\u00bb{}\u00bb][et_pb_text _builder_version=\u00bb4.18.0&#8243; _module_preset=\u00bbdefault\u00bb header_font=\u00bb|||on|||||\u00bb header_2_font=\u00bb|||on|||||\u00bb header_2_text_color=\u00bb#12284C\u00bb header_2_font_size=\u00bb22px\u00bb header_2_letter_spacing=\u00bb5px\u00bb header_3_font=\u00bb|||on|||||\u00bb header_3_font_size=\u00bb21px\u00bb header_3_letter_spacing=\u00bb5px\u00bb header_4_font=\u00bb|||on|||||\u00bb header_4_font_size=\u00bb22px\u00bb header_4_letter_spacing=\u00bb7px\u00bb custom_margin=\u00bb||18px||false|false\u00bb custom_padding=\u00bb|13px||||\u00bb animation_style=\u00bbslide\u00bb animation_direction=\u00bbbottom\u00bb animation_duration=\u00bb850ms\u00bb animation_intensity_slide=\u00bb10%\u00bb global_colors_info=\u00bb{}\u00bb]<\/p>\n<p>Los veteranos que han honrado a Estados Unidos con su servicio tienen derecho a una serie de beneficios financieros, m\u00e9dicos y educativos del gobierno. El proceso de solicitud al Departamento de Asuntos de los Veteranos de los Estados Unidos (VA) pretende ser f\u00e1cil de usar y sencillo, pero en la pr\u00e1ctica puede ser un proceso largo y complejo que no siempre ofrece el mejor resultado para los solicitantes. Un abogado con experiencia en la Administraci\u00f3n de Veteranos puede garantizar que los reclamantes reciban todas las prestaciones a las que tienen derecho.<\/p>\n<p>[\/et_pb_text][et_pb_divider color=\u00bb#F2F2F2&#8243; divider_weight=\u00bb2px\u00bb _builder_version=\u00bb4.18.0&#8243; _module_preset=\u00bbdefault\u00bb custom_margin=\u00bb||10px||false|false\u00bb animation_style=\u00bbslide\u00bb animation_duration=\u00bb850ms\u00bb animation_intensity_slide=\u00bb10%\u00bb global_colors_info=\u00bb{}\u00bb][\/et_pb_divider][et_pb_text module_class=\u00bbsubhead\u00bb _builder_version=\u00bb4.18.0&#8243; _module_preset=\u00bbdefault\u00bb header_font=\u00bb|||on|||||\u00bb header_2_font=\u00bb|||on|||||\u00bb header_2_text_color=\u00bb#12284C\u00bb header_2_font_size=\u00bb22px\u00bb header_2_letter_spacing=\u00bb5px\u00bb header_3_font=\u00bb|||on|||||\u00bb header_3_font_size=\u00bb21px\u00bb header_3_letter_spacing=\u00bb5px\u00bb header_4_font=\u00bb|||on|||||\u00bb header_4_font_size=\u00bb22px\u00bb header_4_letter_spacing=\u00bb7px\u00bb custom_margin=\u00bb||1px|||\u00bb animation_style=\u00bbslide\u00bb animation_direction=\u00bbbottom\u00bb animation_duration=\u00bb850ms\u00bb animation_intensity_slide=\u00bb10%\u00bb global_colors_info=\u00bb{}\u00bb]<\/p>\n<h2>Prestaciones por discapacidad<\/h2>\n<p>[\/et_pb_text][et_pb_text _builder_version=\u00bb4.18.0&#8243; _module_preset=\u00bbdefault\u00bb header_font=\u00bb|||on|||||\u00bb header_2_font=\u00bb|||on|||||\u00bb header_2_text_color=\u00bb#12284C\u00bb header_2_font_size=\u00bb22px\u00bb header_2_letter_spacing=\u00bb5px\u00bb header_3_font=\u00bb|||on|||||\u00bb header_3_font_size=\u00bb21px\u00bb header_3_letter_spacing=\u00bb5px\u00bb header_4_font=\u00bb|||on|||||\u00bb header_4_font_size=\u00bb22px\u00bb header_4_letter_spacing=\u00bb7px\u00bb custom_margin=\u00bb||17px||false|false\u00bb custom_padding=\u00bb||0px|||\u00bb animation_style=\u00bbslide\u00bb animation_direction=\u00bbbottom\u00bb animation_duration=\u00bb850ms\u00bb animation_intensity_slide=\u00bb10%\u00bb global_colors_info=\u00bb{}\u00bb]<\/p>\n<p>Existen dos tipos de prestaciones por incapacidad que concede el VA: las relacionadas con el servicio y las no relacionadas con el servicio. El tipo que puede solicitar un veterano depender\u00e1 de la naturaleza de su discapacidad y del suceso o sucesos que la hayan causado. Las prestaciones por discapacidad relacionadas con el servicio est\u00e1n disponibles para los veteranos con un problema m\u00e9dico causado o agravado por su servicio.<\/p>\n<p><strong>Las afecciones m\u00e1s comunes asociadas al servicio militar son:<\/strong><\/p>\n<ul>\n<li>Trastorno de estr\u00e9s postraum\u00e1tico (TEPT)<\/li>\n<li>Lesiones cerebrales traum\u00e1ticas<\/li>\n<li>Lesiones musculoesquel\u00e9ticas y de la columna vertebral<\/li>\n<li>P\u00e9rdida o desfiguraci\u00f3n de una parte del cuerpo<\/li>\n<li>Exposici\u00f3n a productos qu\u00edmicos t\u00f3xicos (por ejemplo, el agente naranja)<\/li>\n<li>Depresi\u00f3n y\/o trastornos de ansiedad<\/li>\n<\/ul>\n<p>La Administraci\u00f3n de Veteranos presume que algunas enfermedades son discapacitantes, como las enfermedades cr\u00f3nicas que se manifiestan en el primer a\u00f1o despu\u00e9s de que el veterano sea dado de alta y cualquier enfermedad que resulte del tiempo que pas\u00f3 como prisionero de guerra (POW).<\/p>\n<p><strong>Las prestaciones por incapacidad no relacionadas con el servicio tienen unos requisitos m\u00e1s estrictos. Est\u00e1n disponibles para los veteranos que sirvieron en una guerra y son:<\/strong><\/p>\n<ul>\n<li>65 a\u00f1os o m\u00e1s con ingresos limitados, o<\/li>\n<li>Invalidez total o permanente, o<\/li>\n<li>En una residencia de ancianos, o<\/li>\n<li>Recibir el Seguro de Invalidez de la Seguridad Social (SSDI) o la Seguridad de Ingreso Suplementario (SSI)<\/li>\n<\/ul>\n<p>El VA determina la cuant\u00eda de la indemnizaci\u00f3n a conceder a un solicitante bas\u00e1ndose en un baremo de valoraci\u00f3n de la discapacidad que va del 0 al 100%. Los pagos mensuales suelen oscilar entre 100 y 3.000 d\u00f3lares, dependiendo de la gravedad de la discapacidad.<\/p>\n<p>[\/et_pb_text][et_pb_divider color=\u00bb#F2F2F2&#8243; divider_weight=\u00bb2px\u00bb _builder_version=\u00bb4.18.0&#8243; _module_preset=\u00bbdefault\u00bb custom_margin=\u00bb||10px||false|false\u00bb animation_style=\u00bbslide\u00bb animation_duration=\u00bb850ms\u00bb animation_intensity_slide=\u00bb10%\u00bb global_colors_info=\u00bb{}\u00bb][\/et_pb_divider][et_pb_text module_class=\u00bbsubhead\u00bb _builder_version=\u00bb4.18.0&#8243; _module_preset=\u00bbdefault\u00bb header_font=\u00bb|||on|||||\u00bb header_2_font=\u00bb|||on|||||\u00bb header_2_text_color=\u00bb#12284C\u00bb header_2_font_size=\u00bb22px\u00bb header_2_letter_spacing=\u00bb5px\u00bb header_3_font=\u00bb|||on|||||\u00bb header_3_font_size=\u00bb21px\u00bb header_3_letter_spacing=\u00bb5px\u00bb header_4_font=\u00bb|||on|||||\u00bb header_4_font_size=\u00bb22px\u00bb header_4_letter_spacing=\u00bb7px\u00bb custom_margin=\u00bb||1px|||\u00bb animation_style=\u00bbslide\u00bb animation_direction=\u00bbbottom\u00bb animation_duration=\u00bb850ms\u00bb animation_intensity_slide=\u00bb10%\u00bb global_colors_info=\u00bb{}\u00bb]<\/p>\n<h2>Programa de pensiones del VA<\/h2>\n<p>[\/et_pb_text][et_pb_text _builder_version=\u00bb4.18.0&#8243; _module_preset=\u00bbdefault\u00bb header_font=\u00bb|||on|||||\u00bb header_2_font=\u00bb|||on|||||\u00bb header_2_text_color=\u00bb#12284C\u00bb header_2_font_size=\u00bb22px\u00bb header_2_letter_spacing=\u00bb5px\u00bb header_3_font=\u00bb|||on|||||\u00bb header_3_font_size=\u00bb21px\u00bb header_3_letter_spacing=\u00bb5px\u00bb header_4_font=\u00bb|||on|||||\u00bb header_4_font_size=\u00bb22px\u00bb header_4_letter_spacing=\u00bb7px\u00bb custom_margin=\u00bb||19px||false|false\u00bb animation_style=\u00bbslide\u00bb animation_direction=\u00bbbottom\u00bb animation_duration=\u00bb850ms\u00bb animation_intensity_slide=\u00bb10%\u00bb global_colors_info=\u00bb{}\u00bb]<\/p>\n<p>Los veteranos de guerra que no pueden trabajar por cualquier motivo, ya sea relacionado con su servicio militar o no, y que tienen oportunidades limitadas de obtener ingresos pueden tener derecho a una pensi\u00f3n del VA que apoye su jubilaci\u00f3n. Para poder optar a ella, el militar no puede haber sido dado de baja con deshonor, debe tener un patrimonio neto inferior a un determinado umbral (incluidos los bienes de su c\u00f3nyuge) y debe haber servido al menos 90 d\u00edas en el servicio activo con al menos un d\u00eda en tiempo de guerra.<\/p>\n<p>Adem\u00e1s, deben cumplir los mismos requisitos de elegibilidad que los solicitantes por discapacidad no relacionada con el servicio (tener al menos 65 a\u00f1os, o estar discapacitado permanente o totalmente, o estar en una residencia de ancianos, o recibir prestaciones de la Seguridad Social).<\/p>\n<p>[\/et_pb_text][et_pb_divider color=\u00bb#F2F2F2&#8243; divider_weight=\u00bb2px\u00bb _builder_version=\u00bb4.18.0&#8243; _module_preset=\u00bbdefault\u00bb custom_margin=\u00bb||10px||false|false\u00bb animation_style=\u00bbslide\u00bb animation_duration=\u00bb850ms\u00bb animation_intensity_slide=\u00bb10%\u00bb global_colors_info=\u00bb{}\u00bb][\/et_pb_divider][et_pb_text module_class=\u00bbsubhead\u00bb _builder_version=\u00bb4.18.0&#8243; _module_preset=\u00bbdefault\u00bb header_font=\u00bb|||on|||||\u00bb header_2_font=\u00bb|||on|||||\u00bb header_2_text_color=\u00bb#12284C\u00bb header_2_font_size=\u00bb22px\u00bb header_2_letter_spacing=\u00bb5px\u00bb header_3_font=\u00bb|||on|||||\u00bb header_3_font_size=\u00bb21px\u00bb header_3_letter_spacing=\u00bb5px\u00bb header_4_font=\u00bb|||on|||||\u00bb header_4_font_size=\u00bb22px\u00bb header_4_letter_spacing=\u00bb7px\u00bb custom_margin=\u00bb||1px|||\u00bb animation_style=\u00bbslide\u00bb animation_direction=\u00bbbottom\u00bb animation_duration=\u00bb850ms\u00bb animation_intensity_slide=\u00bb10%\u00bb global_colors_info=\u00bb{}\u00bb]<\/p>\n<h2>Asistencia sanitaria gratuita o de bajo coste<\/h2>\n<p>[\/et_pb_text][et_pb_text _builder_version=\u00bb4.18.0&#8243; _module_preset=\u00bbdefault\u00bb header_font=\u00bb|||on|||||\u00bb header_2_font=\u00bb|||on|||||\u00bb header_2_text_color=\u00bb#12284C\u00bb header_2_font_size=\u00bb22px\u00bb header_2_letter_spacing=\u00bb5px\u00bb header_3_font=\u00bb|||on|||||\u00bb header_3_font_size=\u00bb21px\u00bb header_3_letter_spacing=\u00bb5px\u00bb header_4_font=\u00bb|||on|||||\u00bb header_4_font_size=\u00bb22px\u00bb header_4_letter_spacing=\u00bb7px\u00bb custom_margin=\u00bb||20px||false|false\u00bb animation_style=\u00bbslide\u00bb animation_direction=\u00bbbottom\u00bb animation_duration=\u00bb850ms\u00bb animation_intensity_slide=\u00bb10%\u00bb global_colors_info=\u00bb{}\u00bb]<\/p>\n<p>Todos los veteranos tienen derecho a recibir servicios de asistencia sanitaria en los centros m\u00e9dicos de la VA, que pueden encontrarse en todo el pa\u00eds y que incluyen hospitales, cl\u00ednicas ambulatorias, residencias de ancianos y otros entornos sanitarios. Evaluaciones independientes han constatado que el tratamiento en los centros de la VA es tan bueno o mejor que la atenci\u00f3n prestada en hospitales y cl\u00ednicas privadas.<\/p>\n<p>Para poder acceder al tratamiento m\u00e9dico de la VA, un veterano debe haber estado en servicio militar activo durante al menos 24 meses continuos (o el periodo completo para el que fue llamado al servicio activo) y haber sido dado de baja con honores. Sin embargo, el requisito de servicio m\u00ednimo no se aplica a los miembros del servicio que fueron dados de baja prematuramente como resultado de una discapacidad relacionada con su servicio. Los miembros de la Reserva o de la Guardia Nacional que hayan sido activados (salvo para la formaci\u00f3n) y hayan completado un periodo de servicio activo tambi\u00e9n pueden ser elegibles.<\/p>\n<p>[\/et_pb_text][et_pb_divider color=\u00bb#F2F2F2&#8243; divider_weight=\u00bb2px\u00bb _builder_version=\u00bb4.18.0&#8243; _module_preset=\u00bbdefault\u00bb custom_margin=\u00bb||10px||false|false\u00bb animation_style=\u00bbslide\u00bb animation_duration=\u00bb850ms\u00bb animation_intensity_slide=\u00bb10%\u00bb global_colors_info=\u00bb{}\u00bb][\/et_pb_divider][et_pb_text module_class=\u00bbsubhead\u00bb _builder_version=\u00bb4.18.0&#8243; _module_preset=\u00bbdefault\u00bb header_font=\u00bb|||on|||||\u00bb header_2_font=\u00bb|||on|||||\u00bb header_2_text_color=\u00bb#12284C\u00bb header_2_font_size=\u00bb22px\u00bb header_2_letter_spacing=\u00bb5px\u00bb header_3_font=\u00bb|||on|||||\u00bb header_3_font_size=\u00bb21px\u00bb header_3_letter_spacing=\u00bb5px\u00bb header_4_font=\u00bb|||on|||||\u00bb header_4_font_size=\u00bb22px\u00bb header_4_letter_spacing=\u00bb7px\u00bb custom_margin=\u00bb||1px|||\u00bb animation_style=\u00bbslide\u00bb animation_direction=\u00bbbottom\u00bb animation_duration=\u00bb850ms\u00bb animation_intensity_slide=\u00bb10%\u00bb global_colors_info=\u00bb{}\u00bb]<\/p>\n<h2>Educaci\u00f3n y orientaci\u00f3n profesional<\/h2>\n<p>[\/et_pb_text][et_pb_text _builder_version=\u00bb4.18.0&#8243; _module_preset=\u00bbdefault\u00bb header_font=\u00bb|||on|||||\u00bb header_2_font=\u00bb|||on|||||\u00bb header_2_text_color=\u00bb#12284C\u00bb header_2_font_size=\u00bb22px\u00bb header_2_letter_spacing=\u00bb5px\u00bb header_3_font=\u00bb|||on|||||\u00bb header_3_font_size=\u00bb21px\u00bb header_3_letter_spacing=\u00bb5px\u00bb header_4_font=\u00bb|||on|||||\u00bb header_4_font_size=\u00bb22px\u00bb header_4_letter_spacing=\u00bb7px\u00bb custom_margin=\u00bb||20px||false|false\u00bb animation_style=\u00bbslide\u00bb animation_direction=\u00bbbottom\u00bb animation_duration=\u00bb850ms\u00bb animation_intensity_slide=\u00bb10%\u00bb global_colors_info=\u00bb{}\u00bb]<\/p>\n<p>La vuelta a la vida civil tras una carrera militar puede ser una transici\u00f3n dif\u00edcil. El gobierno federal ofrece varios programas y beneficios para ayudar a los veteranos a obtener las habilidades y certificaciones que necesitan para tener \u00e9xito en el sector privado.<\/p>\n<p><strong>G.I. Bill<\/strong><br \/>\nLa Ley G.I. es un programa federal que ayuda a los veteranos que re\u00fanen los requisitos a pagar una educaci\u00f3n. Se han producido varias ampliaciones de la Ley G.I. desde que se aprob\u00f3 por primera vez en la d\u00e9cada de 1940. La versi\u00f3n actual, a veces llamada G.I. Bill 2.0, se aprob\u00f3 en 2010 y ampl\u00eda la elegibilidad a los miembros de la Guardia Nacional que fueron activados en alg\u00fan momento de su servicio o sirvieron a tiempo completo en la Guardia Activa y la Reserva (AGR). Sin embargo, los reservistas de la Guardia Costera activados siguen sin tener derecho a las prestaciones educativas de la G.I.<\/p>\n<p>Los beneficiarios pueden recibir una compensaci\u00f3n equivalente al coste de cualquier universidad p\u00fablica de su estado, as\u00ed como un subsidio de alojamiento y un estipendio anual de 1.000 d\u00f3lares para materiales de estudio y libros de texto. Los veteranos que optan por asistir a universidades privadas o fuera del estado pueden recibir hasta 17.500 d\u00f3lares anuales para el reembolso de la matr\u00edcula. La ayuda a la vivienda est\u00e1 cubierta por una prestaci\u00f3n de subsidio b\u00e1sico de vivienda (BAH) con un subsidio mensual de vivienda (MHA) m\u00e1ximo de 1.500 d\u00f3lares.<\/p>\n<p><strong>Preparaci\u00f3n y empleo de los veteranos (VR&amp;E)<\/strong><br \/>\nAnteriormente conocido como Rehabilitaci\u00f3n Profesional y Empleo, el VR&amp;E es un programa para veteranos con discapacidades relacionadas con el servicio que les ayuda a formarse para un trabajo adecuado fuera del ej\u00e9rcito. El programa ofrece apoyo para la elaboraci\u00f3n de curr\u00edculos, asesoramiento laboral e incluso esp\u00edritu emprendedor para los veteranos que deseen crear su propia empresa. Para los veteranos con discapacidades graves que no son capaces de desempe\u00f1ar un papel en los entornos laborales tradicionales, el programa VR&amp;E ofrece servicios de vida independiente para ayudarles a participar en la sociedad con la mayor autonom\u00eda posible.<\/p>\n<p><strong>Asesoramiento educativo y profesional<\/strong><br \/>\nEl VA ofrece a los antiguos militares asesoramiento personalizado por parte de profesionales formados para apoyar su crecimiento profesional, decidir la carrera que quieren seguir, encontrar oportunidades de formaci\u00f3n y ayudarles a maximizar su acceso a las prestaciones del VA. El programa se pone a disposici\u00f3n de los militares seis meses antes de su baja programada del servicio activo y sigue estando disponible durante un a\u00f1o despu\u00e9s de la finalizaci\u00f3n del servicio. Adem\u00e1s, cualquier miembro del servicio con derecho a una prestaci\u00f3n educativa del VA puede acogerse al programa de asesoramiento.<\/p>\n<p>[\/et_pb_text][et_pb_divider color=\u00bb#F2F2F2&#8243; divider_weight=\u00bb2px\u00bb _builder_version=\u00bb4.18.0&#8243; _module_preset=\u00bbdefault\u00bb custom_margin=\u00bb||10px||false|false\u00bb animation_style=\u00bbslide\u00bb animation_duration=\u00bb850ms\u00bb animation_intensity_slide=\u00bb10%\u00bb global_colors_info=\u00bb{}\u00bb][\/et_pb_divider][et_pb_text module_class=\u00bbsubhead\u00bb _builder_version=\u00bb4.18.0&#8243; _module_preset=\u00bbdefault\u00bb header_font=\u00bb|||on|||||\u00bb header_2_font=\u00bb|||on|||||\u00bb header_2_text_color=\u00bb#12284C\u00bb header_2_font_size=\u00bb22px\u00bb header_2_letter_spacing=\u00bb5px\u00bb header_3_font=\u00bb|||on|||||\u00bb header_3_font_size=\u00bb21px\u00bb header_3_letter_spacing=\u00bb5px\u00bb header_4_font=\u00bb|||on|||||\u00bb header_4_font_size=\u00bb22px\u00bb header_4_letter_spacing=\u00bb7px\u00bb custom_margin=\u00bb||1px|||\u00bb animation_style=\u00bbslide\u00bb animation_direction=\u00bbbottom\u00bb animation_duration=\u00bb850ms\u00bb animation_intensity_slide=\u00bb10%\u00bb global_colors_info=\u00bb{}\u00bb]<\/p>\n<h2>Apelaciones<\/h2>\n<p>[\/et_pb_text][et_pb_text _builder_version=\u00bb4.18.0&#8243; _module_preset=\u00bbdefault\u00bb header_font=\u00bb|||on|||||\u00bb header_2_font=\u00bb|||on|||||\u00bb header_2_text_color=\u00bb#12284C\u00bb header_2_font_size=\u00bb22px\u00bb header_2_letter_spacing=\u00bb5px\u00bb header_3_font=\u00bb|||on|||||\u00bb header_3_font_size=\u00bb21px\u00bb header_3_letter_spacing=\u00bb5px\u00bb header_4_font=\u00bb|||on|||||\u00bb header_4_font_size=\u00bb22px\u00bb header_4_letter_spacing=\u00bb7px\u00bb custom_margin=\u00bb||20px||false|false\u00bb animation_style=\u00bbslide\u00bb animation_direction=\u00bbbottom\u00bb animation_duration=\u00bb850ms\u00bb animation_intensity_slide=\u00bb10%\u00bb global_colors_info=\u00bb{}\u00bb]<\/p>\n<p>Si un solicitante de prestaciones de la VA es rechazado (o no est\u00e1 satisfecho con las prestaciones que se le concedieron), puede presentar un recurso en el plazo de un a\u00f1o a partir de la decisi\u00f3n de la VA. La apelaci\u00f3n puede adoptar la forma de una reclamaci\u00f3n complementaria que a\u00f1ada nuevas pruebas en apoyo de su caso, una solicitud para que la reclamaci\u00f3n sea evaluada por un revisor de mayor rango, o una apelaci\u00f3n formal ante la Junta de Apelaciones de Veteranos, un tribunal administrativo que celebra audiencias y dicta decisiones definitivas. No es necesario un abogado para solicitar los beneficios de la VA o para apelar una decisi\u00f3n de beneficios, pero un abogado experimentado de la VA puede ayudar significativamente a preparar un caso persuasivo para obtener los m\u00e1ximos beneficios.<\/p>\n<p>[\/et_pb_text][et_pb_text _builder_version=\u00bb4.18.0&#8243; _module_preset=\u00bbdefault\u00bb link_text_color=\u00bb#4295C9&#8243; header_2_font_size=\u00bb30px\u00bb header_2_line_height=\u00bb1.2em\u00bb custom_padding=\u00bb|15px||||\u00bb global_colors_info=\u00bb{}\u00bb link_text_color__hover_enabled=\u00bbon|desktop\u00bb link_text_color__hover=\u00bb#EAAB42&#8243;]<\/p>\n<h2>Si usted sirvi\u00f3 en el ej\u00e9rcito de los Estados Unidos y necesita ayuda para obtener beneficios del Departamento de Asuntos de los Veteranos, Pond Lehocky Giordano ofrece una consulta completamente gratuita para discutir su caso. Para m\u00e1s informaci\u00f3n, llame al 1-800-568-7500 o rellene el formulario de contacto de esta p\u00e1gina.<\/h2>\n<p>[\/et_pb_text][\/et_pb_column][et_pb_column type=\u00bb1_3&#8243; _builder_version=\u00bb4.17.6&#8243; _module_preset=\u00bbdefault\u00bb animation_style=\u00bbslide\u00bb animation_direction=\u00bbbottom\u00bb animation_duration=\u00bb850ms\u00bb animation_delay=\u00bb50ms\u00bb animation_intensity_slide=\u00bb5%\u00bb global_colors_info=\u00bb{}\u00bb][et_pb_wpt_gravityform gravityform_id=\u00bbgf-1&#8243; description_custom_margin=\u00bb10px|0|16px|0|false|false\u00bb description_custom_padding=\u00bb0|0px|0|0|false|false\u00bb field_container_custom_margin=\u00bb20px|0|0|0|false|false\u00bb input_container_custom_margin=\u00bb0px|0|0|0|false|false\u00bb text_input_bg_color=\u00bb#FFFFFF\u00bb label_custom_margin=\u00bb5px|0|5px|0|false|false\u00bb title_custom_margin=\u00bb0px|0|0px|0|false|false\u00bb _builder_version=\u00bb4.19.0&#8243; _module_preset=\u00bbdefault\u00bb title_text_color=\u00bb#12284C\u00bb title_font_size=\u00bb36px\u00bb description_font=\u00bb|||on|||||\u00bb description_text_color=\u00bb#12284C\u00bb description_font_size=\u00bb18px\u00bb description_letter_spacing=\u00bb4px\u00bb description_line_height=\u00bb1.3em\u00bb label_text_color=\u00bb#000000&#8243; label_font_size=\u00bb18px\u00bb background_color=\u00bb#F2F2F2&#8243; custom_form_button=\u00bbon\u00bb form_button_text_color=\u00bb#12284C\u00bb form_button_bg_color=\u00bb#EAAB42&#8243; form_button_border_width=\u00bb0px\u00bb form_button_font=\u00bb|||on|||||\u00bb custom_padding=\u00bb15px|20px|15px|20px|true|true\u00bb custom_css_text_field=\u00bbwidth:100%;\u00bb custom_css_textarea_field=\u00bbwidth:100%;\u00bb custom_css_select_field=\u00bbwidth:100%;\u00bb custom_css_button=\u00bbwidth:100%;\u00bb border_color_all_input_general=\u00bb#dbdbdb\u00bb global_module=\u00bb206&#8243; global_colors_info=\u00bb{}\u00bb form_button_bg_color__hover_enabled=\u00bbon|desktop\u00bb form_button_bg_color__hover=\u00bb#12284C\u00bb form_button_bg_enable_color__hover=\u00bbon\u00bb form_button_text_color__hover_enabled=\u00bbon|desktop\u00bb form_button_text_color__hover=\u00bb#EAAB42&#8243;][\/et_pb_wpt_gravityform][\/et_pb_column][\/et_pb_row][\/et_pb_section]<\/p>\n","protected":false},"excerpt":{"rendered":"<p>\u00c1reas de pr\u00e1cticaLos veteranos que han honrado a Estados Unidos con su servicio tienen derecho a una serie de beneficios financieros, m\u00e9dicos y educativos del gobierno. El proceso de solicitud al Departamento de Asuntos de los Veteranos de los Estados Unidos (VA) pretende ser f\u00e1cil de usar y sencillo, pero en la pr\u00e1ctica puede ser [&hellip;]<\/p>\n","protected":false},"author":1,"featured_media":0,"parent":5569,"menu_order":0,"comment_status":"closed","ping_status":"closed","template":"","meta":{"_et_pb_use_builder":"on","_et_pb_old_content":"","_et_gb_content_width":"","footnotes":""},"class_list":["post-5622","page","type-page","status-publish","hentry"],"acf":[],"_links":{"self":[{"href":"https:\/\/old.pondlehocky.com\/es\/wp-json\/wp\/v2\/pages\/5622","targetHints":{"allow":["GET"]}}],"collection":[{"href":"https:\/\/old.pondlehocky.com\/es\/wp-json\/wp\/v2\/pages"}],"about":[{"href":"https:\/\/old.pondlehocky.com\/es\/wp-json\/wp\/v2\/types\/page"}],"author":[{"embeddable":true,"href":"https:\/\/old.pondlehocky.com\/es\/wp-json\/wp\/v2\/users\/1"}],"replies":[{"embeddable":true,"href":"https:\/\/old.pondlehocky.com\/es\/wp-json\/wp\/v2\/comments?post=5622"}],"version-history":[{"count":0,"href":"https:\/\/old.pondlehocky.com\/es\/wp-json\/wp\/v2\/pages\/5622\/revisions"}],"up":[{"embeddable":true,"href":"https:\/\/old.pondlehocky.com\/es\/wp-json\/wp\/v2\/pages\/5569"}],"wp:attachment":[{"href":"https:\/\/old.pondlehocky.com\/es\/wp-json\/wp\/v2\/media?parent=5622"}],"curies":[{"name":"wp","href":"https:\/\/api.w.org\/{rel}","templated":true}]}}