{"id":5621,"date":"2022-09-01T20:19:15","date_gmt":"2022-09-01T20:19:15","guid":{"rendered":"https:\/\/old.pondlehocky.com\/preguntas-frecuentes\/preguntas-frecuentes-sobre-la-discapacidad-de-la-seguridad-social\/"},"modified":"2023-01-25T21:10:43","modified_gmt":"2023-01-25T21:10:43","slug":"preguntas-frecuentes-sobre-la-discapacidad-de-la-seguridad-social","status":"publish","type":"page","link":"https:\/\/old.pondlehocky.com\/es\/preguntas-frecuentes\/preguntas-frecuentes-sobre-la-discapacidad-de-la-seguridad-social\/","title":{"rendered":"Preguntas frecuentes sobre la discapacidad de la Seguridad Social"},"content":{"rendered":"<p>[et_pb_section fb_built=\u00bb1&#8243; custom_padding_last_edited=\u00bbon|phone\u00bb _builder_version=\u00bb4.18.0&#8243; _module_preset=\u00bbdefault\u00bb background_image=\u00bbhttps:\/\/old.pondlehocky.com\/wp-content\/uploads\/2022\/09\/faqs-bg.jpg\u00bb min_height=\u00bb325px\u00bb custom_margin=\u00bb0px||0px||false|false\u00bb custom_padding=\u00bb80px||40px||false|false\u00bb custom_padding_tablet=\u00bb60px||||false|false\u00bb custom_padding_phone=\u00bb50px||||false|false\u00bb global_colors_info=\u00bb{}\u00bb][et_pb_row _builder_version=\u00bb4.17.6&#8243; _module_preset=\u00bbdefault\u00bb global_colors_info=\u00bb{}\u00bb][et_pb_column type=\u00bb4_4&#8243; _builder_version=\u00bb4.17.6&#8243; _module_preset=\u00bbdefault\u00bb global_colors_info=\u00bb{}\u00bb][et_pb_text module_class=\u00bbbreadcrumb\u00bb _builder_version=\u00bb4.18.0&#8243; _module_preset=\u00bbdefault\u00bb text_font=\u00bb|||on|||||\u00bb text_text_color=\u00bb#4295C9&#8243; text_font_size=\u00bb22px\u00bb link_text_color=\u00bb#EAAB42&#8243; link_font_size=\u00bb22px\u00bb link_letter_spacing=\u00bb5px\u00bb header_2_font=\u00bb|||on|||||\u00bb header_2_text_color=\u00bb#EAAB42&#8243; header_2_font_size=\u00bb18px\u00bb header_2_letter_spacing=\u00bb6px\u00bb custom_margin=\u00bb||-3px|||\u00bb animation_style=\u00bbslide\u00bb animation_direction=\u00bbbottom\u00bb animation_duration=\u00bb850ms\u00bb animation_intensity_slide=\u00bb10%\u00bb global_colors_info=\u00bb{}\u00bb link_text_color__hover=\u00bb#FFFFFF\u00bb link_text_color__hover_enabled=\u00bbon|desktop\u00bb]<a href=\"https:\/\/old.pondlehocky.com\/es\/preguntas-frecuentes\/\">Preguntas frecuentes<\/a>[\/et_pb_text][et_pb_text _builder_version=\u00bb4.17.6&#8243; _dynamic_attributes=\u00bbcontent\u00bb _module_preset=\u00bbdefault\u00bb link_text_color=\u00bb#4295C9&#8243; header_text_color=\u00bb#FFFFFF\u00bb header_font_size=\u00bb72px\u00bb animation_style=\u00bbslide\u00bb animation_direction=\u00bbbottom\u00bb animation_duration=\u00bb850ms\u00bb animation_intensity_slide=\u00bb10%\u00bb header_font_size_tablet=\u00bb65px\u00bb header_font_size_phone=\u00bb45px\u00bb header_font_size_last_edited=\u00bbon|phone\u00bb header_text_shadow_style=\u00bbpreset1&#8243; header_text_shadow_vertical_length=\u00bb0.08em\u00bb header_text_shadow_color=\u00bbrgba(18,40,76,0.15)\u00bb global_colors_info=\u00bb{}\u00bb link_text_color__hover=\u00bb#EAAB42&#8243; link_text_color__hover_enabled=\u00bbon|hover\u00bb]@ET-DC@eyJkeW5hbWljIjp0cnVlLCJjb250ZW50IjoicG9zdF90aXRsZSIsInNldHRpbmdzIjp7ImJlZm9yZSI6IjxoMT4iLCJhZnRlciI6IjxcL2gxPiJ9fQ==@[\/et_pb_text][\/et_pb_column][\/et_pb_row][\/et_pb_section][et_pb_section fb_built=\u00bb1&#8243; custom_padding_last_edited=\u00bbon|phone\u00bb _builder_version=\u00bb4.17.6&#8243; _module_preset=\u00bbdefault\u00bb custom_padding=\u00bb||20px||false|false\u00bb custom_padding_tablet=\u00bb50px||||false|false\u00bb custom_padding_phone=\u00bb20px||||false|false\u00bb global_colors_info=\u00bb{}\u00bb][et_pb_row column_structure=\u00bb2_3,1_3&#8243; _builder_version=\u00bb4.17.6&#8243; _module_preset=\u00bbdefault\u00bb width=\u00bb90%\u00bb global_colors_info=\u00bb{}\u00bb][et_pb_column type=\u00bb2_3&#8243; _builder_version=\u00bb4.17.6&#8243; _module_preset=\u00bbdefault\u00bb animation_style=\u00bbslide\u00bb animation_direction=\u00bbbottom\u00bb animation_duration=\u00bb850ms\u00bb animation_intensity_slide=\u00bb5%\u00bb global_colors_info=\u00bb{}\u00bb][et_pb_accordion open_toggle_background_color=\u00bb#FFFFFF\u00bb closed_toggle_background_color=\u00bb#FFFFFF\u00bb toggle_icon=\u00bb&#x50;||divi||400&#8243; icon_color=\u00bb#EAAB42&#8243; _builder_version=\u00bb4.18.0&#8243; _module_preset=\u00bbdefault\u00bb border_width_all=\u00bb0px\u00bb global_colors_info=\u00bb{}\u00bb][et_pb_accordion_item title=\u00bbPreguntas frecuentes para los actuales clientes de la Seguridad Social por incapacidad\u00bb open=\u00bbon\u00bb open_toggle_text_color=\u00bb#12284C\u00bb open_toggle_background_color=\u00bb#FFFFFF\u00bb closed_toggle_text_color=\u00bb#12284C\u00bb closed_toggle_background_color=\u00bb#FFFFFF\u00bb icon_color=\u00bb#EAAB42&#8243; toggle_icon=\u00bb&#x50;||divi||400&#8243; use_icon_font_size=\u00bbon\u00bb icon_font_size=\u00bb30px\u00bb _builder_version=\u00bb4.18.0&#8243; _module_preset=\u00bbdefault\u00bb custom_padding=\u00bb||40px||false|false\u00bb border_width_bottom=\u00bb1px\u00bb global_colors_info=\u00bb{}\u00bb toggle_text_color=\u00bb#12284C\u00bb]<\/p>\n<p>Siga leyendo para conocer las respuestas a algunas de las preguntas m\u00e1s comunes que reciben nuestros abogados de la Seguridad Social por incapacidad de nuestros clientes actuales.<\/p>\n<p><a class=\"btn_in_accordion et_pb_button et_pb_button_0 btn et_pb_bg_layout_light\" href=\"https:\/\/old.pondlehocky.com\/es\/preguntas-frecuentes\/preguntas-frecuentes-sobre-la-discapacidad-de-la-seguridad-social\/preguntas-frecuentes-sobre-los-clientes-actuales-de-la-seguridad-social-por-incapacidad\/\">M\u00e1s informaci\u00f3n<\/a>[\/et_pb_accordion_item][et_pb_accordion_item title=\u00bb\u00bfQu\u00e9 es la incapacidad de la seguridad social?\u00bb open=\u00bboff\u00bb open_toggle_text_color=\u00bb#12284C\u00bb open_toggle_background_color=\u00bb#FFFFFF\u00bb closed_toggle_text_color=\u00bb#12284C\u00bb closed_toggle_background_color=\u00bb#FFFFFF\u00bb icon_color=\u00bb#EAAB42&#8243; toggle_icon=\u00bb&#x50;||divi||400&#8243; use_icon_font_size=\u00bbon\u00bb icon_font_size=\u00bb30px\u00bb _builder_version=\u00bb4.18.0&#8243; _module_preset=\u00bbdefault\u00bb border_width_bottom=\u00bb1px\u00bb global_colors_info=\u00bb{}\u00bb toggle_text_color=\u00bb#12284C\u00bb]<\/p>\n<p>El Seguro de Invalidez de la Seguridad Social (SSDI) es un programa destinado a las personas cuyo deterioro de la salud les impide trabajar.<\/p>\n<p><a class=\"btn_in_accordion et_pb_button et_pb_button_1 btn et_pb_bg_layout_light\" href=\"https:\/\/old.pondlehocky.com\/es\/preguntas-frecuentes\/preguntas-frecuentes-sobre-la-discapacidad-de-la-seguridad-social\/que-es-el-ssdi\/\">M\u00e1s informaci\u00f3n<\/a>[\/et_pb_accordion_item][et_pb_accordion_item title=\u00bb\u00bfQu\u00e9 es la Seguridad Social Complementaria?\u00bb open=\u00bboff\u00bb open_toggle_text_color=\u00bb#12284C\u00bb open_toggle_background_color=\u00bb#FFFFFF\u00bb closed_toggle_text_color=\u00bb#12284C\u00bb closed_toggle_background_color=\u00bb#FFFFFF\u00bb icon_color=\u00bb#EAAB42&#8243; toggle_icon=\u00bb&#x50;||divi||400&#8243; use_icon_font_size=\u00bbon\u00bb icon_font_size=\u00bb30px\u00bb _builder_version=\u00bb4.18.0&#8243; _module_preset=\u00bbdefault\u00bb border_width_bottom=\u00bb1px\u00bb global_colors_info=\u00bb{}\u00bb toggle_text_color=\u00bb#12284C\u00bb]<\/p>\n<p>La Seguridad de Ingreso Suplementario (SSI) es un programa destinado a las personas cuyos impedimentos de salud les impiden trabajar.<\/p>\n<p><a class=\"btn_in_accordion et_pb_button et_pb_button_2 btn et_pb_bg_layout_light\" href=\"https:\/\/old.pondlehocky.com\/es\/preguntas-frecuentes\/preguntas-frecuentes-sobre-la-discapacidad-de-la-seguridad-social\/que-es-la-seguridad-social-complementaria\/\">M\u00e1s informaci\u00f3n<\/a>[\/et_pb_accordion_item][et_pb_accordion_item title=\u00bb\u00bfCu\u00e1l es la diferencia entre el SSI y el SSDI?\u00bb open=\u00bboff\u00bb open_toggle_text_color=\u00bb#12284C\u00bb open_toggle_background_color=\u00bb#FFFFFF\u00bb closed_toggle_text_color=\u00bb#12284C\u00bb closed_toggle_background_color=\u00bb#FFFFFF\u00bb icon_color=\u00bb#EAAB42&#8243; toggle_icon=\u00bb&#x50;||divi||400&#8243; use_icon_font_size=\u00bbon\u00bb icon_font_size=\u00bb30px\u00bb _builder_version=\u00bb4.18.0&#8243; _module_preset=\u00bbdefault\u00bb border_width_bottom=\u00bb1px\u00bb global_colors_info=\u00bb{}\u00bb toggle_text_color=\u00bb#12284C\u00bb]<\/p>\n<p>Tanto el SSDI como el SSI son programas para personas discapacitadas. Sin embargo, la diferencia fundamental es que las prestaciones del SSDI est\u00e1n a disposici\u00f3n de las personas que han acumulado un n\u00famero suficiente de cr\u00e9ditos de trabajo (mediante el pago de impuestos), mientras que las prestaciones de incapacidad del SSI est\u00e1n a disposici\u00f3n de las personas con bajos ingresos y activos que no han ganado suficientes cr\u00e9ditos de trabajo para tener derecho al SSDI.<\/p>\n<p><a class=\"btn_in_accordion et_pb_button et_pb_button_3 btn et_pb_bg_layout_light\" href=\"https:\/\/old.pondlehocky.com\/es\/preguntas-frecuentes\/preguntas-frecuentes-sobre-la-discapacidad-de-la-seguridad-social\/cual-es-la-diferencia-entre-el-ssi-y-el-ssdi\/\">M\u00e1s informaci\u00f3n<\/a>[\/et_pb_accordion_item][et_pb_accordion_item title=\u00bb\u00bfQui\u00e9n tiene derecho a recibir el SSDI?\u00bb open=\u00bboff\u00bb open_toggle_text_color=\u00bb#12284C\u00bb open_toggle_background_color=\u00bb#FFFFFF\u00bb closed_toggle_text_color=\u00bb#12284C\u00bb closed_toggle_background_color=\u00bb#FFFFFF\u00bb icon_color=\u00bb#EAAB42&#8243; toggle_icon=\u00bb&#x50;||divi||400&#8243; use_icon_font_size=\u00bbon\u00bb icon_font_size=\u00bb30px\u00bb _builder_version=\u00bb4.18.0&#8243; _module_preset=\u00bbdefault\u00bb border_width_bottom=\u00bb1px\u00bb global_colors_info=\u00bb{}\u00bb toggle_text_color=\u00bb#12284C\u00bb]<\/p>\n<p>Cualquier persona que est\u00e9 sin trabajo por cualquier condici\u00f3n m\u00e9dica deber\u00eda considerar solicitar el SSDI. Sin embargo, hay ciertos requisitos para poder optar a ella.<\/p>\n<p><a class=\"btn_in_accordion et_pb_button et_pb_button_4 btn et_pb_bg_layout_light\" href=\"https:\/\/old.pondlehocky.com\/es\/preguntas-frecuentes\/preguntas-frecuentes-sobre-la-discapacidad-de-la-seguridad-social\/quien-tiene-derecho-a-recibir-el-ssdi\/\">M\u00e1s informaci\u00f3n<\/a>[\/et_pb_accordion_item][et_pb_accordion_item title=\u00bb\u00bfC\u00f3mo se puede obtener el SSDI?\u00bb open=\u00bboff\u00bb open_toggle_text_color=\u00bb#12284C\u00bb open_toggle_background_color=\u00bb#FFFFFF\u00bb closed_toggle_text_color=\u00bb#12284C\u00bb closed_toggle_background_color=\u00bb#FFFFFF\u00bb icon_color=\u00bb#EAAB42&#8243; toggle_icon=\u00bb&#x50;||divi||400&#8243; use_icon_font_size=\u00bbon\u00bb icon_font_size=\u00bb30px\u00bb _builder_version=\u00bb4.18.0&#8243; _module_preset=\u00bbdefault\u00bb border_width_bottom=\u00bb1px\u00bb global_colors_info=\u00bb{}\u00bb toggle_text_color=\u00bb#12284C\u00bb]<\/p>\n<p>Para tener derecho a las prestaciones del SSDI, tiene que estar sin trabajo o ganar menos de 1.320 d\u00f3lares al mes de salario bruto debido a su estado de salud.<\/p>\n<p><a class=\"btn_in_accordion et_pb_button et_pb_button_5 btn et_pb_bg_layout_light\" href=\"https:\/\/old.pondlehocky.com\/es\/preguntas-frecuentes\/preguntas-frecuentes-sobre-la-discapacidad-de-la-seguridad-social\/como-se-puede-obtener-el-ssdi\/\">M\u00e1s informaci\u00f3n<\/a>[\/et_pb_accordion_item][et_pb_accordion_item title=\u00bb\u00bfQui\u00e9n tiene derecho a la Seguridad Social Suplementaria?\u00bb open=\u00bboff\u00bb open_toggle_text_color=\u00bb#12284C\u00bb open_toggle_background_color=\u00bb#FFFFFF\u00bb closed_toggle_text_color=\u00bb#12284C\u00bb closed_toggle_background_color=\u00bb#FFFFFF\u00bb icon_color=\u00bb#EAAB42&#8243; toggle_icon=\u00bb&#x50;||divi||400&#8243; use_icon_font_size=\u00bbon\u00bb icon_font_size=\u00bb30px\u00bb _builder_version=\u00bb4.18.0&#8243; _module_preset=\u00bbdefault\u00bb border_width_bottom=\u00bb1px\u00bb global_colors_info=\u00bb{}\u00bb toggle_text_color=\u00bb#12284C\u00bb]<\/p>\n<p>El programa SSI tiene l\u00edmites estrictos en cuanto a la cantidad de ingresos y activos que puede tener y seguir siendo elegible.<\/p>\n<p><a class=\"btn_in_accordion et_pb_button et_pb_button_6 btn et_pb_bg_layout_light\" href=\"https:\/\/old.pondlehocky.com\/es\/preguntas-frecuentes\/preguntas-frecuentes-sobre-la-discapacidad-de-la-seguridad-social\/quien-tiene-derecho-a-la-seguridad-social-complementaria\/\">M\u00e1s informaci\u00f3n<\/a>[\/et_pb_accordion_item][et_pb_accordion_item title=\u00bb\u00bfCu\u00e1l es el proceso del SSDI para determinar si est\u00e1 discapacitado?\u00bb open=\u00bboff\u00bb open_toggle_text_color=\u00bb#12284C\u00bb open_toggle_background_color=\u00bb#FFFFFF\u00bb closed_toggle_text_color=\u00bb#12284C\u00bb closed_toggle_background_color=\u00bb#FFFFFF\u00bb icon_color=\u00bb#EAAB42&#8243; toggle_icon=\u00bb&#x50;||divi||400&#8243; use_icon_font_size=\u00bbon\u00bb icon_font_size=\u00bb30px\u00bb _builder_version=\u00bb4.18.0&#8243; _module_preset=\u00bbdefault\u00bb border_width_bottom=\u00bb1px\u00bb global_colors_info=\u00bb{}\u00bb toggle_text_color=\u00bb#12284C\u00bb]<\/p>\n<p>La definici\u00f3n de incapacidad de la Seguridad Social se basa en su incapacidad para trabajar durante un largo periodo de tiempo.  <strong>Se le considera discapacitado y elegible si cumple las siguientes condiciones:<\/strong><\/p>\n<ul>\n<li>No trabajas o ganas menos de 1.320 d\u00f3lares al mes<\/li>\n<li>Su condici\u00f3n es tan grave que interfiere con las actividades relacionadas con el trabajo que debe realizar para hacer su trabajo<\/li>\n<li>No puede realizar el trabajo que hac\u00eda antes de quedar discapacitado<\/li>\n<li>No es capaz de realizar otro tipo de trabajos para los que su formaci\u00f3n le hubiera preparado<\/li>\n<\/ul>\n<p>Es fundamental tener en cuenta que se trata de una simple explicaci\u00f3n y que no se tienen en cuenta las situaciones especiales que pueden hacer que tenga derecho a las prestaciones por incapacidad aunque no cumpla todos los requisitos anteriores.<\/p>\n<p>[\/et_pb_accordion_item][et_pb_accordion_item title=\u00bb\u00bfCu\u00e1nto tiempo hay que estar incapacitado para solicitarlo?\u00bb open=\u00bboff\u00bb open_toggle_text_color=\u00bb#12284C\u00bb open_toggle_background_color=\u00bb#FFFFFF\u00bb closed_toggle_text_color=\u00bb#12284C\u00bb closed_toggle_background_color=\u00bb#FFFFFF\u00bb icon_color=\u00bb#EAAB42&#8243; toggle_icon=\u00bb&#x50;||divi||400&#8243; use_icon_font_size=\u00bbon\u00bb icon_font_size=\u00bb30px\u00bb _builder_version=\u00bb4.18.0&#8243; _module_preset=\u00bbdefault\u00bb border_width_bottom=\u00bb1px\u00bb global_colors_info=\u00bb{}\u00bb toggle_text_color=\u00bb#12284C\u00bb]<\/p>\n<p>Para que le aprueben el SSDI, tendr\u00e1 que demostrar que se espera que su discapacidad dure al menos un a\u00f1o o que sea de por vida. Tambi\u00e9n tendr\u00e1 que demostrar que no puede realizar ninguna actividad lucrativa sustancial, lo que significa que no puede trabajar ocho horas al d\u00eda, cinco d\u00edas a la semana de forma constante.<\/p>\n<p>No obstante, debe presentar la solicitud tan pronto como crea que puede tener una incapacidad de larga duraci\u00f3n, ya que hay retrasos entre la solicitud y la recepci\u00f3n de las prestaciones. Existen ciertos requisitos en cuanto a la duraci\u00f3n prevista de la incapacidad y ciertos periodos de espera durante los cuales no se pagan las prestaciones.<\/p>\n<p>[\/et_pb_accordion_item][et_pb_accordion_item title=\u00bb\u00bfPuede obtener la indemnizaci\u00f3n por accidente de trabajo y la incapacidad de la Seguridad Social?\u00bb open=\u00bboff\u00bb open_toggle_text_color=\u00bb#12284C\u00bb open_toggle_background_color=\u00bb#FFFFFF\u00bb closed_toggle_text_color=\u00bb#12284C\u00bb closed_toggle_background_color=\u00bb#FFFFFF\u00bb icon_color=\u00bb#EAAB42&#8243; toggle_icon=\u00bb&#x50;||divi||400&#8243; use_icon_font_size=\u00bbon\u00bb icon_font_size=\u00bb30px\u00bb _builder_version=\u00bb4.18.0&#8243; _module_preset=\u00bbdefault\u00bb border_width_bottom=\u00bb1px\u00bb global_colors_info=\u00bb{}\u00bb toggle_text_color=\u00bb#12284C\u00bb]<\/p>\n<p>La respuesta es S\u00cd. Aunque las normas difieren de un estado a otro, es importante saber que en algunos casos, hay compensaciones (reducciones) contra sus beneficios de incapacidad de la Seguridad Social para los beneficios de compensaci\u00f3n de los trabajadores que ha recibido durante el mismo tiempo.<\/p>\n<p><a class=\"btn_in_accordion et_pb_button et_pb_button_7 btn et_pb_bg_layout_light\" href=\"https:\/\/old.pondlehocky.com\/es\/preguntas-frecuentes\/preguntas-frecuentes-sobre-la-discapacidad-de-la-seguridad-social\/puede-obtener-la-indemnizacion-por-accidente-de-trabajo-y-la-incapacidad-de-la-seguridad-social\/\">M\u00e1s informaci\u00f3n<\/a>[\/et_pb_accordion_item][et_pb_accordion_item title=\u00bb\u00bfCu\u00e1nto cuesta un abogado de incapacidad de la Seguridad Social?\u00bb open=\u00bboff\u00bb open_toggle_text_color=\u00bb#12284C\u00bb open_toggle_background_color=\u00bb#FFFFFF\u00bb closed_toggle_text_color=\u00bb#12284C\u00bb closed_toggle_background_color=\u00bb#FFFFFF\u00bb icon_color=\u00bb#EAAB42&#8243; toggle_icon=\u00bb&#x50;||divi||400&#8243; use_icon_font_size=\u00bbon\u00bb icon_font_size=\u00bb30px\u00bb _builder_version=\u00bb4.18.0&#8243; _module_preset=\u00bbdefault\u00bb border_width_bottom=\u00bb1px\u00bb global_colors_info=\u00bb{}\u00bb toggle_text_color=\u00bb#12284C\u00bb]<\/p>\n<p>No se cobra nada hasta que se gana. Nuestro objetivo n\u00famero uno es obtener un resultado favorable en su nombre, y por lo tanto no hay honorarios a menos que nuestros abogados de discapacidad del Seguro Social tengan \u00e9xito en la obtenci\u00f3n de beneficios para usted.<\/p>\n<p><a class=\"btn_in_accordion et_pb_button et_pb_button_8 btn et_pb_bg_layout_light\" href=\"https:\/\/old.pondlehocky.com\/es\/preguntas-frecuentes\/preguntas-frecuentes-sobre-la-discapacidad-de-la-seguridad-social\/cuanto-cuesta-un-abogado-de-incapacidad-de-la-seguridad-social\/\">M\u00e1s informaci\u00f3n<\/a>[\/et_pb_accordion_item][et_pb_accordion_item title=\u00bb\u00bfQu\u00e9 discapacidades dan derecho a la condonaci\u00f3n de los pr\u00e9stamos estudiantiles?\u00bb open=\u00bboff\u00bb open_toggle_text_color=\u00bb#12284C\u00bb open_toggle_background_color=\u00bb#FFFFFF\u00bb closed_toggle_text_color=\u00bb#12284C\u00bb closed_toggle_background_color=\u00bb#FFFFFF\u00bb icon_color=\u00bb#EAAB42&#8243; toggle_icon=\u00bb&#x50;||divi||400&#8243; use_icon_font_size=\u00bbon\u00bb icon_font_size=\u00bb30px\u00bb _builder_version=\u00bb4.18.0&#8243; _module_preset=\u00bbdefault\u00bb border_width_bottom=\u00bb1px\u00bb global_colors_info=\u00bb{}\u00bb toggle_text_color=\u00bb#12284C\u00bb]<\/p>\n<p>Si ha sufrido una lesi\u00f3n o una afecci\u00f3n m\u00e9dica que le impide trabajar por tiempo indefinido, puede optar a cancelar los pr\u00e9stamos estudiantiles que tenga.<\/p>\n<p><a class=\"btn_in_accordion et_pb_button et_pb_button_9 btn et_pb_bg_layout_light\" href=\"https:\/\/old.pondlehocky.com\/es\/preguntas-frecuentes\/preguntas-frecuentes-sobre-la-discapacidad-de-la-seguridad-social\/que-discapacidades-dan-derecho-a-la-condonacion-de-prestamos-estudiantiles\/\">M\u00e1s informaci\u00f3n<\/a>[\/et_pb_accordion_item][et_pb_accordion_item title=\u00bb\u00bfQu\u00e9 es un periodo de prueba?\u00bb open=\u00bboff\u00bb open_toggle_text_color=\u00bb#12284C\u00bb open_toggle_background_color=\u00bb#FFFFFF\u00bb closed_toggle_text_color=\u00bb#12284C\u00bb closed_toggle_background_color=\u00bb#FFFFFF\u00bb icon_color=\u00bb#EAAB42&#8243; toggle_icon=\u00bb&#x50;||divi||400&#8243; use_icon_font_size=\u00bbon\u00bb icon_font_size=\u00bb30px\u00bb _builder_version=\u00bb4.18.0&#8243; _module_preset=\u00bbdefault\u00bb border_width_bottom=\u00bb1px\u00bb global_colors_info=\u00bb{}\u00bb toggle_text_color=\u00bb#12284C\u00bb]<\/p>\n<p>Si est\u00e1 recibiendo prestaciones de la Seguridad Social por incapacidad, puede intentar volver a trabajar sin miedo a perder sus prestaciones inmediatamente. La Administraci\u00f3n de la Seguridad Social le permite nueve (9) meses de trabajo de prueba durante cualquier per\u00edodo de cinco a\u00f1os.<\/p>\n<p><a class=\"btn_in_accordion et_pb_button et_pb_button_10 btn et_pb_bg_layout_light\" href=\"https:\/\/old.pondlehocky.com\/es\/preguntas-frecuentes\/preguntas-frecuentes-sobre-la-discapacidad-de-la-seguridad-social\/que-es-un-periodo-de-prueba\/\">M\u00e1s informaci\u00f3n<\/a>[\/et_pb_accordion_item][et_pb_accordion_item title=\u00bb\u00bfCu\u00e1nto tiempo se tarda en obtener el SSDI?\u00bb open=\u00bboff\u00bb open_toggle_text_color=\u00bb#12284C\u00bb open_toggle_background_color=\u00bb#FFFFFF\u00bb closed_toggle_text_color=\u00bb#12284C\u00bb closed_toggle_background_color=\u00bb#FFFFFF\u00bb icon_color=\u00bb#EAAB42&#8243; toggle_icon=\u00bb&#x50;||divi||400&#8243; use_icon_font_size=\u00bbon\u00bb icon_font_size=\u00bb30px\u00bb _builder_version=\u00bb4.18.0&#8243; _module_preset=\u00bbdefault\u00bb border_width_bottom=\u00bb1px\u00bb global_colors_info=\u00bb{}\u00bb toggle_text_color=\u00bb#12284C\u00bb]<\/p>\n<p>La obtenci\u00f3n de las prestaciones por incapacidad de la Seguridad Social puede ser un proceso largo, confuso y tedioso. Suele tardar entre 6 y 24 meses.<\/p>\n<p><a class=\"btn_in_accordion et_pb_button et_pb_button_11 btn et_pb_bg_layout_light\" href=\"https:\/\/old.pondlehocky.com\/es\/preguntas-frecuentes\/preguntas-frecuentes-sobre-la-discapacidad-de-la-seguridad-social\/cuanto-tiempo-se-tarda-en-obtener-el-ssdi\/\">M\u00e1s informaci\u00f3n<\/a>[\/et_pb_accordion_item][\/et_pb_accordion][\/et_pb_column][et_pb_column type=\u00bb1_3&#8243; _builder_version=\u00bb4.17.6&#8243; _module_preset=\u00bbdefault\u00bb animation_style=\u00bbslide\u00bb animation_direction=\u00bbbottom\u00bb animation_duration=\u00bb850ms\u00bb animation_delay=\u00bb50ms\u00bb animation_intensity_slide=\u00bb5%\u00bb global_colors_info=\u00bb{}\u00bb][et_pb_wpt_gravityform gravityform_id=\u00bbgf-1&#8243; description_custom_margin=\u00bb10px|0|16px|0|false|false\u00bb description_custom_padding=\u00bb0|0px|0|0|false|false\u00bb field_container_custom_margin=\u00bb20px|0|0|0|false|false\u00bb input_container_custom_margin=\u00bb0px|0|0|0|false|false\u00bb text_input_bg_color=\u00bb#FFFFFF\u00bb label_custom_margin=\u00bb5px|0|5px|0|false|false\u00bb title_custom_margin=\u00bb0px|0|0px|0|false|false\u00bb _builder_version=\u00bb4.19.0&#8243; _module_preset=\u00bbdefault\u00bb title_text_color=\u00bb#12284C\u00bb title_font_size=\u00bb36px\u00bb description_font=\u00bb|||on|||||\u00bb description_text_color=\u00bb#12284C\u00bb description_font_size=\u00bb18px\u00bb description_letter_spacing=\u00bb4px\u00bb description_line_height=\u00bb1.3em\u00bb label_text_color=\u00bb#000000&#8243; label_font_size=\u00bb18px\u00bb background_color=\u00bb#F2F2F2&#8243; custom_form_button=\u00bbon\u00bb form_button_text_color=\u00bb#12284C\u00bb form_button_bg_color=\u00bb#EAAB42&#8243; form_button_border_width=\u00bb0px\u00bb form_button_font=\u00bb|||on|||||\u00bb custom_padding=\u00bb15px|20px|15px|20px|true|true\u00bb custom_css_text_field=\u00bbwidth:100%;\u00bb custom_css_textarea_field=\u00bbwidth:100%;\u00bb custom_css_select_field=\u00bbwidth:100%;\u00bb custom_css_button=\u00bbwidth:100%;\u00bb border_color_all_input_general=\u00bb#dbdbdb\u00bb global_module=\u00bb206&#8243; global_colors_info=\u00bb{}\u00bb form_button_bg_color__hover_enabled=\u00bbon|desktop\u00bb form_button_bg_color__hover=\u00bb#12284C\u00bb form_button_bg_enable_color__hover=\u00bbon\u00bb form_button_text_color__hover_enabled=\u00bbon|desktop\u00bb form_button_text_color__hover=\u00bb#EAAB42&#8243;][\/et_pb_wpt_gravityform][\/et_pb_column][\/et_pb_row][\/et_pb_section]<\/p>\n","protected":false},"excerpt":{"rendered":"<p>Preguntas frecuentesSiga leyendo para conocer las respuestas a algunas de las preguntas m\u00e1s comunes que reciben nuestros abogados de la Seguridad Social por incapacidad de nuestros clientes actuales. M\u00e1s informaci\u00f3nEl Seguro de Invalidez de la Seguridad Social (SSDI) es un programa destinado a las personas cuyo deterioro de la salud les impide trabajar. M\u00e1s informaci\u00f3nLa [&hellip;]<\/p>\n","protected":false},"author":1,"featured_media":0,"parent":5528,"menu_order":0,"comment_status":"closed","ping_status":"closed","template":"","meta":{"_et_pb_use_builder":"on","_et_pb_old_content":"","_et_gb_content_width":"","footnotes":""},"class_list":["post-5621","page","type-page","status-publish","hentry"],"acf":[],"_links":{"self":[{"href":"https:\/\/old.pondlehocky.com\/es\/wp-json\/wp\/v2\/pages\/5621","targetHints":{"allow":["GET"]}}],"collection":[{"href":"https:\/\/old.pondlehocky.com\/es\/wp-json\/wp\/v2\/pages"}],"about":[{"href":"https:\/\/old.pondlehocky.com\/es\/wp-json\/wp\/v2\/types\/page"}],"author":[{"embeddable":true,"href":"https:\/\/old.pondlehocky.com\/es\/wp-json\/wp\/v2\/users\/1"}],"replies":[{"embeddable":true,"href":"https:\/\/old.pondlehocky.com\/es\/wp-json\/wp\/v2\/comments?post=5621"}],"version-history":[{"count":0,"href":"https:\/\/old.pondlehocky.com\/es\/wp-json\/wp\/v2\/pages\/5621\/revisions"}],"up":[{"embeddable":true,"href":"https:\/\/old.pondlehocky.com\/es\/wp-json\/wp\/v2\/pages\/5528"}],"wp:attachment":[{"href":"https:\/\/old.pondlehocky.com\/es\/wp-json\/wp\/v2\/media?parent=5621"}],"curies":[{"name":"wp","href":"https:\/\/api.w.org\/{rel}","templated":true}]}}