{"id":5619,"date":"2022-09-27T14:32:44","date_gmt":"2022-09-27T14:32:44","guid":{"rendered":"https:\/\/old.pondlehocky.com\/medicos\/"},"modified":"2022-12-07T21:32:53","modified_gmt":"2022-12-07T21:32:53","slug":"medicos","status":"publish","type":"page","link":"https:\/\/old.pondlehocky.com\/es\/red-de-referencias\/medicos\/","title":{"rendered":"M\u00e9dicos"},"content":{"rendered":"<p>[et_pb_section fb_built=\u00bb1&#8243; custom_padding_last_edited=\u00bbon|phone\u00bb _builder_version=\u00bb4.19.0&#8243; _module_preset=\u00bbdefault\u00bb background_image=\u00bbhttps:\/\/old.pondlehocky.com\/wp-content\/uploads\/2022\/11\/physicians-bg.jpg\u00bb background_position=\u00bbtop_center\u00bb min_height=\u00bb325px\u00bb custom_margin=\u00bb0px||0px||false|false\u00bb custom_padding=\u00bb100px||0px||false|false\u00bb custom_padding_tablet=\u00bb100px||0px||false|false\u00bb custom_padding_phone=\u00bb50px||||false|false\u00bb global_colors_info=\u00bb{}\u00bb][et_pb_row _builder_version=\u00bb4.17.6&#8243; _module_preset=\u00bbdefault\u00bb global_colors_info=\u00bb{}\u00bb][et_pb_column type=\u00bb4_4&#8243; _builder_version=\u00bb4.17.6&#8243; _module_preset=\u00bbdefault\u00bb global_colors_info=\u00bb{}\u00bb][et_pb_text module_class=\u00bbbreadcrumb\u00bb _builder_version=\u00bb4.18.0&#8243; _module_preset=\u00bbdefault\u00bb text_font=\u00bb|||on|||||\u00bb text_text_color=\u00bb#4295C9&#8243; link_text_color=\u00bb#EAAB42&#8243; link_font_size=\u00bb22px\u00bb link_letter_spacing=\u00bb5px\u00bb header_2_font=\u00bb|||on|||||\u00bb header_2_text_color=\u00bb#EAAB42&#8243; header_2_font_size=\u00bb18px\u00bb header_2_letter_spacing=\u00bb6px\u00bb custom_margin=\u00bb||-3px|||\u00bb animation_style=\u00bbslide\u00bb animation_direction=\u00bbbottom\u00bb animation_duration=\u00bb850ms\u00bb animation_intensity_slide=\u00bb10%\u00bb global_colors_info=\u00bb{}\u00bb link_text_color__hover=\u00bb#FFFFFF\u00bb link_text_color__hover_enabled=\u00bbon|desktop\u00bb]<a href=\"https:\/\/old.pondlehocky.com\/es\/red-de-referencias\/\">Red de Referencias<\/a>[\/et_pb_text][et_pb_text _builder_version=\u00bb4.18.0&#8243; _dynamic_attributes=\u00bbcontent\u00bb _module_preset=\u00bbdefault\u00bb link_text_color=\u00bb#4295C9&#8243; header_text_color=\u00bb#FFFFFF\u00bb header_font_size=\u00bb72px\u00bb custom_padding=\u00bb|29px||||\u00bb animation_style=\u00bbslide\u00bb animation_direction=\u00bbbottom\u00bb animation_duration=\u00bb850ms\u00bb animation_intensity_slide=\u00bb10%\u00bb header_text_shadow_style=\u00bbpreset1&#8243; header_text_shadow_vertical_length=\u00bb0.08em\u00bb header_text_shadow_color=\u00bbrgba(18,40,76,0.15)\u00bb global_colors_info=\u00bb{}\u00bb link_text_color__hover=\u00bb#EAAB42&#8243; link_text_color__hover_enabled=\u00bbon|hover\u00bb]@ET-DC@eyJkeW5hbWljIjp0cnVlLCJjb250ZW50IjoicG9zdF90aXRsZSIsInNldHRpbmdzIjp7ImJlZm9yZSI6IjxoMT4iLCJhZnRlciI6IjxcL2gxPiJ9fQ==@[\/et_pb_text][\/et_pb_column][\/et_pb_row][\/et_pb_section][et_pb_section fb_built=\u00bb1&#8243; _builder_version=\u00bb4.17.6&#8243; _module_preset=\u00bbdefault\u00bb custom_padding=\u00bb||60px|||\u00bb global_colors_info=\u00bb{}\u00bb][et_pb_row column_structure=\u00bb2_3,1_3&#8243; _builder_version=\u00bb4.17.6&#8243; _module_preset=\u00bbdefault\u00bb custom_padding=\u00bb||0px|||\u00bb global_colors_info=\u00bb{}\u00bb][et_pb_column type=\u00bb2_3&#8243; _builder_version=\u00bb4.17.6&#8243; _module_preset=\u00bbdefault\u00bb animation_style=\u00bbslide\u00bb animation_direction=\u00bbbottom\u00bb animation_duration=\u00bb850ms\u00bb animation_intensity_slide=\u00bb5%\u00bb global_colors_info=\u00bb{}\u00bb][et_pb_text _builder_version=\u00bb4.18.0&#8243; _module_preset=\u00bbdefault\u00bb link_text_color=\u00bb#4295C9&#8243; header_2_font_size=\u00bb54px\u00bb header_2_line_height=\u00bb1.2em\u00bb global_colors_info=\u00bb{}\u00bb link_text_color__hover_enabled=\u00bbon|desktop\u00bb link_text_color__hover=\u00bb#EAAB42&#8243;]<\/p>\n<h2>Pond Lehocky Giordano gestiona miles de reclamaciones de indemnizaci\u00f3n por accidente laboral cada a\u00f1o. Esos trabajadores lesionados necesitan m\u00e9dicos como usted.<\/h2>\n<p>[\/et_pb_text][et_pb_text _builder_version=\u00bb4.19.2&#8243; _module_preset=\u00bbdefault\u00bb header_font=\u00bb|||on|||||\u00bb header_2_font=\u00bb|||on|||||\u00bb header_2_text_color=\u00bb#12284C\u00bb header_2_font_size=\u00bb22px\u00bb header_2_letter_spacing=\u00bb5px\u00bb header_3_font=\u00bb|||on|||||\u00bb header_3_font_size=\u00bb21px\u00bb header_3_letter_spacing=\u00bb5px\u00bb header_4_font=\u00bb|||on|||||\u00bb header_4_font_size=\u00bb22px\u00bb header_4_letter_spacing=\u00bb7px\u00bb custom_margin=\u00bb||40px||false|false\u00bb animation_style=\u00bbslide\u00bb animation_direction=\u00bbbottom\u00bb animation_duration=\u00bb850ms\u00bb animation_intensity_slide=\u00bb10%\u00bb states_mode=\u00bbexclude\u00bb states_input=\u00bbAlabama,California,New Jersey\u00bb global_colors_info=\u00bb{}\u00bb]<\/p>\n<p>Pond Lehocky Giordano es el mayor bufete de abogados de compensaci\u00f3n de trabajadores en Pensilvania, medido tanto por el n\u00famero de abogados de compensaci\u00f3n de trabajadores en la empresa como por el n\u00famero de reclamaciones de compensaci\u00f3n de trabajadores manejadas por esos abogados cada a\u00f1o.<\/p>\n<p>Cada a\u00f1o se presentan entre 8.500 y 12.000 peticiones de indemnizaci\u00f3n por accidente laboral en Pensilvania. Dependiendo del tipo de petici\u00f3n, Pond Lehocky Giordano presenta aproximadamente entre el 20% y el 40% de las peticiones de indemnizaci\u00f3n por accidente laboral que se presentan cada a\u00f1o en la Commonwealth. Eso significa que Pond Lehocky Giordano, en un momento dado, representa a miles de clientes que se han lesionado en el trabajo.<\/p>\n<p>Y cada uno de esos clientes lesionados necesita un m\u00e9dico para diagnosticar sus lesiones, tratarlas y ponerlas en el camino de la recuperaci\u00f3n.<\/p>\n<p>[\/et_pb_text][et_pb_text _builder_version=\u00bb4.19.2&#8243; _module_preset=\u00bbdefault\u00bb header_font=\u00bb|||on|||||\u00bb header_2_font=\u00bb|||on|||||\u00bb header_2_text_color=\u00bb#12284C\u00bb header_2_font_size=\u00bb22px\u00bb header_2_letter_spacing=\u00bb5px\u00bb header_3_font=\u00bb|||on|||||\u00bb header_3_font_size=\u00bb21px\u00bb header_3_letter_spacing=\u00bb5px\u00bb header_4_font=\u00bb|||on|||||\u00bb header_4_font_size=\u00bb22px\u00bb header_4_letter_spacing=\u00bb7px\u00bb custom_margin=\u00bb||40px||false|false\u00bb animation_style=\u00bbslide\u00bb animation_direction=\u00bbbottom\u00bb animation_duration=\u00bb850ms\u00bb animation_intensity_slide=\u00bb10%\u00bb states_mode=\u00bbinclude\u00bb states_input=\u00bbAlabama,California,New Jersey\u00bb global_colors_info=\u00bb{}\u00bb]<\/p>\n<p>Pond Lehocky Giordano es uno de los mayores bufetes de abogados especializados en indemnizaciones laborales del pa\u00eds, medido tanto por el n\u00famero de abogados especializados en indemnizaciones laborales de la empresa como por el n\u00famero de reclamaciones de indemnizaciones laborales tramitadas por esos abogados cada a\u00f1o.<\/p>\n<p>[\/et_pb_text][et_pb_divider color=\u00bb#F2F2F2&#8243; divider_weight=\u00bb2px\u00bb _builder_version=\u00bb4.18.0&#8243; _module_preset=\u00bbdefault\u00bb custom_margin=\u00bb||10px||false|false\u00bb animation_style=\u00bbslide\u00bb animation_duration=\u00bb850ms\u00bb animation_intensity_slide=\u00bb10%\u00bb global_colors_info=\u00bb{}\u00bb][\/et_pb_divider][et_pb_text _builder_version=\u00bb4.18.0&#8243; _module_preset=\u00bbdefault\u00bb link_text_color=\u00bb#4295C9&#8243; header_2_font_size=\u00bb36px\u00bb header_2_line_height=\u00bb1.2em\u00bb custom_margin=\u00bb||25px|||\u00bb global_colors_info=\u00bb{}\u00bb link_text_color__hover_enabled=\u00bbon|desktop\u00bb link_text_color__hover=\u00bb#EAAB42&#8243;]<\/p>\n<h2>Adoptamos un enfoque hol\u00edstico de las condiciones m\u00e9dicas de nuestros clientes.<\/h2>\n<p>[\/et_pb_text][et_pb_text _builder_version=\u00bb4.18.0&#8243; _module_preset=\u00bbdefault\u00bb header_font=\u00bb|||on|||||\u00bb header_2_font=\u00bb|||on|||||\u00bb header_2_text_color=\u00bb#12284C\u00bb header_2_font_size=\u00bb22px\u00bb header_2_letter_spacing=\u00bb5px\u00bb header_3_font=\u00bb|||on|||||\u00bb header_3_font_size=\u00bb21px\u00bb header_3_letter_spacing=\u00bb5px\u00bb header_4_font=\u00bb|||on|||||\u00bb header_4_font_size=\u00bb22px\u00bb header_4_letter_spacing=\u00bb7px\u00bb custom_margin=\u00bb||22px||false|false\u00bb animation_style=\u00bbslide\u00bb animation_direction=\u00bbbottom\u00bb animation_duration=\u00bb850ms\u00bb animation_intensity_slide=\u00bb10%\u00bb global_colors_info=\u00bb{}\u00bb]<\/p>\n<p>Creemos en la adopci\u00f3n de un enfoque hol\u00edstico de las condiciones m\u00e9dicas de nuestros clientes. Queremos que todos y cada uno de sus s\u00edntomas y lesiones sean tratados con prontitud y eficacia para que puedan volver a su vida anterior lo antes posible.<\/p>\n<p>Por eso tenemos un equipo m\u00e9dico en plantilla dedicado a conseguir para nuestros clientes la mejor atenci\u00f3n m\u00e9dica en los lugares m\u00e1s convenientes. El personal m\u00e9dico se encarga de la programaci\u00f3n y el seguimiento de las citas con los grupos m\u00e9dicos.<\/p>\n<p><strong>Nuestro equipo m\u00e9dico de plantilla suele programar citas para nuestros clientes con los siguientes tipos de grupos m\u00e9dicos, en funci\u00f3n de sus lesiones, y siempre est\u00e1 buscando nuevos grupos m\u00e9dicos a los que remitir a nuestros clientes:<\/strong><\/p>\n<ul>\n<li>Quiropr\u00e1cticos<\/li>\n<li>Centros de diagn\u00f3stico<\/li>\n<li>Grupos m\u00e9dicos internos<\/li>\n<li>Profesionales de la salud mental<\/li>\n<li>Neur\u00f3logos<\/li>\n<li>Neurocirujanos<\/li>\n<li>Terapeutas ocupacionales<\/li>\n<li>Ortopedistas<\/li>\n<li>M\u00e9dicos para el tratamiento del dolor<\/li>\n<li>Fisiatras<\/li>\n<li>Fisioterapeutas<\/li>\n<li>Grupos m\u00e9dicos de atenci\u00f3n primaria<\/li>\n<li>Reumat\u00f3logos<\/li>\n<li>Cirujanos<\/li>\n<\/ul>\n<p>[\/et_pb_text][et_pb_divider color=\u00bb#F2F2F2&#8243; divider_weight=\u00bb2px\u00bb _builder_version=\u00bb4.18.0&#8243; _module_preset=\u00bbdefault\u00bb custom_margin=\u00bb||10px||false|false\u00bb animation_style=\u00bbslide\u00bb animation_duration=\u00bb850ms\u00bb animation_intensity_slide=\u00bb10%\u00bb global_colors_info=\u00bb{}\u00bb][\/et_pb_divider][et_pb_text _builder_version=\u00bb4.18.0&#8243; _module_preset=\u00bbdefault\u00bb link_text_color=\u00bb#4295C9&#8243; header_2_font_size=\u00bb36px\u00bb header_2_line_height=\u00bb1.2em\u00bb custom_margin=\u00bb||25px|||\u00bb global_colors_info=\u00bb{}\u00bb link_text_color__hover_enabled=\u00bbon|desktop\u00bb link_text_color__hover=\u00bb#EAAB42&#8243;]<\/p>\n<h2>Tambi\u00e9n adoptamos un enfoque hol\u00edstico para los asuntos legales de nuestros clientes y manejamos asuntos legales adicionales m\u00e1s all\u00e1 de la compensaci\u00f3n de los trabajadores.<\/h2>\n<p>[\/et_pb_text][et_pb_text _builder_version=\u00bb4.18.0&#8243; _module_preset=\u00bbdefault\u00bb header_font=\u00bb|||on|||||\u00bb header_2_font=\u00bb|||on|||||\u00bb header_2_text_color=\u00bb#12284C\u00bb header_2_font_size=\u00bb22px\u00bb header_2_letter_spacing=\u00bb5px\u00bb header_3_font=\u00bb|||on|||||\u00bb header_3_font_size=\u00bb21px\u00bb header_3_letter_spacing=\u00bb5px\u00bb header_4_font=\u00bb|||on|||||\u00bb header_4_font_size=\u00bb22px\u00bb header_4_letter_spacing=\u00bb7px\u00bb custom_margin=\u00bb||19px||false|false\u00bb animation_style=\u00bbslide\u00bb animation_direction=\u00bbbottom\u00bb animation_duration=\u00bb850ms\u00bb animation_intensity_slide=\u00bb10%\u00bb global_colors_info=\u00bb{}\u00bb]<\/p>\n<p>A diferencia de la mayor\u00eda de los bufetes de abogados de compensaci\u00f3n de trabajadores, creemos en ofrecer un servicio legal hol\u00edstico a nuestros clientes. Nos esforzamos por manejar cualquier asunto legal que nuestros clientes enfrentan.<\/p>\n<p>Con nuestro enfoque hol\u00edstico, podemos ayudar a nuestros clientes a entender que lo que podr\u00eda parecerles simplemente una lesi\u00f3n sufrida en el trabajo podr\u00eda ser en realidad el tipo de lesi\u00f3n por la que pueden presentar una demanda por lesiones personales por separado contra varios acusados, y presentar una demanda por incapacidad de la Seguridad Social o por incapacidad a corto o largo plazo mientras est\u00e1n sin trabajo.<\/p>\n<p>Gracias a nuestra red de referencia de m\u00e1s de 2.000 abogados en todo Estados Unidos (y, cada vez m\u00e1s, en todo el mundo), podemos asociarnos con esos abogados para manejar pr\u00e1cticamente cualquier asunto legal que un cliente pueda tener, incluyendo aquellos en las \u00e1reas de bancarrota, penal, laboral, derecho de familia, lesiones personales y derecho inmobiliario.<\/p>\n<p>Y cuando los m\u00e9dicos como usted nos remiten a sus pacientes para que les ayudemos con asuntos legales, pueden estar seguros de que sus pacientes recibir\u00e1n de nosotros un asesoramiento legal de primera categor\u00eda Y un servicio al cliente. Desde un conserje a tiempo completo, pasando por nuestro equipo m\u00e9dico interno, hasta ofrecer a los clientes ropa profesional de poco uso para que puedan lucir lo mejor posible en sus comparecencias ante los tribunales, Pond Lehocky Giordano pone a sus clientes en primer lugar, siempre.<\/p>\n<p>[\/et_pb_text][et_pb_divider color=\u00bb#F2F2F2&#8243; divider_weight=\u00bb2px\u00bb _builder_version=\u00bb4.18.0&#8243; _module_preset=\u00bbdefault\u00bb custom_margin=\u00bb||10px||false|false\u00bb animation_style=\u00bbslide\u00bb animation_duration=\u00bb850ms\u00bb animation_intensity_slide=\u00bb10%\u00bb global_colors_info=\u00bb{}\u00bb][\/et_pb_divider][et_pb_text _builder_version=\u00bb4.18.0&#8243; _module_preset=\u00bbdefault\u00bb link_text_color=\u00bb#4295C9&#8243; header_2_font_size=\u00bb36px\u00bb header_2_line_height=\u00bb1.2em\u00bb custom_margin=\u00bb||25px|||\u00bb global_colors_info=\u00bb{}\u00bb link_text_color__hover_enabled=\u00bbon|desktop\u00bb link_text_color__hover=\u00bb#EAAB42&#8243;]<\/p>\n<h2>Nos esforzamos por garantizar que los m\u00e9dicos tratantes de nuestros clientes sean compensados de forma r\u00e1pida y adecuada por las compa\u00f1\u00edas de seguros de compensaci\u00f3n laboral<\/h2>\n<p>[\/et_pb_text][et_pb_text _builder_version=\u00bb4.18.0&#8243; _module_preset=\u00bbdefault\u00bb header_font=\u00bb|||on|||||\u00bb header_2_font=\u00bb|||on|||||\u00bb header_2_text_color=\u00bb#12284C\u00bb header_2_font_size=\u00bb22px\u00bb header_2_letter_spacing=\u00bb5px\u00bb header_3_font=\u00bb|||on|||||\u00bb header_3_font_size=\u00bb21px\u00bb header_3_letter_spacing=\u00bb5px\u00bb header_4_font=\u00bb|||on|||||\u00bb header_4_font_size=\u00bb22px\u00bb header_4_letter_spacing=\u00bb7px\u00bb custom_margin=\u00bb||40px||false|false\u00bb animation_style=\u00bbslide\u00bb animation_direction=\u00bbbottom\u00bb animation_duration=\u00bb850ms\u00bb animation_intensity_slide=\u00bb10%\u00bb global_colors_info=\u00bb{}\u00bb]<\/p>\n<p>Desgraciadamente, muchos abogados de indemnizaci\u00f3n laboral y sus bufetes no protegen las facturas de los m\u00e9dicos de sus clientes. Como resultado, a pesar de desempe\u00f1ar un papel integral en la recuperaci\u00f3n de un trabajador lesionado, los m\u00e9dicos del trabajador se quedan con la bolsa y se ven obligados a asumir el pago de las aseguradoras por sus servicios.<\/p>\n<p>En Pond Lehocky Giordano, sabemos lo mucho que trabajan los m\u00e9dicos para que nuestros clientes se recuperen. Por eso nos complace ayudar a los m\u00e9dicos tratantes de nuestros clientes a cobrar por sus servicios.<\/p>\n<p>Como abogados de trabajadores lesionados, cuando los empleadores o las aseguradoras alegan que un tratamiento es innecesario o irrazonable, podemos ayudar a los m\u00e9dicos demostrando que la atenci\u00f3n que se est\u00e1 revisando no s\u00f3lo mejor\u00f3 la condici\u00f3n dolorosa que nuestro cliente sufr\u00eda como resultado de su lesi\u00f3n laboral, sino que tambi\u00e9n permiti\u00f3 al trabajador lesionado funcionar mejor, satisfaciendo as\u00ed la norma legal para demostrar que el tratamiento era necesario o razonable.<\/p>\n<p>Adem\u00e1s, cuando las aseguradoras llegan a un acuerdo con nosotros, nuestra pr\u00e1ctica es incluir los gastos m\u00e9dicos como parte del acuerdo -a diferencia de otras empresas de compensaci\u00f3n de trabajadores- para que los m\u00e9dicos de nuestros clientes puedan recibir el pago por sus servicios.<\/p>\n<p>[\/et_pb_text][et_pb_text _builder_version=\u00bb4.18.0&#8243; _module_preset=\u00bbdefault\u00bb link_text_color=\u00bb#4295C9&#8243; header_2_font_size=\u00bb30px\u00bb header_2_line_height=\u00bb1.2em\u00bb global_colors_info=\u00bb{}\u00bb link_text_color__hover_enabled=\u00bbon|desktop\u00bb link_text_color__hover=\u00bb#EAAB42&#8243;]<\/p>\n<h2>\u00danase hoy mismo a nuestra red de referencias m\u00e9dicas.<\/h2>\n<p>[\/et_pb_text][\/et_pb_column][et_pb_column type=\u00bb1_3&#8243; _builder_version=\u00bb4.17.6&#8243; _module_preset=\u00bbdefault\u00bb animation_style=\u00bbslide\u00bb animation_direction=\u00bbbottom\u00bb animation_duration=\u00bb850ms\u00bb animation_delay=\u00bb50ms\u00bb animation_intensity_slide=\u00bb5%\u00bb global_colors_info=\u00bb{}\u00bb][et_pb_wpt_gravityform gravityform_id=\u00bbgf-13&#8243; description_custom_margin=\u00bb10px|0|16px|0|false|false\u00bb description_custom_padding=\u00bb0|0px|0|0|false|false\u00bb field_container_custom_margin=\u00bb20px|0|0|0|false|false\u00bb input_container_custom_margin=\u00bb0px|0|0|0|false|false\u00bb text_input_bg_color=\u00bb#FFFFFF\u00bb label_custom_margin=\u00bb5px|0|5px|0|false|false\u00bb title_custom_margin=\u00bb0px|0|0px|0|false|false\u00bb _builder_version=\u00bb4.19.1&#8243; _module_preset=\u00bbdefault\u00bb title_text_color=\u00bb#12284C\u00bb title_font_size=\u00bb36px\u00bb description_font=\u00bb|||on|||||\u00bb description_text_color=\u00bb#12284C\u00bb description_font_size=\u00bb18px\u00bb description_letter_spacing=\u00bb4px\u00bb description_line_height=\u00bb1.3em\u00bb label_text_color=\u00bb#000000&#8243; label_font_size=\u00bb18px\u00bb background_color=\u00bb#F2F2F2&#8243; custom_form_button=\u00bbon\u00bb form_button_text_color=\u00bb#12284C\u00bb form_button_bg_color=\u00bb#EAAB42&#8243; form_button_border_width=\u00bb0px\u00bb form_button_font=\u00bb|||on|||||\u00bb custom_padding=\u00bb15px|20px|15px|20px|true|true\u00bb custom_css_text_field=\u00bbwidth:100%;\u00bb custom_css_textarea_field=\u00bbwidth:100%;\u00bb custom_css_select_field=\u00bbwidth:100%;\u00bb custom_css_button=\u00bbwidth:100%;\u00bb border_color_all_input_general=\u00bb#dbdbdb\u00bb global_colors_info=\u00bb{}\u00bb form_button_bg_color__hover_enabled=\u00bbon|desktop\u00bb form_button_bg_color__hover=\u00bb#12284C\u00bb form_button_bg_enable_color__hover=\u00bbon\u00bb form_button_text_color__hover_enabled=\u00bbon|desktop\u00bb form_button_text_color__hover=\u00bb#EAAB42&#8243;][\/et_pb_wpt_gravityform][\/et_pb_column][\/et_pb_row][\/et_pb_section]<\/p>\n","protected":false},"excerpt":{"rendered":"<p>Red de ReferenciasPond Lehocky Giordano gestiona miles de reclamaciones de indemnizaci\u00f3n por accidente laboral cada a\u00f1o. Esos trabajadores lesionados necesitan m\u00e9dicos como usted.Pond Lehocky Giordano es el mayor bufete de abogados de compensaci\u00f3n de trabajadores en Pensilvania, medido tanto por el n\u00famero de abogados de compensaci\u00f3n de trabajadores en la empresa como por el n\u00famero [&hellip;]<\/p>\n","protected":false},"author":1,"featured_media":0,"parent":5645,"menu_order":0,"comment_status":"closed","ping_status":"closed","template":"","meta":{"_et_pb_use_builder":"on","_et_pb_old_content":"","_et_gb_content_width":"","footnotes":""},"class_list":["post-5619","page","type-page","status-publish","hentry"],"acf":[],"_links":{"self":[{"href":"https:\/\/old.pondlehocky.com\/es\/wp-json\/wp\/v2\/pages\/5619","targetHints":{"allow":["GET"]}}],"collection":[{"href":"https:\/\/old.pondlehocky.com\/es\/wp-json\/wp\/v2\/pages"}],"about":[{"href":"https:\/\/old.pondlehocky.com\/es\/wp-json\/wp\/v2\/types\/page"}],"author":[{"embeddable":true,"href":"https:\/\/old.pondlehocky.com\/es\/wp-json\/wp\/v2\/users\/1"}],"replies":[{"embeddable":true,"href":"https:\/\/old.pondlehocky.com\/es\/wp-json\/wp\/v2\/comments?post=5619"}],"version-history":[{"count":0,"href":"https:\/\/old.pondlehocky.com\/es\/wp-json\/wp\/v2\/pages\/5619\/revisions"}],"up":[{"embeddable":true,"href":"https:\/\/old.pondlehocky.com\/es\/wp-json\/wp\/v2\/pages\/5645"}],"wp:attachment":[{"href":"https:\/\/old.pondlehocky.com\/es\/wp-json\/wp\/v2\/media?parent=5619"}],"curies":[{"name":"wp","href":"https:\/\/api.w.org\/{rel}","templated":true}]}}