{"id":5613,"date":"2022-08-25T15:34:36","date_gmt":"2022-08-25T15:34:36","guid":{"rendered":"https:\/\/old.pondlehocky.com\/areas-de-practica\/accidentes-de-camiones-y-remolques\/"},"modified":"2023-01-25T21:09:02","modified_gmt":"2023-01-25T21:09:02","slug":"accidentes-de-camiones-y-remolques","status":"publish","type":"page","link":"https:\/\/old.pondlehocky.com\/es\/areas-de-practica\/accidentes-de-camiones-y-remolques\/","title":{"rendered":"Accidentes de camiones y remolques"},"content":{"rendered":"<p>[et_pb_section fb_built=\u00bb1&#8243; custom_padding_last_edited=\u00bbon|phone\u00bb _builder_version=\u00bb4.18.0&#8243; _module_preset=\u00bbdefault\u00bb background_image=\u00bbhttps:\/\/old.pondlehocky.com\/wp-content\/uploads\/2022\/08\/practice-areas-bg.jpg\u00bb background_position=\u00bbtop_center\u00bb min_height=\u00bb325px\u00bb custom_margin=\u00bb0px||0px||false|false\u00bb custom_padding=\u00bb100px||0px||false|false\u00bb custom_padding_tablet=\u00bb100px||0px||false|false\u00bb custom_padding_phone=\u00bb50px||||false|false\u00bb global_colors_info=\u00bb{}\u00bb][et_pb_row _builder_version=\u00bb4.17.6&#8243; _module_preset=\u00bbdefault\u00bb custom_padding=\u00bb|100px||||\u00bb global_colors_info=\u00bb{}\u00bb][et_pb_column type=\u00bb4_4&#8243; _builder_version=\u00bb4.17.6&#8243; _module_preset=\u00bbdefault\u00bb global_colors_info=\u00bb{}\u00bb][et_pb_text module_class=\u00bbbreadcrumb\u00bb _builder_version=\u00bb4.18.0&#8243; _module_preset=\u00bbdefault\u00bb text_font=\u00bb|||on|||||\u00bb text_text_color=\u00bb#4295C9&#8243; link_text_color=\u00bb#EAAB42&#8243; link_font_size=\u00bb22px\u00bb link_letter_spacing=\u00bb5px\u00bb header_2_font=\u00bb|||on|||||\u00bb header_2_text_color=\u00bb#EAAB42&#8243; header_2_font_size=\u00bb18px\u00bb header_2_letter_spacing=\u00bb6px\u00bb custom_margin=\u00bb||-3px|||\u00bb animation_style=\u00bbslide\u00bb animation_direction=\u00bbbottom\u00bb animation_duration=\u00bb850ms\u00bb animation_intensity_slide=\u00bb10%\u00bb global_colors_info=\u00bb{}\u00bb link_text_color__hover=\u00bb#FFFFFF\u00bb link_text_color__hover_enabled=\u00bbon|desktop\u00bb]<a href=\"https:\/\/old.pondlehocky.com\/es\/areas-de-practica\/\">\u00c1reas de pr\u00e1ctica<\/a>[\/et_pb_text][et_pb_text _builder_version=\u00bb4.18.0&#8243; _dynamic_attributes=\u00bbcontent\u00bb _module_preset=\u00bbdefault\u00bb link_text_color=\u00bb#4295C9&#8243; header_text_color=\u00bb#FFFFFF\u00bb header_font_size=\u00bb72px\u00bb custom_padding=\u00bb|29px||||\u00bb animation_style=\u00bbslide\u00bb animation_direction=\u00bbbottom\u00bb animation_duration=\u00bb850ms\u00bb animation_intensity_slide=\u00bb10%\u00bb header_text_shadow_style=\u00bbpreset1&#8243; header_text_shadow_vertical_length=\u00bb0.08em\u00bb header_text_shadow_color=\u00bbrgba(18,40,76,0.15)\u00bb global_colors_info=\u00bb{}\u00bb link_text_color__hover=\u00bb#EAAB42&#8243; link_text_color__hover_enabled=\u00bbon|hover\u00bb]@ET-DC@eyJkeW5hbWljIjp0cnVlLCJjb250ZW50IjoicG9zdF90aXRsZSIsInNldHRpbmdzIjp7ImJlZm9yZSI6IjxoMT4iLCJhZnRlciI6IjxcL2gxPiJ9fQ==@[\/et_pb_text][\/et_pb_column][\/et_pb_row][\/et_pb_section][et_pb_section fb_built=\u00bb1&#8243; _builder_version=\u00bb4.17.6&#8243; _module_preset=\u00bbdefault\u00bb custom_padding=\u00bb||60px|||\u00bb global_colors_info=\u00bb{}\u00bb][et_pb_row column_structure=\u00bb2_3,1_3&#8243; _builder_version=\u00bb4.17.6&#8243; _module_preset=\u00bbdefault\u00bb custom_padding=\u00bb||0px|||\u00bb global_colors_info=\u00bb{}\u00bb][et_pb_column type=\u00bb2_3&#8243; _builder_version=\u00bb4.17.6&#8243; _module_preset=\u00bbdefault\u00bb animation_style=\u00bbslide\u00bb animation_direction=\u00bbbottom\u00bb animation_duration=\u00bb850ms\u00bb animation_intensity_slide=\u00bb5%\u00bb global_colors_info=\u00bb{}\u00bb][et_pb_text _builder_version=\u00bb4.18.0&#8243; _module_preset=\u00bbdefault\u00bb header_font=\u00bb|||on|||||\u00bb header_2_font=\u00bb|||on|||||\u00bb header_2_text_color=\u00bb#12284C\u00bb header_2_font_size=\u00bb22px\u00bb header_2_letter_spacing=\u00bb5px\u00bb header_3_font=\u00bb|||on|||||\u00bb header_3_font_size=\u00bb21px\u00bb header_3_letter_spacing=\u00bb5px\u00bb header_4_font=\u00bb|||on|||||\u00bb header_4_font_size=\u00bb22px\u00bb header_4_letter_spacing=\u00bb7px\u00bb custom_margin=\u00bb||18px||false|false\u00bb custom_padding=\u00bb|13px||||\u00bb animation_style=\u00bbslide\u00bb animation_direction=\u00bbbottom\u00bb animation_duration=\u00bb850ms\u00bb animation_intensity_slide=\u00bb10%\u00bb global_colors_info=\u00bb{}\u00bb]<\/p>\n<p>Los accidentes en los que est\u00e1n implicados camiones y remolques no son como otros accidentes de veh\u00edculos de motor. Un cami\u00f3n comercial de 18 ruedas con una carga completa puede pesar hasta 80.000 libras (y rara vez pesan menos de 26.000 libras incluso cuando est\u00e1n vac\u00edos). Todo ese peso hace que los camiones tengan m\u00e1s dificultades para maniobrar, evitar los peligros de la carretera y frenar. Cuando viaja a 100 kil\u00f3metros por hora, el cami\u00f3n de 18 ruedas medio necesita 350 pies para detenerse por completo, el doble de la distancia que necesita un coche de tama\u00f1o medio.<\/p>\n<p>M\u00e1s peso tambi\u00e9n significa que cuando se producen accidentes, el impacto es m\u00e1s fuerte. Incluso los veh\u00edculos todoterreno m\u00e1s grandes de la carretera s\u00f3lo pesan hasta 6.000 libras, por lo que cuando un tractor-remolque se ve involucrado en un accidente los da\u00f1os suelen ser mucho m\u00e1s graves que en otros incidentes en la carretera. Adem\u00e1s, los camiones y remolques comerciales pueden contener cargas peligrosas que son inflamables, explosivas, t\u00f3xicas o punzantes, raz\u00f3n por la cual mueren casi tres veces m\u00e1s personas en accidentes de cami\u00f3n que en accidentes de avi\u00f3n, barco y tren juntos.<\/p>\n<p><strong>Los accidentes de camiones y remolques son tambi\u00e9n m\u00e1s complejos desde el punto de vista legal que los accidentes de coche porque a menudo implican a muchas partes, incluyendo:<\/strong><\/p>\n<ul>\n<li>Conductores de camiones<\/li>\n<li>Empresas de transporte<\/li>\n<li>Compa\u00f1\u00edas de seguros<\/li>\n<li>Empleados y contratistas de empresas de transporte<\/li>\n<li>Fabricantes de veh\u00edculos y de piezas de veh\u00edculos<\/li>\n<li>Departamentos gubernamentales<\/li>\n<li>Empresas de mantenimiento de camiones<\/li>\n<li>Otros automovilistas<\/li>\n<li>Peatones y ciclistas<\/li>\n<\/ul>\n<p>[\/et_pb_text][et_pb_divider color=\u00bb#F2F2F2&#8243; divider_weight=\u00bb2px\u00bb _builder_version=\u00bb4.18.0&#8243; _module_preset=\u00bbdefault\u00bb custom_margin=\u00bb||10px||false|false\u00bb animation_style=\u00bbslide\u00bb animation_duration=\u00bb850ms\u00bb animation_intensity_slide=\u00bb10%\u00bb global_colors_info=\u00bb{}\u00bb][\/et_pb_divider][et_pb_text module_class=\u00bbsubhead\u00bb _builder_version=\u00bb4.18.0&#8243; _module_preset=\u00bbdefault\u00bb header_font=\u00bb|||on|||||\u00bb header_2_font=\u00bb|||on|||||\u00bb header_2_text_color=\u00bb#12284C\u00bb header_2_font_size=\u00bb22px\u00bb header_2_letter_spacing=\u00bb5px\u00bb header_3_font=\u00bb|||on|||||\u00bb header_3_font_size=\u00bb21px\u00bb header_3_letter_spacing=\u00bb5px\u00bb header_4_font=\u00bb|||on|||||\u00bb header_4_font_size=\u00bb22px\u00bb header_4_letter_spacing=\u00bb7px\u00bb custom_margin=\u00bb||1px|||\u00bb animation_style=\u00bbslide\u00bb animation_direction=\u00bbbottom\u00bb animation_duration=\u00bb850ms\u00bb animation_intensity_slide=\u00bb10%\u00bb global_colors_info=\u00bb{}\u00bb]<\/p>\n<h2>Reglamentaci\u00f3n de los camiones<\/h2>\n<p>[\/et_pb_text][et_pb_text _builder_version=\u00bb4.18.0&#8243; _module_preset=\u00bbdefault\u00bb header_font=\u00bb|||on|||||\u00bb header_2_font=\u00bb|||on|||||\u00bb header_2_text_color=\u00bb#12284C\u00bb header_2_font_size=\u00bb22px\u00bb header_2_letter_spacing=\u00bb5px\u00bb header_3_font=\u00bb|||on|||||\u00bb header_3_font_size=\u00bb21px\u00bb header_3_letter_spacing=\u00bb5px\u00bb header_4_font=\u00bb|||on|||||\u00bb header_4_font_size=\u00bb22px\u00bb header_4_letter_spacing=\u00bb7px\u00bb custom_margin=\u00bb||17px||false|false\u00bb custom_padding=\u00bb||0px|||\u00bb animation_style=\u00bbslide\u00bb animation_direction=\u00bbbottom\u00bb animation_duration=\u00bb850ms\u00bb animation_intensity_slide=\u00bb10%\u00bb global_colors_info=\u00bb{}\u00bb]<\/p>\n<p>A veces un accidente de cami\u00f3n o remolque no es culpa de nadie, pero las lesiones tambi\u00e9n pueden ser el resultado de un comportamiento negligente de un conductor o de la empresa para la que trabaja. La negligencia es el incumplimiento del nivel de cuidado adecuado para una circunstancia. Existen numerosas leyes estatales y federales que regulan el funcionamiento de las empresas de transporte por carretera, especialmente en lo que respecta a la selecci\u00f3n, formaci\u00f3n y supervisi\u00f3n de sus conductores. El objetivo de esta normativa es reducir los accidentes y las muertes en las carreteras de Estados Unidos.<\/p>\n<p><strong>La Administraci\u00f3n Federal de Seguridad de Autotransportes (FMCSA), una agencia del Departamento de Transporte de Estados Unidos (DOT), es responsable de regular el transporte interestatal por carretera. Hace cumplir las normas relativas a una serie de actividades de transporte por carretera, entre ellas:<\/strong><\/p>\n<ul>\n<li>Contrataci\u00f3n y supervisi\u00f3n de conductores<\/li>\n<li>Consumo de sustancias controladas y alcohol<\/li>\n<li>Carga y amarre adecuados de la carga<\/li>\n<li>Licencias y certificaciones<\/li>\n<li>L\u00edmites de horas de servicio<\/li>\n<li>Programas de mantenimiento e inspecci\u00f3n<\/li>\n<\/ul>\n<p>Sin embargo, con las prisas por hacer entregas r\u00e1pidas y puntuales, algunos operadores renuncian negligentemente a seguir todas estas normas. Cuando los conductores no reciben la formaci\u00f3n adecuada, o las empresas para las que trabajan les presionan para que conduzcan a velocidades inseguras o pasen demasiadas horas al volante sin descanso, la posibilidad de sufrir un accidente evitable aumenta de forma inaceptable.<\/p>\n<p>[\/et_pb_text][et_pb_divider color=\u00bb#F2F2F2&#8243; divider_weight=\u00bb2px\u00bb _builder_version=\u00bb4.18.0&#8243; _module_preset=\u00bbdefault\u00bb custom_margin=\u00bb||10px||false|false\u00bb animation_style=\u00bbslide\u00bb animation_duration=\u00bb850ms\u00bb animation_intensity_slide=\u00bb10%\u00bb global_colors_info=\u00bb{}\u00bb][\/et_pb_divider][et_pb_text module_class=\u00bbsubhead\u00bb _builder_version=\u00bb4.18.0&#8243; _module_preset=\u00bbdefault\u00bb header_font=\u00bb|||on|||||\u00bb header_2_font=\u00bb|||on|||||\u00bb header_2_text_color=\u00bb#12284C\u00bb header_2_font_size=\u00bb22px\u00bb header_2_letter_spacing=\u00bb5px\u00bb header_3_font=\u00bb|||on|||||\u00bb header_3_font_size=\u00bb21px\u00bb header_3_letter_spacing=\u00bb5px\u00bb header_4_font=\u00bb|||on|||||\u00bb header_4_font_size=\u00bb22px\u00bb header_4_letter_spacing=\u00bb7px\u00bb custom_margin=\u00bb||1px|||\u00bb animation_style=\u00bbslide\u00bb animation_direction=\u00bbbottom\u00bb animation_duration=\u00bb850ms\u00bb animation_intensity_slide=\u00bb10%\u00bb global_colors_info=\u00bb{}\u00bb]<\/p>\n<h2>Causas comunes de los accidentes de cami\u00f3n<\/h2>\n<p>[\/et_pb_text][et_pb_text _builder_version=\u00bb4.18.0&#8243; _module_preset=\u00bbdefault\u00bb header_font=\u00bb|||on|||||\u00bb header_2_font=\u00bb|||on|||||\u00bb header_2_text_color=\u00bb#12284C\u00bb header_2_font_size=\u00bb22px\u00bb header_2_letter_spacing=\u00bb5px\u00bb header_3_font=\u00bb|||on|||||\u00bb header_3_font_size=\u00bb21px\u00bb header_3_letter_spacing=\u00bb5px\u00bb header_4_font=\u00bb|||on|||||\u00bb header_4_font_size=\u00bb22px\u00bb header_4_letter_spacing=\u00bb7px\u00bb custom_margin=\u00bb||19px||false|false\u00bb animation_style=\u00bbslide\u00bb animation_direction=\u00bbbottom\u00bb animation_duration=\u00bb850ms\u00bb animation_intensity_slide=\u00bb10%\u00bb global_colors_info=\u00bb{}\u00bb]<\/p>\n<p><strong>Fatiga del conductor<\/strong><br \/>\nSeg\u00fan las normas actuales de la FMCSA, los conductores de camiones tienen varios l\u00edmites de tiempo, dependiendo de si transportan pasajeros o bienes, antes de estar obligados a tomar un descanso. Los conductores que transportan bienes pueden conducir un m\u00e1ximo de 14 horas despu\u00e9s de 10 horas consecutivas de descanso. Sin embargo, con las prisas por terminar una entrega, los conductores a veces renuncian a los descansos necesarios y conducen muy cansados. La conducci\u00f3n somnolienta es tan peligrosa como la conducci\u00f3n en estado de embriaguez; incluso una leve privaci\u00f3n del sue\u00f1o puede mermar la capacidad del conductor para circular con seguridad por las carreteras.<\/p>\n<p><strong>Conducci\u00f3n temeraria<\/strong><br \/>\nConducir mirando un dispositivo m\u00f3vil, en estado de embriaguez, a una velocidad superior a la permitida, y muchas otras conductas imprudentes como ir detr\u00e1s, frenar o no respetar las se\u00f1ales, pueden constituir un gran peligro en las carreteras.<\/p>\n<p><strong>Fallo mec\u00e1nico<\/strong><br \/>\nLos camiones sufren un gran desgaste debido a las largas horas en la carretera. Por lo tanto, requieren un mantenimiento, una revisi\u00f3n y unas inspecciones peri\u00f3dicas para garantizar su funcionamiento seguro. Los problemas mec\u00e1nicos que suponen un peligro para el conductor y los dem\u00e1s automovilistas, como los reventones de neum\u00e1ticos y los fallos el\u00e9ctricos, son inevitables cuando los problemas no se controlan y no se reparan cuando es necesario. Es una negligencia por parte de una empresa de transporte ignorar los protocolos de seguridad.<\/p>\n<p><strong>Lagunas en el control y la formaci\u00f3n de los conductores<\/strong><br \/>\nEs responsabilidad de las empresas de transporte asegurarse de que los hombres y mujeres que conducen sus veh\u00edculos son seguros y est\u00e1n certificados para manejar camiones comerciales y trailers. Eso significa que deben preseleccionar a todos los empleados y contratistas mediante la comprobaci\u00f3n de sus antecedentes para ver que no tienen un historial de infracciones de tr\u00e1fico y que sus licencias y certificaciones son v\u00e1lidas. El hecho de no seleccionar y formar adecuadamente a los conductores de camiones puede dar lugar a pr\u00e1cticas de conducci\u00f3n inseguras.<\/p>\n<p>[\/et_pb_text][et_pb_divider color=\u00bb#F2F2F2&#8243; divider_weight=\u00bb2px\u00bb _builder_version=\u00bb4.18.0&#8243; _module_preset=\u00bbdefault\u00bb custom_margin=\u00bb||10px||false|false\u00bb animation_style=\u00bbslide\u00bb animation_duration=\u00bb850ms\u00bb animation_intensity_slide=\u00bb10%\u00bb global_colors_info=\u00bb{}\u00bb][\/et_pb_divider][et_pb_text module_class=\u00bbsubhead\u00bb _builder_version=\u00bb4.18.0&#8243; _module_preset=\u00bbdefault\u00bb header_font=\u00bb|||on|||||\u00bb header_2_font=\u00bb|||on|||||\u00bb header_2_text_color=\u00bb#12284C\u00bb header_2_font_size=\u00bb22px\u00bb header_2_letter_spacing=\u00bb5px\u00bb header_3_font=\u00bb|||on|||||\u00bb header_3_font_size=\u00bb21px\u00bb header_3_letter_spacing=\u00bb5px\u00bb header_4_font=\u00bb|||on|||||\u00bb header_4_font_size=\u00bb22px\u00bb header_4_letter_spacing=\u00bb7px\u00bb custom_margin=\u00bb||1px|||\u00bb animation_style=\u00bbslide\u00bb animation_direction=\u00bbbottom\u00bb animation_duration=\u00bb850ms\u00bb animation_intensity_slide=\u00bb10%\u00bb global_colors_info=\u00bb{}\u00bb]<\/p>\n<h2>Conservaci\u00f3n de todas las pruebas<\/h2>\n<p>[\/et_pb_text][et_pb_text _builder_version=\u00bb4.18.0&#8243; _module_preset=\u00bbdefault\u00bb header_font=\u00bb|||on|||||\u00bb header_2_font=\u00bb|||on|||||\u00bb header_2_text_color=\u00bb#12284C\u00bb header_2_font_size=\u00bb22px\u00bb header_2_letter_spacing=\u00bb5px\u00bb header_3_font=\u00bb|||on|||||\u00bb header_3_font_size=\u00bb21px\u00bb header_3_letter_spacing=\u00bb5px\u00bb header_4_font=\u00bb|||on|||||\u00bb header_4_font_size=\u00bb22px\u00bb header_4_letter_spacing=\u00bb7px\u00bb custom_margin=\u00bb||20px||false|false\u00bb animation_style=\u00bbslide\u00bb animation_direction=\u00bbbottom\u00bb animation_duration=\u00bb850ms\u00bb animation_intensity_slide=\u00bb10%\u00bb global_colors_info=\u00bb{}\u00bb]<\/p>\n<p>La escena de un accidente de cami\u00f3n o remolque puede ser ca\u00f3tica, pero es de vital importancia que se conserven todas las pruebas del suceso, incluida la caja negra, un dispositivo electr\u00f3nico que registra datos sobre la actividad del cami\u00f3n, como la velocidad a la que circulaba y cu\u00e1nto tiempo antes del accidente el conductor aplic\u00f3 los frenos.<\/p>\n<p><strong>Otras pruebas que un abogado con experiencia en camiones y remolques buscar\u00e1 preservar incluyen:<\/strong><\/p>\n<ul>\n<li>Im\u00e1genes de la Dashcam<\/li>\n<li>Fotos del lugar del accidente (especialmente de las marcas de derrape, del estado de la carretera y de los restos)<\/li>\n<li>Testimonios de testigos presenciales<\/li>\n<li>Registros oficiales de las condiciones meteorol\u00f3gicas<\/li>\n<li>Cuadernos de ruta de los camiones, registros de mantenimiento e historiales de los conductores<\/li>\n<\/ul>\n<p>[\/et_pb_text][et_pb_divider color=\u00bb#F2F2F2&#8243; divider_weight=\u00bb2px\u00bb _builder_version=\u00bb4.18.0&#8243; _module_preset=\u00bbdefault\u00bb custom_margin=\u00bb||10px||false|false\u00bb animation_style=\u00bbslide\u00bb animation_duration=\u00bb850ms\u00bb animation_intensity_slide=\u00bb10%\u00bb global_colors_info=\u00bb{}\u00bb][\/et_pb_divider][et_pb_text module_class=\u00bbsubhead\u00bb _builder_version=\u00bb4.18.0&#8243; _module_preset=\u00bbdefault\u00bb header_font=\u00bb|||on|||||\u00bb header_2_font=\u00bb|||on|||||\u00bb header_2_text_color=\u00bb#12284C\u00bb header_2_font_size=\u00bb22px\u00bb header_2_letter_spacing=\u00bb5px\u00bb header_3_font=\u00bb|||on|||||\u00bb header_3_font_size=\u00bb21px\u00bb header_3_letter_spacing=\u00bb5px\u00bb header_4_font=\u00bb|||on|||||\u00bb header_4_font_size=\u00bb22px\u00bb header_4_letter_spacing=\u00bb7px\u00bb custom_margin=\u00bb||1px|||\u00bb animation_style=\u00bbslide\u00bb animation_direction=\u00bbbottom\u00bb animation_duration=\u00bb850ms\u00bb animation_intensity_slide=\u00bb10%\u00bb global_colors_info=\u00bb{}\u00bb]<\/p>\n<h2>Obtenga la ayuda que necesita para navegar por su reclamaci\u00f3n de accidente de cami\u00f3n o remolque.<\/h2>\n<p>[\/et_pb_text][et_pb_text _builder_version=\u00bb4.18.0&#8243; _module_preset=\u00bbdefault\u00bb header_font=\u00bb|||on|||||\u00bb header_2_font=\u00bb|||on|||||\u00bb header_2_text_color=\u00bb#12284C\u00bb header_2_font_size=\u00bb22px\u00bb header_2_letter_spacing=\u00bb5px\u00bb header_3_font=\u00bb|||on|||||\u00bb header_3_font_size=\u00bb21px\u00bb header_3_letter_spacing=\u00bb5px\u00bb header_4_font=\u00bb|||on|||||\u00bb header_4_font_size=\u00bb22px\u00bb header_4_letter_spacing=\u00bb7px\u00bb custom_margin=\u00bb||20px||false|false\u00bb animation_style=\u00bbslide\u00bb animation_direction=\u00bbbottom\u00bb animation_duration=\u00bb850ms\u00bb animation_intensity_slide=\u00bb10%\u00bb global_colors_info=\u00bb{}\u00bb]<\/p>\n<p><strong>La compleja red de leyes estatales y federales que regulan los accidentes de camiones y camiones con remolque puede hacer que la b\u00fasqueda de una compensaci\u00f3n adecuada para una lesi\u00f3n vehicular sea muy dif\u00edcil, pero un abogado de accidentes dedicado puede ayudar a los reclamantes a recuperarse m\u00e9dica y financieramente con una indemnizaci\u00f3n por:<\/strong><\/p>\n<ul>\n<li>Facturas m\u00e9dicas<\/li>\n<li>Salarios perdidos<\/li>\n<li>P\u00e9rdida de la capacidad de ganancia<\/li>\n<li>Dolor y sufrimiento<\/li>\n<li>P\u00e9rdida de consorcio<\/li>\n<\/ul>\n<p>Usted puede tener un caso incluso si fue parcialmente responsable, y Pond Lehocky Giordano le ayuda en cada paso del camino. Podemos ayudarle a recuperar la compensaci\u00f3n financiera por sus lesiones y los da\u00f1os a la propiedad en los que incurri\u00f3, recopilar pruebas que demuestren su caso (incluidos los registros m\u00e9dicos de sus proveedores de atenci\u00f3n m\u00e9dica), negociar con los ajustadores de seguros y los abogados de la parte contraria, y comunicarse con los oficiales de polic\u00eda y los testigos.<\/p>\n<p>Ofrecemos una consulta completamente gratuita para discutir su caso y trabajaremos incansablemente para proteger sus derechos y bienes.<\/p>\n<p>[\/et_pb_text][et_pb_text _builder_version=\u00bb4.18.0&#8243; _module_preset=\u00bbdefault\u00bb link_text_color=\u00bb#4295C9&#8243; header_2_font_size=\u00bb30px\u00bb header_2_line_height=\u00bb1.2em\u00bb custom_padding=\u00bb|15px||||\u00bb global_colors_info=\u00bb{}\u00bb link_text_color__hover_enabled=\u00bbon|desktop\u00bb link_text_color__hover=\u00bb#EAAB42&#8243;]<\/p>\n<h2>Si usted ha estado involucrado en un accidente de cami\u00f3n o remolque, p\u00f3ngase en contacto con Pond Lehocky Giordano para una consulta gratuita para determinar si usted califica para la compensaci\u00f3n. Llame al 1-800-568-7500 o rellene el formulario de esta p\u00e1gina.<\/h2>\n<p>[\/et_pb_text][\/et_pb_column][et_pb_column type=\u00bb1_3&#8243; _builder_version=\u00bb4.17.6&#8243; _module_preset=\u00bbdefault\u00bb animation_style=\u00bbslide\u00bb animation_direction=\u00bbbottom\u00bb animation_duration=\u00bb850ms\u00bb animation_delay=\u00bb50ms\u00bb animation_intensity_slide=\u00bb5%\u00bb global_colors_info=\u00bb{}\u00bb][et_pb_wpt_gravityform gravityform_id=\u00bbgf-1&#8243; description_custom_margin=\u00bb10px|0|16px|0|false|false\u00bb description_custom_padding=\u00bb0|0px|0|0|false|false\u00bb field_container_custom_margin=\u00bb20px|0|0|0|false|false\u00bb input_container_custom_margin=\u00bb0px|0|0|0|false|false\u00bb text_input_bg_color=\u00bb#FFFFFF\u00bb label_custom_margin=\u00bb5px|0|5px|0|false|false\u00bb title_custom_margin=\u00bb0px|0|0px|0|false|false\u00bb _builder_version=\u00bb4.19.0&#8243; _module_preset=\u00bbdefault\u00bb title_text_color=\u00bb#12284C\u00bb title_font_size=\u00bb36px\u00bb description_font=\u00bb|||on|||||\u00bb description_text_color=\u00bb#12284C\u00bb description_font_size=\u00bb18px\u00bb description_letter_spacing=\u00bb4px\u00bb description_line_height=\u00bb1.3em\u00bb label_text_color=\u00bb#000000&#8243; label_font_size=\u00bb18px\u00bb background_color=\u00bb#F2F2F2&#8243; custom_form_button=\u00bbon\u00bb form_button_text_color=\u00bb#12284C\u00bb form_button_bg_color=\u00bb#EAAB42&#8243; form_button_border_width=\u00bb0px\u00bb form_button_font=\u00bb|||on|||||\u00bb custom_padding=\u00bb15px|20px|15px|20px|true|true\u00bb custom_css_text_field=\u00bbwidth:100%;\u00bb custom_css_textarea_field=\u00bbwidth:100%;\u00bb custom_css_select_field=\u00bbwidth:100%;\u00bb custom_css_button=\u00bbwidth:100%;\u00bb border_color_all_input_general=\u00bb#dbdbdb\u00bb global_module=\u00bb206&#8243; global_colors_info=\u00bb{}\u00bb form_button_bg_color__hover_enabled=\u00bbon|desktop\u00bb form_button_bg_color__hover=\u00bb#12284C\u00bb form_button_bg_enable_color__hover=\u00bbon\u00bb form_button_text_color__hover_enabled=\u00bbon|desktop\u00bb form_button_text_color__hover=\u00bb#EAAB42&#8243;][\/et_pb_wpt_gravityform][\/et_pb_column][\/et_pb_row][\/et_pb_section]<\/p>\n","protected":false},"excerpt":{"rendered":"<p>\u00c1reas de pr\u00e1cticaLos accidentes en los que est\u00e1n implicados camiones y remolques no son como otros accidentes de veh\u00edculos de motor. Un cami\u00f3n comercial de 18 ruedas con una carga completa puede pesar hasta 80.000 libras (y rara vez pesan menos de 26.000 libras incluso cuando est\u00e1n vac\u00edos). Todo ese peso hace que los camiones [&hellip;]<\/p>\n","protected":false},"author":1,"featured_media":0,"parent":5569,"menu_order":0,"comment_status":"closed","ping_status":"closed","template":"","meta":{"_et_pb_use_builder":"on","_et_pb_old_content":"","_et_gb_content_width":"","footnotes":""},"class_list":["post-5613","page","type-page","status-publish","hentry"],"acf":[],"_links":{"self":[{"href":"https:\/\/old.pondlehocky.com\/es\/wp-json\/wp\/v2\/pages\/5613","targetHints":{"allow":["GET"]}}],"collection":[{"href":"https:\/\/old.pondlehocky.com\/es\/wp-json\/wp\/v2\/pages"}],"about":[{"href":"https:\/\/old.pondlehocky.com\/es\/wp-json\/wp\/v2\/types\/page"}],"author":[{"embeddable":true,"href":"https:\/\/old.pondlehocky.com\/es\/wp-json\/wp\/v2\/users\/1"}],"replies":[{"embeddable":true,"href":"https:\/\/old.pondlehocky.com\/es\/wp-json\/wp\/v2\/comments?post=5613"}],"version-history":[{"count":0,"href":"https:\/\/old.pondlehocky.com\/es\/wp-json\/wp\/v2\/pages\/5613\/revisions"}],"up":[{"embeddable":true,"href":"https:\/\/old.pondlehocky.com\/es\/wp-json\/wp\/v2\/pages\/5569"}],"wp:attachment":[{"href":"https:\/\/old.pondlehocky.com\/es\/wp-json\/wp\/v2\/media?parent=5613"}],"curies":[{"name":"wp","href":"https:\/\/api.w.org\/{rel}","templated":true}]}}