{"id":5598,"date":"2022-08-25T14:48:39","date_gmt":"2022-08-25T14:48:39","guid":{"rendered":"https:\/\/old.pondlehocky.com\/areas-de-practica\/planificacion-patrimonial\/"},"modified":"2023-03-30T15:26:29","modified_gmt":"2023-03-30T15:26:29","slug":"planificacion-patrimonial","status":"publish","type":"page","link":"https:\/\/old.pondlehocky.com\/es\/areas-de-practica\/planificacion-patrimonial\/","title":{"rendered":"Planificaci\u00f3n patrimonial"},"content":{"rendered":"<p>[et_pb_section fb_built=\u00bb1&#8243; custom_padding_last_edited=\u00bbon|phone\u00bb _builder_version=\u00bb4.18.0&#8243; _module_preset=\u00bbdefault\u00bb background_image=\u00bbhttps:\/\/old.pondlehocky.com\/wp-content\/uploads\/2022\/08\/practice-areas-bg.jpg\u00bb background_position=\u00bbtop_center\u00bb min_height=\u00bb325px\u00bb custom_margin=\u00bb0px||0px||false|false\u00bb custom_padding=\u00bb100px||0px||false|false\u00bb custom_padding_tablet=\u00bb100px||0px||false|false\u00bb custom_padding_phone=\u00bb50px||||false|false\u00bb global_colors_info=\u00bb{}\u00bb][et_pb_row _builder_version=\u00bb4.17.6&#8243; _module_preset=\u00bbdefault\u00bb global_colors_info=\u00bb{}\u00bb][et_pb_column type=\u00bb4_4&#8243; _builder_version=\u00bb4.17.6&#8243; _module_preset=\u00bbdefault\u00bb global_colors_info=\u00bb{}\u00bb][et_pb_text module_class=\u00bbbreadcrumb\u00bb _builder_version=\u00bb4.18.0&#8243; _module_preset=\u00bbdefault\u00bb text_font=\u00bb|||on|||||\u00bb text_text_color=\u00bb#4295C9&#8243; link_text_color=\u00bb#EAAB42&#8243; link_font_size=\u00bb22px\u00bb link_letter_spacing=\u00bb5px\u00bb header_2_font=\u00bb|||on|||||\u00bb header_2_text_color=\u00bb#EAAB42&#8243; header_2_font_size=\u00bb18px\u00bb header_2_letter_spacing=\u00bb6px\u00bb custom_margin=\u00bb||-3px|||\u00bb animation_style=\u00bbslide\u00bb animation_direction=\u00bbbottom\u00bb animation_duration=\u00bb850ms\u00bb animation_intensity_slide=\u00bb10%\u00bb global_colors_info=\u00bb{}\u00bb link_text_color__hover=\u00bb#FFFFFF\u00bb link_text_color__hover_enabled=\u00bbon|desktop\u00bb]<a href=\"https:\/\/old.pondlehocky.com\/es\/areas-de-practica\/\">\u00c1reas de pr\u00e1ctica<\/a>[\/et_pb_text][et_pb_text _builder_version=\u00bb4.18.0&#8243; _dynamic_attributes=\u00bbcontent\u00bb _module_preset=\u00bbdefault\u00bb link_text_color=\u00bb#4295C9&#8243; header_text_color=\u00bb#FFFFFF\u00bb header_font_size=\u00bb72px\u00bb custom_padding=\u00bb|29px||||\u00bb animation_style=\u00bbslide\u00bb animation_direction=\u00bbbottom\u00bb animation_duration=\u00bb850ms\u00bb animation_intensity_slide=\u00bb10%\u00bb header_text_shadow_style=\u00bbpreset1&#8243; header_text_shadow_vertical_length=\u00bb0.08em\u00bb header_text_shadow_color=\u00bbrgba(18,40,76,0.15)\u00bb global_colors_info=\u00bb{}\u00bb link_text_color__hover=\u00bb#EAAB42&#8243; link_text_color__hover_enabled=\u00bbon|hover\u00bb]@ET-DC@eyJkeW5hbWljIjp0cnVlLCJjb250ZW50IjoicG9zdF90aXRsZSIsInNldHRpbmdzIjp7ImJlZm9yZSI6IjxoMT4iLCJhZnRlciI6IjxcL2gxPiJ9fQ==@[\/et_pb_text][\/et_pb_column][\/et_pb_row][\/et_pb_section][et_pb_section fb_built=\u00bb1&#8243; _builder_version=\u00bb4.17.6&#8243; _module_preset=\u00bbdefault\u00bb custom_padding=\u00bb||60px|||\u00bb global_colors_info=\u00bb{}\u00bb][et_pb_row column_structure=\u00bb2_3,1_3&#8243; _builder_version=\u00bb4.17.6&#8243; _module_preset=\u00bbdefault\u00bb custom_padding=\u00bb||0px|||\u00bb global_colors_info=\u00bb{}\u00bb][et_pb_column type=\u00bb2_3&#8243; _builder_version=\u00bb4.17.6&#8243; _module_preset=\u00bbdefault\u00bb animation_style=\u00bbslide\u00bb animation_direction=\u00bbbottom\u00bb animation_duration=\u00bb850ms\u00bb animation_intensity_slide=\u00bb5%\u00bb global_colors_info=\u00bb{}\u00bb][et_pb_text _builder_version=\u00bb4.18.0&#8243; _module_preset=\u00bbdefault\u00bb header_font=\u00bb|||on|||||\u00bb header_2_font=\u00bb|||on|||||\u00bb header_2_text_color=\u00bb#12284C\u00bb header_2_font_size=\u00bb22px\u00bb header_2_letter_spacing=\u00bb5px\u00bb header_3_font=\u00bb|||on|||||\u00bb header_3_font_size=\u00bb21px\u00bb header_3_letter_spacing=\u00bb5px\u00bb header_4_font=\u00bb|||on|||||\u00bb header_4_font_size=\u00bb22px\u00bb header_4_letter_spacing=\u00bb7px\u00bb custom_margin=\u00bb||40px||false|false\u00bb animation_style=\u00bbslide\u00bb animation_direction=\u00bbbottom\u00bb animation_duration=\u00bb850ms\u00bb animation_intensity_slide=\u00bb10%\u00bb global_colors_info=\u00bb{}\u00bb]<\/p>\n<p>M\u00e1s del 60% de los estadounidenses no tienen un testamento o un fideicomiso en vida que registre sus deseos finales para ellos, sus bienes y sus beneficiarios. Sin un testamento o un plan de sucesi\u00f3n, los miembros supervivientes de la familia se ven a veces enfrentados en batallas judiciales.<\/p>\n<p>La planificaci\u00f3n de la herencia elimina la incertidumbre y la posibilidad de conflictos legales al responder con suficiente antelaci\u00f3n a todas las preguntas importantes que pueden surgir cuando una persona fallece o queda incapacitada. Es el proceso de decidir qui\u00e9n pagar\u00e1 las facturas si una persona queda incapacitada y qu\u00e9 tipo de tratamiento m\u00e9dico quiere recibir, qui\u00e9n cuidar\u00e1 de los hijos supervivientes si uno de los padres fallece, qui\u00e9n recibir\u00e1 los bienes de la herencia del fallecido y c\u00f3mo deben transferirse los derechos en cualquier empresa en la que tenga intereses, y muchas otras consideraciones finales importantes.<\/p>\n<p>[\/et_pb_text][et_pb_divider color=\u00bb#F2F2F2&#8243; divider_weight=\u00bb2px\u00bb _builder_version=\u00bb4.18.0&#8243; _module_preset=\u00bbdefault\u00bb custom_margin=\u00bb||10px||false|false\u00bb animation_style=\u00bbslide\u00bb animation_duration=\u00bb850ms\u00bb animation_intensity_slide=\u00bb10%\u00bb global_colors_info=\u00bb{}\u00bb][\/et_pb_divider][et_pb_text module_class=\u00bbsubhead\u00bb _builder_version=\u00bb4.18.0&#8243; _module_preset=\u00bbdefault\u00bb header_font=\u00bb|||on|||||\u00bb header_2_font=\u00bb|||on|||||\u00bb header_2_text_color=\u00bb#12284C\u00bb header_2_font_size=\u00bb22px\u00bb header_2_letter_spacing=\u00bb5px\u00bb header_3_font=\u00bb|||on|||||\u00bb header_3_font_size=\u00bb21px\u00bb header_3_letter_spacing=\u00bb5px\u00bb header_4_font=\u00bb|||on|||||\u00bb header_4_font_size=\u00bb22px\u00bb header_4_letter_spacing=\u00bb7px\u00bb custom_margin=\u00bb||1px|||\u00bb animation_style=\u00bbslide\u00bb animation_direction=\u00bbbottom\u00bb animation_duration=\u00bb850ms\u00bb animation_intensity_slide=\u00bb10%\u00bb global_colors_info=\u00bb{}\u00bb]<\/p>\n<h2>Los testadores y el intestado<\/h2>\n<p>[\/et_pb_text][et_pb_text _builder_version=\u00bb4.18.0&#8243; _module_preset=\u00bbdefault\u00bb header_font=\u00bb|||on|||||\u00bb header_2_font=\u00bb|||on|||||\u00bb header_2_text_color=\u00bb#12284C\u00bb header_2_font_size=\u00bb22px\u00bb header_2_letter_spacing=\u00bb5px\u00bb header_3_font=\u00bb|||on|||||\u00bb header_3_font_size=\u00bb21px\u00bb header_3_letter_spacing=\u00bb5px\u00bb header_4_font=\u00bb|||on|||||\u00bb header_4_font_size=\u00bb22px\u00bb header_4_letter_spacing=\u00bb7px\u00bb custom_margin=\u00bb||17px||false|false\u00bb custom_padding=\u00bb||0px|||\u00bb animation_style=\u00bbslide\u00bb animation_direction=\u00bbbottom\u00bb animation_duration=\u00bb850ms\u00bb animation_intensity_slide=\u00bb10%\u00bb global_colors_info=\u00bb{}\u00bb]<\/p>\n<p>Las personas que fallecen sin planificar su patrimonio ni firmar un testamento se denominan \u00abintestadas\u00bb, lo que significa que sus bienes se distribuir\u00e1n a discreci\u00f3n del Estado, no seg\u00fan sus deseos expl\u00edcitos. Con la orientaci\u00f3n de un abogado experto en fideicomisos y herencias, los testadores (personas que han hecho un testamento) anticipan todas las posibilidades y desarrollan un plan que est\u00e9 de acuerdo con sus deseos.<\/p>\n<p>El objetivo de la planificaci\u00f3n patrimonial es m\u00e1s amplio que el de decidir qui\u00e9n se queda con qu\u00e9. Tambi\u00e9n incluye la elecci\u00f3n de qui\u00e9n administrar\u00e1 la herencia, el uso de ciertos bienes y los deseos m\u00e9dicos finales.<\/p>\n<p>Existe la idea err\u00f3nea de que la planificaci\u00f3n patrimonial es s\u00f3lo para personas extremadamente ricas. La palabra \u00abpatrimonio\u00bb evoca im\u00e1genes de costosas mansiones cerradas, pero en el contexto de la planificaci\u00f3n patrimonial, un patrimonio se refiere simplemente a todas las propiedades de una persona. La planificaci\u00f3n patrimonial es una herramienta legal com\u00fan e importante para cualquier persona que quiera proteger los intereses de su familia.<\/p>\n<p>[\/et_pb_text][et_pb_divider color=\u00bb#F2F2F2&#8243; divider_weight=\u00bb2px\u00bb _builder_version=\u00bb4.18.0&#8243; _module_preset=\u00bbdefault\u00bb custom_margin=\u00bb||10px||false|false\u00bb animation_style=\u00bbslide\u00bb animation_duration=\u00bb850ms\u00bb animation_intensity_slide=\u00bb10%\u00bb global_colors_info=\u00bb{}\u00bb][\/et_pb_divider][et_pb_text module_class=\u00bbsubhead\u00bb _builder_version=\u00bb4.18.0&#8243; _module_preset=\u00bbdefault\u00bb header_font=\u00bb|||on|||||\u00bb header_2_font=\u00bb|||on|||||\u00bb header_2_text_color=\u00bb#12284C\u00bb header_2_font_size=\u00bb22px\u00bb header_2_letter_spacing=\u00bb5px\u00bb header_3_font=\u00bb|||on|||||\u00bb header_3_font_size=\u00bb21px\u00bb header_3_letter_spacing=\u00bb5px\u00bb header_4_font=\u00bb|||on|||||\u00bb header_4_font_size=\u00bb22px\u00bb header_4_letter_spacing=\u00bb7px\u00bb custom_margin=\u00bb||1px|||\u00bb animation_style=\u00bbslide\u00bb animation_direction=\u00bbbottom\u00bb animation_duration=\u00bb850ms\u00bb animation_intensity_slide=\u00bb10%\u00bb global_colors_info=\u00bb{}\u00bb]<\/p>\n<h2>Cuestiones comunes del derecho de sucesiones<\/h2>\n<p>[\/et_pb_text][et_pb_text _builder_version=\u00bb4.18.0&#8243; _module_preset=\u00bbdefault\u00bb header_font=\u00bb|||on|||||\u00bb header_2_font=\u00bb|||on|||||\u00bb header_2_text_color=\u00bb#12284C\u00bb header_2_font_size=\u00bb22px\u00bb header_2_letter_spacing=\u00bb5px\u00bb header_3_font=\u00bb|||on|||||\u00bb header_3_font_size=\u00bb21px\u00bb header_3_letter_spacing=\u00bb5px\u00bb header_4_font=\u00bb|||on|||||\u00bb header_4_font_size=\u00bb22px\u00bb header_4_letter_spacing=\u00bb7px\u00bb custom_margin=\u00bb||19px||false|false\u00bb animation_style=\u00bbslide\u00bb animation_direction=\u00bbbottom\u00bb animation_duration=\u00bb850ms\u00bb animation_intensity_slide=\u00bb10%\u00bb global_colors_info=\u00bb{}\u00bb]<\/p>\n<ul>\n<li>Fideicomisos AB<\/li>\n<li>Beneficiarios<\/li>\n<li>Impuestos sobre el patrimonio<\/li>\n<li>Ejecutores<\/li>\n<li>Derecho de supervivencia en r\u00e9gimen de copropiedad<\/li>\n<li>Fideicomisos en vida<\/li>\n<li>Testamentos vitales<\/li>\n<li>Deducciones matrimoniales<\/li>\n<li>Poderes de representaci\u00f3n<\/li>\n<li>Sucesiones<\/li>\n<li>Fideicomiso QTIP<\/li>\n<li>Impuestos estatales sobre la muerte o la herencia<\/li>\n<li>Fideicomisos<\/li>\n<li>Testamentos<\/li>\n<\/ul>\n<p>[\/et_pb_text][et_pb_divider color=\u00bb#F2F2F2&#8243; divider_weight=\u00bb2px\u00bb _builder_version=\u00bb4.18.0&#8243; _module_preset=\u00bbdefault\u00bb custom_margin=\u00bb||10px||false|false\u00bb animation_style=\u00bbslide\u00bb animation_duration=\u00bb850ms\u00bb animation_intensity_slide=\u00bb10%\u00bb global_colors_info=\u00bb{}\u00bb][\/et_pb_divider][et_pb_text module_class=\u00bbsubhead\u00bb _builder_version=\u00bb4.18.0&#8243; _module_preset=\u00bbdefault\u00bb header_font=\u00bb|||on|||||\u00bb header_2_font=\u00bb|||on|||||\u00bb header_2_text_color=\u00bb#12284C\u00bb header_2_font_size=\u00bb22px\u00bb header_2_letter_spacing=\u00bb5px\u00bb header_3_font=\u00bb|||on|||||\u00bb header_3_font_size=\u00bb21px\u00bb header_3_letter_spacing=\u00bb5px\u00bb header_4_font=\u00bb|||on|||||\u00bb header_4_font_size=\u00bb22px\u00bb header_4_letter_spacing=\u00bb7px\u00bb custom_margin=\u00bb||1px|||\u00bb animation_style=\u00bbslide\u00bb animation_direction=\u00bbbottom\u00bb animation_duration=\u00bb850ms\u00bb animation_intensity_slide=\u00bb10%\u00bb global_colors_info=\u00bb{}\u00bb]<\/p>\n<h2>T\u00e9rminos clave que hay que entender en la planificaci\u00f3n de fideicomisos y patrimonios<\/h2>\n<p>[\/et_pb_text][et_pb_text _builder_version=\u00bb4.18.0&#8243; _module_preset=\u00bbdefault\u00bb header_font=\u00bb|||on|||||\u00bb header_2_font=\u00bb|||on|||||\u00bb header_2_text_color=\u00bb#12284C\u00bb header_2_font_size=\u00bb22px\u00bb header_2_letter_spacing=\u00bb5px\u00bb header_3_font=\u00bb|||on|||||\u00bb header_3_font_size=\u00bb21px\u00bb header_3_letter_spacing=\u00bb5px\u00bb header_4_font=\u00bb|||on|||||\u00bb header_4_font_size=\u00bb22px\u00bb header_4_letter_spacing=\u00bb7px\u00bb custom_margin=\u00bb||20px||false|false\u00bb animation_style=\u00bbslide\u00bb animation_direction=\u00bbbottom\u00bb animation_duration=\u00bb850ms\u00bb animation_intensity_slide=\u00bb10%\u00bb global_colors_info=\u00bb{}\u00bb]<\/p>\n<p><strong>Testamentos<\/strong><br \/>Un testamento es un documento legal que utiliza un lenguaje espec\u00edfico para registrar los deseos del testador. Incluye una lista de beneficiarios de los bienes del testador, establece qui\u00e9n debe tener la tutela de los hijos y los animales dom\u00e9sticos, y si deben crearse fideicomisos.<\/p>\n<p><strong>Fideicomisos<\/strong><br \/>Un fideicomiso es una relaci\u00f3n fiduciaria en la que una parte (el fideicomisario) mantiene los bienes de otra (el fideicomitente) en beneficio de una o varias personas (los beneficiarios). Los fideicomisos son \u00fatiles en la planificaci\u00f3n del patrimonio por varias razones. En primer lugar, ofrecen protecci\u00f3n a personas que pueden no estar preparadas para aceptar una herencia, como los hijos menores. Se puede crear un fideicomiso para proteger su herencia hasta que tengan la edad suficiente para gestionarla. En segundo lugar, los fideicomisos son \u00fatiles para evitar el proceso de sucesi\u00f3n, que es un procedimiento judicial potencialmente prolongado que supervisa la transferencia del patrimonio del fallecido.<\/p>\n<p><strong>AB Trust<\/strong><br \/>Tambi\u00e9n conocido como fideicomiso de derivaci\u00f3n, el fideicomiso AB es un instrumento legal que suelen utilizar las parejas casadas para limitar los impuestos sobre el patrimonio que tendr\u00e1 que pagar el c\u00f3nyuge superviviente. Se trata de la creaci\u00f3n de dos fideicomisos (A y B). El fideicomiso B contiene la parte del c\u00f3nyuge fallecido de los bienes de la pareja. Este fideicomiso pasar\u00e1 a beneficiarios distintos del c\u00f3nyuge superviviente (como los hijos de la pareja). El fideicomiso A contiene el resto de los bienes de la pareja. Cuando el c\u00f3nyuge superviviente fallece, ambos fideicomisos pasan a sus beneficiarios.<\/p>\n<p>Los fideicomisos AB son acuerdos legales complejos con muchas implicaciones fiscales. El IRS establece l\u00edmites al tama\u00f1o y la naturaleza de estos instrumentos (que pueden cambiar cuando se modifica el c\u00f3digo fiscal), por lo que consultar con un abogado experto en fideicomisos y herencias es esencial cuando se considera un fideicomiso de derivaci\u00f3n.<\/p>\n<p><strong>Deducci\u00f3n matrimonial<\/strong><br \/>Los impuestos sobre el patrimonio son impuestos federales que el IRS recauda cuando una persona fallece y transfiere sus bienes. Algunos estados tambi\u00e9n tienen sus propios impuestos sobre el patrimonio. Sin embargo, existen deducciones limitadas al impuesto sobre el patrimonio, la m\u00e1s notable de las cuales es la deducci\u00f3n matrimonial. Normalmente, los c\u00f3nyuges supervivientes no tienen que pagar impuestos sobre el patrimonio que heredan de su c\u00f3nyuge fallecido. No hay l\u00edmite en la cantidad de bienes que se pueden transferir de esta manera.<\/p>\n<p><strong>Fideicomiso QTIP<\/strong><br \/>Un fideicomiso de Inter\u00e9s Terminable Calificado (QTIP) es un fideicomiso irrevocable (un acuerdo de fideicomiso que no puede ser revocado o modificado) que da al c\u00f3nyuge superviviente un patrimonio vitalicio, un derecho a la propiedad hasta su propia muerte, despu\u00e9s de lo cual pasa a otro beneficiario. Este acuerdo evita los impuestos federales sobre las donaciones.<\/p>\n<p><strong>Sucesiones<\/strong><br \/>Antes de ejecutar un testamento y cumplir los deseos del testador, hay que verificar su voluntad. Ese proceso judicial se llama sucesi\u00f3n. Si una persona fallece intestada, un tribunal testamentario intentar\u00e1 determinar sus deseos finales, pero, naturalmente, eso es dif\u00edcil sin un registro escrito. Sin un testamento (o si el testamento no est\u00e1 preparado con instrucciones legales espec\u00edficas y claras), el proceso de sucesi\u00f3n puede ser bastante largo, retrasando la administraci\u00f3n de la herencia de la persona fallecida y la distribuci\u00f3n de sus bienes.<\/p>\n<p><strong>Ejecutor<\/strong><br \/>Un albacea es una o varias personas designadas para administrar la herencia del fallecido. Se encargan de distribuir los bienes de la herencia y cumplir los \u00faltimos deseos del fallecido. Si una persona no especifica un albacea en su testamento o muere intestado, el tribunal testamentario le asignar\u00e1 uno. Los albaceas tienen una gran responsabilidad, bastante discreci\u00f3n y tienen derecho a una compensaci\u00f3n por su funci\u00f3n, por lo que la elecci\u00f3n de uno es una parte importante de la planificaci\u00f3n del patrimonio.<\/p>\n<p><strong>Testamento vital<\/strong><br \/>Tambi\u00e9n conocido como directiva anticipada, el testamento vital es un documento legal que recoge los deseos de una persona para su atenci\u00f3n sanitaria en caso de que quede incapacitada.<\/p>\n<p><strong>Los testamentos vitales cubren cuestiones como:<\/strong><\/p>\n<ul>\n<li>Qui\u00e9n tomar\u00e1 las decisiones m\u00e9dicas<\/li>\n<li>Qu\u00e9 tipo de tratamiento debe (o no debe) darse<\/li>\n<li>D\u00f3nde debe tener lugar el tratamiento o los cuidados paliativos (por ejemplo, en casa o en un hospital)<\/li>\n<li>Hasta qu\u00e9 punto se debe informar a los seres queridos<\/li>\n<\/ul>\n<p><strong>Poderes<\/strong><br \/>La planificaci\u00f3n patrimonial puede preparar el caso de que una persona quede incapacitada eligiendo a alguien para que tenga su poder, es decir, el poder de actuar en su lugar y tomar decisiones legales, financieras y sanitarias en su nombre.<\/p>\n<p><strong>Derecho de supervivencia en com\u00fan<\/strong><br \/>Para evitar el tribunal testamentario, un abogado de planificaci\u00f3n patrimonial puede crear un acuerdo de tenencia conjunta, un contrato legal que permite a las parejas casadas y a los socios comerciales compartir la propiedad de los bienes con derechos de supervivencia, lo que significa que cuando uno de los propietarios fallece, el otro obtiene autom\u00e1ticamente la propiedad total. Dado que un acuerdo de tenencia conjunta con derechos de supervivencia transfiere los activos autom\u00e1ticamente, y dado que no hay confusi\u00f3n en cuanto a los deseos de las partes (suponiendo que el contrato est\u00e9 bien redactado), se puede evitar el tiempo y el esfuerzo de la sucesi\u00f3n.<\/p>\n<p>[\/et_pb_text][et_pb_divider color=\u00bb#F2F2F2&#8243; divider_weight=\u00bb2px\u00bb _builder_version=\u00bb4.18.0&#8243; _module_preset=\u00bbdefault\u00bb custom_margin=\u00bb||10px||false|false\u00bb animation_style=\u00bbslide\u00bb animation_duration=\u00bb850ms\u00bb animation_intensity_slide=\u00bb10%\u00bb global_colors_info=\u00bb{}\u00bb][\/et_pb_divider][et_pb_text module_class=\u00bbsubhead\u00bb _builder_version=\u00bb4.18.0&#8243; _module_preset=\u00bbdefault\u00bb header_font=\u00bb|||on|||||\u00bb header_2_font=\u00bb|||on|||||\u00bb header_2_text_color=\u00bb#12284C\u00bb header_2_font_size=\u00bb22px\u00bb header_2_letter_spacing=\u00bb5px\u00bb header_3_font=\u00bb|||on|||||\u00bb header_3_font_size=\u00bb21px\u00bb header_3_letter_spacing=\u00bb5px\u00bb header_4_font=\u00bb|||on|||||\u00bb header_4_font_size=\u00bb22px\u00bb header_4_letter_spacing=\u00bb7px\u00bb custom_margin=\u00bb||1px|||\u00bb animation_style=\u00bbslide\u00bb animation_direction=\u00bbbottom\u00bb animation_duration=\u00bb850ms\u00bb animation_intensity_slide=\u00bb10%\u00bb global_colors_info=\u00bb{}\u00bb]<\/p>\n<h2>La planificaci\u00f3n patrimonial debe ser un proceso continuo&nbsp;<\/h2>\n<p>[\/et_pb_text][et_pb_text _builder_version=\u00bb4.18.0&#8243; _module_preset=\u00bbdefault\u00bb header_font=\u00bb|||on|||||\u00bb header_2_font=\u00bb|||on|||||\u00bb header_2_text_color=\u00bb#12284C\u00bb header_2_font_size=\u00bb22px\u00bb header_2_letter_spacing=\u00bb5px\u00bb header_3_font=\u00bb|||on|||||\u00bb header_3_font_size=\u00bb21px\u00bb header_3_letter_spacing=\u00bb5px\u00bb header_4_font=\u00bb|||on|||||\u00bb header_4_font_size=\u00bb22px\u00bb header_4_letter_spacing=\u00bb7px\u00bb custom_margin=\u00bb||20px||false|false\u00bb animation_style=\u00bbslide\u00bb animation_direction=\u00bbbottom\u00bb animation_duration=\u00bb850ms\u00bb animation_intensity_slide=\u00bb10%\u00bb global_colors_info=\u00bb{}\u00bb]<\/p>\n<p>A medida que los acontecimientos de la vida de una persona cambian, y a medida que los impuestos estatales y federales sobre el patrimonio cambian, es importante consultar con un experto en planificaci\u00f3n del patrimonio y revisar y potencialmente ajustar sus testamentos, fideicomisos, directivas anticipadas y otros documentos legales que registran sus deseos finales. Un enfoque individualizado que tiene en cuenta los medios m\u00e1s eficaces para minimizar las obligaciones fiscales y evitar los conflictos legales garantiza la protecci\u00f3n de los seres queridos del fallecido.<\/p>\n<p>[\/et_pb_text][et_pb_text _builder_version=\u00bb4.18.0&#8243; _module_preset=\u00bbdefault\u00bb link_text_color=\u00bb#4295C9&#8243; header_2_font_size=\u00bb30px\u00bb header_2_line_height=\u00bb1.2em\u00bb global_colors_info=\u00bb{}\u00bb link_text_color__hover_enabled=\u00bbon|desktop\u00bb link_text_color__hover=\u00bb#EAAB42&#8243;]<\/p>\n<h2>Si est\u00e1 interesado en comenzar su planificaci\u00f3n patrimonial o en revisar su plan actual y necesita hablar con un abogado con experiencia en fideicomisos y patrimonios, Pond Lehocky Giordano le ofrece una consulta completamente gratuita y confidencial. Para m\u00e1s informaci\u00f3n, llame al 1-800-568-7500 o rellene el formulario de esta p\u00e1gina.<\/h2>\n<p>[\/et_pb_text][\/et_pb_column][et_pb_column type=\u00bb1_3&#8243; _builder_version=\u00bb4.17.6&#8243; _module_preset=\u00bbdefault\u00bb animation_style=\u00bbslide\u00bb animation_direction=\u00bbbottom\u00bb animation_duration=\u00bb850ms\u00bb animation_delay=\u00bb50ms\u00bb animation_intensity_slide=\u00bb5%\u00bb global_colors_info=\u00bb{}\u00bb][et_pb_wpt_gravityform gravityform_id=\u00bbgf-1&#8243; description_custom_margin=\u00bb10px|0|16px|0|false|false\u00bb description_custom_padding=\u00bb0|0px|0|0|false|false\u00bb field_container_custom_margin=\u00bb20px|0|0|0|false|false\u00bb input_container_custom_margin=\u00bb0px|0|0|0|false|false\u00bb text_input_bg_color=\u00bb#FFFFFF\u00bb label_custom_margin=\u00bb5px|0|5px|0|false|false\u00bb title_custom_margin=\u00bb0px|0|0px|0|false|false\u00bb _builder_version=\u00bb4.20.2&#8243; _module_preset=\u00bbdefault\u00bb title_text_color=\u00bb#12284C\u00bb title_font_size=\u00bb36px\u00bb description_font=\u00bb|||on|||||\u00bb description_text_color=\u00bb#12284C\u00bb description_font_size=\u00bb18px\u00bb description_letter_spacing=\u00bb4px\u00bb description_line_height=\u00bb1.3em\u00bb label_text_color=\u00bb#000000&#8243; label_font_size=\u00bb18px\u00bb background_color=\u00bb#F2F2F2&#8243; custom_form_button=\u00bbon\u00bb form_button_text_color=\u00bb#12284C\u00bb form_button_bg_color=\u00bb#EAAB42&#8243; form_button_border_width=\u00bb0px\u00bb form_button_font=\u00bb|||on|||||\u00bb custom_padding=\u00bb15px|20px|15px|20px|true|true\u00bb hover_enabled=\u00bb0&#8243; custom_css_text_field=\u00bbwidth:100%;\u00bb custom_css_textarea_field=\u00bbwidth:100%;\u00bb custom_css_select_field=\u00bbwidth:100%;\u00bb custom_css_button=\u00bbwidth:100%;\u00bb border_color_all_input_general=\u00bb#dbdbdb\u00bb global_module=\u00bb206&#8243; global_colors_info=\u00bb{}\u00bb form_button_bg_color__hover_enabled=\u00bbon|desktop\u00bb form_button_bg_color__hover=\u00bb#12284C\u00bb form_button_bg_enable_color__hover=\u00bbon\u00bb form_button_text_color__hover_enabled=\u00bbon|desktop\u00bb form_button_text_color__hover=\u00bb#EAAB42&#8243; sticky_enabled=\u00bb0&#8243;][\/et_pb_wpt_gravityform][\/et_pb_column][\/et_pb_row][\/et_pb_section]<\/p>\n","protected":false},"excerpt":{"rendered":"<p>\u00c1reas de pr\u00e1cticaM\u00e1s del 60% de los estadounidenses no tienen un testamento o un fideicomiso en vida que registre sus deseos finales para ellos, sus bienes y sus beneficiarios. Sin un testamento o un plan de sucesi\u00f3n, los miembros supervivientes de la familia se ven a veces enfrentados en batallas judiciales. La planificaci\u00f3n de la [&hellip;]<\/p>\n","protected":false},"author":1,"featured_media":0,"parent":5569,"menu_order":0,"comment_status":"closed","ping_status":"closed","template":"","meta":{"_et_pb_use_builder":"on","_et_pb_old_content":"","_et_gb_content_width":"","footnotes":""},"class_list":["post-5598","page","type-page","status-publish","hentry"],"acf":[],"_links":{"self":[{"href":"https:\/\/old.pondlehocky.com\/es\/wp-json\/wp\/v2\/pages\/5598","targetHints":{"allow":["GET"]}}],"collection":[{"href":"https:\/\/old.pondlehocky.com\/es\/wp-json\/wp\/v2\/pages"}],"about":[{"href":"https:\/\/old.pondlehocky.com\/es\/wp-json\/wp\/v2\/types\/page"}],"author":[{"embeddable":true,"href":"https:\/\/old.pondlehocky.com\/es\/wp-json\/wp\/v2\/users\/1"}],"replies":[{"embeddable":true,"href":"https:\/\/old.pondlehocky.com\/es\/wp-json\/wp\/v2\/comments?post=5598"}],"version-history":[{"count":0,"href":"https:\/\/old.pondlehocky.com\/es\/wp-json\/wp\/v2\/pages\/5598\/revisions"}],"up":[{"embeddable":true,"href":"https:\/\/old.pondlehocky.com\/es\/wp-json\/wp\/v2\/pages\/5569"}],"wp:attachment":[{"href":"https:\/\/old.pondlehocky.com\/es\/wp-json\/wp\/v2\/media?parent=5598"}],"curies":[{"name":"wp","href":"https:\/\/api.w.org\/{rel}","templated":true}]}}