{"id":5585,"date":"2022-08-25T14:30:32","date_gmt":"2022-08-25T14:30:32","guid":{"rendered":"https:\/\/old.pondlehocky.com\/areas-de-practica\/discapacidad-de-la-seguridad-social\/"},"modified":"2023-01-13T16:52:28","modified_gmt":"2023-01-13T16:52:28","slug":"discapacidad-de-la-seguridad-social","status":"publish","type":"page","link":"https:\/\/old.pondlehocky.com\/es\/areas-de-practica\/discapacidad-de-la-seguridad-social\/","title":{"rendered":"Discapacidad de la Seguridad Social"},"content":{"rendered":"<p>[et_pb_section fb_built=\u00bb1&#8243; custom_padding_last_edited=\u00bbon|phone\u00bb _builder_version=\u00bb4.18.0&#8243; _module_preset=\u00bbdefault\u00bb background_image=\u00bbhttps:\/\/old.pondlehocky.com\/wp-content\/uploads\/2022\/08\/practice-areas-bg.jpg\u00bb background_position=\u00bbtop_center\u00bb min_height=\u00bb325px\u00bb custom_margin=\u00bb0px||0px||false|false\u00bb custom_padding=\u00bb100px||0px||false|false\u00bb custom_padding_tablet=\u00bb100px||0px||false|false\u00bb custom_padding_phone=\u00bb50px||||false|false\u00bb global_colors_info=\u00bb{}\u00bb][et_pb_row _builder_version=\u00bb4.17.6&#8243; _module_preset=\u00bbdefault\u00bb global_colors_info=\u00bb{}\u00bb][et_pb_column type=\u00bb4_4&#8243; _builder_version=\u00bb4.17.6&#8243; _module_preset=\u00bbdefault\u00bb global_colors_info=\u00bb{}\u00bb][et_pb_text module_class=\u00bbbreadcrumb\u00bb _builder_version=\u00bb4.18.0&#8243; _module_preset=\u00bbdefault\u00bb text_font=\u00bb|||on|||||\u00bb text_text_color=\u00bb#4295C9&#8243; link_text_color=\u00bb#EAAB42&#8243; link_font_size=\u00bb22px\u00bb link_letter_spacing=\u00bb5px\u00bb header_2_font=\u00bb|||on|||||\u00bb header_2_text_color=\u00bb#EAAB42&#8243; header_2_font_size=\u00bb18px\u00bb header_2_letter_spacing=\u00bb6px\u00bb custom_margin=\u00bb||-3px|||\u00bb animation_style=\u00bbslide\u00bb animation_direction=\u00bbbottom\u00bb animation_duration=\u00bb850ms\u00bb animation_intensity_slide=\u00bb10%\u00bb global_colors_info=\u00bb{}\u00bb link_text_color__hover=\u00bb#FFFFFF\u00bb link_text_color__hover_enabled=\u00bbon|desktop\u00bb]<a href=\"https:\/\/old.pondlehocky.com\/es\/areas-de-practica\/\">\u00c1reas de pr\u00e1ctica<\/a>[\/et_pb_text][et_pb_text _builder_version=\u00bb4.18.0&#8243; _dynamic_attributes=\u00bbcontent\u00bb _module_preset=\u00bbdefault\u00bb link_text_color=\u00bb#4295C9&#8243; header_text_color=\u00bb#FFFFFF\u00bb header_font_size=\u00bb72px\u00bb animation_style=\u00bbslide\u00bb animation_direction=\u00bbbottom\u00bb animation_duration=\u00bb850ms\u00bb animation_intensity_slide=\u00bb10%\u00bb header_text_shadow_style=\u00bbpreset1&#8243; header_text_shadow_vertical_length=\u00bb0.08em\u00bb header_text_shadow_color=\u00bbrgba(18,40,76,0.15)\u00bb global_colors_info=\u00bb{}\u00bb link_text_color__hover=\u00bb#EAAB42&#8243; link_text_color__hover_enabled=\u00bbon|hover\u00bb]@ET-DC@eyJkeW5hbWljIjp0cnVlLCJjb250ZW50IjoicG9zdF90aXRsZSIsInNldHRpbmdzIjp7ImJlZm9yZSI6IjxoMT4iLCJhZnRlciI6IjxcL2gxPiJ9fQ==@[\/et_pb_text][\/et_pb_column][\/et_pb_row][\/et_pb_section][et_pb_section fb_built=\u00bb1&#8243; _builder_version=\u00bb4.17.6&#8243; _module_preset=\u00bbdefault\u00bb custom_padding=\u00bb||19px|||\u00bb global_colors_info=\u00bb{}\u00bb][et_pb_row column_structure=\u00bb2_3,1_3&#8243; _builder_version=\u00bb4.17.6&#8243; _module_preset=\u00bbdefault\u00bb custom_padding=\u00bb||0px|||\u00bb global_colors_info=\u00bb{}\u00bb][et_pb_column type=\u00bb2_3&#8243; _builder_version=\u00bb4.17.6&#8243; _module_preset=\u00bbdefault\u00bb animation_style=\u00bbslide\u00bb animation_direction=\u00bbbottom\u00bb animation_duration=\u00bb850ms\u00bb animation_intensity_slide=\u00bb5%\u00bb global_colors_info=\u00bb{}\u00bb][et_pb_text _builder_version=\u00bb4.19.2&#8243; _module_preset=\u00bbdefault\u00bb header_font=\u00bb|||on|||||\u00bb header_2_font=\u00bb|||on|||||\u00bb header_2_text_color=\u00bb#12284C\u00bb header_2_font_size=\u00bb22px\u00bb header_2_letter_spacing=\u00bb5px\u00bb header_3_font=\u00bb|||on|||||\u00bb header_3_font_size=\u00bb21px\u00bb header_3_letter_spacing=\u00bb5px\u00bb header_4_font=\u00bb|||on|||||\u00bb header_4_font_size=\u00bb22px\u00bb header_4_letter_spacing=\u00bb7px\u00bb custom_margin=\u00bb||40px||false|false\u00bb animation_style=\u00bbslide\u00bb animation_direction=\u00bbbottom\u00bb animation_duration=\u00bb850ms\u00bb animation_intensity_slide=\u00bb10%\u00bb global_colors_info=\u00bb{}\u00bb]<\/p>\n<p>El gobierno estadounidense reconoce que las enfermedades y lesiones, tanto repentinas como cr\u00f3nicas, pueden impedir que las personas contin\u00faen en su empleo. El Seguro de Invalidez de la Seguridad Social (SSDI) es un programa de seguros gestionado por la Administraci\u00f3n de la Seguridad Social (SSA) para ayudar a los estadounidenses que se encuentran m\u00e9dicamente incapacitados para trabajar.<\/p>\n<p>El SSDI no es una limosna ni un programa de asistencia social; es un seguro al que los trabajadores contribuyen autom\u00e1ticamente a trav\u00e9s de los impuestos sobre sus ingresos laborales. Un porcentaje de cada sueldo se destina al Fondo Fiduciario de Discapacidad de la SSA, que desembolsa esos fondos a personas discapacitadas de todas las edades e historiales laborales. Cualquier persona que est\u00e9 incapacitada por cualquier condici\u00f3n m\u00e9dica que le impida trabajar y que cumpla con ciertos requisitos de elegibilidad puede solicitar y potencialmente recibir beneficios del SSDI.<\/p>\n<p>Dado que el proceso de solicitud puede ser confuso, complejo y poco familiar para aquellos que no tienen experiencia en navegar por grandes instituciones burocr\u00e1ticas, es muy recomendable que los solicitantes encuentren apoyo en expertos legales como Pond Lehocky Giordano para guiarles en cada paso del camino.<\/p>\n<p>[\/et_pb_text][et_pb_divider color=\u00bb#F2F2F2&#8243; divider_weight=\u00bb2px\u00bb _builder_version=\u00bb4.18.0&#8243; _module_preset=\u00bbdefault\u00bb custom_margin=\u00bb||10px||false|false\u00bb animation_style=\u00bbslide\u00bb animation_duration=\u00bb850ms\u00bb animation_intensity_slide=\u00bb10%\u00bb global_colors_info=\u00bb{}\u00bb][\/et_pb_divider][et_pb_text module_class=\u00bbsubhead\u00bb _builder_version=\u00bb4.19.2&#8243; _module_preset=\u00bbdefault\u00bb header_font=\u00bb|||on|||||\u00bb header_2_font=\u00bb|||on|||||\u00bb header_2_text_color=\u00bb#12284C\u00bb header_2_font_size=\u00bb22px\u00bb header_2_letter_spacing=\u00bb5px\u00bb header_3_font=\u00bb|||on|||||\u00bb header_3_font_size=\u00bb21px\u00bb header_3_letter_spacing=\u00bb5px\u00bb header_4_font=\u00bb|||on|||||\u00bb header_4_font_size=\u00bb22px\u00bb header_4_letter_spacing=\u00bb7px\u00bb custom_margin=\u00bb||1px|||\u00bb animation_style=\u00bbslide\u00bb animation_direction=\u00bbbottom\u00bb animation_duration=\u00bb850ms\u00bb animation_intensity_slide=\u00bb10%\u00bb global_colors_info=\u00bb{}\u00bb]<\/p>\n<h2>Condiciones de invalidez<\/h2>\n<p>[\/et_pb_text][et_pb_text _builder_version=\u00bb4.18.0&#8243; _module_preset=\u00bbdefault\u00bb header_font=\u00bb|||on|||||\u00bb header_2_font=\u00bb|||on|||||\u00bb header_2_text_color=\u00bb#12284C\u00bb header_2_font_size=\u00bb22px\u00bb header_2_letter_spacing=\u00bb5px\u00bb header_3_font=\u00bb|||on|||||\u00bb header_3_font_size=\u00bb21px\u00bb header_3_letter_spacing=\u00bb5px\u00bb header_4_font=\u00bb|||on|||||\u00bb header_4_font_size=\u00bb22px\u00bb header_4_letter_spacing=\u00bb7px\u00bb custom_margin=\u00bb||-1px||false|false\u00bb animation_style=\u00bbslide\u00bb animation_direction=\u00bbbottom\u00bb animation_duration=\u00bb850ms\u00bb animation_intensity_slide=\u00bb10%\u00bb global_colors_info=\u00bb{}\u00bb]<\/p>\n<p><strong>El primer paso para solicitar las prestaciones del SSDI es demostrar la existencia de una discapacidad a la SSA. Las condiciones m\u00e9dicas que pueden dar lugar a una determinaci\u00f3n de discapacidad incluyen (pero no se limitan a):<\/strong><\/p>\n<p>[\/et_pb_text][et_pb_text _builder_version=\u00bb4.18.0&#8243; _module_preset=\u00bbdefault\u00bb header_font=\u00bb|||on|||||\u00bb header_2_font=\u00bb|||on|||||\u00bb header_2_text_color=\u00bb#12284C\u00bb header_2_font_size=\u00bb22px\u00bb header_2_letter_spacing=\u00bb5px\u00bb header_3_font=\u00bb|||on|||||\u00bb header_3_font_size=\u00bb21px\u00bb header_3_letter_spacing=\u00bb5px\u00bb header_4_font=\u00bb|||on|||||\u00bb header_4_font_size=\u00bb22px\u00bb header_4_letter_spacing=\u00bb7px\u00bb custom_margin=\u00bb||40px||false|false\u00bb animation_style=\u00bbslide\u00bb animation_direction=\u00bbbottom\u00bb animation_duration=\u00bb850ms\u00bb animation_intensity_slide=\u00bb10%\u00bb custom_css_main_element=\u00bbdisplay:inline-block;||width:50%;\u00bb global_colors_info=\u00bb{}\u00bb]<\/p>\n<ul>\n<li>Dolor de espalda<\/li>\n<li>Dolor de cuello<\/li>\n<li>Dolor de hombro<\/li>\n<li>Problemas de cadera, rodilla o mano<\/li>\n<li>Artritis<\/li>\n<li>Fibromialgia<\/li>\n<li>Diabetes<\/li>\n<li>Dolores de cabeza<\/li>\n<li>Enfermedades del coraz\u00f3n<\/li>\n<\/ul>\n<p>\t[\/et_pb_text][et_pb_text _builder_version=\u00bb4.18.0&#8243; _module_preset=\u00bbdefault\u00bb header_font=\u00bb|||on|||||\u00bb header_2_font=\u00bb|||on|||||\u00bb header_2_text_color=\u00bb#12284C\u00bb header_2_font_size=\u00bb22px\u00bb header_2_letter_spacing=\u00bb5px\u00bb header_3_font=\u00bb|||on|||||\u00bb header_3_font_size=\u00bb21px\u00bb header_3_letter_spacing=\u00bb5px\u00bb header_4_font=\u00bb|||on|||||\u00bb header_4_font_size=\u00bb22px\u00bb header_4_letter_spacing=\u00bb7px\u00bb custom_margin=\u00bb||40px||false|false\u00bb custom_padding=\u00bb||0px|||\u00bb animation_style=\u00bbslide\u00bb animation_direction=\u00bbbottom\u00bb animation_duration=\u00bb850ms\u00bb animation_intensity_slide=\u00bb10%\u00bb hover_enabled=\u00bb0&#8243; custom_css_main_element=\u00bbdisplay:inline-block;||width:50%;\u00bb global_colors_info=\u00bb{}\u00bb sticky_enabled=\u00bb0&#8243;]<\/p>\n<ul>\n<li>Ansiedad y depresi\u00f3n<\/li>\n<li>Enfermedad de Crohn y SII<\/li>\n<li>C\u00e1ncer<\/li>\n<li>Lupus<\/li>\n<li>Epilepsia<\/li>\n<li>Esclerosis m\u00faltiple<\/li>\n<li>Enfermedad de Parkinson<\/li>\n<li>Fatiga cr\u00f3nica<\/li>\n<li>Accidente cerebrovascular<\/li>\n<\/ul>\n<p>[\/et_pb_text][et_pb_text _builder_version=\u00bb4.18.0&#8243; _module_preset=\u00bbdefault\u00bb header_font=\u00bb|||on|||||\u00bb header_2_font=\u00bb|||on|||||\u00bb header_2_text_color=\u00bb#12284C\u00bb header_2_font_size=\u00bb22px\u00bb header_2_letter_spacing=\u00bb5px\u00bb header_3_font=\u00bb|||on|||||\u00bb header_3_font_size=\u00bb21px\u00bb header_3_letter_spacing=\u00bb5px\u00bb header_4_font=\u00bb|||on|||||\u00bb header_4_font_size=\u00bb22px\u00bb header_4_letter_spacing=\u00bb7px\u00bb custom_margin=\u00bb-37px||40px||false|false\u00bb animation_style=\u00bbslide\u00bb animation_direction=\u00bbbottom\u00bb animation_duration=\u00bb850ms\u00bb animation_intensity_slide=\u00bb10%\u00bb global_colors_info=\u00bb{}\u00bb]<\/p>\n<p>A m\u00e1s del 70 por ciento de las personas se les deniegan las prestaciones del SSDI la primera vez que las solicitan. Un equipo jur\u00eddico decidido y bien informado es esencial para agilizar lo que puede ser un proceso arduo y plagado de posibles escollos. Adem\u00e1s, incluso si una persona ha sido denegada en su solicitud de SSDI, tiene derecho a volver a solicitarlo a trav\u00e9s de un proceso de apelaci\u00f3n.<\/p>\n<p>[\/et_pb_text][et_pb_divider color=\u00bb#F2F2F2&#8243; divider_weight=\u00bb2px\u00bb _builder_version=\u00bb4.18.0&#8243; _module_preset=\u00bbdefault\u00bb custom_margin=\u00bb||10px||false|false\u00bb animation_style=\u00bbslide\u00bb animation_duration=\u00bb850ms\u00bb animation_intensity_slide=\u00bb10%\u00bb global_colors_info=\u00bb{}\u00bb][\/et_pb_divider][et_pb_text module_class=\u00bbsubhead\u00bb _builder_version=\u00bb4.18.0&#8243; _module_preset=\u00bbdefault\u00bb header_font=\u00bb|||on|||||\u00bb header_2_font=\u00bb|||on|||||\u00bb header_2_text_color=\u00bb#12284C\u00bb header_2_font_size=\u00bb22px\u00bb header_2_letter_spacing=\u00bb5px\u00bb header_3_font=\u00bb|||on|||||\u00bb header_3_font_size=\u00bb21px\u00bb header_3_letter_spacing=\u00bb5px\u00bb header_4_font=\u00bb|||on|||||\u00bb header_4_font_size=\u00bb22px\u00bb header_4_letter_spacing=\u00bb7px\u00bb custom_margin=\u00bb||1px|||\u00bb animation_style=\u00bbslide\u00bb animation_direction=\u00bbbottom\u00bb animation_duration=\u00bb850ms\u00bb animation_intensity_slide=\u00bb10%\u00bb global_colors_info=\u00bb{}\u00bb]<\/p>\n<h2>Elegibilidad<\/h2>\n<p>[\/et_pb_text][et_pb_text _builder_version=\u00bb4.18.0&#8243; _module_preset=\u00bbdefault\u00bb header_font=\u00bb|||on|||||\u00bb header_2_font=\u00bb|||on|||||\u00bb header_2_text_color=\u00bb#12284C\u00bb header_2_font_size=\u00bb22px\u00bb header_2_letter_spacing=\u00bb5px\u00bb header_3_font=\u00bb|||on|||||\u00bb header_3_font_size=\u00bb21px\u00bb header_3_letter_spacing=\u00bb5px\u00bb header_4_font=\u00bb|||on|||||\u00bb header_4_font_size=\u00bb22px\u00bb header_4_letter_spacing=\u00bb7px\u00bb custom_margin=\u00bb||40px||false|false\u00bb animation_style=\u00bbslide\u00bb animation_direction=\u00bbbottom\u00bb animation_duration=\u00bb850ms\u00bb animation_intensity_slide=\u00bb10%\u00bb global_colors_info=\u00bb{}\u00bb]<\/p>\n<p>El SSDI est\u00e1 disponible para las personas que han pagado a la SSA a trav\u00e9s de sus impuestos durante un per\u00edodo de tiempo antes de quedar discapacitadas. Ese tiempo var\u00eda, pero suele ser cinco de los \u00faltimos diez a\u00f1os.<\/p>\n<p>Sin embargo, las personas que no han trabajado o pagado impuestos en muchos a\u00f1os, que s\u00f3lo han trabajado durante un breve per\u00edodo de tiempo, o que nunca han trabajado o pagado impuestos todav\u00eda pueden ser elegibles para un programa diferente de la SSA llamado Seguridad de Ingreso Suplementario (SSI).<\/p>\n<p>Los requisitos para acceder al SSI se basan en directrices financieras similares a las de la asistencia p\u00fablica o la ayuda social. Pueden optar a ella las personas que no trabajen o que ganen menos de 1.310 d\u00f3lares de ingresos brutos al mes y que tengan una enfermedad que les impida o limite considerablemente su capacidad de trabajar.<\/p>\n<p>La SSA tiene en cuenta la edad a la hora de determinar tanto el SSDI como el SSI. Las personas de entre 18 y 49 a\u00f1os de edad deben demostrar que tienen unas condiciones tan graves que les impiden continuar con su tipo de empleo anterior o con cualquier otro tipo de trabajo en la econom\u00eda nacional.<\/p>\n<p>El list\u00f3n para que la solicitud tenga \u00e9xito es m\u00e1s bajo para las personas mayores de 50 a\u00f1os, sobre todo si el trabajo que realizaban anteriormente era de naturaleza f\u00edsica.<\/p>\n<p>[\/et_pb_text][et_pb_divider color=\u00bb#F2F2F2&#8243; divider_weight=\u00bb2px\u00bb _builder_version=\u00bb4.18.0&#8243; _module_preset=\u00bbdefault\u00bb custom_margin=\u00bb||10px||false|false\u00bb animation_style=\u00bbslide\u00bb animation_duration=\u00bb850ms\u00bb animation_intensity_slide=\u00bb10%\u00bb global_colors_info=\u00bb{}\u00bb][\/et_pb_divider][et_pb_text module_class=\u00bbsubhead\u00bb _builder_version=\u00bb4.18.0&#8243; _module_preset=\u00bbdefault\u00bb header_font=\u00bb|||on|||||\u00bb header_2_font=\u00bb|||on|||||\u00bb header_2_text_color=\u00bb#12284C\u00bb header_2_font_size=\u00bb22px\u00bb header_2_letter_spacing=\u00bb5px\u00bb header_3_font=\u00bb|||on|||||\u00bb header_3_font_size=\u00bb21px\u00bb header_3_letter_spacing=\u00bb5px\u00bb header_4_font=\u00bb|||on|||||\u00bb header_4_font_size=\u00bb22px\u00bb header_4_letter_spacing=\u00bb7px\u00bb custom_margin=\u00bb||1px|||\u00bb animation_style=\u00bbslide\u00bb animation_direction=\u00bbbottom\u00bb animation_duration=\u00bb850ms\u00bb animation_intensity_slide=\u00bb10%\u00bb global_colors_info=\u00bb{}\u00bb]<\/p>\n<h2>Prestaciones por discapacidad<\/h2>\n<p>[\/et_pb_text][et_pb_text _builder_version=\u00bb4.18.0&#8243; _module_preset=\u00bbdefault\u00bb header_font=\u00bb|||on|||||\u00bb header_2_font=\u00bb|||on|||||\u00bb header_2_text_color=\u00bb#12284C\u00bb header_2_font_size=\u00bb22px\u00bb header_2_letter_spacing=\u00bb5px\u00bb header_3_font=\u00bb|||on|||||\u00bb header_3_font_size=\u00bb21px\u00bb header_3_letter_spacing=\u00bb5px\u00bb header_4_font=\u00bb|||on|||||\u00bb header_4_font_size=\u00bb22px\u00bb header_4_letter_spacing=\u00bb7px\u00bb custom_margin=\u00bb||40px||false|false\u00bb animation_style=\u00bbslide\u00bb animation_direction=\u00bbbottom\u00bb animation_duration=\u00bb850ms\u00bb animation_intensity_slide=\u00bb10%\u00bb global_colors_info=\u00bb{}\u00bb]<\/p>\n<p><strong>Si un solicitante es aprobado para las prestaciones del SSDI, puede recibir:<\/strong><\/p>\n<ul>\n<li>Pagos mensuales<\/li>\n<li>Pagos retroactivos (seg\u00fan la fecha en que se determin\u00f3 la discapacidad)<\/li>\n<li>Seguro de salud en el marco de Medicare en los dos a\u00f1os siguientes a la fecha en que se tiene derecho a la invalidez<\/li>\n<li>Prestaciones mensuales adicionales a cualquiera de los hijos del solicitante menores de 18 a\u00f1os<\/li>\n<\/ul>\n<p>[\/et_pb_text][\/et_pb_column][et_pb_column type=\u00bb1_3&#8243; _builder_version=\u00bb4.17.6&#8243; _module_preset=\u00bbdefault\u00bb animation_style=\u00bbslide\u00bb animation_direction=\u00bbbottom\u00bb animation_duration=\u00bb850ms\u00bb animation_delay=\u00bb50ms\u00bb animation_intensity_slide=\u00bb5%\u00bb global_colors_info=\u00bb{}\u00bb][et_pb_wpt_gravityform gravityform_id=\u00bbgf-1&#8243; description_custom_margin=\u00bb10px|0|16px|0|false|false\u00bb description_custom_padding=\u00bb0|0px|0|0|false|false\u00bb field_container_custom_margin=\u00bb20px|0|0|0|false|false\u00bb input_container_custom_margin=\u00bb0px|0|0|0|false|false\u00bb text_input_bg_color=\u00bb#FFFFFF\u00bb label_custom_margin=\u00bb5px|0|5px|0|false|false\u00bb title_custom_margin=\u00bb0px|0|0px|0|false|false\u00bb _builder_version=\u00bb4.19.0&#8243; _module_preset=\u00bbdefault\u00bb title_text_color=\u00bb#12284C\u00bb title_font_size=\u00bb36px\u00bb description_font=\u00bb|||on|||||\u00bb description_text_color=\u00bb#12284C\u00bb description_font_size=\u00bb18px\u00bb description_letter_spacing=\u00bb4px\u00bb description_line_height=\u00bb1.3em\u00bb label_text_color=\u00bb#000000&#8243; label_font_size=\u00bb18px\u00bb background_color=\u00bb#F2F2F2&#8243; custom_form_button=\u00bbon\u00bb form_button_text_color=\u00bb#12284C\u00bb form_button_bg_color=\u00bb#EAAB42&#8243; form_button_border_width=\u00bb0px\u00bb form_button_font=\u00bb|||on|||||\u00bb custom_padding=\u00bb15px|20px|15px|20px|true|true\u00bb custom_css_text_field=\u00bbwidth:100%;\u00bb custom_css_textarea_field=\u00bbwidth:100%;\u00bb custom_css_select_field=\u00bbwidth:100%;\u00bb custom_css_button=\u00bbwidth:100%;\u00bb border_color_all_input_general=\u00bb#dbdbdb\u00bb global_module=\u00bb206&#8243; global_colors_info=\u00bb{}\u00bb form_button_bg_color__hover_enabled=\u00bbon|desktop\u00bb form_button_bg_color__hover=\u00bb#12284C\u00bb form_button_bg_enable_color__hover=\u00bbon\u00bb form_button_text_color__hover_enabled=\u00bbon|desktop\u00bb form_button_text_color__hover=\u00bb#EAAB42&#8243;][\/et_pb_wpt_gravityform][\/et_pb_column][\/et_pb_row][et_pb_row column_structure=\u00bb1_5,3_5,1_5&#8243; use_custom_gutter=\u00bbon\u00bb gutter_width=\u00bb1&#8243; _builder_version=\u00bb4.18.0&#8243; _module_preset=\u00bbdefault\u00bb width=\u00bb100%\u00bb custom_padding=\u00bb7px|||||\u00bb global_colors_info=\u00bb{}\u00bb][et_pb_column type=\u00bb1_5&#8243; _builder_version=\u00bb4.18.0&#8243; _module_preset=\u00bbdefault\u00bb global_colors_info=\u00bb{}\u00bb][et_pb_image src=\u00bbhttps:\/\/old.pondlehocky.com\/wp-content\/uploads\/2022\/08\/SSBrochure.jpg\u00bb alt=\u00bbDiscapacidad de la Seguridad Social\u00bb title_text=\u00bbFolleto SSB\u00bb _builder_version=\u00bb4.18.0&#8243; _module_preset=\u00bbdefault\u00bb width=\u00bb100%\u00bb global_colors_info=\u00bb{}\u00bb][\/et_pb_image][\/et_pb_column][et_pb_column type=\u00bb3_5&#8243; _builder_version=\u00bb4.18.0&#8243; _module_preset=\u00bbdefault\u00bb custom_padding=\u00bb75px||||false|false\u00bb global_colors_info=\u00bb{}\u00bb][et_pb_text _builder_version=\u00bb4.18.0&#8243; _module_preset=\u00bbdefault\u00bb link_text_color=\u00bb#4295C9&#8243; header_2_font_size=\u00bb30px\u00bb header_2_line_height=\u00bb1.2em\u00bb global_colors_info=\u00bb{}\u00bb link_text_color__hover_enabled=\u00bbon|desktop\u00bb link_text_color__hover=\u00bb#EAAB42&#8243;]<\/p>\n<h2>Si usted no puede trabajar debido a una condici\u00f3n m\u00e9dica y necesita un abogado para la orientaci\u00f3n de la seguridad social por incapacidad, p\u00f3ngase en contacto con Pond Lehocky Giordano hoy en el 1-800-773-1300 o visite nuestro sitio web en <a herf=\"https:\/\/www.pondlehockydisability.com\/\" target=\"_blank\" rel=\"noopener\">pondlehockydisability.com<\/a>.<\/h2>\n<p>[\/et_pb_text][et_pb_button button_url=\u00bb\/wp-content\/uploads\/2022\/08\/SSD-Brochure-WEBSITE.pdf\u00bb url_new_window=\u00bbon\u00bb button_text=\u00bbDescargar el folleto\u00bb button_alignment=\u00bbleft\u00bb module_class=\u00bbbtn\u00bb _builder_version=\u00bb4.18.0&#8243; _module_preset=\u00bbdefault\u00bb custom_button=\u00bbon\u00bb button_text_size=\u00bb16px\u00bb button_text_color=\u00bb#12284C\u00bb button_bg_color=\u00bb#EAAB42&#8243; button_border_width=\u00bb0px\u00bb button_border_radius=\u00bb0px\u00bb button_font=\u00bb|||on|||||\u00bb button_use_icon=\u00bboff\u00bb custom_margin=\u00bb10px||||false|false\u00bb custom_padding=\u00bb10px|40px|10px|40px|true|true\u00bb global_colors_info=\u00bb{}\u00bb button_bg_color__hover_enabled=\u00bbon|desktop\u00bb button_bg_color__hover=\u00bb#12284C\u00bb button_bg_enable_color__hover=\u00bbon\u00bb button_text_color__hover_enabled=\u00bbon|hover\u00bb button_text_color__hover=\u00bb#EAAB42&#8243;][\/et_pb_button][\/et_pb_column][et_pb_column type=\u00bb1_5&#8243; _builder_version=\u00bb4.18.0&#8243; _module_preset=\u00bbdefault\u00bb global_colors_info=\u00bb{}\u00bb][\/et_pb_column][\/et_pb_row][\/et_pb_section]<\/p>\n","protected":false},"excerpt":{"rendered":"<p>\u00c1reas de pr\u00e1cticaEl gobierno estadounidense reconoce que las enfermedades y lesiones, tanto repentinas como cr\u00f3nicas, pueden impedir que las personas contin\u00faen en su empleo. El Seguro de Invalidez de la Seguridad Social (SSDI) es un programa de seguros gestionado por la Administraci\u00f3n de la Seguridad Social (SSA) para ayudar a los estadounidenses que se encuentran [&hellip;]<\/p>\n","protected":false},"author":1,"featured_media":0,"parent":5569,"menu_order":0,"comment_status":"closed","ping_status":"closed","template":"","meta":{"_et_pb_use_builder":"on","_et_pb_old_content":"","_et_gb_content_width":"","footnotes":""},"class_list":["post-5585","page","type-page","status-publish","hentry"],"acf":[],"_links":{"self":[{"href":"https:\/\/old.pondlehocky.com\/es\/wp-json\/wp\/v2\/pages\/5585","targetHints":{"allow":["GET"]}}],"collection":[{"href":"https:\/\/old.pondlehocky.com\/es\/wp-json\/wp\/v2\/pages"}],"about":[{"href":"https:\/\/old.pondlehocky.com\/es\/wp-json\/wp\/v2\/types\/page"}],"author":[{"embeddable":true,"href":"https:\/\/old.pondlehocky.com\/es\/wp-json\/wp\/v2\/users\/1"}],"replies":[{"embeddable":true,"href":"https:\/\/old.pondlehocky.com\/es\/wp-json\/wp\/v2\/comments?post=5585"}],"version-history":[{"count":0,"href":"https:\/\/old.pondlehocky.com\/es\/wp-json\/wp\/v2\/pages\/5585\/revisions"}],"up":[{"embeddable":true,"href":"https:\/\/old.pondlehocky.com\/es\/wp-json\/wp\/v2\/pages\/5569"}],"wp:attachment":[{"href":"https:\/\/old.pondlehocky.com\/es\/wp-json\/wp\/v2\/media?parent=5585"}],"curies":[{"name":"wp","href":"https:\/\/api.w.org\/{rel}","templated":true}]}}