{"id":5572,"date":"2022-08-01T17:58:16","date_gmt":"2022-08-01T17:58:16","guid":{"rendered":"https:\/\/old.pondlehocky.com\/recursos-para-la-discapacidad\/cinco-maneras-de-mejorar-sus-posibilidades-de-obtener-prestaciones-de-la-ssd\/"},"modified":"2022-11-08T01:40:16","modified_gmt":"2022-11-08T01:40:16","slug":"cinco-maneras-de-mejorar-sus-posibilidades-de-obtener-prestaciones-de-la-ssd","status":"publish","type":"page","link":"https:\/\/old.pondlehocky.com\/es\/recursos-para-la-discapacidad\/cinco-maneras-de-mejorar-sus-posibilidades-de-obtener-prestaciones-de-la-ssd\/","title":{"rendered":"Cinco maneras de mejorar sus posibilidades de obtener prestaciones de la SSD"},"content":{"rendered":"<p>[et_pb_section fb_built=\u00bb1&#8243; _builder_version=\u00bb4.17.6&#8243; _module_preset=\u00bbdefault\u00bb background_image=\u00bbhttps:\/\/old.pondlehocky.com\/wp-content\/uploads\/2022\/07\/common-d-c-bg.jpg\u00bb min_height=\u00bb325px\u00bb custom_margin=\u00bb0px||0px||false|false\u00bb custom_padding=\u00bb80px||40px||false|false\u00bb hover_enabled=\u00bb0&#8243; global_colors_info=\u00bb{}\u00bb custom_padding_last_edited=\u00bbon|phone\u00bb sticky_enabled=\u00bb0&#8243; custom_padding_tablet=\u00bb60px||||false|false\u00bb custom_padding_phone=\u00bb40px||||false|false\u00bb][et_pb_row _builder_version=\u00bb4.17.6&#8243; _module_preset=\u00bbdefault\u00bb global_colors_info=\u00bb{}\u00bb][et_pb_column type=\u00bb4_4&#8243; _builder_version=\u00bb4.17.6&#8243; _module_preset=\u00bbdefault\u00bb global_colors_info=\u00bb{}\u00bb][et_pb_text module_class=\u00bbsubhead\u00bb _builder_version=\u00bb4.17.6&#8243; _module_preset=\u00bbdefault\u00bb text_font=\u00bb|||on|||||\u00bb text_text_color=\u00bb#4295C9&#8243; link_text_color=\u00bb#4295C9&#8243; header_2_font=\u00bb|||on|||||\u00bb header_2_text_color=\u00bb#EAAB42&#8243; header_2_font_size=\u00bb18px\u00bb header_2_letter_spacing=\u00bb6px\u00bb custom_margin=\u00bb||-3px|||\u00bb animation_style=\u00bbslide\u00bb animation_direction=\u00bbbottom\u00bb animation_duration=\u00bb850ms\u00bb animation_intensity_slide=\u00bb10%\u00bb global_colors_info=\u00bb{}\u00bb link_text_color__hover=\u00bb#EAAB42&#8243; link_text_color__hover_enabled=\u00bbon|hover\u00bb]<\/p>\n<h2>RECURSOS PARA DISCAPACITADOS<\/h2>\n<p>[\/et_pb_text][et_pb_text _builder_version=\u00bb4.17.6&#8243; _dynamic_attributes=\u00bbcontent\u00bb _module_preset=\u00bbdefault\u00bb link_text_color=\u00bb#4295C9&#8243; header_text_color=\u00bb#FFFFFF\u00bb header_font_size=\u00bb72px\u00bb animation_style=\u00bbslide\u00bb animation_direction=\u00bbbottom\u00bb animation_duration=\u00bb850ms\u00bb animation_intensity_slide=\u00bb10%\u00bb hover_enabled=\u00bb0&#8243; header_text_shadow_style=\u00bbpreset1&#8243; header_text_shadow_vertical_length=\u00bb0.08em\u00bb header_text_shadow_color=\u00bbrgba(18,40,76,0.15)\u00bb global_colors_info=\u00bb{}\u00bb link_text_color__hover=\u00bb#EAAB42&#8243; link_text_color__hover_enabled=\u00bbon|hover\u00bb header_font_size_last_edited=\u00bbon|phone\u00bb sticky_enabled=\u00bb0&#8243; header_font_size_tablet=\u00bb68px\u00bb header_font_size_phone=\u00bb50px\u00bb]@ET-DC@eyJkeW5hbWljIjp0cnVlLCJjb250ZW50IjoicG9zdF90aXRsZSIsInNldHRpbmdzIjp7ImJlZm9yZSI6IjxoMT4iLCJhZnRlciI6IjxcL2gxPiJ9fQ==@[\/et_pb_text][\/et_pb_column][\/et_pb_row][\/et_pb_section][et_pb_section fb_built=\u00bb1&#8243; _builder_version=\u00bb4.17.6&#8243; _module_preset=\u00bbdefault\u00bb custom_padding=\u00bb||20px||false|false\u00bb hover_enabled=\u00bb0&#8243; global_colors_info=\u00bb{}\u00bb custom_padding_last_edited=\u00bbon|phone\u00bb sticky_enabled=\u00bb0&#8243; custom_padding_tablet=\u00bb40px||||false|false\u00bb custom_padding_phone=\u00bb0px||||false|false\u00bb][et_pb_row column_structure=\u00bb2_3,1_3&#8243; _builder_version=\u00bb4.17.6&#8243; _module_preset=\u00bbdefault\u00bb hover_enabled=\u00bb0&#8243; global_colors_info=\u00bb{}\u00bb width=\u00bb90%\u00bb sticky_enabled=\u00bb0&#8243;][et_pb_column type=\u00bb2_3&#8243; _builder_version=\u00bb4.17.6&#8243; _module_preset=\u00bbdefault\u00bb animation_style=\u00bbslide\u00bb animation_direction=\u00bbbottom\u00bb animation_duration=\u00bb850ms\u00bb animation_intensity_slide=\u00bb5%\u00bb global_colors_info=\u00bb{}\u00bb][et_pb_image src=\u00bbhttps:\/\/old.pondlehocky.com\/wp-content\/uploads\/2022\/08\/Group-394.png\u00bb alt=\u00bb1&#8243; title_text=\u00bbGrupo 394&#8243; show_bottom_space=\u00bboff\u00bb _builder_version=\u00bb4.17.6&#8243; _module_preset=\u00bbdefault\u00bb width=\u00bb5%\u00bb custom_margin=\u00bb0px|0px|0px|0px|false|false\u00bb custom_padding=\u00bb0px|0px|0px|0px|false|false\u00bb hover_enabled=\u00bb0&#8243; custom_css_main_element=\u00bbdisplay:inline-block;||vertical-align:top;\u00bb global_colors_info=\u00bb{}\u00bb custom_css_main_element_last_edited=\u00bbon|desktop\u00bb sticky_enabled=\u00bb0&#8243; custom_css_main_element_tablet=\u00bbdisplay:block;||vertical-align:top;\u00bb custom_css_main_element_phone=\u00bbdisplay:block;||vertical-align:top;\u00bb align_last_edited=\u00bbon|phone\u00bb align_tablet=\u00bbcenter\u00bb align_phone=\u00bbcenter\u00bb width_last_edited=\u00bbon|phone\u00bb width_tablet=\u00bb100%\u00bb show_bottom_space_last_edited=\u00bbon|desktop\u00bb show_bottom_space_tablet=\u00bbon\u00bb show_bottom_space_phone=\u00bboff\u00bb width_phone=\u00bb100%\u00bb][\/et_pb_image][et_pb_text _builder_version=\u00bb4.17.6&#8243; _module_preset=\u00bbdefault\u00bb header_2_font_size=\u00bb30px\u00bb width=\u00bb90%\u00bb custom_margin=\u00bb0px||0px|20px|false|false\u00bb custom_padding=\u00bb0px|0px|0px|0px|false|false\u00bb hover_enabled=\u00bb0&#8243; custom_css_main_element=\u00bbdisplay:inline-block;||vertical-align:top;\u00bb global_colors_info=\u00bb{}\u00bb custom_margin_last_edited=\u00bbon|phone\u00bb sticky_enabled=\u00bb0&#8243; custom_margin_tablet=\u00bb20px|||0px|false|false\u00bb header_2_text_align_last_edited=\u00bbon|phone\u00bb header_2_text_align=\u00bbleft\u00bb header_2_text_align_tablet=\u00bbcenter\u00bb header_2_text_align_phone=\u00bbcenter\u00bb custom_margin_phone=\u00bb20px|||0px|false|false\u00bb]<\/p>\n<h2>\u00a1Permitir que Pond Lehocky Disability le represente!<\/h2>\n<p>[\/et_pb_text][et_pb_text _builder_version=\u00bb4.17.6&#8243; _module_preset=\u00bbdefault\u00bb global_colors_info=\u00bb{}\u00bb custom_margin=\u00bb0px||0px|20px|false|false\u00bb custom_margin_tablet=\u00bb20px|||0px|false|false\u00bb custom_margin_last_edited=\u00bbon|phone\u00bb header_2_text_align=\u00bbleft\u00bb header_2_text_align_tablet=\u00bbcenter\u00bb header_2_text_align_phone=\u00bbcenter\u00bb header_2_text_align_last_edited=\u00bbon|phone\u00bb custom_margin_phone=\u00bb20px|||0px|false|false\u00bb]<\/p>\n<p>La Oficina de Rendici\u00f3n de Cuentas del Gobierno de EE.UU. (GAO) descubri\u00f3 que las personas que solicitaban la incapacidad de la Seguridad Social recib\u00edan prestaciones casi tres (3) veces m\u00e1s altas que las que no ten\u00edan representantes.  <a href=\"https:\/\/www.gao.gov\/products\/GAO-18-37\" target=\"_blank\" rel=\"noopener\"><strong>https:\/\/www.gao.gov\/products\/GAO-18-37<\/strong><\/a><\/p>\n<p>[\/et_pb_text][et_pb_divider color=\u00bb#F2F2F2&#8243; _builder_version=\u00bb4.17.6&#8243; _module_preset=\u00bbdefault\u00bb hover_enabled=\u00bb0&#8243; global_colors_info=\u00bb{}\u00bb custom_margin=\u00bb40px||||false|false\u00bb sticky_enabled=\u00bb0&#8243;][\/et_pb_divider][et_pb_image src=\u00bbhttps:\/\/old.pondlehocky.com\/wp-content\/uploads\/2022\/08\/Group-395.png\u00bb alt=\u00bb1&#8243; title_text=\u00bbGrupo 394&#8243; show_bottom_space=\u00bboff\u00bb _builder_version=\u00bb4.17.6&#8243; _module_preset=\u00bbdefault\u00bb width=\u00bb5%\u00bb custom_margin=\u00bb0px|0px|0px|0px|false|false\u00bb custom_padding=\u00bb0px|0px|0px|0px|false|false\u00bb hover_enabled=\u00bb0&#8243; custom_css_main_element=\u00bbdisplay:inline-block;||vertical-align:top;\u00bb global_colors_info=\u00bb{}\u00bb align_tablet=\u00bbcenter\u00bb align_phone=\u00bbcenter\u00bb align_last_edited=\u00bbon|phone\u00bb width_tablet=\u00bb100%\u00bb width_last_edited=\u00bbon|phone\u00bb width_phone=\u00bb100%\u00bb][\/et_pb_image][et_pb_text _builder_version=\u00bb4.17.6&#8243; _module_preset=\u00bbdefault\u00bb header_2_font_size=\u00bb30px\u00bb width=\u00bb90%\u00bb custom_margin=\u00bb0px||0px|20px|false|false\u00bb custom_padding=\u00bb0px|0px|0px|0px|false|false\u00bb custom_css_main_element=\u00bbdisplay:inline-block;||vertical-align:top;\u00bb global_colors_info=\u00bb{}\u00bb custom_margin_tablet=\u00bb20px|||0px|false|false\u00bb custom_margin_last_edited=\u00bbon|phone\u00bb header_2_text_align=\u00bbleft\u00bb header_2_text_align_tablet=\u00bbcenter\u00bb header_2_text_align_phone=\u00bbcenter\u00bb header_2_text_align_last_edited=\u00bbon|phone\u00bb custom_margin_phone=\u00bb20px|||0px|false|false\u00bb]<\/p>\n<h2>No espere a presentarla.<\/h2>\n<p>[\/et_pb_text][et_pb_text _builder_version=\u00bb4.17.6&#8243; _module_preset=\u00bbdefault\u00bb global_colors_info=\u00bb{}\u00bb custom_margin=\u00bb0px||0px|20px|false|false\u00bb custom_margin_tablet=\u00bb20px|||0px|false|false\u00bb custom_margin_last_edited=\u00bbon|phone\u00bb header_2_text_align=\u00bbleft\u00bb header_2_text_align_tablet=\u00bbcenter\u00bb header_2_text_align_phone=\u00bbcenter\u00bb header_2_text_align_last_edited=\u00bbon|phone\u00bb custom_margin_phone=\u00bb20px|||0px|false|false\u00bb]<\/p>\n<p>Si no tiene trabajo debido a sus condiciones m\u00e9dicas, solic\u00edtelo ahora. El proceso de incapacidad de la Seguridad Social puede llevar mucho tiempo. Desde el momento en que presenta la solicitud hasta que recibe la primera decisi\u00f3n, puede esperar seis (6) meses o m\u00e1s. Si le deniegan la solicitud, dependiendo del estado en el que viva, es posible que tenga que esperar otros 6 meses antes de poder solicitar una audiencia ante un juez. Para cuando todo est\u00e9 dicho y hecho, podr\u00eda estar esperando hasta 3 a\u00f1os para una audiencia. Por eso no debe dudar en solicitarlo y llamarnos ahora.<\/p>\n<p>[\/et_pb_text][et_pb_divider color=\u00bb#F2F2F2&#8243; _builder_version=\u00bb4.17.6&#8243; _module_preset=\u00bbdefault\u00bb global_colors_info=\u00bb{}\u00bb custom_margin=\u00bb40px||||false|false\u00bb][\/et_pb_divider][et_pb_image src=\u00bbhttps:\/\/old.pondlehocky.com\/wp-content\/uploads\/2022\/08\/Group-396.png\u00bb alt=\u00bb1&#8243; title_text=\u00bbGrupo 394&#8243; show_bottom_space=\u00bboff\u00bb _builder_version=\u00bb4.17.6&#8243; _module_preset=\u00bbdefault\u00bb width=\u00bb5%\u00bb custom_margin=\u00bb0px|0px|0px|0px|false|false\u00bb custom_padding=\u00bb0px|0px|0px|0px|false|false\u00bb hover_enabled=\u00bb0&#8243; custom_css_main_element=\u00bbdisplay:inline-block;||vertical-align:top;\u00bb global_colors_info=\u00bb{}\u00bb align_tablet=\u00bbcenter\u00bb align_phone=\u00bbcenter\u00bb align_last_edited=\u00bbon|phone\u00bb width_tablet=\u00bb100%\u00bb width_last_edited=\u00bbon|phone\u00bb width_phone=\u00bb100%\u00bb][\/et_pb_image][et_pb_text _builder_version=\u00bb4.17.6&#8243; _module_preset=\u00bbdefault\u00bb header_2_font_size=\u00bb30px\u00bb width=\u00bb90%\u00bb custom_margin=\u00bb0px||0px|20px|false|false\u00bb custom_padding=\u00bb0px|0px|0px|0px|false|false\u00bb custom_css_main_element=\u00bbdisplay:inline-block;||vertical-align:top;\u00bb global_colors_info=\u00bb{}\u00bb custom_margin_tablet=\u00bb20px|||0px|false|false\u00bb custom_margin_last_edited=\u00bbon|phone\u00bb header_2_text_align=\u00bbleft\u00bb header_2_text_align_tablet=\u00bbcenter\u00bb header_2_text_align_phone=\u00bbcenter\u00bb header_2_text_align_last_edited=\u00bbon|phone\u00bb custom_margin_phone=\u00bb20px|||0px|false|false\u00bb]<\/p>\n<h2>Aseg\u00farese de enumerar todas sus deficiencias y m\u00e9dicos en su solicitud.<\/h2>\n<p>[\/et_pb_text][et_pb_text _builder_version=\u00bb4.17.6&#8243; _module_preset=\u00bbdefault\u00bb global_colors_info=\u00bb{}\u00bb custom_margin=\u00bb0px||0px|20px|false|false\u00bb custom_margin_tablet=\u00bb20px|||0px|false|false\u00bb custom_margin_last_edited=\u00bbon|phone\u00bb header_2_text_align=\u00bbleft\u00bb header_2_text_align_tablet=\u00bbcenter\u00bb header_2_text_align_phone=\u00bbcenter\u00bb header_2_text_align_last_edited=\u00bbon|phone\u00bb custom_margin_phone=\u00bb20px|||0px|false|false\u00bb]<\/p>\n<p>Si no a\u00f1ade en su solicitud una afecci\u00f3n m\u00e9dica o un m\u00e9dico con el que se haya tratado, la Administraci\u00f3n de la Seguridad Social no tendr\u00e1 en cuenta esa afecci\u00f3n ni pedir\u00e1 los informes de ese m\u00e9dico al analizar su solicitud. En Pond Lehocky Disability, tenemos miembros del personal que presentar\u00e1n la solicitud por usted y est\u00e1n capacitados para asegurarse de que no falta nada que pueda hacer que su caso sea denegado prematuramente.<\/p>\n<p>[\/et_pb_text][et_pb_divider color=\u00bb#F2F2F2&#8243; _builder_version=\u00bb4.17.6&#8243; _module_preset=\u00bbdefault\u00bb global_colors_info=\u00bb{}\u00bb custom_margin=\u00bb40px||||false|false\u00bb][\/et_pb_divider][et_pb_image src=\u00bbhttps:\/\/old.pondlehocky.com\/wp-content\/uploads\/2022\/08\/Group-397.png\u00bb alt=\u00bb1&#8243; title_text=\u00bbGrupo 394&#8243; show_bottom_space=\u00bboff\u00bb _builder_version=\u00bb4.17.6&#8243; _module_preset=\u00bbdefault\u00bb width=\u00bb5%\u00bb custom_margin=\u00bb0px|0px|0px|0px|false|false\u00bb custom_padding=\u00bb0px|0px|0px|0px|false|false\u00bb hover_enabled=\u00bb0&#8243; custom_css_main_element=\u00bbdisplay:inline-block;||vertical-align:top;\u00bb global_colors_info=\u00bb{}\u00bb align_tablet=\u00bbcenter\u00bb align_phone=\u00bbcenter\u00bb align_last_edited=\u00bbon|phone\u00bb width_tablet=\u00bb100%\u00bb width_last_edited=\u00bbon|phone\u00bb width_phone=\u00bb100%\u00bb][\/et_pb_image][et_pb_text _builder_version=\u00bb4.17.6&#8243; _module_preset=\u00bbdefault\u00bb header_2_font_size=\u00bb30px\u00bb width=\u00bb90%\u00bb custom_margin=\u00bb0px||0px|20px|false|false\u00bb custom_padding=\u00bb0px|0px|0px|0px|false|false\u00bb custom_css_main_element=\u00bbdisplay:inline-block;||vertical-align:top;\u00bb global_colors_info=\u00bb{}\u00bb custom_margin_tablet=\u00bb20px|||0px|false|false\u00bb custom_margin_last_edited=\u00bbon|phone\u00bb header_2_text_align=\u00bbleft\u00bb header_2_text_align_tablet=\u00bbcenter\u00bb header_2_text_align_phone=\u00bbcenter\u00bb header_2_text_align_last_edited=\u00bbon|phone\u00bb custom_margin_phone=\u00bb20px|||0px|false|false\u00bb]<\/p>\n<h2>Tratar con un m\u00e9dico sus deficiencias m\u00e9dicas.<\/h2>\n<p>[\/et_pb_text][et_pb_text _builder_version=\u00bb4.17.6&#8243; _module_preset=\u00bbdefault\u00bb global_colors_info=\u00bb{}\u00bb custom_margin=\u00bb0px||0px|20px|false|false\u00bb custom_margin_tablet=\u00bb20px|||0px|false|false\u00bb custom_margin_last_edited=\u00bbon|phone\u00bb header_2_text_align=\u00bbleft\u00bb header_2_text_align_tablet=\u00bbcenter\u00bb header_2_text_align_phone=\u00bbcenter\u00bb header_2_text_align_last_edited=\u00bbon|phone\u00bb custom_margin_phone=\u00bb20px|||0px|false|false\u00bb]<\/p>\n<p>El tratamiento m\u00e9dico no s\u00f3lo es necesario para su salud, sino que es fundamental en su reclamaci\u00f3n de incapacidad de la Seguridad Social. Sin un historial m\u00e9dico que revisar, el adjudicador y\/o el juez no pueden evaluar adecuadamente si sus condiciones m\u00e9dicas son incapacitantes y lo m\u00e1s probable es que se le deniegue. Si tiene un seguro, es imperativo que se asegure de que est\u00e1 tratando sus condiciones m\u00e9dicas. El tratamiento con especialistas m\u00e9dicos tambi\u00e9n es importante. Si tiene un problema card\u00edaco, el historial del cardi\u00f3logo ser\u00e1 crucial para su reclamaci\u00f3n. Aseg\u00farese de que acude al especialista adecuado que trata espec\u00edficamente su enfermedad. En Pond Lehocky Disability sabemos que el acceso al seguro m\u00e9dico es extremadamente dif\u00edcil, lo que deja a muchos de nuestros clientes sin opciones. Si no tienes seguro m\u00e9dico, la siguiente mejor opci\u00f3n es encontrar una cl\u00ednica local y asegurarte de que la visitas tanto como sea posible.  <a href=\"#\" target=\"_blank\" rel=\"noopener\"><strong>Haga clic aqu\u00ed para saber m\u00e1s sobre los recursos disponibles en su estado.<\/strong><\/a><\/p>\n<p>[\/et_pb_text][et_pb_divider color=\u00bb#F2F2F2&#8243; _builder_version=\u00bb4.17.6&#8243; _module_preset=\u00bbdefault\u00bb global_colors_info=\u00bb{}\u00bb custom_margin=\u00bb40px||||false|false\u00bb][\/et_pb_divider][et_pb_image src=\u00bbhttps:\/\/old.pondlehocky.com\/wp-content\/uploads\/2022\/08\/Group-398.png\u00bb alt=\u00bb1&#8243; title_text=\u00bbGrupo 394&#8243; show_bottom_space=\u00bboff\u00bb _builder_version=\u00bb4.17.6&#8243; _module_preset=\u00bbdefault\u00bb width=\u00bb5%\u00bb custom_margin=\u00bb0px|0px|0px|0px|false|false\u00bb custom_padding=\u00bb0px|0px|0px|0px|false|false\u00bb hover_enabled=\u00bb0&#8243; custom_css_main_element=\u00bbdisplay:inline-block;||vertical-align:top;\u00bb global_colors_info=\u00bb{}\u00bb align_tablet=\u00bbcenter\u00bb align_phone=\u00bbcenter\u00bb align_last_edited=\u00bbon|phone\u00bb width_tablet=\u00bb100%\u00bb width_last_edited=\u00bbon|phone\u00bb width_phone=\u00bb100%\u00bb][\/et_pb_image][et_pb_text _builder_version=\u00bb4.17.6&#8243; _module_preset=\u00bbdefault\u00bb header_2_font_size=\u00bb30px\u00bb width=\u00bb90%\u00bb custom_margin=\u00bb0px||0px|20px|false|false\u00bb custom_padding=\u00bb0px|0px|0px|0px|false|false\u00bb custom_css_main_element=\u00bbdisplay:inline-block;||vertical-align:top;\u00bb global_colors_info=\u00bb{}\u00bb custom_margin_tablet=\u00bb20px|||0px|false|false\u00bb custom_margin_last_edited=\u00bbon|phone\u00bb header_2_text_align=\u00bbleft\u00bb header_2_text_align_tablet=\u00bbcenter\u00bb header_2_text_align_phone=\u00bbcenter\u00bb header_2_text_align_last_edited=\u00bbon|phone\u00bb custom_margin_phone=\u00bb20px|||0px|false|false\u00bb]<\/p>\n<h2>No te rindas.<\/h2>\n<p>[\/et_pb_text][et_pb_text _builder_version=\u00bb4.17.6&#8243; _module_preset=\u00bbdefault\u00bb global_colors_info=\u00bb{}\u00bb custom_margin=\u00bb0px||0px|20px|false|false\u00bb custom_margin_tablet=\u00bb20px|||0px|false|false\u00bb custom_margin_last_edited=\u00bbon|phone\u00bb header_2_text_align=\u00bbleft\u00bb header_2_text_align_tablet=\u00bbcenter\u00bb header_2_text_align_phone=\u00bbcenter\u00bb header_2_text_align_last_edited=\u00bbon|phone\u00bb custom_margin_phone=\u00bb20px|||0px|false|false\u00bb]<\/p>\n<p>Aunque las reclamaciones iniciales se deniegan casi el 70% de las veces, no puede dejar que eso le detenga. Nuestro mayor \u00e9xito se produce en la fase de audiencia ante el juez. Si se le deniega, no se rinda. Apelar esa decisi\u00f3n es su mejor opci\u00f3n. Pond Lehocky Disability puede ayudar y luchar\u00e1 por usted.<\/p>\n<p>[\/et_pb_text][\/et_pb_column][et_pb_column type=\u00bb1_3&#8243; _builder_version=\u00bb4.17.6&#8243; _module_preset=\u00bbdefault\u00bb animation_style=\u00bbslide\u00bb animation_direction=\u00bbbottom\u00bb animation_duration=\u00bb850ms\u00bb animation_delay=\u00bb50ms\u00bb animation_intensity_slide=\u00bb5%\u00bb global_colors_info=\u00bb{}\u00bb][et_pb_wpt_gravityform gravityform_id=\u00bbgf-1&#8243; description=\u00bboff\u00bb field_container_custom_margin=\u00bb20px|0|0|0|false|false\u00bb input_container_custom_margin=\u00bb0px|0|0|0|false|false\u00bb text_input_bg_color=\u00bb#FFFFFF\u00bb label_custom_margin=\u00bb5px|0|5px|0|false|false\u00bb title_custom_margin=\u00bb0px|0|0px|0|false|false\u00bb _builder_version=\u00bb4.17.6&#8243; _module_preset=\u00bbdefault\u00bb title_text_color=\u00bb#12284C\u00bb title_font_size=\u00bb36px\u00bb label_text_color=\u00bb#000000&#8243; label_font_size=\u00bb18px\u00bb background_color=\u00bb#F2F2F2&#8243; custom_form_button=\u00bbon\u00bb form_button_text_color=\u00bb#12284C\u00bb form_button_bg_color=\u00bb#EAAB42&#8243; form_button_border_width=\u00bb0px\u00bb form_button_font=\u00bb|||on|||||\u00bb custom_padding=\u00bb15px|30px|15px|30px|true|true\u00bb custom_css_text_field=\u00bbwidth:100%;\u00bb custom_css_textarea_field=\u00bbwidth:100%;\u00bb custom_css_select_field=\u00bbwidth:100%;\u00bb custom_css_button=\u00bbwidth:100%;\u00bb border_color_all_input_general=\u00bb#dbdbdb\u00bb global_module=\u00bb206&#8243; global_colors_info=\u00bb{}\u00bb form_button_bg_color__hover_enabled=\u00bbon|desktop\u00bb form_button_bg_color__hover=\u00bb#12284C\u00bb form_button_bg_enable_color__hover=\u00bbon\u00bb form_button_text_color__hover_enabled=\u00bbon|desktop\u00bb form_button_text_color__hover=\u00bb#EAAB42&#8243;][\/et_pb_wpt_gravityform][\/et_pb_column][\/et_pb_row][\/et_pb_section]<\/p>\n","protected":false},"excerpt":{"rendered":"<p>RECURSOS PARA DISCAPACITADOS\u00a1Permitir que Pond Lehocky Disability le represente!La Oficina de Rendici\u00f3n de Cuentas del Gobierno de EE.UU. (GAO) descubri\u00f3 que las personas que solicitaban la incapacidad de la Seguridad Social recib\u00edan prestaciones casi tres (3) veces m\u00e1s altas que las que no ten\u00edan representantes. https:\/\/www.gao.gov\/products\/GAO-18-37No espere a presentarla.Si no tiene trabajo debido a sus [&hellip;]<\/p>\n","protected":false},"author":1,"featured_media":0,"parent":5533,"menu_order":0,"comment_status":"closed","ping_status":"closed","template":"","meta":{"_et_pb_use_builder":"on","_et_pb_old_content":"","_et_gb_content_width":"","footnotes":""},"class_list":["post-5572","page","type-page","status-publish","hentry"],"acf":[],"_links":{"self":[{"href":"https:\/\/old.pondlehocky.com\/es\/wp-json\/wp\/v2\/pages\/5572","targetHints":{"allow":["GET"]}}],"collection":[{"href":"https:\/\/old.pondlehocky.com\/es\/wp-json\/wp\/v2\/pages"}],"about":[{"href":"https:\/\/old.pondlehocky.com\/es\/wp-json\/wp\/v2\/types\/page"}],"author":[{"embeddable":true,"href":"https:\/\/old.pondlehocky.com\/es\/wp-json\/wp\/v2\/users\/1"}],"replies":[{"embeddable":true,"href":"https:\/\/old.pondlehocky.com\/es\/wp-json\/wp\/v2\/comments?post=5572"}],"version-history":[{"count":0,"href":"https:\/\/old.pondlehocky.com\/es\/wp-json\/wp\/v2\/pages\/5572\/revisions"}],"up":[{"embeddable":true,"href":"https:\/\/old.pondlehocky.com\/es\/wp-json\/wp\/v2\/pages\/5533"}],"wp:attachment":[{"href":"https:\/\/old.pondlehocky.com\/es\/wp-json\/wp\/v2\/media?parent=5572"}],"curies":[{"name":"wp","href":"https:\/\/api.w.org\/{rel}","templated":true}]}}