{"id":5568,"date":"2022-08-23T15:11:32","date_gmt":"2022-08-23T15:11:32","guid":{"rendered":"https:\/\/old.pondlehocky.com\/acerca-de\/historia\/"},"modified":"2022-12-05T18:12:27","modified_gmt":"2022-12-05T18:12:27","slug":"historia","status":"publish","type":"page","link":"https:\/\/old.pondlehocky.com\/es\/acerca-de\/historia\/","title":{"rendered":"Historia"},"content":{"rendered":"<p>[et_pb_section fb_built=\u00bb1&#8243; custom_padding_last_edited=\u00bbon|phone\u00bb _builder_version=\u00bb4.18.0&#8243; _module_preset=\u00bbdefault\u00bb background_image=\u00bbhttps:\/\/old.pondlehocky.com\/wp-content\/uploads\/2022\/08\/history.jpg\u00bb background_position=\u00bbtop_center\u00bb min_height=\u00bb325px\u00bb custom_margin=\u00bb0px||0px||false|false\u00bb custom_padding=\u00bb100px||0px||false|false\u00bb custom_padding_tablet=\u00bb100px||0px||false|false\u00bb custom_padding_phone=\u00bb50px||||false|false\u00bb global_colors_info=\u00bb{}\u00bb][et_pb_row _builder_version=\u00bb4.17.6&#8243; _module_preset=\u00bbdefault\u00bb global_colors_info=\u00bb{}\u00bb][et_pb_column type=\u00bb4_4&#8243; _builder_version=\u00bb4.17.6&#8243; _module_preset=\u00bbdefault\u00bb global_colors_info=\u00bb{}\u00bb][et_pb_text module_class=\u00bbsubhead\u00bb _builder_version=\u00bb4.17.6&#8243; _module_preset=\u00bbdefault\u00bb text_font=\u00bb|||on|||||\u00bb text_text_color=\u00bb#4295C9&#8243; link_text_color=\u00bb#4295C9&#8243; header_2_font=\u00bb|||on|||||\u00bb header_2_text_color=\u00bb#EAAB42&#8243; header_2_font_size=\u00bb18px\u00bb header_2_letter_spacing=\u00bb6px\u00bb custom_margin=\u00bb||-3px|||\u00bb animation_style=\u00bbslide\u00bb animation_direction=\u00bbbottom\u00bb animation_duration=\u00bb850ms\u00bb animation_intensity_slide=\u00bb10%\u00bb global_colors_info=\u00bb{}\u00bb link_text_color__hover=\u00bb#EAAB42&#8243; link_text_color__hover_enabled=\u00bbon|hover\u00bb]<\/p>\n<h2>Acerca de<\/h2>\n<p>[\/et_pb_text][et_pb_text _builder_version=\u00bb4.18.0&#8243; _dynamic_attributes=\u00bbcontent\u00bb _module_preset=\u00bbdefault\u00bb link_text_color=\u00bb#4295C9&#8243; header_text_color=\u00bb#FFFFFF\u00bb header_font_size=\u00bb72px\u00bb animation_style=\u00bbslide\u00bb animation_direction=\u00bbbottom\u00bb animation_duration=\u00bb850ms\u00bb animation_intensity_slide=\u00bb10%\u00bb header_text_shadow_style=\u00bbpreset1&#8243; header_text_shadow_vertical_length=\u00bb0.08em\u00bb header_text_shadow_color=\u00bbrgba(18,40,76,0.15)\u00bb global_colors_info=\u00bb{}\u00bb link_text_color__hover=\u00bb#EAAB42&#8243; link_text_color__hover_enabled=\u00bbon|hover\u00bb]@ET-DC@eyJkeW5hbWljIjp0cnVlLCJjb250ZW50IjoicG9zdF90aXRsZSIsInNldHRpbmdzIjp7ImJlZm9yZSI6IjxoMT4iLCJhZnRlciI6IjxcL2gxPiJ9fQ==@[\/et_pb_text][\/et_pb_column][\/et_pb_row][\/et_pb_section][et_pb_section fb_built=\u00bb1&#8243; _builder_version=\u00bb4.17.6&#8243; _module_preset=\u00bbdefault\u00bb custom_padding=\u00bb||19px|||\u00bb global_colors_info=\u00bb{}\u00bb][et_pb_row column_structure=\u00bb2_3,1_3&#8243; _builder_version=\u00bb4.17.6&#8243; _module_preset=\u00bbdefault\u00bb global_colors_info=\u00bb{}\u00bb][et_pb_column type=\u00bb2_3&#8243; _builder_version=\u00bb4.17.6&#8243; _module_preset=\u00bbdefault\u00bb animation_style=\u00bbslide\u00bb animation_direction=\u00bbbottom\u00bb animation_duration=\u00bb850ms\u00bb animation_intensity_slide=\u00bb5%\u00bb global_colors_info=\u00bb{}\u00bb][et_pb_text _builder_version=\u00bb4.19.2&#8243; _module_preset=\u00bbdefault\u00bb custom_margin=\u00bb||40px||false|false\u00bb hover_enabled=\u00bb0&#8243; global_colors_info=\u00bb{}\u00bb states_mode=\u00bbexclude\u00bb states_input=\u00bbAlabama,California,New Jersey\u00bb sticky_enabled=\u00bb0&#8243;]<\/p>\n<p>Pond Lehocky Giordano abri\u00f3 sus puertas en julio de 2010 con cinco abogados de compensaci\u00f3n de trabajadores de Pensilvania, un abogado de discapacidad de la Seguridad Social y s\u00f3lo 22 miembros de personal en total. Hoy en d\u00eda, son una de las mayores firmas de compensaci\u00f3n de trabajadores, discapacidad del Seguro Social y discapacidad a largo plazo en el pa\u00eds, recuperando miles de millones de d\u00f3lares para sus clientes y ganando docenas de premios nacionales por su representaci\u00f3n legal y la atenci\u00f3n hol\u00edstica al cliente.<\/p>\n<p>Sin embargo, la verdadera historia del origen de Pond Lehocky Giordano comenz\u00f3 m\u00e1s de 30 a\u00f1os antes, cuando Sam Pond y Jerry Lehocky eran adversarios en el \u00e1mbito de la indemnizaci\u00f3n laboral. Inmediatamente, se form\u00f3 un respeto y una admiraci\u00f3n mutuos por la celosa defensa de sus clientes. En lugar de seguir luchando entre s\u00ed en los tribunales, decidieron unir sus fuerzas en un bufete de abogados anterior, representando a los trabajadores lesionados y, en \u00faltima instancia, transformando para siempre la compensaci\u00f3n de los trabajadores de Pensilvania. Algunos a\u00f1os m\u00e1s tarde, Tom Giordano se uni\u00f3 a ese bufete y, con su est\u00edmulo y apoyo, comenz\u00f3 a crecer y a dirigir su pr\u00e1ctica de discapacidad de la Seguridad Social.<\/p>\n<p>En 2010, tanto Sam Pond como Jerry Lehocky supieron que era el momento de crear su propia empresa. Un lugar donde el cliente es siempre lo primero y donde la defensa implacable en nombre de los trabajadores lesionados no es la excepci\u00f3n, sino la norma. Con Tom Giordano, formaron Pond Lehocky Giordano y nunca han olvidado su misi\u00f3n: ayudar al mayor n\u00famero posible de lesionados y discapacitados. Pocos a\u00f1os despu\u00e9s de su apertura, Pond Lehocky Giordano se expandi\u00f3 desde la sede original del bufete en Center City, Filadelfia, y abri\u00f3 otras oficinas en toda Pensilvania y Nueva Jersey. En 2016, abrimos una oficina principal en Pittsburgh, Pensilvania, la ciudad natal de Jerry Lehocky, y dirigida por nuestro socio Steve Miller, nativo del oeste de Pensilvania.<\/p>\n<h2>Nuestro departamento de discapacidad de la Seguridad Social<\/h2>\n<p>Dirigido por Tom Giordano, el departamento de discapacidad de la Seguridad Social de Pond Lehocky Giordano ha crecido enormemente, habiendo conseguido prestaciones para m\u00e1s de cincuenta mil (50.000) estadounidenses discapacitados en los 50 estados y Puerto Rico. En enero de 2015, el departamento de discapacidad de la Seguridad Social se convirti\u00f3 en Disability Justice, ahora conocido como Pond Lehocky Giordano Disability. Pond Lehocky Giordano Discapacidad es un grupo de defensa de la discapacidad del Seguro Social (SSD) que proporciona un excelente servicio al cliente, el acceso a la representaci\u00f3n legal de alta calidad y recursos educativos. Centra sus esfuerzos de acci\u00f3n pol\u00edtica \u00fanicamente en cuestiones que afectan a los SSD.<\/p>\n<p>Tambi\u00e9n nos hemos expandido a otras \u00e1reas de pr\u00e1ctica para los trabajadores -Pond Lehocky Giordano ahora ayuda a los clientes de discapacidad a corto y largo plazo en todo el pa\u00eds, con sus asuntos legales.<\/p>\n<h2>Nuestro departamento de referencias<\/h2>\n<p>En Pond Lehocky Giordano, nuestra misi\u00f3n siempre ha sido ayudar al mayor n\u00famero de personas posible. Uno de los logros de los que nos sentimos m\u00e1s orgullosos hasta la fecha es la creaci\u00f3n del departamento de remisiones de Pond Lehocky. Hasta la fecha, hemos ayudado a decenas de miles de personas en los 50 estados, a encontrar el mejor abogado y bufete de abogados para sus necesidades legales. Si no nos ocupamos de su asunto legal espec\u00edfico, tenemos una relaci\u00f3n con alguien que lo hace, al m\u00e1s alto nivel, en su ciudad, pueblo y estado. Podemos ayudarle a acceder a las mentes jur\u00eddicas m\u00e1s brillantes y trabajadoras del pa\u00eds y todo ello con s\u00f3lo pulsar un bot\u00f3n.<\/p>\n<p>M\u00e1s que un simple conector, el departamento de referencias de Pond Lehocky Giordano tambi\u00e9n ha revolucionado la forma de analizar su informaci\u00f3n. Por ejemplo, usted puede estar llamando a nuestra oficina acerca de una lesi\u00f3n o incapacidad laboral, pero a trav\u00e9s de nuestras preguntas puntuales y el software propietario, podemos determinar si usted tiene derecho a cualquier otro beneficio o tiene cualquier otro recurso legal, ya sea de un producto defectuoso, un material peligroso que fueron expuestos a la negligencia de un proveedor m\u00e9dico o instituci\u00f3n. Vigilamos constantemente el panorama jur\u00eddico para determinar si nuestros clientes o potenciales clientes tienen derechos legales que ni siquiera conocen. Por eso somos su bufete de abogados para cualquier necesidad legal, en cualquier lugar y en cualquier momento.<\/p>\n<h2>Nuestros reconocimientos y logros<\/h2>\n<p>El mete\u00f3rico ascenso de Pond Lehocky Giordano ha ido acompa\u00f1ado de numerosos reconocimientos y logros que ponen de manifiesto tanto la experiencia del bufete como su impacto en la comunidad jur\u00eddica, y los socios fundadores del bufete han liderado la carga. En particular, la negociaci\u00f3n de Sam Pond de un acuerdo de 3 millones de d\u00f3lares se encuentra entre los m\u00e1s altos jam\u00e1s otorgados en la compensaci\u00f3n de los trabajadores de Pennsylvania, s\u00f3lo superado por el acuerdo de 4,4 millones de d\u00f3lares obtenido por Jerry Lehocky en 2020. Adem\u00e1s, los esfuerzos de Lehocky en la coautor\u00eda del proyecto de ley por el que se establece el \u00abFondo de Garant\u00eda de los Empleadores no Asegurados\u00bb (un fondo que proporciona prestaciones de compensaci\u00f3n a los trabajadores lesionados cuyos empleadores no tienen seguro de compensaci\u00f3n a los trabajadores) ayudaron a conseguir la primera pieza de legislaci\u00f3n de compensaci\u00f3n a los trabajadores de Pensilvania en m\u00e1s de 30 a\u00f1os.<\/p>\n<p>Adem\u00e1s, Pond Lehocky Giordano ha sido incluido en la lista de los mejores bufetes de abogados de <em>U.S. News<\/em> and <em>World Report<\/em>en el grupo \u00abTier 1\u00bb para la compensaci\u00f3n de trabajadores, la clasificaci\u00f3n m\u00e1s alta. Los socios Sam Pond, Jerry Lehocky y Thomas Giordano Jr. han sido nombrados en la lista The Best Lawyers in America y en la lista Super Lawyers\u00ae. Muchos de los socios y abogados de la Firma han sido nombrados Super Lawyer Rising Stars, un honor que se otorga a menos del 2,5% de todos los abogados elegibles en Pensilvania.<\/p>\n<p>Pond Lehocky Giordano tambi\u00e9n ha sido reconocido sistem\u00e1ticamente como uno de los mejores lugares de trabajo de la regi\u00f3n. El <em>Philadelphia Business Journal<\/em> ha incluido a la empresa en su lista de los mejores lugares para trabajar en siete ocasiones, incluida la de 2020. El <em>Philadelphia Inquirer<\/em> tambi\u00e9n ha nombrado a la empresa uno de los mejores lugares de trabajo de la regi\u00f3n durante varios a\u00f1os.<\/p>\n<p>[\/et_pb_text][et_pb_text _builder_version=\u00bb4.19.2&#8243; _module_preset=\u00bbdefault\u00bb custom_margin=\u00bb||40px||false|false\u00bb hover_enabled=\u00bb0&#8243; global_colors_info=\u00bb{}\u00bb states_mode=\u00bbinclude\u00bb states_input=\u00bbAlabama,California,New Jersey\u00bb sticky_enabled=\u00bb0&#8243;]<\/p>\n<p><span data-contrast=\"auto\">Pond Lehocky Giordano abri\u00f3 sus puertas en julio de 2010 con cinco abogados de compensaci\u00f3n de trabajadores de Pensilvania, un abogado de discapacidad de la Seguridad Social y 22 miembros del personal. Hoy en d\u00eda, somos una de las mayores firmas de compensaci\u00f3n de trabajadores, discapacidad del Seguro Social y discapacidad a largo plazo en el pa\u00eds, recuperando miles de millones de d\u00f3lares para nuestros clientes y ganando docenas de premios nacionales por nuestra representaci\u00f3n legal y atenci\u00f3n hol\u00edstica al cliente.<\/span><span data-ccp-props=\"{\"201341983\":0,\"335551550\":6,\"335551620\":6,\"335559739\":160,\"335559740\":259}\"> <\/span><\/p>\n<p><span data-contrast=\"auto\">Sin embargo, la verdadera historia del origen de Pond Lehocky Giordano comenz\u00f3 m\u00e1s de 30 a\u00f1os antes, cuando Sam Pond y Jerry Lehocky eran adversarios en el \u00e1mbito de la indemnizaci\u00f3n laboral. Inmediatamente, se form\u00f3 un respeto y una admiraci\u00f3n mutuos por la celosa defensa de sus clientes. En lugar de seguir luchando entre s\u00ed en los tribunales, decidieron unir sus fuerzas en un bufete de abogados anterior, representando a los trabajadores lesionados y, en \u00faltima instancia, transformando para siempre la compensaci\u00f3n de los trabajadores. Algunos a\u00f1os m\u00e1s tarde, Tom Giordano se uni\u00f3 a ese bufete y, con su est\u00edmulo y apoyo, comenz\u00f3 a crecer y a dirigir su pr\u00e1ctica de discapacidad de la Seguridad Social.<\/span><span data-ccp-props=\"{\"201341983\":0,\"335551550\":6,\"335551620\":6,\"335559739\":160,\"335559740\":259}\"> <\/span><\/p>\n<p><span data-contrast=\"auto\">En 2010, Sam Pond y Jerry Lehocky supieron que era el momento de fundar su propio bufete, un lugar en el que el cliente es siempre lo primero y la defensa implacable en nombre de los trabajadores lesionados no es la excepci\u00f3n, sino la regla. Con Tom Giordano, formaron Pond Lehocky Giordano y nunca han olvidado su misi\u00f3n: ayudar al mayor n\u00famero posible de lesionados y discapacitados.  <\/span><span data-ccp-props=\"{\"201341983\":0,\"335551550\":6,\"335551620\":6,\"335559739\":160,\"335559740\":259}\"> <\/span><\/p>\n<h2>Nuestro departamento de discapacidad de la Seguridad Social<\/h2>\n<p><span data-contrast=\"auto\">Dirigido por Tom Giordano, el departamento de discapacidad de la Seguridad Social de Pond Lehocky ha crecido enormemente desde 2010, habiendo conseguido beneficios para m\u00e1s de 50.000 estadounidenses discapacitados en los 50 estados y Puerto Rico. En enero de 2015, el departamento de discapacidad de la Seguridad Social se convirti\u00f3 en Disability Justice, ahora conocido como Pond Lehocky Disability. Pond Lehocky Disability es un grupo de defensa de la discapacidad de la Seguridad Social que proporciona un excelente servicio al cliente, el acceso a la representaci\u00f3n legal de alta calidad, y los recursos educativos. Centra sus esfuerzos pol\u00edticos \u00fanicamente en las cuestiones que afectan a la discapacidad de la Seguridad Social.  <\/span><span data-ccp-props=\"{\"201341983\":0,\"335551550\":6,\"335551620\":6,\"335559739\":160,\"335559740\":259}\"> <\/span><\/p>\n<p><span data-contrast=\"auto\">Tambi\u00e9n nos hemos expandido a otras \u00e1reas de pr\u00e1ctica para los trabajadores &#8211; Pond Lehocky ahora ayuda a los clientes de discapacidad a corto y largo plazo en todo el pa\u00eds con sus asuntos legales.<\/span><span data-ccp-props=\"{\"201341983\":0,\"335551550\":6,\"335551620\":6,\"335559739\":160,\"335559740\":259}\"> <\/span><\/p>\n<h2>Nuestro departamento de referencias<\/h2>\n<p><span data-contrast=\"auto\">En Pond Lehocky Giordano, nuestra misi\u00f3n siempre ha sido ayudar al mayor n\u00famero de personas posible. Uno de los logros de los que nos sentimos m\u00e1s orgullosos hasta la fecha es la creaci\u00f3n del departamento de remisiones de Pond Lehocky. Hasta la fecha, hemos ayudado a decenas de miles de personas en los 50 estados a encontrar el mejor abogado y bufete de abogados para sus necesidades legales. Si no nos ocupamos de su asunto legal espec\u00edfico, tenemos una relaci\u00f3n con alguien que lo hace, al m\u00e1s alto nivel, en su ciudad, pueblo y estado. Podemos ayudarle a acceder a las mentes jur\u00eddicas m\u00e1s brillantes y trabajadoras del pa\u00eds con s\u00f3lo pulsar un bot\u00f3n.  <\/span><span data-ccp-props=\"{\"201341983\":0,\"335551550\":6,\"335551620\":6,\"335559739\":160,\"335559740\":259}\"> <\/span><\/p>\n<p><span data-contrast=\"auto\">M\u00e1s que un simple conector, el departamento de referencias de Pond Lehocky tambi\u00e9n ha revolucionado la forma de analizar su informaci\u00f3n. Por ejemplo, usted puede estar llamando a nuestra oficina por una lesi\u00f3n o incapacidad laboral, pero a trav\u00e9s de nuestras preguntas puntuales y nuestro software patentado, podemos determinar si usted tiene derecho a alg\u00fan otro beneficio o tiene alg\u00fan otro recurso legal. Vigilamos constantemente el panorama legal para determinar si nuestros clientes o potenciales clientes tienen derechos legales que ni siquiera conocen. Por eso somos su bufete de abogados para cualquier necesidad legal, en cualquier lugar y en cualquier momento.<\/span><span data-ccp-props=\"{\"201341983\":0,\"335551550\":6,\"335551620\":6,\"335559739\":160,\"335559740\":259}\"> <\/span><\/p>\n<h2>Nuestros reconocimientos y logros<\/h2>\n<p><span data-contrast=\"auto\" xml:lang=\"EN-US\" lang=\"EN-US\" class=\"TextRun SCXW209211368 BCX0\"><span class=\"NormalTextRun SCXW209211368 BCX0\">El mete\u00f3rico ascenso de Pond Lehocky Giordano ha ido acompa\u00f1ado de numerosos reconocimientos y logros que ponen de manifiesto la <\/span><span class=\"NormalTextRun SCXW209211368 BCX0\">experiencia<\/span><span class=\"NormalTextRun SCXW209211368 BCX0\">. Hemos sido nombrados para  <\/span><\/span><span data-contrast=\"auto\" xml:lang=\"EN-US\" lang=\"EN-US\" class=\"TextRun SCXW209211368 BCX0\">U.S. News and World Report<\/span><span data-contrast=\"auto\" xml:lang=\"EN-US\" lang=\"EN-US\" class=\"TextRun SCXW209211368 BCX0\"><span class=\"NormalTextRun SCXW209211368 BCX0\">de la lista de los mejores bufetes de abogados en el grupo \u00abTier 1\u00bb para la compensaci\u00f3n de los trabajadores<\/span><span class=\"NormalTextRun SCXW209211368 BCX0\">La clasificaci\u00f3n m\u00e1s alta disponible. Los socios Sam Pond, Jerry Lehocky y Tom Giordano han sido nombrados en la lista The Best Lawyers in America y en la lista Super Lawyers. Muchos de los socios y abogados del bufete han sido nombrados S<\/span><span class=\"NormalTextRun SCXW209211368 BCX0\">uper Lawyers Rising Stars, un honor que se concede a menos del 2,5% de todos los abogados elegibles en cada estado.<\/span><\/span><span class=\"EOP SCXW209211368 BCX0\" data-ccp-props=\"{\"201341983\":0,\"335551550\":6,\"335551620\":6,\"335559739\":160,\"335559740\":259}\"> <\/span><\/p>\n<p>[\/et_pb_text][et_pb_image src=\u00bbhttps:\/\/old.pondlehocky.com\/wp-content\/uploads\/2022\/08\/history-awards.jpg\u00bb alt=\u00bbPremios\u00bb title_text=\u00bbhistoria-premios\u00bb _builder_version=\u00bb4.18.0&#8243; _module_preset=\u00bbdefault\u00bb global_colors_info=\u00bb{}\u00bb][\/et_pb_image][\/et_pb_column][et_pb_column type=\u00bb1_3&#8243; _builder_version=\u00bb4.17.6&#8243; _module_preset=\u00bbdefault\u00bb animation_style=\u00bbslide\u00bb animation_direction=\u00bbbottom\u00bb animation_duration=\u00bb850ms\u00bb animation_delay=\u00bb50ms\u00bb animation_intensity_slide=\u00bb5%\u00bb global_colors_info=\u00bb{}\u00bb][et_pb_wpt_gravityform gravityform_id=\u00bbgf-1&#8243; description_custom_margin=\u00bb10px|0|16px|0|false|false\u00bb description_custom_padding=\u00bb0|0px|0|0|false|false\u00bb field_container_custom_margin=\u00bb20px|0|0|0|false|false\u00bb input_container_custom_margin=\u00bb0px|0|0|0|false|false\u00bb text_input_bg_color=\u00bb#FFFFFF\u00bb label_custom_margin=\u00bb5px|0|5px|0|false|false\u00bb title_custom_margin=\u00bb0px|0|0px|0|false|false\u00bb _builder_version=\u00bb4.19.0&#8243; _module_preset=\u00bbdefault\u00bb title_text_color=\u00bb#12284C\u00bb title_font_size=\u00bb36px\u00bb description_font=\u00bb|||on|||||\u00bb description_text_color=\u00bb#12284C\u00bb description_font_size=\u00bb18px\u00bb description_letter_spacing=\u00bb4px\u00bb description_line_height=\u00bb1.3em\u00bb label_text_color=\u00bb#000000&#8243; label_font_size=\u00bb18px\u00bb background_color=\u00bb#F2F2F2&#8243; custom_form_button=\u00bbon\u00bb form_button_text_color=\u00bb#12284C\u00bb form_button_bg_color=\u00bb#EAAB42&#8243; form_button_border_width=\u00bb0px\u00bb form_button_font=\u00bb|||on|||||\u00bb custom_padding=\u00bb15px|20px|15px|20px|true|true\u00bb custom_css_text_field=\u00bbwidth:100%;\u00bb custom_css_textarea_field=\u00bbwidth:100%;\u00bb custom_css_select_field=\u00bbwidth:100%;\u00bb custom_css_button=\u00bbwidth:100%;\u00bb border_color_all_input_general=\u00bb#dbdbdb\u00bb global_module=\u00bb206&#8243; global_colors_info=\u00bb{}\u00bb form_button_bg_color__hover_enabled=\u00bbon|desktop\u00bb form_button_bg_color__hover=\u00bb#12284C\u00bb form_button_bg_enable_color__hover=\u00bbon\u00bb form_button_text_color__hover_enabled=\u00bbon|desktop\u00bb form_button_text_color__hover=\u00bb#EAAB42&#8243;][\/et_pb_wpt_gravityform][\/et_pb_column][\/et_pb_row][\/et_pb_section]<\/p>\n","protected":false},"excerpt":{"rendered":"<p>Acerca dePond Lehocky Giordano abri\u00f3 sus puertas en julio de 2010 con cinco abogados de compensaci\u00f3n de trabajadores de Pensilvania, un abogado de discapacidad de la Seguridad Social y s\u00f3lo 22 miembros de personal en total. Hoy en d\u00eda, son una de las mayores firmas de compensaci\u00f3n de trabajadores, discapacidad del Seguro Social y discapacidad [&hellip;]<\/p>\n","protected":false},"author":1,"featured_media":0,"parent":5529,"menu_order":0,"comment_status":"closed","ping_status":"closed","template":"","meta":{"_et_pb_use_builder":"on","_et_pb_old_content":"","_et_gb_content_width":"","footnotes":""},"class_list":["post-5568","page","type-page","status-publish","hentry"],"acf":[],"_links":{"self":[{"href":"https:\/\/old.pondlehocky.com\/es\/wp-json\/wp\/v2\/pages\/5568","targetHints":{"allow":["GET"]}}],"collection":[{"href":"https:\/\/old.pondlehocky.com\/es\/wp-json\/wp\/v2\/pages"}],"about":[{"href":"https:\/\/old.pondlehocky.com\/es\/wp-json\/wp\/v2\/types\/page"}],"author":[{"embeddable":true,"href":"https:\/\/old.pondlehocky.com\/es\/wp-json\/wp\/v2\/users\/1"}],"replies":[{"embeddable":true,"href":"https:\/\/old.pondlehocky.com\/es\/wp-json\/wp\/v2\/comments?post=5568"}],"version-history":[{"count":0,"href":"https:\/\/old.pondlehocky.com\/es\/wp-json\/wp\/v2\/pages\/5568\/revisions"}],"up":[{"embeddable":true,"href":"https:\/\/old.pondlehocky.com\/es\/wp-json\/wp\/v2\/pages\/5529"}],"wp:attachment":[{"href":"https:\/\/old.pondlehocky.com\/es\/wp-json\/wp\/v2\/media?parent=5568"}],"curies":[{"name":"wp","href":"https:\/\/api.w.org\/{rel}","templated":true}]}}