{"id":5565,"date":"2022-08-25T14:36:35","date_gmt":"2022-08-25T14:36:35","guid":{"rendered":"https:\/\/old.pondlehocky.com\/cuestiones-de-derechos-civiles\/"},"modified":"2022-11-08T01:40:19","modified_gmt":"2022-11-08T01:40:19","slug":"cuestiones-de-derechos-civiles","status":"publish","type":"page","link":"https:\/\/old.pondlehocky.com\/es\/areas-de-practica\/cuestiones-de-derechos-civiles\/","title":{"rendered":"Cuestiones de derechos civiles"},"content":{"rendered":"<p>[et_pb_section fb_built=\u00bb1&#8243; custom_padding_last_edited=\u00bbon|phone\u00bb _builder_version=\u00bb4.18.0&#8243; _module_preset=\u00bbdefault\u00bb background_image=\u00bbhttps:\/\/old.pondlehocky.com\/wp-content\/uploads\/2022\/08\/practice-areas-bg.jpg\u00bb background_position=\u00bbtop_center\u00bb min_height=\u00bb325px\u00bb custom_margin=\u00bb0px||0px||false|false\u00bb custom_padding=\u00bb100px||0px||false|false\u00bb custom_padding_tablet=\u00bb100px||0px||false|false\u00bb custom_padding_phone=\u00bb50px||||false|false\u00bb global_colors_info=\u00bb{}\u00bb theme_builder_area=\u00bbpost_content\u00bb][et_pb_row _builder_version=\u00bb4.17.6&#8243; _module_preset=\u00bbdefault\u00bb global_colors_info=\u00bb{}\u00bb theme_builder_area=\u00bbpost_content\u00bb][et_pb_column type=\u00bb4_4&#8243; _builder_version=\u00bb4.17.6&#8243; _module_preset=\u00bbdefault\u00bb global_colors_info=\u00bb{}\u00bb theme_builder_area=\u00bbpost_content\u00bb][et_pb_text module_class=\u00bbbreadcrumb\u00bb _builder_version=\u00bb4.18.0&#8243; _module_preset=\u00bbdefault\u00bb text_font=\u00bb|||on|||||\u00bb text_text_color=\u00bb#4295C9&#8243; link_text_color=\u00bb#EAAB42&#8243; link_font_size=\u00bb22px\u00bb link_letter_spacing=\u00bb5px\u00bb header_2_font=\u00bb|||on|||||\u00bb header_2_text_color=\u00bb#EAAB42&#8243; header_2_font_size=\u00bb18px\u00bb header_2_letter_spacing=\u00bb6px\u00bb custom_margin=\u00bb||-3px|||\u00bb animation_style=\u00bbslide\u00bb animation_direction=\u00bbbottom\u00bb animation_duration=\u00bb850ms\u00bb animation_intensity_slide=\u00bb10%\u00bb global_colors_info=\u00bb{}\u00bb link_text_color__hover=\u00bb#FFFFFF\u00bb link_text_color__hover_enabled=\u00bbon|desktop\u00bb theme_builder_area=\u00bbpost_content\u00bb]<a href=\"https:\/\/old.pondlehocky.com\/practice-areas\/\">\u00c1reas de pr\u00e1ctica<\/a>[\/et_pb_text][et_pb_text _builder_version=\u00bb4.18.0&#8243; _dynamic_attributes=\u00bbcontent\u00bb _module_preset=\u00bbdefault\u00bb link_text_color=\u00bb#4295C9&#8243; header_text_color=\u00bb#FFFFFF\u00bb header_font_size=\u00bb72px\u00bb animation_style=\u00bbslide\u00bb animation_direction=\u00bbbottom\u00bb animation_duration=\u00bb850ms\u00bb animation_intensity_slide=\u00bb10%\u00bb header_text_shadow_style=\u00bbpreset1&#8243; header_text_shadow_vertical_length=\u00bb0.08em\u00bb header_text_shadow_color=\u00bbrgba(18,40,76,0.15)\u00bb global_colors_info=\u00bb{}\u00bb link_text_color__hover=\u00bb#EAAB42&#8243; link_text_color__hover_enabled=\u00bbon|hover\u00bb theme_builder_area=\u00bbpost_content\u00bb]@ET-DC@eyJkeW5hbWljIjp0cnVlLCJjb250ZW50IjoicG9zdF90aXRsZSIsInNldHRpbmdzIjp7ImJlZm9yZSI6IjxoMT4iLCJhZnRlciI6IjxcL2gxPiJ9fQ==@[\/et_pb_text][\/et_pb_column][\/et_pb_row][\/et_pb_section][et_pb_section fb_built=\u00bb1&#8243; _builder_version=\u00bb4.17.6&#8243; _module_preset=\u00bbdefault\u00bb custom_padding=\u00bb||60px|||\u00bb global_colors_info=\u00bb{}\u00bb theme_builder_area=\u00bbpost_content\u00bb][et_pb_row column_structure=\u00bb2_3,1_3&#8243; _builder_version=\u00bb4.17.6&#8243; _module_preset=\u00bbdefault\u00bb custom_padding=\u00bb||0px|||\u00bb global_colors_info=\u00bb{}\u00bb theme_builder_area=\u00bbpost_content\u00bb][et_pb_column type=\u00bb2_3&#8243; _builder_version=\u00bb4.17.6&#8243; _module_preset=\u00bbdefault\u00bb animation_style=\u00bbslide\u00bb animation_direction=\u00bbbottom\u00bb animation_duration=\u00bb850ms\u00bb animation_intensity_slide=\u00bb5%\u00bb global_colors_info=\u00bb{}\u00bb theme_builder_area=\u00bbpost_content\u00bb][et_pb_text _builder_version=\u00bb4.18.0&#8243; _module_preset=\u00bbdefault\u00bb header_font=\u00bb|||on|||||\u00bb header_2_font=\u00bb|||on|||||\u00bb header_2_text_color=\u00bb#12284C\u00bb header_2_font_size=\u00bb22px\u00bb header_2_letter_spacing=\u00bb5px\u00bb header_3_font=\u00bb|||on|||||\u00bb header_3_font_size=\u00bb21px\u00bb header_3_letter_spacing=\u00bb5px\u00bb header_4_font=\u00bb|||on|||||\u00bb header_4_font_size=\u00bb22px\u00bb header_4_letter_spacing=\u00bb7px\u00bb custom_margin=\u00bb||40px||false|false\u00bb animation_style=\u00bbslide\u00bb animation_direction=\u00bbbottom\u00bb animation_duration=\u00bb850ms\u00bb animation_intensity_slide=\u00bb10%\u00bb hover_enabled=\u00bb0&#8243; global_colors_info=\u00bb{}\u00bb theme_builder_area=\u00bbpost_content\u00bb sticky_enabled=\u00bb0&#8243;]<\/p>\n<p>La Constituci\u00f3n de Estados Unidos, as\u00ed como numerosas leyes estatales y federales, establecen ciertos derechos civiles: libertades a las que toda persona tiene derecho y que no pueden ser infringidas por gobiernos, empresas o particulares.<\/p>\n<p>El objetivo de los derechos civiles es garantizar que todas las personas tengan una oportunidad justa de participar en la sociedad civil y llevar a cabo su vida sin temor a la discriminaci\u00f3n, la represi\u00f3n, la violencia perpetrada contra ellos o las cargas indebidas.<\/p>\n<p>Cualquier persona que haya sido discriminada injustamente -por ejemplo, al ser rechazada para un trabajo, un apartamento, un pr\u00e9stamo u otra oportunidad- sin otra raz\u00f3n que la de tener una caracter\u00edstica personal protegida, ha visto violados sus derechos civiles y puede tener derecho a presentar una reclamaci\u00f3n legal y a que se le concedan da\u00f1os y perjuicios u otras acciones correctivas.<\/p>\n<p>[\/et_pb_text][et_pb_divider color=\u00bb#F2F2F2&#8243; divider_weight=\u00bb2px\u00bb _builder_version=\u00bb4.18.0&#8243; _module_preset=\u00bbdefault\u00bb custom_margin=\u00bb||10px||false|false\u00bb animation_style=\u00bbslide\u00bb animation_duration=\u00bb850ms\u00bb animation_intensity_slide=\u00bb10%\u00bb global_colors_info=\u00bb{}\u00bb theme_builder_area=\u00bbpost_content\u00bb][\/et_pb_divider][et_pb_text module_class=\u00bbsubhead\u00bb _builder_version=\u00bb4.18.0&#8243; _module_preset=\u00bbdefault\u00bb header_font=\u00bb|||on|||||\u00bb header_2_font=\u00bb|||on|||||\u00bb header_2_text_color=\u00bb#12284C\u00bb header_2_font_size=\u00bb22px\u00bb header_2_letter_spacing=\u00bb5px\u00bb header_3_font=\u00bb|||on|||||\u00bb header_3_font_size=\u00bb21px\u00bb header_3_letter_spacing=\u00bb5px\u00bb header_4_font=\u00bb|||on|||||\u00bb header_4_font_size=\u00bb22px\u00bb header_4_letter_spacing=\u00bb7px\u00bb custom_margin=\u00bb||1px|||\u00bb animation_style=\u00bbslide\u00bb animation_direction=\u00bbbottom\u00bb animation_duration=\u00bb850ms\u00bb animation_intensity_slide=\u00bb10%\u00bb hover_enabled=\u00bb0&#8243; global_colors_info=\u00bb{}\u00bb theme_builder_area=\u00bbpost_content\u00bb sticky_enabled=\u00bb0&#8243;]<\/p>\n<h2>Caracter\u00edsticas protegidas<\/h2>\n<p>[\/et_pb_text][et_pb_text _builder_version=\u00bb4.18.0&#8243; _module_preset=\u00bbdefault\u00bb header_font=\u00bb|||on|||||\u00bb header_2_font=\u00bb|||on|||||\u00bb header_2_text_color=\u00bb#12284C\u00bb header_2_font_size=\u00bb22px\u00bb header_2_letter_spacing=\u00bb5px\u00bb header_3_font=\u00bb|||on|||||\u00bb header_3_font_size=\u00bb21px\u00bb header_3_letter_spacing=\u00bb5px\u00bb header_4_font=\u00bb|||on|||||\u00bb header_4_font_size=\u00bb22px\u00bb header_4_letter_spacing=\u00bb7px\u00bb custom_margin=\u00bb||40px||false|false\u00bb custom_padding=\u00bb||0px|||\u00bb animation_style=\u00bbslide\u00bb animation_direction=\u00bbbottom\u00bb animation_duration=\u00bb850ms\u00bb animation_intensity_slide=\u00bb10%\u00bb hover_enabled=\u00bb0&#8243; global_colors_info=\u00bb{}\u00bb theme_builder_area=\u00bbpost_content\u00bb sticky_enabled=\u00bb0&#8243;]<\/p>\n<ul>\n<li>Empleo<\/li>\n<li>Vivienda<\/li>\n<li>Prestaciones y servicios gubernamentales<\/li>\n<li>Pr\u00e9stamo y cr\u00e9dito<\/li>\n<li>Acceso a la sanidad<\/li>\n<li>Alojamientos p\u00fablicos (por ejemplo, tiendas, restaurantes, locales)<\/li>\n<li>Educaci\u00f3n<\/li>\n<li>Transporte<\/li>\n<li>Votaci\u00f3n<\/li>\n<li>Uso del suelo o zonificaci\u00f3n<\/li>\n<\/ul>\n<p>Los derechos civiles se extienden ampliamente por toda la sociedad, pero varias \u00e1reas espec\u00edficas, en particular las que son esenciales para vivir una vida plena y productiva, reciben una protecci\u00f3n elevada en virtud de la legislaci\u00f3n estatal y federal.<\/p>\n<p>[\/et_pb_text][et_pb_divider color=\u00bb#F2F2F2&#8243; divider_weight=\u00bb2px\u00bb _builder_version=\u00bb4.18.0&#8243; _module_preset=\u00bbdefault\u00bb custom_margin=\u00bb||10px||false|false\u00bb animation_style=\u00bbslide\u00bb animation_duration=\u00bb850ms\u00bb animation_intensity_slide=\u00bb10%\u00bb global_colors_info=\u00bb{}\u00bb theme_builder_area=\u00bbpost_content\u00bb][\/et_pb_divider][et_pb_text module_class=\u00bbsubhead\u00bb _builder_version=\u00bb4.18.0&#8243; _module_preset=\u00bbdefault\u00bb header_font=\u00bb|||on|||||\u00bb header_2_font=\u00bb|||on|||||\u00bb header_2_text_color=\u00bb#12284C\u00bb header_2_font_size=\u00bb22px\u00bb header_2_letter_spacing=\u00bb5px\u00bb header_3_font=\u00bb|||on|||||\u00bb header_3_font_size=\u00bb21px\u00bb header_3_letter_spacing=\u00bb5px\u00bb header_4_font=\u00bb|||on|||||\u00bb header_4_font_size=\u00bb22px\u00bb header_4_letter_spacing=\u00bb7px\u00bb custom_margin=\u00bb||1px|||\u00bb animation_style=\u00bbslide\u00bb animation_direction=\u00bbbottom\u00bb animation_duration=\u00bb850ms\u00bb animation_intensity_slide=\u00bb10%\u00bb hover_enabled=\u00bb0&#8243; global_colors_info=\u00bb{}\u00bb theme_builder_area=\u00bbpost_content\u00bb sticky_enabled=\u00bb0&#8243;]<\/p>\n<h2>Tipos de derechos civiles<\/h2>\n<p>[\/et_pb_text][et_pb_text _builder_version=\u00bb4.18.0&#8243; _module_preset=\u00bbdefault\u00bb header_font=\u00bb|||on|||||\u00bb header_2_font=\u00bb|||on|||||\u00bb header_2_text_color=\u00bb#12284C\u00bb header_2_font_size=\u00bb22px\u00bb header_2_letter_spacing=\u00bb5px\u00bb header_3_font=\u00bb|||on|||||\u00bb header_3_font_size=\u00bb21px\u00bb header_3_letter_spacing=\u00bb5px\u00bb header_4_font=\u00bb|||on|||||\u00bb header_4_font_size=\u00bb22px\u00bb header_4_letter_spacing=\u00bb7px\u00bb custom_margin=\u00bb||40px||false|false\u00bb animation_style=\u00bbslide\u00bb animation_direction=\u00bbbottom\u00bb animation_duration=\u00bb850ms\u00bb animation_intensity_slide=\u00bb10%\u00bb hover_enabled=\u00bb0&#8243; global_colors_info=\u00bb{}\u00bb theme_builder_area=\u00bbpost_content\u00bb sticky_enabled=\u00bb0&#8243;]<\/p>\n<p>Hay numerosas leyes, muchas de las cuales est\u00e1n consagradas en la Carta de Derechos (las diez primeras enmiendas de la Constituci\u00f3n de Estados Unidos), que protegen los derechos civiles. Muchos de ellos tambi\u00e9n han sido establecidos por las leyes estatales y federales o han sido determinados como un requisito constitucional por el Tribunal Supremo.<\/p>\n<p>Estos derechos incluyen el derecho a la privacidad, la libertad de expresi\u00f3n, la libertad de religi\u00f3n, la libertad de reuni\u00f3n y la libertad de movimiento. Los estadounidenses tambi\u00e9n tienen derechos pol\u00edticos, como el derecho a un juicio justo, el debido proceso legal (lo que significa que el gobierno tiene que seguir sus leyes correctamente) y el derecho a buscar recursos legales cuando un individuo ha sido perjudicado. Adem\u00e1s, los ciudadanos con derecho a voto tienen derecho a votar sin interferencias. La autodefensa justificada tambi\u00e9n es un derecho civil.<\/p>\n<p>[\/et_pb_text][et_pb_divider color=\u00bb#F2F2F2&#8243; divider_weight=\u00bb2px\u00bb _builder_version=\u00bb4.18.0&#8243; _module_preset=\u00bbdefault\u00bb custom_margin=\u00bb||10px||false|false\u00bb animation_style=\u00bbslide\u00bb animation_duration=\u00bb850ms\u00bb animation_intensity_slide=\u00bb10%\u00bb global_colors_info=\u00bb{}\u00bb theme_builder_area=\u00bbpost_content\u00bb][\/et_pb_divider][et_pb_text module_class=\u00bbsubhead\u00bb _builder_version=\u00bb4.18.0&#8243; _module_preset=\u00bbdefault\u00bb header_font=\u00bb|||on|||||\u00bb header_2_font=\u00bb|||on|||||\u00bb header_2_text_color=\u00bb#12284C\u00bb header_2_font_size=\u00bb22px\u00bb header_2_letter_spacing=\u00bb5px\u00bb header_3_font=\u00bb|||on|||||\u00bb header_3_font_size=\u00bb21px\u00bb header_3_letter_spacing=\u00bb5px\u00bb header_4_font=\u00bb|||on|||||\u00bb header_4_font_size=\u00bb22px\u00bb header_4_letter_spacing=\u00bb7px\u00bb custom_margin=\u00bb||1px|||\u00bb animation_style=\u00bbslide\u00bb animation_direction=\u00bbbottom\u00bb animation_duration=\u00bb850ms\u00bb animation_intensity_slide=\u00bb10%\u00bb hover_enabled=\u00bb0&#8243; global_colors_info=\u00bb{}\u00bb theme_builder_area=\u00bbpost_content\u00bb sticky_enabled=\u00bb0&#8243;]<\/p>\n<h2>Violaciones comunes de los derechos civiles<\/h2>\n<p>[\/et_pb_text][et_pb_text _builder_version=\u00bb4.18.0&#8243; _module_preset=\u00bbdefault\u00bb header_font=\u00bb|||on|||||\u00bb header_2_font=\u00bb|||on|||||\u00bb header_2_text_color=\u00bb#12284C\u00bb header_2_font_size=\u00bb22px\u00bb header_2_letter_spacing=\u00bb5px\u00bb header_3_font=\u00bb|||on|||||\u00bb header_3_font_size=\u00bb21px\u00bb header_3_letter_spacing=\u00bb5px\u00bb header_4_font=\u00bb|||on|||||\u00bb header_4_font_size=\u00bb22px\u00bb header_4_letter_spacing=\u00bb7px\u00bb custom_margin=\u00bb||30px||false|false\u00bb animation_style=\u00bbslide\u00bb animation_direction=\u00bbbottom\u00bb animation_duration=\u00bb850ms\u00bb animation_intensity_slide=\u00bb10%\u00bb hover_enabled=\u00bb0&#8243; global_colors_info=\u00bb{}\u00bb theme_builder_area=\u00bbpost_content\u00bb sticky_enabled=\u00bb0&#8243;]<\/p>\n<ul>\n<li><strong>Brutalidad policial<\/strong>: Uso excesivo de la fuerza, como una pistola el\u00e9ctrica, un spray de pimienta u otras herramientas o t\u00e9cnicas al someter a un sospechoso.<\/li>\n<li><strong>Perfil racial<\/strong>: Dirigirse a una persona espec\u00edficamente por su raza u origen \u00e9tnico<\/li>\n<li>Detenci\u00f3n <strong>y\/o encar<\/strong>celamiento falsos: Un arresto o encarcelamiento realizado bajo falsos pretextos o sin causa probable, o un individuo que se cobra en exceso por un delito<\/li>\n<li><strong>Abuso de poder gubernamental<\/strong>: Denegaci\u00f3n del debido proceso o restricci\u00f3n de un derecho protegido, como el derecho a la libertad de expresi\u00f3n<\/li>\n<li><strong>Retenci\u00f3n ilegal de un alumno por parte de un profesor<\/strong><\/li>\n<li><strong>Despidos pol\u00edticos<\/strong>: Represalias de un personaje pol\u00edtico contra un empleado que expresa una opini\u00f3n pol\u00edtica diferente<\/li>\n<li><strong>Acoso laboral basado en una caracter\u00edstica protegida<\/strong><\/li>\n<li><strong>Confiscaci\u00f3n ilegal de bienes<\/strong>: La toma o condena de una propiedad por parte del gobierno (especialmente una casa) sin un aviso justo y una audiencia justa.<\/li>\n<\/ul>\n<p>[\/et_pb_text][et_pb_divider color=\u00bb#F2F2F2&#8243; divider_weight=\u00bb2px\u00bb _builder_version=\u00bb4.18.0&#8243; _module_preset=\u00bbdefault\u00bb custom_margin=\u00bb||10px||false|false\u00bb animation_style=\u00bbslide\u00bb animation_duration=\u00bb850ms\u00bb animation_intensity_slide=\u00bb10%\u00bb global_colors_info=\u00bb{}\u00bb theme_builder_area=\u00bbpost_content\u00bb][\/et_pb_divider][et_pb_text module_class=\u00bbsubhead\u00bb _builder_version=\u00bb4.18.0&#8243; _module_preset=\u00bbdefault\u00bb header_font=\u00bb|||on|||||\u00bb header_2_font=\u00bb|||on|||||\u00bb header_2_text_color=\u00bb#12284C\u00bb header_2_font_size=\u00bb22px\u00bb header_2_letter_spacing=\u00bb5px\u00bb header_3_font=\u00bb|||on|||||\u00bb header_3_font_size=\u00bb21px\u00bb header_3_letter_spacing=\u00bb5px\u00bb header_4_font=\u00bb|||on|||||\u00bb header_4_font_size=\u00bb22px\u00bb header_4_letter_spacing=\u00bb7px\u00bb custom_margin=\u00bb||1px|||\u00bb animation_style=\u00bbslide\u00bb animation_direction=\u00bbbottom\u00bb animation_duration=\u00bb850ms\u00bb animation_intensity_slide=\u00bb10%\u00bb hover_enabled=\u00bb0&#8243; global_colors_info=\u00bb{}\u00bb theme_builder_area=\u00bbpost_content\u00bb sticky_enabled=\u00bb0&#8243;]<\/p>\n<h2>Conf\u00ede en un equipo de derechos civiles experimentado y comprometido<\/h2>\n<p>[\/et_pb_text][et_pb_text _builder_version=\u00bb4.18.0&#8243; _module_preset=\u00bbdefault\u00bb header_font=\u00bb|||on|||||\u00bb header_2_font=\u00bb|||on|||||\u00bb header_2_text_color=\u00bb#12284C\u00bb header_2_font_size=\u00bb22px\u00bb header_2_letter_spacing=\u00bb5px\u00bb header_3_font=\u00bb|||on|||||\u00bb header_3_font_size=\u00bb21px\u00bb header_3_letter_spacing=\u00bb5px\u00bb header_4_font=\u00bb|||on|||||\u00bb header_4_font_size=\u00bb22px\u00bb header_4_letter_spacing=\u00bb7px\u00bb custom_margin=\u00bb||30px||false|false\u00bb animation_style=\u00bbslide\u00bb animation_direction=\u00bbbottom\u00bb animation_duration=\u00bb850ms\u00bb animation_intensity_slide=\u00bb10%\u00bb hover_enabled=\u00bb0&#8243; global_colors_info=\u00bb{}\u00bb theme_builder_area=\u00bbpost_content\u00bb sticky_enabled=\u00bb0&#8243;]<\/p>\n<p>El marco jur\u00eddico que protege los derechos civiles es un complejo mosaico en el que pueden intervenir varios organismos federales diferentes, como la Comisi\u00f3n de Igualdad de Oportunidades en el Empleo, el Departamento de Justicia y el Departamento de Vivienda y Desarrollo Urbano de Estados Unidos, as\u00ed como organismos estatales.<\/p>\n<p>Pond Lehocky Giordano puede ayudarle a navegar por el desalentador proceso legal para obtener la reparaci\u00f3n que merece si sus derechos civiles han sido violados. Nuestros abogados expertos investigar\u00e1n su caso y le ayudar\u00e1n a obtener una compensaci\u00f3n por las facturas m\u00e9dicas, el dolor y el sufrimiento, y a corregir los agravios sufridos en violaci\u00f3n de sus derechos civiles.<\/p>\n<p>[\/et_pb_text][et_pb_text _builder_version=\u00bb4.18.0&#8243; _module_preset=\u00bbdefault\u00bb link_text_color=\u00bb#4295C9&#8243; header_2_font_size=\u00bb30px\u00bb hover_enabled=\u00bb0&#8243; global_colors_info=\u00bb{}\u00bb link_text_color__hover_enabled=\u00bbon|desktop\u00bb link_text_color__hover=\u00bb#EAAB42&#8243; theme_builder_area=\u00bbpost_content\u00bb header_2_line_height=\u00bb1.2em\u00bb sticky_enabled=\u00bb0&#8243;]<\/p>\n<h2>Su bienestar f\u00edsico y emocional, su seguridad y su derecho a ser un miembro activo y libre de la sociedad est\u00e1n protegidos por muchos derechos civiles en Estados Unidos. Si cree que sus derechos han sido violados, p\u00f3ngase en contacto con los experimentados abogados de Pond Lehocky Giordano llamando al 1-800-568-7500 o rellenando el formulario de esta p\u00e1gina para ver si tiene un caso.<\/h2>\n<p>[\/et_pb_text][\/et_pb_column][et_pb_column type=\u00bb1_3&#8243; _builder_version=\u00bb4.17.6&#8243; _module_preset=\u00bbdefault\u00bb animation_style=\u00bbslide\u00bb animation_direction=\u00bbbottom\u00bb animation_duration=\u00bb850ms\u00bb animation_delay=\u00bb50ms\u00bb animation_intensity_slide=\u00bb5%\u00bb global_colors_info=\u00bb{}\u00bb theme_builder_area=\u00bbpost_content\u00bb][et_pb_wpt_gravityform gravityform_id=\u00bbgf-1&#8243; description=\u00bboff\u00bb field_container_custom_margin=\u00bb20px|0|0|0|false|false\u00bb input_container_custom_margin=\u00bb0px|0|0|0|false|false\u00bb text_input_bg_color=\u00bb#FFFFFF\u00bb label_custom_margin=\u00bb5px|0|5px|0|false|false\u00bb title_custom_margin=\u00bb0px|0|0px|0|false|false\u00bb _builder_version=\u00bb4.17.6&#8243; _module_preset=\u00bbdefault\u00bb title_text_color=\u00bb#12284C\u00bb title_font_size=\u00bb36px\u00bb label_text_color=\u00bb#000000&#8243; label_font_size=\u00bb18px\u00bb background_color=\u00bb#F2F2F2&#8243; custom_form_button=\u00bbon\u00bb form_button_text_color=\u00bb#12284C\u00bb form_button_bg_color=\u00bb#EAAB42&#8243; form_button_border_width=\u00bb0px\u00bb form_button_font=\u00bb|||on|||||\u00bb custom_padding=\u00bb15px|30px|15px|30px|true|true\u00bb custom_css_text_field=\u00bbwidth:100%;\u00bb custom_css_textarea_field=\u00bbwidth:100%;\u00bb custom_css_select_field=\u00bbwidth:100%;\u00bb custom_css_button=\u00bbwidth:100%;\u00bb border_color_all_input_general=\u00bb#dbdbdb\u00bb global_module=\u00bb206&#8243; global_colors_info=\u00bb{}\u00bb form_button_bg_color__hover_enabled=\u00bbon|desktop\u00bb form_button_bg_color__hover=\u00bb#12284C\u00bb form_button_bg_enable_color__hover=\u00bbon\u00bb form_button_text_color__hover_enabled=\u00bbon|desktop\u00bb form_button_text_color__hover=\u00bb#EAAB42&#8243; theme_builder_area=\u00bbpost_content\u00bb][\/et_pb_wpt_gravityform][\/et_pb_column][\/et_pb_row][\/et_pb_section]<\/p>\n","protected":false},"excerpt":{"rendered":"<p>\u00c1reas de pr\u00e1cticaLa Constituci\u00f3n de Estados Unidos, as\u00ed como numerosas leyes estatales y federales, establecen ciertos derechos civiles: libertades a las que toda persona tiene derecho y que no pueden ser infringidas por gobiernos, empresas o particulares. El objetivo de los derechos civiles es garantizar que todas las personas tengan una oportunidad justa de participar [&hellip;]<\/p>\n","protected":false},"author":1,"featured_media":0,"parent":5569,"menu_order":0,"comment_status":"closed","ping_status":"closed","template":"","meta":{"_et_pb_use_builder":"on","_et_pb_old_content":"","_et_gb_content_width":"","footnotes":""},"class_list":["post-5565","page","type-page","status-publish","hentry"],"acf":[],"_links":{"self":[{"href":"https:\/\/old.pondlehocky.com\/es\/wp-json\/wp\/v2\/pages\/5565","targetHints":{"allow":["GET"]}}],"collection":[{"href":"https:\/\/old.pondlehocky.com\/es\/wp-json\/wp\/v2\/pages"}],"about":[{"href":"https:\/\/old.pondlehocky.com\/es\/wp-json\/wp\/v2\/types\/page"}],"author":[{"embeddable":true,"href":"https:\/\/old.pondlehocky.com\/es\/wp-json\/wp\/v2\/users\/1"}],"replies":[{"embeddable":true,"href":"https:\/\/old.pondlehocky.com\/es\/wp-json\/wp\/v2\/comments?post=5565"}],"version-history":[{"count":0,"href":"https:\/\/old.pondlehocky.com\/es\/wp-json\/wp\/v2\/pages\/5565\/revisions"}],"up":[{"embeddable":true,"href":"https:\/\/old.pondlehocky.com\/es\/wp-json\/wp\/v2\/pages\/5569"}],"wp:attachment":[{"href":"https:\/\/old.pondlehocky.com\/es\/wp-json\/wp\/v2\/media?parent=5565"}],"curies":[{"name":"wp","href":"https:\/\/api.w.org\/{rel}","templated":true}]}}