{"id":5563,"date":"2022-08-25T00:53:57","date_gmt":"2022-08-25T00:53:57","guid":{"rendered":"https:\/\/old.pondlehocky.com\/carreras\/coordinador-del-servicio-de-atencion-al-cliente\/"},"modified":"2022-12-07T21:44:56","modified_gmt":"2022-12-07T21:44:56","slug":"coordinador-del-servicio-de-atencion-al-cliente","status":"publish","type":"page","link":"https:\/\/old.pondlehocky.com\/es\/carreras\/coordinador-del-servicio-de-atencion-al-cliente\/","title":{"rendered":"Coordinador del servicio de atenci\u00f3n al cliente"},"content":{"rendered":"<p>[et_pb_section fb_built=\u00bb1&#8243; custom_padding_last_edited=\u00bbon|phone\u00bb _builder_version=\u00bb4.18.0&#8243; _module_preset=\u00bbdefault\u00bb background_image=\u00bbhttps:\/\/old.pondlehocky.com\/wp-content\/uploads\/2022\/08\/Commitment.jpg\u00bb background_position=\u00bbtop_center\u00bb min_height=\u00bb325px\u00bb custom_margin=\u00bb0px||0px||false|false\u00bb custom_padding=\u00bb100px||0px||false|false\u00bb custom_padding_tablet=\u00bb100px||0px||false|false\u00bb custom_padding_phone=\u00bb50px||||false|false\u00bb global_colors_info=\u00bb{}\u00bb][et_pb_row _builder_version=\u00bb4.17.6&#8243; _module_preset=\u00bbdefault\u00bb global_colors_info=\u00bb{}\u00bb][et_pb_column type=\u00bb4_4&#8243; _builder_version=\u00bb4.17.6&#8243; _module_preset=\u00bbdefault\u00bb global_colors_info=\u00bb{}\u00bb][et_pb_text module_class=\u00bbbreadcrumb\u00bb _builder_version=\u00bb4.18.0&#8243; _module_preset=\u00bbdefault\u00bb text_font=\u00bb|||on|||||\u00bb text_text_color=\u00bb#4295C9&#8243; link_text_color=\u00bb#EAAB42&#8243; header_2_font=\u00bb|||on|||||\u00bb header_2_text_color=\u00bb#EAAB42&#8243; header_2_font_size=\u00bb18px\u00bb header_2_letter_spacing=\u00bb6px\u00bb custom_margin=\u00bb||-3px|||\u00bb animation_style=\u00bbslide\u00bb animation_direction=\u00bbbottom\u00bb animation_duration=\u00bb850ms\u00bb animation_intensity_slide=\u00bb10%\u00bb global_colors_info=\u00bb{}\u00bb link_text_color__hover=\u00bb#FFFFFF\u00bb link_text_color__hover_enabled=\u00bbon|desktop\u00bb]<\/p>\n<p><a href=\"https:\/\/old.pondlehocky.com\/es\/carreras\/\">Carreras<\/a><\/p>\n<p>[\/et_pb_text][et_pb_text _builder_version=\u00bb4.18.0&#8243; _dynamic_attributes=\u00bbcontent\u00bb _module_preset=\u00bbdefault\u00bb link_text_color=\u00bb#4295C9&#8243; header_text_color=\u00bb#FFFFFF\u00bb header_font_size=\u00bb72px\u00bb animation_style=\u00bbslide\u00bb animation_direction=\u00bbbottom\u00bb animation_duration=\u00bb850ms\u00bb animation_intensity_slide=\u00bb10%\u00bb header_text_shadow_style=\u00bbpreset1&#8243; header_text_shadow_vertical_length=\u00bb0.08em\u00bb header_text_shadow_color=\u00bbrgba(18,40,76,0.15)\u00bb global_colors_info=\u00bb{}\u00bb link_text_color__hover=\u00bb#EAAB42&#8243; link_text_color__hover_enabled=\u00bbon|hover\u00bb]@ET-DC@eyJkeW5hbWljIjp0cnVlLCJjb250ZW50IjoicG9zdF90aXRsZSIsInNldHRpbmdzIjp7ImJlZm9yZSI6IjxoMT4iLCJhZnRlciI6IjxcL2gxPiJ9fQ==@[\/et_pb_text][\/et_pb_column][\/et_pb_row][\/et_pb_section][et_pb_section fb_built=\u00bb1&#8243; _builder_version=\u00bb4.17.6&#8243; _module_preset=\u00bbdefault\u00bb custom_padding=\u00bb||60px|||\u00bb global_colors_info=\u00bb{}\u00bb][et_pb_row _builder_version=\u00bb4.17.6&#8243; _module_preset=\u00bbdefault\u00bb global_colors_info=\u00bb{}\u00bb][et_pb_column type=\u00bb4_4&#8243; _builder_version=\u00bb4.17.6&#8243; _module_preset=\u00bbdefault\u00bb animation_style=\u00bbslide\u00bb animation_direction=\u00bbbottom\u00bb animation_duration=\u00bb850ms\u00bb animation_intensity_slide=\u00bb5%\u00bb global_colors_info=\u00bb{}\u00bb][et_pb_button button_url=\u00bb@ET-DC@eyJkeW5hbWljIjp0cnVlLCJjb250ZW50IjoicG9zdF9saW5rX3VybF9wYWdlIiwic2V0dGluZ3MiOnsicG9zdF9pZCI6IjQ2MyJ9fQ==@\u00bb button_text=\u00bbVolver a los listados de carreras\u00bb _builder_version=\u00bb4.18.0&#8243; _dynamic_attributes=\u00bbbutton_url\u00bb _module_preset=\u00bbdefault\u00bb custom_button=\u00bbon\u00bb button_text_size=\u00bb19px\u00bb button_text_color=\u00bb#4295C9&#8243; button_border_width=\u00bb0px\u00bb button_font=\u00bb|700||on|||||\u00bb button_icon=\u00bb&#xf359;||fa||400&#8243; button_icon_color=\u00bb#4295C9&#8243; button_icon_placement=\u00bbleft\u00bb button_on_hover=\u00bboff\u00bb global_module=\u00bb866&#8243; global_colors_info=\u00bb{}\u00bb button_text_color__hover_enabled=\u00bbon|desktop\u00bb button_text_color__hover=\u00bb#EAAB42&#8243; button_icon_color__hover_enabled=\u00bbon|hover\u00bb button_icon_color__hover=\u00bb#EAAB42&#8243; button_bg_color__hover_enabled=\u00bbon|desktop\u00bb button_bg_color__hover=\u00bbRGBA(255,255,255,0)\u00bb button_bg_enable_color__hover=\u00bbon\u00bb][\/et_pb_button][et_pb_text _builder_version=\u00bb4.18.0&#8243; _module_preset=\u00bbdefault\u00bb custom_margin=\u00bb||40px||false|false\u00bb animation_style=\u00bbslide\u00bb animation_direction=\u00bbbottom\u00bb animation_duration=\u00bb850ms\u00bb animation_intensity_slide=\u00bb10%\u00bb global_colors_info=\u00bb{}\u00bb]<\/p>\n<p>Pond Lehocky Giordano es el mayor bufete de indemnizaci\u00f3n por accidente de trabajo y discapacidad de la Seguridad Social en la regi\u00f3n de Filadelfia. Nuestro equipo ha sido reconocido por su experiencia legal en ayudar a miles de personas en todo el pa\u00eds asegurar sus beneficios de discapacidad del Seguro Social, as\u00ed como por su trabajo de defensa.<\/p>\n<p>Pond Lehocky Giordano est\u00e1 buscando un Coordinador de Servicio al Cliente para unirse a nuestro exitoso equipo. Esta persona puede comunicarse eficazmente por tel\u00e9fono con posibles clientes, m\u00e9dicos tratantes, abogados de la parte contraria y otras entidades relacionadas con el caso. Se trata de un puesto de ritmo r\u00e1pido, que requiere multitarea y habilidades de comunicaci\u00f3n eficaces. Se trata de un pago por hora con incentivos adicionales basados en el trabajo\/la productividad.<\/p>\n<p>[\/et_pb_text][et_pb_divider color=\u00bb#F2F2F2&#8243; divider_weight=\u00bb2px\u00bb _builder_version=\u00bb4.18.0&#8243; _module_preset=\u00bbdefault\u00bb custom_margin=\u00bb||20px||false|false\u00bb animation_style=\u00bbslide\u00bb animation_duration=\u00bb850ms\u00bb animation_intensity_slide=\u00bb10%\u00bb global_colors_info=\u00bb{}\u00bb][\/et_pb_divider][et_pb_text module_class=\u00bbsubhead\u00bb _builder_version=\u00bb4.18.0&#8243; _module_preset=\u00bbdefault\u00bb header_font=\u00bb|||on|||||\u00bb header_4_font=\u00bb|||on|||||\u00bb header_4_font_size=\u00bb22px\u00bb header_4_letter_spacing=\u00bb7px\u00bb custom_margin=\u00bb||1px|||\u00bb animation_style=\u00bbslide\u00bb animation_direction=\u00bbbottom\u00bb animation_duration=\u00bb850ms\u00bb animation_intensity_slide=\u00bb10%\u00bb global_colors_info=\u00bb{}\u00bb]<\/p>\n<h4>Las responsabilidades esenciales incluyen:<\/h4>\n<p>[\/et_pb_text][et_pb_text _builder_version=\u00bb4.18.0&#8243; _module_preset=\u00bbdefault\u00bb custom_margin=\u00bb||40px||false|false\u00bb animation_style=\u00bbslide\u00bb animation_direction=\u00bbbottom\u00bb animation_duration=\u00bb850ms\u00bb animation_intensity_slide=\u00bb10%\u00bb global_colors_info=\u00bb{}\u00bb]<\/p>\n<ul>\n<li>Realizar llamadas salientes a clientes y\/o m\u00e9dicos en funci\u00f3n de los encargos de nuestros abogados<\/li>\n<li>Asistir a las llamadas entrantes en rotaci\u00f3n con el equipo<\/li>\n<li>Gestionar las tareas administrativas relacionadas con el caso<\/li>\n<li>Seg\u00fan sea necesario, ayudar con los correos electr\u00f3nicos y faxes del departamento<\/li>\n<li>Otros proyectos y responsabilidades, asignados por el director del departamento<\/li>\n<\/ul>\n<p>[\/et_pb_text][et_pb_divider color=\u00bb#F2F2F2&#8243; divider_weight=\u00bb2px\u00bb _builder_version=\u00bb4.18.0&#8243; _module_preset=\u00bbdefault\u00bb custom_margin=\u00bb||20px||false|false\u00bb animation_style=\u00bbslide\u00bb animation_duration=\u00bb850ms\u00bb animation_intensity_slide=\u00bb10%\u00bb global_colors_info=\u00bb{}\u00bb][\/et_pb_divider][et_pb_text module_class=\u00bbsubhead\u00bb _builder_version=\u00bb4.18.0&#8243; _module_preset=\u00bbdefault\u00bb header_font=\u00bb|||on|||||\u00bb header_4_font=\u00bb|||on|||||\u00bb header_4_font_size=\u00bb22px\u00bb header_4_letter_spacing=\u00bb7px\u00bb custom_margin=\u00bb||1px|||\u00bb animation_style=\u00bbslide\u00bb animation_direction=\u00bbbottom\u00bb animation_duration=\u00bb850ms\u00bb animation_intensity_slide=\u00bb10%\u00bb global_colors_info=\u00bb{}\u00bb]<\/p>\n<h4>Habilidades y competencias:<\/h4>\n<p>[\/et_pb_text][et_pb_text _builder_version=\u00bb4.18.0&#8243; _module_preset=\u00bbdefault\u00bb custom_margin=\u00bb||40px||false|false\u00bb animation_style=\u00bbslide\u00bb animation_direction=\u00bbbottom\u00bb animation_duration=\u00bb850ms\u00bb animation_intensity_slide=\u00bb10%\u00bb global_colors_info=\u00bb{}\u00bb]<\/p>\n<ul>\n<li>Gran capacidad de comunicaci\u00f3n<\/li>\n<li>Excelentes habilidades telef\u00f3nicas y comunicaci\u00f3n con los clientes con confianza y conocimiento de su caso<\/li>\n<li>Atenci\u00f3n al detalle, voluntad de hacer preguntas y profundizar para obtener el m\u00e1ximo detalle posible<\/li>\n<li>Disposici\u00f3n a aprender sobre diferentes \u00e1reas de pr\u00e1ctica<\/li>\n<li>Debe ser capaz de realizar varias tareas a la vez<\/li>\n<li>Se valorar\u00e1 que sea biling\u00fce<\/li>\n<li>Se valorar\u00e1 el conocimiento de la ley de compensaci\u00f3n de los trabajadores<\/li>\n<\/ul>\n<p>[\/et_pb_text][et_pb_divider color=\u00bb#F2F2F2&#8243; divider_weight=\u00bb2px\u00bb _builder_version=\u00bb4.18.0&#8243; _module_preset=\u00bbdefault\u00bb custom_margin=\u00bb||20px||false|false\u00bb animation_style=\u00bbslide\u00bb animation_duration=\u00bb850ms\u00bb animation_intensity_slide=\u00bb10%\u00bb global_colors_info=\u00bb{}\u00bb][\/et_pb_divider][et_pb_text module_class=\u00bbsubhead\u00bb _builder_version=\u00bb4.18.0&#8243; _module_preset=\u00bbdefault\u00bb header_font=\u00bb|||on|||||\u00bb header_4_font=\u00bb|||on|||||\u00bb header_4_font_size=\u00bb22px\u00bb header_4_letter_spacing=\u00bb7px\u00bb custom_margin=\u00bb||1px|||\u00bb animation_style=\u00bbslide\u00bb animation_direction=\u00bbbottom\u00bb animation_duration=\u00bb850ms\u00bb animation_intensity_slide=\u00bb10%\u00bb global_colors_info=\u00bb{}\u00bb]<\/p>\n<h4>Sobre nosotros<\/h4>\n<p>[\/et_pb_text][et_pb_text _builder_version=\u00bb4.18.0&#8243; _module_preset=\u00bbdefault\u00bb custom_margin=\u00bb||40px||false|false\u00bb animation_style=\u00bbslide\u00bb animation_direction=\u00bbbottom\u00bb animation_duration=\u00bb850ms\u00bb animation_intensity_slide=\u00bb10%\u00bb global_colors_info=\u00bb{}\u00bb]<\/p>\n<p>Pond Lehocky Giordano tiene \u00e9xito sirviendo plenamente las necesidades de los trabajadores lesionados y discapacitados a trav\u00e9s de nuestro compromiso con la pr\u00e1ctica de la compensaci\u00f3n de los trabajadores, la incapacidad de la seguridad social, el empleo y la ley de discapacidad a largo plazo al m\u00e1s alto nivel profesional. Con m\u00e1s de 100 empleados, invertimos en tecnolog\u00eda punta para ofrecer un s\u00f3lido apoyo a nuestros abogados y clientes.<\/p>\n<p>Detr\u00e1s de cada caso, hay una persona que depende del bufete de Pond Lehocky Giordano para obtener ayuda. Nunca perdemos de vista este hecho. Es este conocimiento el que nos impulsa a cada uno de nosotros a poner las necesidades de nuestros clientes en primer lugar. Nos dicen que es algo que se percibe en el ambiente de aqu\u00ed: una sensaci\u00f3n de confianza, compasi\u00f3n y, sobre todo, que nos importa mucho, mucho.<\/p>\n<p>[\/et_pb_text][\/et_pb_column][\/et_pb_row][\/et_pb_section][et_pb_section fb_built=\u00bb1&#8243; _builder_version=\u00bb4.18.0&#8243; _module_preset=\u00bbdefault\u00bb background_color=\u00bb#F2F2F2&#8243; global_module=\u00bb876&#8243; saved_tabs=\u00bball\u00bb global_colors_info=\u00bb{}\u00bb][et_pb_row _builder_version=\u00bb4.18.0&#8243; _module_preset=\u00bbdefault\u00bb global_colors_info=\u00bb{}\u00bb][et_pb_column type=\u00bb4_4&#8243; _builder_version=\u00bb4.18.0&#8243; _module_preset=\u00bbdefault\u00bb global_colors_info=\u00bb{}\u00bb][et_pb_text _builder_version=\u00bb4.18.0&#8243; _module_preset=\u00bbdefault\u00bb header_2_text_align=\u00bbcenter\u00bb header_2_text_color=\u00bb#12284C\u00bb header_2_font_size=\u00bb54px\u00bb custom_margin=\u00bb||0px||false|false\u00bb animation_style=\u00bbslide\u00bb animation_direction=\u00bbbottom\u00bb animation_duration=\u00bb850ms\u00bb animation_intensity_slide=\u00bb10%\u00bb global_colors_info=\u00bb{}\u00bb]<\/p>\n<h2>Solicite ahora<\/h2>\n<p>[\/et_pb_text][et_pb_divider color=\u00bb#EAAB42&#8243; divider_weight=\u00bb2px\u00bb _builder_version=\u00bb4.18.0&#8243; _module_preset=\u00bbdefault\u00bb width=\u00bb25%\u00bb width_tablet=\u00bb48%\u00bb width_phone=\u00bb100%\u00bb width_last_edited=\u00bbon|phone\u00bb module_alignment=\u00bbcenter\u00bb custom_margin=\u00bb||-1px|||\u00bb animation_style=\u00bbslide\u00bb animation_direction=\u00bbbottom\u00bb animation_duration=\u00bb850ms\u00bb animation_intensity_slide=\u00bb10%\u00bb global_colors_info=\u00bb{}\u00bb][\/et_pb_divider][et_pb_text _builder_version=\u00bb4.18.0&#8243; _module_preset=\u00bbdefault\u00bb text_orientation=\u00bbcenter\u00bb global_colors_info=\u00bb{}\u00bb]<\/p>\n<p>Gracias por su inter\u00e9s en Pond Lehocky Giordano. Por favor, rellene la siguiente solicitud.<\/p>\n<p>[\/et_pb_text][et_pb_wpt_gravityform gravityform_id=\u00bbgf-3&#8243; title=\u00bboff\u00bb description=\u00bboff\u00bb text_input_bg_color=\u00bb#FFFFFF\u00bb _builder_version=\u00bb4.18.0&#8243; _module_preset=\u00bbdefault\u00bb label_text_color=\u00bb#1C1C1C\u00bb label_font_size=\u00bb18px\u00bb sub_label_text_color=\u00bb#1C1C1C\u00bb field_description_text_color=\u00bb#1C1C1C\u00bb checkbox_radio_field_text_color=\u00bb#1C1C1C\u00bb custom_form_button=\u00bbon\u00bb form_button_text_color=\u00bb#12284C\u00bb form_button_bg_color=\u00bb#EAAB42&#8243; form_button_border_width=\u00bb0px\u00bb form_button_border_radius=\u00bb0px\u00bb form_button_font=\u00bb|||on|||||\u00bb form_button_custom_padding=\u00bb10px|40px|10px|40px|true|true\u00bb form_button_bg_color_last_edited=\u00bboff|desktop\u00bb global_colors_info=\u00bb{}\u00bb form_button_text_color__hover_enabled=\u00bbon|desktop\u00bb form_button_text_color__hover=\u00bb#EAAB42&#8243; form_button_bg_color__hover_enabled=\u00bbon|desktop\u00bb form_button_bg_color__hover=\u00bb#12284C\u00bb form_button_bg_enable_color__hover=\u00bbon\u00bb][\/et_pb_wpt_gravityform][\/et_pb_column][\/et_pb_row][\/et_pb_section]<\/p>\n","protected":false},"excerpt":{"rendered":"<p>CarrerasPond Lehocky Giordano es el mayor bufete de indemnizaci\u00f3n por accidente de trabajo y discapacidad de la Seguridad Social en la regi\u00f3n de Filadelfia. Nuestro equipo ha sido reconocido por su experiencia legal en ayudar a miles de personas en todo el pa\u00eds asegurar sus beneficios de discapacidad del Seguro Social, as\u00ed como por su [&hellip;]<\/p>\n","protected":false},"author":1,"featured_media":0,"parent":5560,"menu_order":0,"comment_status":"closed","ping_status":"closed","template":"","meta":{"_et_pb_use_builder":"on","_et_pb_old_content":"","_et_gb_content_width":"","footnotes":""},"class_list":["post-5563","page","type-page","status-publish","hentry"],"acf":[],"_links":{"self":[{"href":"https:\/\/old.pondlehocky.com\/es\/wp-json\/wp\/v2\/pages\/5563","targetHints":{"allow":["GET"]}}],"collection":[{"href":"https:\/\/old.pondlehocky.com\/es\/wp-json\/wp\/v2\/pages"}],"about":[{"href":"https:\/\/old.pondlehocky.com\/es\/wp-json\/wp\/v2\/types\/page"}],"author":[{"embeddable":true,"href":"https:\/\/old.pondlehocky.com\/es\/wp-json\/wp\/v2\/users\/1"}],"replies":[{"embeddable":true,"href":"https:\/\/old.pondlehocky.com\/es\/wp-json\/wp\/v2\/comments?post=5563"}],"version-history":[{"count":0,"href":"https:\/\/old.pondlehocky.com\/es\/wp-json\/wp\/v2\/pages\/5563\/revisions"}],"up":[{"embeddable":true,"href":"https:\/\/old.pondlehocky.com\/es\/wp-json\/wp\/v2\/pages\/5560"}],"wp:attachment":[{"href":"https:\/\/old.pondlehocky.com\/es\/wp-json\/wp\/v2\/media?parent=5563"}],"curies":[{"name":"wp","href":"https:\/\/api.w.org\/{rel}","templated":true}]}}