{"id":5548,"date":"2022-08-03T19:18:38","date_gmt":"2022-08-03T23:18:38","guid":{"rendered":"https:\/\/old.pondlehocky.com\/politica-de-privacidad\/"},"modified":"2024-02-28T09:45:59","modified_gmt":"2024-02-28T14:45:59","slug":"politica-de-privacidad","status":"publish","type":"page","link":"https:\/\/old.pondlehocky.com\/es\/politica-de-privacidad\/","title":{"rendered":"Pol\u00edtica de privacidad"},"content":{"rendered":"<p>[et_pb_section fb_built=\u00bb1&#8243; _builder_version=\u00bb4.17.6&#8243; _module_preset=\u00bbdefault\u00bb background_image=\u00bbhttps:\/\/old.pondlehocky.com\/wp-content\/uploads\/2022\/08\/Group-395.jpg\u00bb min_height=\u00bb325px\u00bb custom_margin=\u00bb0px||0px||false|false\u00bb custom_padding=\u00bb100px||0px||false|false\u00bb global_colors_info=\u00bb{}\u00bb][et_pb_row _builder_version=\u00bb4.17.6&#8243; _module_preset=\u00bbdefault\u00bb global_colors_info=\u00bb{}\u00bb][et_pb_column type=\u00bb4_4&#8243; _builder_version=\u00bb4.17.6&#8243; _module_preset=\u00bbdefault\u00bb global_colors_info=\u00bb{}\u00bb][et_pb_text _builder_version=\u00bb4.17.6&#8243; _dynamic_attributes=\u00bbcontent\u00bb _module_preset=\u00bbdefault\u00bb link_text_color=\u00bb#4295C9&#8243; header_text_color=\u00bb#FFFFFF\u00bb header_font_size=\u00bb72px\u00bb animation_style=\u00bbslide\u00bb animation_direction=\u00bbbottom\u00bb animation_duration=\u00bb850ms\u00bb animation_intensity_slide=\u00bb10%\u00bb header_text_shadow_style=\u00bbpreset1&#8243; header_text_shadow_vertical_length=\u00bb0.08em\u00bb header_text_shadow_color=\u00bbrgba(18,40,76,0.15)\u00bb global_colors_info=\u00bb{}\u00bb link_text_color__hover=\u00bb#EAAB42&#8243; link_text_color__hover_enabled=\u00bbon|hover\u00bb]@ET-DC@eyJkeW5hbWljIjp0cnVlLCJjb250ZW50IjoicG9zdF90aXRsZSIsInNldHRpbmdzIjp7ImJlZm9yZSI6IjxoMT4iLCJhZnRlciI6IjxcL2gxPiJ9fQ==@[\/et_pb_text][\/et_pb_column][\/et_pb_row][\/et_pb_section][et_pb_section fb_built=\u00bb1&#8243; _builder_version=\u00bb4.17.6&#8243; _module_preset=\u00bbdefault\u00bb global_colors_info=\u00bb{}\u00bb][et_pb_row column_structure=\u00bb2_3,1_3&#8243; _builder_version=\u00bb4.17.6&#8243; _module_preset=\u00bbdefault\u00bb global_colors_info=\u00bb{}\u00bb][et_pb_column type=\u00bb2_3&#8243; _builder_version=\u00bb4.17.6&#8243; _module_preset=\u00bbdefault\u00bb animation_style=\u00bbslide\u00bb animation_direction=\u00bbbottom\u00bb animation_duration=\u00bb850ms\u00bb animation_intensity_slide=\u00bb10%\u00bb global_colors_info=\u00bb{}\u00bb][et_pb_text _builder_version=\u00bb4.17.6&#8243; _module_preset=\u00bbdefault\u00bb link_text_color=\u00bb#4295C9&#8243; ul_font_size=\u00bb18px\u00bb ul_line_height=\u00bb1.7em\u00bb header_2_font_size=\u00bb30px\u00bb custom_margin=\u00bb||50px|||\u00bb global_colors_info=\u00bb{}\u00bb link_text_color__hover=\u00bb#EAAB42&#8243; link_text_color__hover_enabled=\u00bbon|hover\u00bb]<\/p>\n<h2>\u00bfQu\u00e9 informaci\u00f3n recogemos?<\/h2>\n<p>Recogemos informaci\u00f3n suya cuando se registra en nuestro sitio, se suscribe a nuestro bolet\u00edn, responde a una encuesta o rellena un formulario.<\/p>\n<p>Al registrarse en nuestro sitio, seg\u00fan proceda, es posible que se le pida que introduzca su: nombre, direcci\u00f3n de correo electr\u00f3nico, direcci\u00f3n postal o n\u00famero de tel\u00e9fono. No obstante, puede visitar nuestro sitio de forma an\u00f3nima.<\/p>\n<p>[\/et_pb_text][et_pb_text _builder_version=\u00bb4.20.4&#8243; _module_preset=\u00bbdefault\u00bb link_text_color=\u00bb#4295C9&#8243; ul_font_size=\u00bb18px\u00bb ul_line_height=\u00bb1.7em\u00bb header_2_font_size=\u00bb30px\u00bb custom_margin=\u00bb||50px|||\u00bb global_colors_info=\u00bb{}\u00bb link_text_color__hover=\u00bb#EAAB42&#8243; link_text_color__hover_enabled=\u00bbon|hover\u00bb]<\/p>\n<h2>\u00bfPara qu\u00e9 utilizamos sus datos?<\/h2>\n<p><strong>Toda la informaci\u00f3n que recopilemos sobre usted podr\u00e1 utilizarse de una de las siguientes maneras:<\/strong><\/p>\n<ul>\n<li>Para personalizar su experiencia (su informaci\u00f3n nos ayuda a responder mejor a sus necesidades individuales)<\/li>\n<li>Para mejorar nuestro sitio web (nos esforzamos continuamente por mejorar la oferta de nuestro sitio web bas\u00e1ndonos en la informaci\u00f3n y los comentarios que recibimos de usted).<\/li>\n<li>Para mejorar el servicio al cliente (su informaci\u00f3n nos ayuda a responder m\u00e1s eficazmente a sus solicitudes de servicio al cliente y necesidades de apoyo)<\/li>\n<li>Para enviar mensajes de texto automatizados. El n\u00famero de m\u00f3vil que nos facilite podr\u00e1 ser utilizado para enviarle alertas de texto relativas a su caso, noticias del bufete, actualizaciones e informaci\u00f3n relacionada. Puedes cancelarlo en cualquier momento enviando un mensaje de texto con la palabra \u00abSTOP\u00bb.<\/li>\n<li>Para enviar correos electr\u00f3nicos peri\u00f3dicos. La direcci\u00f3n de correo electr\u00f3nico que nos facilite podr\u00e1 utilizarse para enviarle informaci\u00f3n y actualizaciones, adem\u00e1s de para recibir noticias de la empresa, actualizaciones e informaci\u00f3n relacionada, etc.<\/li>\n<\/ul>\n<p><strong>Nota:<\/strong><\/p>\n<p>Si en alg\u00fan momento desea darse de baja para no recibir m\u00e1s correos electr\u00f3nicos, incluimos instrucciones detalladas para darse de baja al final de cada correo electr\u00f3nico.<\/p>\n<p>[\/et_pb_text][et_pb_text _builder_version=\u00bb4.17.6&#8243; _module_preset=\u00bbdefault\u00bb link_text_color=\u00bb#4295C9&#8243; ul_font_size=\u00bb18px\u00bb ul_line_height=\u00bb1.7em\u00bb header_2_font_size=\u00bb30px\u00bb custom_margin=\u00bb||50px|||\u00bb global_colors_info=\u00bb{}\u00bb link_text_color__hover=\u00bb#EAAB42&#8243; link_text_color__hover_enabled=\u00bbon|hover\u00bb]<\/p>\n<h2>\u00bfC\u00f3mo protegemos su informaci\u00f3n?<\/h2>\n<p>Aplicamos diversas medidas de seguridad para mantener la seguridad de su informaci\u00f3n personal.<\/p>\n<p>[\/et_pb_text][et_pb_text _builder_version=\u00bb4.17.6&#8243; _module_preset=\u00bbdefault\u00bb link_text_color=\u00bb#4295C9&#8243; ul_font_size=\u00bb18px\u00bb ul_line_height=\u00bb1.7em\u00bb header_2_font_size=\u00bb30px\u00bb custom_margin=\u00bb||50px|||\u00bb global_colors_info=\u00bb{}\u00bb link_text_color__hover=\u00bb#EAAB42&#8243; link_text_color__hover_enabled=\u00bbon|hover\u00bb]<\/p>\n<h2>\u00bfUtilizamos cookies?<\/h2>\n<p>S\u00ed. Las cookies son peque\u00f1os archivos que un sitio o su proveedor de servicios transfiere al disco duro de su ordenador a trav\u00e9s de su navegador web (si usted lo permite) y que permiten a los sistemas de los sitios o proveedores de servicios reconocer su navegador y capturar y recordar determinada informaci\u00f3n. Utilizamos cookies para recordar, comprender y guardar sus preferencias para futuras visitas, as\u00ed como para recopilar datos agregados sobre el tr\u00e1fico y la interacci\u00f3n en el sitio, de modo que podamos ofrecerle mejores experiencias y herramientas en el futuro.<\/p>\n<p>Si lo prefiere, puede elegir que su ordenador le avise cada vez que se env\u00ede una cookie, o puede optar por desactivar todas las cookies a trav\u00e9s de la configuraci\u00f3n de su navegador. Como la mayor\u00eda de los sitios web, si desactiva las cookies, es posible que algunos de nuestros servicios no funcionen correctamente.<\/p>\n<p>[\/et_pb_text][et_pb_text _builder_version=\u00bb4.23.1&#8243; _module_preset=\u00bbdefault\u00bb link_text_color=\u00bb#4295C9&#8243; ul_font_size=\u00bb18px\u00bb ul_line_height=\u00bb1.7em\u00bb header_2_font_size=\u00bb30px\u00bb custom_margin=\u00bb||50px|||\u00bb global_colors_info=\u00bb{}\u00bb link_text_color__hover=\u00bb#EAAB42&#8243; link_text_color__hover_enabled=\u00bbon|hover\u00bb]<\/p>\n<h2>\u00bfDivulgamos informaci\u00f3n sobre usted a terceros?<\/h2>\n<p>No se compartir\u00e1 informaci\u00f3n sobre m\u00f3viles con terceros\/afiliados con fines de marketing\/promoci\u00f3n. Todas las categor\u00edas anteriores excluyen los datos y el consentimiento del remitente de los mensajes de texto; esta informaci\u00f3n no se compartir\u00e1 con terceros.<\/p>\n<p>No vendemos, comerciamos ni transferimos de ning\u00fan otro modo su informaci\u00f3n personal identificable a terceros. Esto no incluye a terceras partes de confianza que nos ayudan a gestionar nuestro sitio web, llevar a cabo nuestro negocio o prestarle servicios, siempre que dichas partes acepten mantener la confidencialidad de esta informaci\u00f3n. Tambi\u00e9n podemos divulgar su informaci\u00f3n cuando creamos que es apropiado para cumplir con la ley, hacer cumplir las pol\u00edticas de nuestro sitio o proteger nuestros derechos, propiedad o seguridad o los de otros. No obstante, la informaci\u00f3n no personal de los visitantes puede facilitarse a terceros para fines de marketing, publicidad u otros usos.<\/p>\n<p>[\/et_pb_text][et_pb_text _builder_version=\u00bb4.20.4&#8243; _module_preset=\u00bbdefault\u00bb link_text_color=\u00bb#4295C9&#8243; ul_font_size=\u00bb18px\u00bb ul_line_height=\u00bb1.7em\u00bb header_2_font_size=\u00bb30px\u00bb custom_margin=\u00bb||50px|||\u00bb global_colors_info=\u00bb{}\u00bb link_text_color__hover=\u00bb#EAAB42&#8243; link_text_color__hover_enabled=\u00bbon|hover\u00bb]<\/p>\n<h2>Pol\u00edtica de privacidad de los mensajes de texto:<\/h2>\n<p><span data-contrast=\"none\" xml:lang=\"EN-US\" lang=\"EN-US\" class=\"TextRun SCXW159061271 BCX0\"><span class=\"NormalTextRun SCXW159061271 BCX0\">De acuerdo con las <strong><a href=\"https:\/\/old.pondlehocky.com\/es\/condiciones-de-uso\/\" target=\"_blank\" rel=\"noopener\">Condiciones de uso<\/a><\/strong> de nuestro sitio, al <\/span><span class=\"NormalTextRun SCXW159061271 BCX0\">enviando a<\/span><span class=\"NormalTextRun SCXW159061271 BCX0\"> su n\u00famero de m\u00f3vil a trav\u00e9s de cualquiera de nuestros formularios en l\u00ednea, usted da su consentimiento para recibir alertas de texto m\u00f3vil <\/span><span class=\"NormalTextRun SCXW159061271 BCX0\">sobre<\/span><span class=\"NormalTextRun SCXW159061271 BCX0\">  su caso, noticias del bufete, actualizaciones e informaci\u00f3n relacionada. Puede recibir<\/span> <span class=\"NormalTextRun SCXW159061271 BCX0\"> Mensajes de texto recurrentes de Pond Lehocky Giordano. <\/span><span class=\"NormalTextRun SCXW159061271 BCX0\">En <\/span><span class=\"NormalTextRun SCXW159061271 BCX0\">enviar<\/span><span class=\"NormalTextRun SCXW159061271 BCX0\"> su n\u00famero de m\u00f3vil, usted <\/span><span class=\"NormalTextRun ContextualSpellingAndGrammarErrorV2Themed SCXW159061271 BCX0\">confirma<\/span><span class=\"NormalTextRun SCXW159061271 BCX0\">  es mayor de 13 a\u00f1os. Enviaremos mensajes de texto a m\u00f3viles utilizando tecnolog\u00eda automatizada. Pueden aplicarse tarifas est\u00e1ndar de mensajes y datos. Puede darse de baja en cualquier momento enviando un mensaje de texto a<\/span><span class=\"NormalTextRun SCXW159061271 BCX0\">  \u00abSTOP\u00bb.  <\/span><\/span><span class=\"EOP SCXW159061271 BCX0\" data-ccp-props=\"{\"201341983\":0,\"335559739\":160,\"335559740\":259}\"> <\/span><\/p>\n<p>[\/et_pb_text][et_pb_text _builder_version=\u00bb4.17.6&#8243; _module_preset=\u00bbdefault\u00bb link_text_color=\u00bb#4295C9&#8243; ul_font_size=\u00bb18px\u00bb ul_line_height=\u00bb1.7em\u00bb header_2_font_size=\u00bb30px\u00bb custom_margin=\u00bb||50px|||\u00bb global_colors_info=\u00bb{}\u00bb link_text_color__hover=\u00bb#EAAB42&#8243; link_text_color__hover_enabled=\u00bbon|hover\u00bb]<\/p>\n<h2>Pol\u00edtica de privacidad en l\u00ednea \u00fanicamente:<\/h2>\n<p>Esta pol\u00edtica de privacidad en l\u00ednea s\u00f3lo se aplica a la informaci\u00f3n recogida a trav\u00e9s de nuestro sitio web y no a la informaci\u00f3n recogida fuera de l\u00ednea.<\/p>\n<p>[\/et_pb_text][et_pb_text _builder_version=\u00bb4.20.4&#8243; _module_preset=\u00bbdefault\u00bb link_text_color=\u00bb#4295C9&#8243; ul_font_size=\u00bb18px\u00bb ul_line_height=\u00bb1.7em\u00bb header_2_font_size=\u00bb30px\u00bb custom_margin=\u00bb||50px|||\u00bb global_colors_info=\u00bb{}\u00bb link_text_color__hover=\u00bb#EAAB42&#8243; link_text_color__hover_enabled=\u00bbon|hover\u00bb]<\/p>\n<h2>Condiciones de uso:<\/h2>\n<p>Visite tambi\u00e9n nuestra secci\u00f3n \u00abCondiciones de uso\u00bb en la que se establecen el uso, las exenciones de responsabilidad y las limitaciones de responsabilidad que rigen el uso de nuestro sitio web en <a href=\"https:\/\/old.pondlehocky.com\/es\/condiciones-de-uso\/\" target=\"_blank\" rel=\"noopener\">https:\/\/old.pondlehocky.com\/terms-of-use\/.<\/a><\/p>\n<p>[\/et_pb_text][et_pb_text _builder_version=\u00bb4.17.6&#8243; _module_preset=\u00bbdefault\u00bb link_text_color=\u00bb#4295C9&#8243; ul_font_size=\u00bb18px\u00bb ul_line_height=\u00bb1.7em\u00bb header_2_font_size=\u00bb30px\u00bb custom_margin=\u00bb||50px|||\u00bb global_colors_info=\u00bb{}\u00bb link_text_color__hover=\u00bb#EAAB42&#8243; link_text_color__hover_enabled=\u00bbon|hover\u00bb]<\/p>\n<h2>Su consentimiento:<\/h2>\n<p>Al acceder a este sitio y facilitarnos informaci\u00f3n, usted acepta nuestra Pol\u00edtica de privacidad.<\/p>\n<p>[\/et_pb_text][et_pb_text _builder_version=\u00bb4.20.4&#8243; _module_preset=\u00bbdefault\u00bb link_text_color=\u00bb#4295C9&#8243; ul_font_size=\u00bb18px\u00bb ul_line_height=\u00bb1.7em\u00bb header_2_font_size=\u00bb30px\u00bb custom_margin=\u00bb||50px|||\u00bb global_colors_info=\u00bb{}\u00bb link_text_color__hover=\u00bb#EAAB42&#8243; link_text_color__hover_enabled=\u00bbon|hover\u00bb]<\/p>\n<h2>Cambios en nuestra pol\u00edtica de privacidad:<\/h2>\n<p>Si decidimos cambiar nuestra pol\u00edtica de privacidad, publicaremos dichos cambios en esta p\u00e1gina y\/o actualizaremos la fecha de modificaci\u00f3n de la pol\u00edtica de privacidad que figura a continuaci\u00f3n. Esta pol\u00edtica se modific\u00f3 por \u00faltima vez el 31\/5\/23.<\/p>\n<p>[\/et_pb_text][et_pb_text _builder_version=\u00bb4.20.4&#8243; _module_preset=\u00bbdefault\u00bb link_text_color=\u00bb#4295C9&#8243; ul_font_size=\u00bb18px\u00bb ul_line_height=\u00bb1.7em\u00bb header_2_font_size=\u00bb30px\u00bb custom_margin=\u00bb||50px|||\u00bb global_colors_info=\u00bb{}\u00bb link_text_color__hover=\u00bb#EAAB42&#8243; link_text_color__hover_enabled=\u00bbon|hover\u00bb]<\/p>\n<h2>P\u00f3ngase en contacto con nosotros:<\/h2>\n<p>Si tiene alguna pregunta sobre esta pol\u00edtica de privacidad, puede ponerse en contacto con nosotros utilizando la informaci\u00f3n que figura a continuaci\u00f3n:<\/p>\n<p><strong>Pond Lehocky Giordano LLP<\/strong><br \/>2005 Market Street, planta 18<br \/>Filadelfia, PA 19103<\/p>\n<p>Tel\u00e9fono: <a href=\"tel:12155687500\"><br \/>\n  <strong>215-568-7500<\/strong><br \/>\n<\/a><br \/>Correo electr\u00f3nico: <a href=\"mailto:info@pondlehocky.com\"><br \/>\n  <strong>info@pondlehocky.com<\/strong><br \/>\n<\/a><\/p>\n<p>[\/et_pb_text][\/et_pb_column][et_pb_column type=\u00bb1_3&#8243; _builder_version=\u00bb4.17.6&#8243; _module_preset=\u00bbdefault\u00bb animation_style=\u00bbslide\u00bb animation_direction=\u00bbbottom\u00bb animation_duration=\u00bb850ms\u00bb animation_delay=\u00bb100ms\u00bb animation_intensity_slide=\u00bb10%\u00bb global_colors_info=\u00bb{}\u00bb][et_pb_wpt_gravityform gravityform_id=\u00bbgf-1&#8243; description=\u00bboff\u00bb description_custom_margin=\u00bb10px|0|16px|0|false|false\u00bb description_custom_padding=\u00bb0|0px|0|0|false|false\u00bb field_container_custom_margin=\u00bb20px|0|0|0|false|false\u00bb input_container_custom_margin=\u00bb0px|0|0|0|false|false\u00bb text_input_bg_color=\u00bb#FFFFFF\u00bb label_custom_margin=\u00bb5px|0|5px|0|false|false\u00bb _builder_version=\u00bb4.20.4&#8243; _module_preset=\u00bbdefault\u00bb title_text_color=\u00bb#12284C\u00bb title_font_size=\u00bb36px\u00bb description_font=\u00bb|||on|||||\u00bb description_text_color=\u00bb#12284C\u00bb description_font_size=\u00bb18px\u00bb description_letter_spacing=\u00bb4px\u00bb description_line_height=\u00bb1.3em\u00bb label_text_color=\u00bb#000000&#8243; label_font_size=\u00bb18px\u00bb background_color=\u00bb#F2F2F2&#8243; custom_form_button=\u00bbon\u00bb form_button_text_color=\u00bb#12284C\u00bb form_button_bg_color=\u00bb#EAAB42&#8243; form_button_border_width=\u00bb0px\u00bb form_button_font=\u00bb|||on|||||\u00bb custom_padding=\u00bb15px|20px|15px|20px|true|true\u00bb custom_css_text_field=\u00bbwidth:100%;\u00bb custom_css_textarea_field=\u00bbwidth:100%;\u00bb custom_css_select_field=\u00bbwidth:100%;\u00bb custom_css_button=\u00bbwidth:100%;\u00bb border_color_all_input_general=\u00bb#dbdbdb\u00bb global_module=\u00bb206&#8243; global_colors_info=\u00bb{}\u00bb form_button_bg_color__hover_enabled=\u00bbon|desktop\u00bb form_button_bg_color__hover=\u00bb#12284C\u00bb form_button_bg_enable_color__hover=\u00bbon\u00bb form_button_text_color__hover_enabled=\u00bbon|desktop\u00bb form_button_text_color__hover=\u00bb#EAAB42&#8243;][\/et_pb_wpt_gravityform][\/et_pb_column][\/et_pb_row][\/et_pb_section]<\/p>\n","protected":false},"excerpt":{"rendered":"<p>\u00bfQu\u00e9 informaci\u00f3n recogemos? Recogemos informaci\u00f3n suya cuando se registra en nuestro sitio, se suscribe a nuestro bolet\u00edn, responde a una encuesta o rellena un formulario. Al registrarse en nuestro sitio, seg\u00fan proceda, es posible que se le pida que introduzca su: nombre, direcci\u00f3n de correo electr\u00f3nico, direcci\u00f3n postal o n\u00famero de tel\u00e9fono. No obstante, puede [&hellip;]<\/p>\n","protected":false},"author":1,"featured_media":0,"parent":0,"menu_order":0,"comment_status":"closed","ping_status":"closed","template":"","meta":{"_et_pb_use_builder":"on","_et_pb_old_content":"","_et_gb_content_width":"","footnotes":""},"class_list":["post-5548","page","type-page","status-publish","hentry"],"acf":[],"_links":{"self":[{"href":"https:\/\/old.pondlehocky.com\/es\/wp-json\/wp\/v2\/pages\/5548","targetHints":{"allow":["GET"]}}],"collection":[{"href":"https:\/\/old.pondlehocky.com\/es\/wp-json\/wp\/v2\/pages"}],"about":[{"href":"https:\/\/old.pondlehocky.com\/es\/wp-json\/wp\/v2\/types\/page"}],"author":[{"embeddable":true,"href":"https:\/\/old.pondlehocky.com\/es\/wp-json\/wp\/v2\/users\/1"}],"replies":[{"embeddable":true,"href":"https:\/\/old.pondlehocky.com\/es\/wp-json\/wp\/v2\/comments?post=5548"}],"version-history":[{"count":0,"href":"https:\/\/old.pondlehocky.com\/es\/wp-json\/wp\/v2\/pages\/5548\/revisions"}],"wp:attachment":[{"href":"https:\/\/old.pondlehocky.com\/es\/wp-json\/wp\/v2\/media?parent=5548"}],"curies":[{"name":"wp","href":"https:\/\/api.w.org\/{rel}","templated":true}]}}