{"id":5546,"date":"2022-07-26T20:12:47","date_gmt":"2022-07-26T20:12:47","guid":{"rendered":"https:\/\/old.pondlehocky.com\/recursos-para-la-discapacidad\/condiciones-comunes-de-discapacidad\/"},"modified":"2022-11-08T01:40:15","modified_gmt":"2022-11-08T01:40:15","slug":"condiciones-comunes-de-discapacidad","status":"publish","type":"page","link":"https:\/\/old.pondlehocky.com\/es\/recursos-para-la-discapacidad\/condiciones-comunes-de-discapacidad\/","title":{"rendered":"Condiciones comunes de discapacidad"},"content":{"rendered":"<p>[et_pb_section fb_built=\u00bb1&#8243; custom_padding_last_edited=\u00bbon|phone\u00bb _builder_version=\u00bb4.17.6&#8243; _module_preset=\u00bbdefault\u00bb background_image=\u00bbhttps:\/\/old.pondlehocky.com\/wp-content\/uploads\/2022\/07\/common-d-c-bg.jpg\u00bb min_height=\u00bb325px\u00bb custom_margin=\u00bb0px||0px||false|false\u00bb custom_padding=\u00bb100px||0px||false|false\u00bb custom_padding_tablet=\u00bb50px||||false|false\u00bb custom_padding_phone=\u00bb50px||||false|false\u00bb global_colors_info=\u00bb{}\u00bb][et_pb_row _builder_version=\u00bb4.17.6&#8243; _module_preset=\u00bbdefault\u00bb global_colors_info=\u00bb{}\u00bb][et_pb_column type=\u00bb4_4&#8243; _builder_version=\u00bb4.17.6&#8243; _module_preset=\u00bbdefault\u00bb global_colors_info=\u00bb{}\u00bb][et_pb_text module_class=\u00bbsubhead\u00bb _builder_version=\u00bb4.17.6&#8243; _module_preset=\u00bbdefault\u00bb text_font=\u00bb|||on|||||\u00bb text_text_color=\u00bb#4295C9&#8243; link_text_color=\u00bb#4295C9&#8243; header_2_font=\u00bb|||on|||||\u00bb header_2_text_color=\u00bb#EAAB42&#8243; header_2_font_size=\u00bb18px\u00bb header_2_letter_spacing=\u00bb6px\u00bb custom_margin=\u00bb||-3px|||\u00bb animation_style=\u00bbslide\u00bb animation_direction=\u00bbbottom\u00bb animation_duration=\u00bb850ms\u00bb animation_intensity_slide=\u00bb10%\u00bb global_colors_info=\u00bb{}\u00bb link_text_color__hover=\u00bb#EAAB42&#8243; link_text_color__hover_enabled=\u00bbon|hover\u00bb]<\/p>\n<h2>RECURSOS PARA DISCAPACITADOS<\/h2>\n<p>[\/et_pb_text][et_pb_text _builder_version=\u00bb4.17.6&#8243; _dynamic_attributes=\u00bbcontent\u00bb _module_preset=\u00bbdefault\u00bb link_text_color=\u00bb#4295C9&#8243; header_text_color=\u00bb#FFFFFF\u00bb header_font_size=\u00bb72px\u00bb animation_style=\u00bbslide\u00bb animation_direction=\u00bbbottom\u00bb animation_duration=\u00bb850ms\u00bb animation_intensity_slide=\u00bb10%\u00bb header_font_size_tablet=\u00bb72px\u00bb header_font_size_phone=\u00bb65px\u00bb header_font_size_last_edited=\u00bbon|phone\u00bb header_text_shadow_style=\u00bbpreset1&#8243; header_text_shadow_vertical_length=\u00bb0.08em\u00bb header_text_shadow_color=\u00bbrgba(18,40,76,0.15)\u00bb global_colors_info=\u00bb{}\u00bb link_text_color__hover=\u00bb#EAAB42&#8243; link_text_color__hover_enabled=\u00bbon|hover\u00bb]@ET-DC@eyJkeW5hbWljIjp0cnVlLCJjb250ZW50IjoicG9zdF90aXRsZSIsInNldHRpbmdzIjp7ImJlZm9yZSI6IjxoMT4iLCJhZnRlciI6IjxcL2gxPiJ9fQ==@[\/et_pb_text][\/et_pb_column][\/et_pb_row][\/et_pb_section][et_pb_section fb_built=\u00bb1&#8243; custom_padding_last_edited=\u00bbon|phone\u00bb _builder_version=\u00bb4.17.6&#8243; _module_preset=\u00bbdefault\u00bb custom_padding=\u00bb||20px||false|false\u00bb custom_padding_tablet=\u00bb20px||||false|false\u00bb custom_padding_phone=\u00bb20px||||false|false\u00bb global_colors_info=\u00bb{}\u00bb][et_pb_row column_structure=\u00bb2_3,1_3&#8243; _builder_version=\u00bb4.17.6&#8243; _module_preset=\u00bbdefault\u00bb width=\u00bb90%\u00bb global_colors_info=\u00bb{}\u00bb][et_pb_column type=\u00bb2_3&#8243; _builder_version=\u00bb4.17.6&#8243; _module_preset=\u00bbdefault\u00bb animation_style=\u00bbslide\u00bb animation_direction=\u00bbbottom\u00bb animation_duration=\u00bb850ms\u00bb animation_intensity_slide=\u00bb5%\u00bb global_colors_info=\u00bb{}\u00bb][et_pb_text _builder_version=\u00bb4.18.0&#8243; _module_preset=\u00bbdefault\u00bb custom_margin=\u00bb||40px||false|false\u00bb hover_enabled=\u00bb0&#8243; global_colors_info=\u00bb{}\u00bb sticky_enabled=\u00bb0&#8243;]Para recibir las prestaciones de la Seguridad Social por incapacidad, debe sufrir una lesi\u00f3n o enfermedad que le impida trabajar durante al menos 12 meses o que sea terminal. Tanto las afecciones f\u00edsicas como las mentales pueden dar derecho a las prestaciones del SSD.<\/p>\n<p>Nuestros abogados de SSD pueden evaluar su caso y, si usted califica, puede ayudarle a trav\u00e9s de todo el proceso, incluyendo la presentaci\u00f3n de los beneficios, as\u00ed como el manejo de la aplicaci\u00f3n o las negaciones del juez.<\/p>\n<p><strong>Estos son ejemplos de las muchas afecciones consideradas discapacitantes por el SSD:<\/strong><\/p>\n<ul>\n<li><strong>TDAH<\/strong> &#8211; El trastorno por d\u00e9ficit de atenci\u00f3n e hiperactividad puede provocar una marcada falta de atenci\u00f3n, hiperactividad e impulsividad, as\u00ed como dificultades para gestionar el tiempo, organizarse y establecer objetivos.<\/li>\n<li><strong>Amputaciones<\/strong> &#8211; A pesar de la naturaleza devastadora de las amputaciones, s\u00f3lo ciertos tipos cumplir\u00e1n con la aprobaci\u00f3n de los beneficios de incapacidad de la Seguridad Social.<\/li>\n<li><strong>Anemia<\/strong> &#8211; Esta enfermedad, que afecta a unos 3,5 millones de estadounidenses, es el trastorno sangu\u00edneo m\u00e1s com\u00fan en Estados Unidos.<\/li>\n<li><strong>Ansiedad<\/strong> &#8211; Los trastornos de ansiedad son de naturaleza cr\u00f3nica y afectan a la friolera de 40 millones de adultos estadounidenses cada a\u00f1o. Haga clic aqu\u00ed para obtener m\u00e1s informaci\u00f3n sobre lo que debe saber sobre la ansiedad y la discapacidad de la Seguridad Social.<\/li>\n<li><strong>Artritis<\/strong> &#8211; La artritis es la primera causa de discapacidad en Estados Unidos, y afecta a unos 9 millones de estadounidenses.<\/li>\n<li><strong>Asma<\/strong> &#8211; Esta enfermedad pulmonar cr\u00f3nica provoca repetidos ataques de tos y falta de aire que pueden ser totalmente inmovilizadores y reducir considerablemente su capacidad de trabajo.<\/li>\n<li><strong>Autismo<\/strong> &#8211; Los trastornos del espectro autista son enfermedades graves del desarrollo, cuyos diagn\u00f3sticos han aumentado dr\u00e1sticamente en los \u00faltimos a\u00f1os.<\/li>\n<li><strong>Dolor de espalda y cuello<\/strong>: las lesiones graves de espalda y cuello y las afecciones relacionadas pueden provocar dolor cr\u00f3nico e incapacidad total.<\/li>\n<li><strong>Trastorno bipolar\/depresi\u00f3n man\u00edaca<\/strong> &#8211; El trastorno bipolar es una condici\u00f3n psicol\u00f3gica que se caracteriza por dos fases: una fase man\u00edaca y una fase depresiva.<\/li>\n<li><strong>Ceguera<\/strong> &#8211; Independientemente del origen de su discapacidad visual, si es total o parcialmente ciego, puede tener derecho a las prestaciones por incapacidad.<\/li>\n<li><strong>Enfermedades de la sangre<\/strong> &#8211; Las enfermedades o trastornos de la sangre se presentan de muchas formas y afectan a millones de estadounidenses.<\/li>\n<li><strong>C\u00e1ncer<\/strong>: aunque no cumpla los criterios de inclusi\u00f3n en la lista de la Seguridad Social para el c\u00e1ncer, puede recibir la aprobaci\u00f3n de las prestaciones por incapacidad si el c\u00e1ncer le impide trabajar.<\/li>\n<li><strong>Fatiga cr\u00f3nica<\/strong> &#8211; La fatiga cr\u00f3nica es diferente de la fatiga ocasional o del cansancio relacionado con el esfuerzo o la falta de sue\u00f1o; no mejora con el descanso y empeora con la actividad f\u00edsica e incluso mental.<\/li>\n<li><strong>S\u00edndrome de Dolor Regional Complejo<\/strong> &#8211; Los s\u00edntomas de esta enfermedad pueden tratarse, pero no hay cura para esta forma debilitante de dolor cr\u00f3nico.<\/li>\n<li>Enfermedad <strong>degenerativa<\/strong> del disco &#8211; La enfermedad degenerativa del disco es un acompa\u00f1amiento com\u00fan del envejecimiento que se refiere a la degeneraci\u00f3n de uno o m\u00e1s de los discos intervertebrales de la columna vertebral.<\/li>\n<li><strong>Depresi\u00f3n<\/strong> &#8211; El tratamiento regular de la depresi\u00f3n es importante para mejorar su estado y para mejorar las posibilidades de \u00e9xito en una reclamaci\u00f3n por incapacidad. Haga clic aqu\u00ed para obtener m\u00e1s informaci\u00f3n sobre lo que debe saber acerca de la depresi\u00f3n y la discapacidad de la Seguridad Social.<\/li>\n<li><strong>Diabetes<\/strong> &#8211; Casi 26 millones de personas en Estados Unidos tienen diabetes, y casi 80 millones corren el riesgo de desarrollar la enfermedad.<\/li>\n<li><strong>Epilepsia<\/strong> &#8211; La amenaza constante de un ataque puede restringir enormemente la vida de un enfermo de epilepsia y puede limitar gravemente su capacidad para realizar tareas b\u00e1sicas relacionadas con el trabajo. Haga clic aqu\u00ed para obtener m\u00e1s informaci\u00f3n sobre lo que debe saber sobre la epilepsia y la discapacidad de la Seguridad Social.<\/li>\n<li><strong>Fibromialgia<\/strong> &#8211; Aunque la falta de criterios y pruebas objetivas para diagnosticar esta condici\u00f3n puede hacer que ganar los beneficios por incapacidad sea un desaf\u00edo, nuestros abogados han obtenido con \u00e9xito los beneficios del SSD para los clientes con fibromialgia.<\/li>\n<li><strong>Ataques de gran mal<\/strong> &#8211; Los ataques epil\u00e9pticos de gran mal se caracterizan por una intensa rigidez y sacudidas del cuerpo y una p\u00e9rdida de conciencia.<\/li>\n<li><strong>Enfermedades del<\/strong> coraz\u00f3n &#8211; En la categor\u00eda de enfermedades del coraz\u00f3n se incluyen una serie de enfermedades, como arritmias, defectos card\u00edacos cong\u00e9nitos, enfermedades de las arterias coronarias, infecciones del coraz\u00f3n y enfermedades de los vasos sangu\u00edneos.<\/li>\n<li><strong>Hepatitis<\/strong> &#8211; M\u00e1s de 3 millones de personas en EE.UU. tienen hepatitis C, pero muchos pueden desconocer su infecci\u00f3n debido a la falta de s\u00edntomas aparentes.<\/li>\n<li><strong>Hernias discales<\/strong> &#8211; Las hernias discales pueden causar un dolor extremo, as\u00ed como debilidad o entumecimiento en la espalda, las piernas, el cuello y los brazos.<\/li>\n<li><strong>VIH\/SIDA<\/strong> &#8211; Vivir con el VIH\/SIDA puede ser extremadamente dif\u00edcil, y muchos enfermos pueden tener derecho a las prestaciones de la Seguridad Social por incapacidad.<\/li>\n<li>Dificultades <strong>de aprendizaje<\/strong> &#8211; Las dificultades de aprendizaje se refieren a un grupo de trastornos que afectan negativamente a la capacidad de adquirir conocimientos o habilidades.<\/li>\n<li><strong>Lupus<\/strong> &#8211; El lupus es una enfermedad autoinmune que altera el sistema inmunitario de modo que el cuerpo ataca sus propios tejidos y \u00f3rganos sanos.<\/li>\n<li><strong>Enfermedad de Lyme<\/strong>: causada habitualmente por la picadura de una garrapata, esta afecci\u00f3n puede tener efectos sist\u00e9micos y afectar a las funciones musculoesquel\u00e9ticas, cardiovasculares y mentales.<\/li>\n<li><strong>Discapacidad intelectual<\/strong> &#8211; Anteriormente conocida como retraso mental, la discapacidad intelectual o el trastorno del desarrollo intelectual afecta a alrededor del 1-3% de las personas en los Estados Unidos.<\/li>\n<li><strong>Migra\u00f1as<\/strong> &#8211; Aunque pueden variar en intensidad, las migra\u00f1as severas pueden ser pr\u00e1cticamente incapacitantes y pueden perjudicar significativamente su capacidad de trabajo.<\/li>\n<li><strong>Esclerosis m\u00faltiple (EM)<\/strong> &#8211; La EM es una enfermedad cr\u00f3nica del sistema nervioso central, y los s\u00edntomas pueden variar mucho en funci\u00f3n de las zonas del sistema nervioso afectadas. Haga clic aqu\u00ed para obtener m\u00e1s informaci\u00f3n sobre lo que debe saber sobre la esclerosis m\u00faltiple y la discapacidad de la Seguridad Social.<\/li>\n<li><strong>Ataques de peque\u00f1o mal<\/strong> &#8211; Son ataques epil\u00e9pticos caracterizados por la mirada fija, el movimiento sutil del cuerpo y una breve p\u00e9rdida de conciencia.<\/li>\n<li><strong>Distrofia Simp\u00e1tica Refleja (RSD)<\/strong> &#8211; Esta enfermedad es una forma de S\u00edndrome de Dolor Regional Complejo (CRPS) que suele afectar a un brazo, una mano, una pierna o un pie.<\/li>\n<li><strong>Esquizofrenia<\/strong> &#8211; La esquizofrenia es un trastorno cerebral grave que afecta a cerca del uno por ciento de los estadounidenses y puede hacer que llevar una vida normal sea casi imposible.<\/li>\n<\/ul>\n<p>[\/et_pb_text][\/et_pb_column][et_pb_column type=\u00bb1_3&#8243; _builder_version=\u00bb4.17.6&#8243; _module_preset=\u00bbdefault\u00bb animation_style=\u00bbslide\u00bb animation_direction=\u00bbbottom\u00bb animation_duration=\u00bb850ms\u00bb animation_delay=\u00bb50ms\u00bb animation_intensity_slide=\u00bb5%\u00bb global_colors_info=\u00bb{}\u00bb][et_pb_wpt_gravityform gravityform_id=\u00bbgf-1&#8243; description=\u00bboff\u00bb field_container_custom_margin=\u00bb20px|0|0|0|false|false\u00bb input_container_custom_margin=\u00bb0px|0|0|0|false|false\u00bb text_input_bg_color=\u00bb#FFFFFF\u00bb label_custom_margin=\u00bb5px|0|5px|0|false|false\u00bb title_custom_margin=\u00bb0px|0|0px|0|false|false\u00bb _builder_version=\u00bb4.17.6&#8243; _module_preset=\u00bbdefault\u00bb title_text_color=\u00bb#12284C\u00bb title_font_size=\u00bb36px\u00bb label_text_color=\u00bb#000000&#8243; label_font_size=\u00bb18px\u00bb background_color=\u00bb#F2F2F2&#8243; custom_form_button=\u00bbon\u00bb form_button_text_color=\u00bb#12284C\u00bb form_button_bg_color=\u00bb#EAAB42&#8243; form_button_border_width=\u00bb0px\u00bb form_button_font=\u00bb|||on|||||\u00bb custom_padding=\u00bb15px|30px|15px|30px|true|true\u00bb custom_css_text_field=\u00bbwidth:100%;\u00bb custom_css_textarea_field=\u00bbwidth:100%;\u00bb custom_css_select_field=\u00bbwidth:100%;\u00bb custom_css_button=\u00bbwidth:100%;\u00bb border_color_all_input_general=\u00bb#dbdbdb\u00bb global_module=\u00bb206&#8243; global_colors_info=\u00bb{}\u00bb form_button_bg_color__hover_enabled=\u00bbon|desktop\u00bb form_button_bg_color__hover=\u00bb#12284C\u00bb form_button_bg_enable_color__hover=\u00bbon\u00bb form_button_text_color__hover_enabled=\u00bbon|desktop\u00bb form_button_text_color__hover=\u00bb#EAAB42&#8243;][\/et_pb_wpt_gravityform][\/et_pb_column][\/et_pb_row][\/et_pb_section]<\/p>\n","protected":false},"excerpt":{"rendered":"<p>RECURSOS PARA DISCAPACITADOSPara recibir las prestaciones de la Seguridad Social por incapacidad, debe sufrir una lesi\u00f3n o enfermedad que le impida trabajar durante al menos 12 meses o que sea terminal. Tanto las afecciones f\u00edsicas como las mentales pueden dar derecho a las prestaciones del SSD. Nuestros abogados de SSD pueden evaluar su caso y, [&hellip;]<\/p>\n","protected":false},"author":1,"featured_media":0,"parent":5533,"menu_order":0,"comment_status":"closed","ping_status":"closed","template":"","meta":{"_et_pb_use_builder":"on","_et_pb_old_content":"","_et_gb_content_width":"","footnotes":""},"class_list":["post-5546","page","type-page","status-publish","hentry"],"acf":[],"_links":{"self":[{"href":"https:\/\/old.pondlehocky.com\/es\/wp-json\/wp\/v2\/pages\/5546","targetHints":{"allow":["GET"]}}],"collection":[{"href":"https:\/\/old.pondlehocky.com\/es\/wp-json\/wp\/v2\/pages"}],"about":[{"href":"https:\/\/old.pondlehocky.com\/es\/wp-json\/wp\/v2\/types\/page"}],"author":[{"embeddable":true,"href":"https:\/\/old.pondlehocky.com\/es\/wp-json\/wp\/v2\/users\/1"}],"replies":[{"embeddable":true,"href":"https:\/\/old.pondlehocky.com\/es\/wp-json\/wp\/v2\/comments?post=5546"}],"version-history":[{"count":0,"href":"https:\/\/old.pondlehocky.com\/es\/wp-json\/wp\/v2\/pages\/5546\/revisions"}],"up":[{"embeddable":true,"href":"https:\/\/old.pondlehocky.com\/es\/wp-json\/wp\/v2\/pages\/5533"}],"wp:attachment":[{"href":"https:\/\/old.pondlehocky.com\/es\/wp-json\/wp\/v2\/media?parent=5546"}],"curies":[{"name":"wp","href":"https:\/\/api.w.org\/{rel}","templated":true}]}}