{"id":5533,"date":"2022-07-19T19:55:51","date_gmt":"2022-07-19T19:55:51","guid":{"rendered":"https:\/\/old.pondlehocky.com\/recursos-para-la-discapacidad\/"},"modified":"2022-11-08T01:39:57","modified_gmt":"2022-11-08T01:39:57","slug":"recursos-para-la-discapacidad","status":"publish","type":"page","link":"https:\/\/old.pondlehocky.com\/es\/recursos-para-la-discapacidad\/","title":{"rendered":"Recursos para la discapacidad"},"content":{"rendered":"<p>[et_pb_section fb_built=\u00bb1&#8243; custom_padding_last_edited=\u00bbon|phone\u00bb _builder_version=\u00bb4.17.6&#8243; _module_preset=\u00bbdefault\u00bb background_image=\u00bbhttps:\/\/old.pondlehocky.com\/wp-content\/uploads\/2022\/07\/common-d-c-bg.jpg\u00bb min_height=\u00bb325px\u00bb custom_margin=\u00bb0px||0px||false|false\u00bb custom_padding=\u00bb100px||0px||false|false\u00bb custom_padding_tablet=\u00bb100px||0px||false|false\u00bb custom_padding_phone=\u00bb50px||||false|false\u00bb global_colors_info=\u00bb{}\u00bb][et_pb_row _builder_version=\u00bb4.17.6&#8243; _module_preset=\u00bbdefault\u00bb global_colors_info=\u00bb{}\u00bb][et_pb_column type=\u00bb4_4&#8243; _builder_version=\u00bb4.17.6&#8243; _module_preset=\u00bbdefault\u00bb global_colors_info=\u00bb{}\u00bb][et_pb_text _builder_version=\u00bb4.17.6&#8243; _dynamic_attributes=\u00bbcontent\u00bb _module_preset=\u00bbdefault\u00bb link_text_color=\u00bb#4295C9&#8243; header_text_color=\u00bb#FFFFFF\u00bb header_font_size=\u00bb72px\u00bb animation_style=\u00bbslide\u00bb animation_direction=\u00bbbottom\u00bb animation_duration=\u00bb850ms\u00bb animation_intensity_slide=\u00bb10%\u00bb header_font_size_tablet=\u00bb72px\u00bb header_font_size_phone=\u00bb68px\u00bb header_font_size_last_edited=\u00bbon|phone\u00bb header_text_shadow_style=\u00bbpreset1&#8243; header_text_shadow_vertical_length=\u00bb0.08em\u00bb header_text_shadow_color=\u00bbrgba(18,40,76,0.15)\u00bb global_colors_info=\u00bb{}\u00bb link_text_color__hover=\u00bb#EAAB42&#8243; link_text_color__hover_enabled=\u00bbon|hover\u00bb]@ET-DC@eyJkeW5hbWljIjp0cnVlLCJjb250ZW50IjoicG9zdF90aXRsZSIsInNldHRpbmdzIjp7ImJlZm9yZSI6IjxoMT4iLCJhZnRlciI6IjxcL2gxPiJ9fQ==@[\/et_pb_text][\/et_pb_column][\/et_pb_row][\/et_pb_section][et_pb_section fb_built=\u00bb1&#8243; custom_padding_last_edited=\u00bbon|phone\u00bb _builder_version=\u00bb4.17.6&#8243; _module_preset=\u00bbdefault\u00bb custom_padding_tablet=\u00bb20px||||false|false\u00bb custom_padding_phone=\u00bb0px||||false|false\u00bb global_colors_info=\u00bb{}\u00bb][et_pb_row column_structure=\u00bb2_3,1_3&#8243; use_custom_gutter=\u00bbon\u00bb _builder_version=\u00bb4.17.6&#8243; _module_preset=\u00bbdefault\u00bb width=\u00bb90%\u00bb global_colors_info=\u00bb{}\u00bb][et_pb_column type=\u00bb2_3&#8243; _builder_version=\u00bb4.17.6&#8243; _module_preset=\u00bbdefault\u00bb animation_style=\u00bbslide\u00bb animation_direction=\u00bbbottom\u00bb animation_duration=\u00bb850ms\u00bb animation_intensity_slide=\u00bb10%\u00bb global_colors_info=\u00bb{}\u00bb][et_pb_text _builder_version=\u00bb4.17.6&#8243; _module_preset=\u00bbdefault\u00bb link_text_color=\u00bb#4295C9&#8243; header_3_text_color=\u00bb#12284C\u00bb header_3_font_size=\u00bb54px\u00bb custom_margin=\u00bb0px||24px||false|false\u00bb global_colors_info=\u00bb{}\u00bb link_text_color__hover=\u00bb#EAAB42&#8243; link_text_color__hover_enabled=\u00bbon|hover\u00bb]<\/p>\n<h3>\u00bfQu\u00e9 es el Seguro de Invalidez de la Seguridad Social (SSDI)?<\/h3>\n<p>[\/et_pb_text][et_pb_text _builder_version=\u00bb4.17.6&#8243; _module_preset=\u00bbdefault\u00bb link_text_color=\u00bb#4295C9&#8243; global_colors_info=\u00bb{}\u00bb link_text_color__hover=\u00bb#EAAB42&#8243; link_text_color__hover_enabled=\u00bbon|hover\u00bb]<\/p>\n<p>El SSDI es una p\u00f3liza de seguro a la que has pagado. No se trata de una limosna ni de un programa de asistencia social. La mayor\u00eda de los estadounidenses conocen las prestaciones de jubilaci\u00f3n de la Seguridad Social, pero muchos no entienden c\u00f3mo funciona el SSDI. Al igual que las prestaciones de jubilaci\u00f3n, las de invalidez tambi\u00e9n se componen de su dinero. La SSA toma un porcentaje de su sueldo y guarda ese dinero en un fondo en caso de que quede incapacitado y no pueda trabajar.<\/p>\n<p>Aunque nadie quiere quedarse sin trabajo, el SSDI y el SSI est\u00e1n ah\u00ed para ayudarle si queda incapacitado. P\u00f3ngase en contacto con nosotros hoy mismo para una consulta gratuita. Nuestros abogados especialistas en discapacidad de la Seguridad Social tramitan reclamaciones en los 50 estados y en Puerto Rico.<\/p>\n<p>[\/et_pb_text][et_pb_divider color=\u00bb#f2f2f2&#8243; divider_position=\u00bbcenter\u00bb _builder_version=\u00bb4.17.6&#8243; _module_preset=\u00bbdefault\u00bb global_colors_info=\u00bb{}\u00bb][\/et_pb_divider][et_pb_text module_class=\u00bbsubhead\u00bb _builder_version=\u00bb4.17.6&#8243; _module_preset=\u00bbdefault\u00bb link_text_color=\u00bb#4295C9&#8243; header_4_font=\u00bb|||on|||||\u00bb header_4_font_size=\u00bb22px\u00bb header_4_letter_spacing=\u00bb7px\u00bb custom_margin=\u00bb||20px||false|false\u00bb global_colors_info=\u00bb{}\u00bb link_text_color__hover=\u00bb#EAAB42&#8243; link_text_color__hover_enabled=\u00bbon|hover\u00bb]<\/p>\n<h4>\u00bfLe han denegado la solicitud?<\/h4>\n<p>[\/et_pb_text][et_pb_text _builder_version=\u00bb4.17.6&#8243; _module_preset=\u00bbdefault\u00bb link_text_color=\u00bb#4295C9&#8243; ul_font_size=\u00bb18px\u00bb ul_line_height=\u00bb1.5em\u00bb global_colors_info=\u00bb{}\u00bb link_text_color__hover=\u00bb#EAAB42&#8243; link_text_color__hover_enabled=\u00bbon|hover\u00bb]<\/p>\n<p>No est\u00e1s solo. La mayor\u00eda de las personas son rechazadas inicialmente: alrededor del 70% de los que solicitan son rechazados. Por eso estamos aqu\u00ed para ayudarle en el proceso.<\/p>\n<p>Nuestros abogados le ayudar\u00e1n en el proceso de reconsideraci\u00f3n. Una vez completado ese paso, solicitaremos una audiencia judicial y le acompa\u00f1aremos ante el juez para abogar en su favor. La mayor\u00eda de los recursos reciben la aprobaci\u00f3n del juez, pero algunos no. Si no est\u00e1 de acuerdo con la decisi\u00f3n del juez, presentamos un recurso ante el Consejo de Apelaci\u00f3n. Si se nos deniega una vez m\u00e1s, solicitaremos la revisi\u00f3n del caso por un Tribunal Federal de Distrito.<\/p>\n<p>La presentaci\u00f3n de la solicitud de SSDI o SSI puede ser un proceso largo y dif\u00edcil, pero nosotros haremos que sea lo m\u00e1s f\u00e1cil posible para usted.<\/p>\n<p>[\/et_pb_text][et_pb_text _builder_version=\u00bb4.17.6&#8243; _module_preset=\u00bbdefault\u00bb header_3_font_size=\u00bb30px\u00bb background_color=\u00bb#DFF2F9&#8243; custom_margin=\u00bb||0px||false|false\u00bb custom_padding=\u00bb40px|20px|20px|50px|false|false\u00bb custom_padding_tablet=\u00bb40px|20px|20px|50px|false|false\u00bb custom_padding_phone=\u00bb20px|15px||15px|false|false\u00bb custom_padding_last_edited=\u00bbon|phone\u00bb header_3_text_align_tablet=\u00bb\u00bb header_3_text_align_phone=\u00bbcenter\u00bb header_3_text_align_last_edited=\u00bbon|phone\u00bb header_3_font_size_tablet=\u00bb30px\u00bb header_3_font_size_phone=\u00bb28px\u00bb header_3_font_size_last_edited=\u00bbon|phone\u00bb header_3_line_height_tablet=\u00bb\u00bb header_3_line_height_phone=\u00bb1.1em\u00bb header_3_line_height_last_edited=\u00bbon|phone\u00bb global_colors_info=\u00bb{}\u00bb]<\/p>\n<h3>Su gu\u00eda a trav\u00e9s de la incapacidad de la Seguridad Social<\/h3>\n<p>[\/et_pb_text][et_pb_text ol_position=\u00bboutside\u00bb ol_item_indent=\u00bb20px\u00bb disabled_on=\u00bbon|off|off\u00bb module_class=\u00bbssd-guide\u00bb _builder_version=\u00bb4.18.0&#8243; _module_preset=\u00bbdefault\u00bb ol_font=\u00bb||||||||\u00bb ol_text_color=\u00bb#000000&#8243; header_5_font_size=\u00bb18px\u00bb background_color=\u00bb#DFF2F9&#8243; background_image=\u00bbhttps:\/\/old.pondlehocky.com\/wp-content\/uploads\/2022\/07\/SSD-guide-bg.png\u00bb background_size=\u00bbinitial\u00bb background_position=\u00bbtop_left\u00bb background_horizontal_offset=\u00bb8%\u00bb min_height=\u00bb770px\u00bb custom_padding=\u00bb|30px|50px|215px|false|false\u00bb custom_padding_tablet=\u00bb|15px||193px|false|false\u00bb custom_padding_phone=\u00bb|10px||150px|false|false\u00bb custom_padding_last_edited=\u00bbon|phone\u00bb hover_enabled=\u00bb0&#8243; global_colors_info=\u00bb{}\u00bb sticky_enabled=\u00bb0&#8243;]<\/p>\n<h5>CONDICI\u00d3N DE DISCAPACIDAD<\/h5>\n<p>No puede trabajar debido a una enfermedad.<\/p>\n<h5>EVALUACI\u00d3N GRATUITA<\/h5>\n<p>Gracias por elegir Disability Justice y darnos la oportunidad de revisar su caso. Es algo que no damos por sentado. Si su caso cumple los criterios necesarios, presentaremos su solicitud de incapacidad.<\/p>\n<h5>RELLENAR EL PAPELEO<\/h5>\n<p>Para ayudar a que el proceso avance r\u00e1pidamente, el siguiente paso en el proceso viene de ti:<\/p>\n<ol>\n<li>Por favor, rellene las secciones resaltadas de la documentaci\u00f3n adjunta.<\/li>\n<li>Donde veas una \u00abX\u00bb debes firmar en la l\u00ednea de al lado.<\/li>\n<li>Por favor, no feche ninguno de los documentos.<\/li>\n<\/ol>\n<h5>ENV\u00cdO DE VUELTA<\/h5>\n<p>Una vez completado, devuelva el documento a nuestra oficina lo antes posible; se incluye un sobre con la direcci\u00f3n del destinatario para su comodidad.  <strong>Ahora est\u00e1 representado oficialmente por Pond Lehocky Disability.<\/strong>[\/et_pb_text][et_pb_image src=\u00bbhttps:\/\/old.pondlehocky.com\/wp-content\/uploads\/2022\/08\/Group-407@2x.png\u00bb alt=\u00bb1&#8243; title_text=\u00bbGrupo 407@2x\u00bb show_bottom_space=\u00bboff\u00bb align=\u00bbcenter\u00bb disabled_on=\u00bboff|on|on\u00bb module_class=\u00bbm-icon\u00bb _builder_version=\u00bb4.17.6&#8243; _module_preset=\u00bbdefault\u00bb background_color=\u00bb#DFF2F9&#8243; custom_margin=\u00bb0px||0px||false|false\u00bb custom_padding=\u00bb15px||15px||true|false\u00bb global_colors_info=\u00bb{}\u00bb][\/et_pb_image][et_pb_text ol_position=\u00bboutside\u00bb ol_item_indent=\u00bb20px\u00bb disabled_on=\u00bboff|on|on\u00bb module_class=\u00bbssd-guide\u00bb _builder_version=\u00bb4.17.6&#8243; _module_preset=\u00bbdefault\u00bb ol_font=\u00bb||||||||\u00bb ol_text_color=\u00bb#000000&#8243; header_5_font_size=\u00bb18px\u00bb background_color=\u00bb#DFF2F9&#8243; background_enable_image=\u00bboff\u00bb background_size=\u00bbinitial\u00bb background_position=\u00bbtop_left\u00bb background_horizontal_offset=\u00bb8%\u00bb custom_margin=\u00bb||0px||false|false\u00bb custom_padding=\u00bb|20px|20px|20px|false|false\u00bb custom_padding_tablet=\u00bb|15px||193px|false|false\u00bb custom_padding_phone=\u00bb|10px||20px|false|false\u00bb custom_padding_last_edited=\u00bbon|phone\u00bb global_colors_info=\u00bb{}\u00bb]<\/p>\n<h5>CONDICI\u00d3N DE DISCAPACIDAD<\/h5>\n<p>No puede trabajar debido a una enfermedad.[\/et_pb_text][et_pb_image src=\u00bbhttps:\/\/old.pondlehocky.com\/wp-content\/uploads\/2022\/08\/Group-408@2x.png\u00bb alt=\u00bb2&#8243; title_text=\u00bbGrupo 408@2x\u00bb show_bottom_space=\u00bboff\u00bb align=\u00bbcenter\u00bb disabled_on=\u00bboff|on|on\u00bb module_class=\u00bbm-icon\u00bb _builder_version=\u00bb4.17.6&#8243; _module_preset=\u00bbdefault\u00bb background_color=\u00bb#DFF2F9&#8243; custom_margin=\u00bb0px||0px||false|false\u00bb custom_padding=\u00bb15px||15px||true|false\u00bb global_colors_info=\u00bb{}\u00bb][\/et_pb_image][et_pb_text ol_position=\u00bboutside\u00bb ol_item_indent=\u00bb20px\u00bb disabled_on=\u00bboff|on|on\u00bb module_class=\u00bbssd-guide\u00bb _builder_version=\u00bb4.17.6&#8243; _module_preset=\u00bbdefault\u00bb ol_font=\u00bb||||||||\u00bb ol_text_color=\u00bb#000000&#8243; header_5_font_size=\u00bb18px\u00bb background_color=\u00bb#DFF2F9&#8243; background_enable_image=\u00bboff\u00bb background_size=\u00bbinitial\u00bb background_position=\u00bbtop_left\u00bb background_horizontal_offset=\u00bb8%\u00bb custom_margin=\u00bb||0px||false|false\u00bb custom_padding=\u00bb|20px|20px|20px|false|false\u00bb custom_padding_tablet=\u00bb|15px||193px|false|false\u00bb custom_padding_phone=\u00bb|10px||20px|false|false\u00bb custom_padding_last_edited=\u00bbon|phone\u00bb global_colors_info=\u00bb{}\u00bb]<\/p>\n<h5>EVALUACI\u00d3N GRATUITA<\/h5>\n<p>Gracias por elegir Disability Justice y darnos la oportunidad de revisar su caso. Es algo que no damos por sentado. Si su caso cumple los criterios necesarios, presentaremos su solicitud de incapacidad.[\/et_pb_text][et_pb_image src=\u00bbhttps:\/\/old.pondlehocky.com\/wp-content\/uploads\/2022\/08\/Group-409@2x.png\u00bb alt=\u00bb3&#8243; title_text=\u00bbGrupo 409@2x\u00bb show_bottom_space=\u00bboff\u00bb align=\u00bbcenter\u00bb disabled_on=\u00bboff|on|on\u00bb module_class=\u00bbm-icon\u00bb _builder_version=\u00bb4.17.6&#8243; _module_preset=\u00bbdefault\u00bb background_color=\u00bb#DFF2F9&#8243; custom_margin=\u00bb0px||0px||false|false\u00bb custom_padding=\u00bb15px||15px||true|false\u00bb global_colors_info=\u00bb{}\u00bb][\/et_pb_image][et_pb_text ol_position=\u00bboutside\u00bb ol_item_indent=\u00bb20px\u00bb disabled_on=\u00bboff|on|on\u00bb module_class=\u00bbssd-guide\u00bb _builder_version=\u00bb4.17.6&#8243; _module_preset=\u00bbdefault\u00bb ol_font=\u00bb||||||||\u00bb ol_text_color=\u00bb#000000&#8243; header_5_font_size=\u00bb18px\u00bb background_color=\u00bb#DFF2F9&#8243; background_enable_image=\u00bboff\u00bb background_size=\u00bbinitial\u00bb background_position=\u00bbtop_left\u00bb background_horizontal_offset=\u00bb8%\u00bb custom_margin=\u00bb||0px||false|false\u00bb custom_padding=\u00bb|20px|20px|20px|false|false\u00bb custom_padding_tablet=\u00bb|15px||193px|false|false\u00bb custom_padding_phone=\u00bb|10px||20px|false|false\u00bb custom_padding_last_edited=\u00bbon|phone\u00bb global_colors_info=\u00bb{}\u00bb]<\/p>\n<h5>RELLENAR EL PAPELEO<\/h5>\n<p>Para ayudar a que el proceso avance r\u00e1pidamente, el siguiente paso en el proceso viene de ti:<\/p>\n<ol>\n<li>Por favor, rellene las secciones resaltadas de la documentaci\u00f3n adjunta.<\/li>\n<li>Donde veas una \u00abX\u00bb debes firmar en la l\u00ednea de al lado.<\/li>\n<li>Por favor, no feche ninguno de los documentos.<\/li>\n<\/ol>\n<p>[\/et_pb_text][et_pb_image src=\u00bbhttps:\/\/old.pondlehocky.com\/wp-content\/uploads\/2022\/08\/Group-410@2x.png\u00bb alt=\u00bb4&#8243; title_text=\u00bbGrupo 410@2x\u00bb show_bottom_space=\u00bboff\u00bb align=\u00bbcenter\u00bb disabled_on=\u00bboff|on|on\u00bb module_class=\u00bbm-icon\u00bb _builder_version=\u00bb4.17.6&#8243; _module_preset=\u00bbdefault\u00bb background_color=\u00bb#DFF2F9&#8243; custom_margin=\u00bb0px||0px||false|false\u00bb custom_padding=\u00bb15px||15px||true|false\u00bb global_colors_info=\u00bb{}\u00bb][\/et_pb_image][et_pb_text ol_position=\u00bboutside\u00bb ol_item_indent=\u00bb20px\u00bb disabled_on=\u00bboff|on|on\u00bb module_class=\u00bbssd-guide\u00bb _builder_version=\u00bb4.18.0&#8243; _module_preset=\u00bbdefault\u00bb ol_font=\u00bb||||||||\u00bb ol_text_color=\u00bb#000000&#8243; header_5_font_size=\u00bb18px\u00bb background_color=\u00bb#DFF2F9&#8243; background_enable_image=\u00bboff\u00bb background_size=\u00bbinitial\u00bb background_position=\u00bbtop_left\u00bb background_horizontal_offset=\u00bb8%\u00bb custom_margin=\u00bb||0px||false|false\u00bb custom_padding=\u00bb|20px|20px|20px|false|false\u00bb custom_padding_tablet=\u00bb|15px||193px|false|false\u00bb custom_padding_phone=\u00bb|10px||20px|false|false\u00bb custom_padding_last_edited=\u00bbon|phone\u00bb hover_enabled=\u00bb0&#8243; global_colors_info=\u00bb{}\u00bb sticky_enabled=\u00bb0&#8243;]<\/p>\n<h5>ENV\u00cdO DE VUELTA<\/h5>\n<p>Una vez completado, devuelva el documento a nuestra oficina lo antes posible; se incluye un sobre con la direcci\u00f3n del destinatario para su comodidad.  <strong>Ahora est\u00e1 representado oficialmente por Pond Lehocky Disability.<\/strong>[\/et_pb_text][\/et_pb_column][et_pb_column type=\u00bb1_3&#8243; _builder_version=\u00bb4.17.6&#8243; _module_preset=\u00bbdefault\u00bb animation_style=\u00bbslide\u00bb animation_direction=\u00bbbottom\u00bb animation_duration=\u00bb850ms\u00bb animation_delay=\u00bb100ms\u00bb animation_intensity_slide=\u00bb10%\u00bb global_colors_info=\u00bb{}\u00bb][et_pb_wpt_gravityform gravityform_id=\u00bbgf-1&#8243; description=\u00bboff\u00bb field_container_custom_margin=\u00bb20px|0|0|0|false|false\u00bb input_container_custom_margin=\u00bb0px|0|0|0|false|false\u00bb text_input_bg_color=\u00bb#FFFFFF\u00bb label_custom_margin=\u00bb5px|0|5px|0|false|false\u00bb title_custom_margin=\u00bb0px|0|0px|0|false|false\u00bb _builder_version=\u00bb4.17.6&#8243; _module_preset=\u00bbdefault\u00bb title_text_color=\u00bb#12284C\u00bb title_font_size=\u00bb36px\u00bb label_text_color=\u00bb#000000&#8243; label_font_size=\u00bb18px\u00bb background_color=\u00bb#F2F2F2&#8243; custom_form_button=\u00bbon\u00bb form_button_text_color=\u00bb#12284C\u00bb form_button_bg_color=\u00bb#EAAB42&#8243; form_button_border_width=\u00bb0px\u00bb form_button_font=\u00bb|||on|||||\u00bb custom_padding=\u00bb15px|30px|15px|30px|true|true\u00bb custom_css_text_field=\u00bbwidth:100%;\u00bb custom_css_textarea_field=\u00bbwidth:100%;\u00bb custom_css_select_field=\u00bbwidth:100%;\u00bb custom_css_button=\u00bbwidth:100%;\u00bb border_color_all_input_general=\u00bb#dbdbdb\u00bb global_module=\u00bb206&#8243; global_colors_info=\u00bb{}\u00bb form_button_bg_color__hover_enabled=\u00bbon|desktop\u00bb form_button_bg_color__hover=\u00bb#12284C\u00bb form_button_bg_enable_color__hover=\u00bbon\u00bb form_button_text_color__hover_enabled=\u00bbon|desktop\u00bb form_button_text_color__hover=\u00bb#EAAB42&#8243;][\/et_pb_wpt_gravityform][\/et_pb_column][\/et_pb_row][\/et_pb_section]<\/p>\n","protected":false},"excerpt":{"rendered":"<p>\u00bfQu\u00e9 es el Seguro de Invalidez de la Seguridad Social (SSDI)?El SSDI es una p\u00f3liza de seguro a la que has pagado. No se trata de una limosna ni de un programa de asistencia social. La mayor\u00eda de los estadounidenses conocen las prestaciones de jubilaci\u00f3n de la Seguridad Social, pero muchos no entienden c\u00f3mo funciona [&hellip;]<\/p>\n","protected":false},"author":1,"featured_media":0,"parent":0,"menu_order":0,"comment_status":"closed","ping_status":"closed","template":"","meta":{"_et_pb_use_builder":"on","_et_pb_old_content":"","_et_gb_content_width":"","footnotes":""},"class_list":["post-5533","page","type-page","status-publish","hentry"],"acf":[],"_links":{"self":[{"href":"https:\/\/old.pondlehocky.com\/es\/wp-json\/wp\/v2\/pages\/5533","targetHints":{"allow":["GET"]}}],"collection":[{"href":"https:\/\/old.pondlehocky.com\/es\/wp-json\/wp\/v2\/pages"}],"about":[{"href":"https:\/\/old.pondlehocky.com\/es\/wp-json\/wp\/v2\/types\/page"}],"author":[{"embeddable":true,"href":"https:\/\/old.pondlehocky.com\/es\/wp-json\/wp\/v2\/users\/1"}],"replies":[{"embeddable":true,"href":"https:\/\/old.pondlehocky.com\/es\/wp-json\/wp\/v2\/comments?post=5533"}],"version-history":[{"count":0,"href":"https:\/\/old.pondlehocky.com\/es\/wp-json\/wp\/v2\/pages\/5533\/revisions"}],"wp:attachment":[{"href":"https:\/\/old.pondlehocky.com\/es\/wp-json\/wp\/v2\/media?parent=5533"}],"curies":[{"name":"wp","href":"https:\/\/api.w.org\/{rel}","templated":true}]}}