{"id":5531,"date":"2022-07-22T15:44:05","date_gmt":"2022-07-22T15:44:05","guid":{"rendered":"https:\/\/old.pondlehocky.com\/andrea-j-burns\/"},"modified":"2023-07-03T15:24:04","modified_gmt":"2023-07-03T15:24:04","slug":"andrea-j-burns","status":"publish","type":"page","link":"https:\/\/old.pondlehocky.com\/es\/acerca-de\/nuestros-abogados\/andrea-j-burns\/","title":{"rendered":"Andrea J. Burns"},"content":{"rendered":"<p>[et_pb_section fb_built=\u00bb1&#8243; custom_padding_last_edited=\u00bbon|phone\u00bb _builder_version=\u00bb4.17.6&#8243; _module_preset=\u00bbdefault\u00bb background_image=\u00bbhttps:\/\/old.pondlehocky.com\/wp-content\/uploads\/2022\/07\/our-attorneys-bg.jpg\u00bb min_height=\u00bb325px\u00bb custom_margin=\u00bb0px||0px||false|false\u00bb custom_padding=\u00bb100px||0px||false|false\u00bb custom_padding_tablet=\u00bb100px||0px||false|false\u00bb custom_padding_phone=\u00bb50px||||false|false\u00bb global_colors_info=\u00bb{}\u00bb][et_pb_row _builder_version=\u00bb4.17.6&#8243; _module_preset=\u00bbdefault\u00bb global_colors_info=\u00bb{}\u00bb][et_pb_column type=\u00bb4_4&#8243; _builder_version=\u00bb4.17.6&#8243; _module_preset=\u00bbdefault\u00bb global_colors_info=\u00bb{}\u00bb][et_pb_text module_class=\u00bbbreadcrumb\u00bb _builder_version=\u00bb4.18.0&#8243; _module_preset=\u00bbdefault\u00bb text_font=\u00bb|||on|||||\u00bb text_text_color=\u00bb#4295C9&#8243; text_font_size=\u00bb22px\u00bb link_text_color=\u00bb#F5A81C\u00bb link_font_size=\u00bb22px\u00bb link_letter_spacing=\u00bb5px\u00bb header_2_font=\u00bb|||on|||||\u00bb header_2_text_color=\u00bb#EAAB42&#8243; header_2_font_size=\u00bb18px\u00bb header_2_letter_spacing=\u00bb6px\u00bb header_4_letter_spacing=\u00bb6px\u00bb custom_margin=\u00bb||-3px|||\u00bb animation_style=\u00bbslide\u00bb animation_direction=\u00bbbottom\u00bb animation_duration=\u00bb850ms\u00bb animation_intensity_slide=\u00bb10%\u00bb global_colors_info=\u00bb{}\u00bb link_text_color__hover=\u00bb#FFFFFF\u00bb link_text_color__hover_enabled=\u00bbon|desktop\u00bb]<a href=\"https:\/\/old.pondlehocky.com\/es\/acerca-de\/\">Acerca de<\/a>[\/et_pb_text][et_pb_text _builder_version=\u00bb4.17.6&#8243; _module_preset=\u00bbdefault\u00bb link_text_color=\u00bb#4295C9&#8243; header_text_color=\u00bb#FFFFFF\u00bb header_font_size=\u00bb72px\u00bb header_4_letter_spacing=\u00bb5px\u00bb animation_style=\u00bbslide\u00bb animation_direction=\u00bbbottom\u00bb animation_duration=\u00bb850ms\u00bb animation_intensity_slide=\u00bb10%\u00bb header_text_shadow_style=\u00bbpreset1&#8243; header_text_shadow_vertical_length=\u00bb0.08em\u00bb header_text_shadow_color=\u00bbrgba(18,40,76,0.15)\u00bb global_colors_info=\u00bb{}\u00bb link_text_color__hover=\u00bb#EAAB42&#8243; link_text_color__hover_enabled=\u00bbon|hover\u00bb]<\/p>\n<h1>Nuestros abogados<\/h1>\n<p>[\/et_pb_text][\/et_pb_column][\/et_pb_row][\/et_pb_section][et_pb_section fb_built=\u00bb1&#8243; _builder_version=\u00bb4.17.6&#8243; _module_preset=\u00bbdefault\u00bb custom_padding=\u00bb||19px|||\u00bb global_colors_info=\u00bb{}\u00bb][et_pb_row column_structure=\u00bb2_3,1_3&#8243; _builder_version=\u00bb4.17.6&#8243; _module_preset=\u00bbdefault\u00bb global_colors_info=\u00bb{}\u00bb][et_pb_column type=\u00bb2_3&#8243; _builder_version=\u00bb4.17.6&#8243; _module_preset=\u00bbdefault\u00bb animation_style=\u00bbslide\u00bb animation_direction=\u00bbbottom\u00bb animation_duration=\u00bb850ms\u00bb animation_intensity_slide=\u00bb5%\u00bb global_colors_info=\u00bb{}\u00bb][et_pb_text _builder_version=\u00bb4.17.6&#8243; _dynamic_attributes=\u00bbcontent\u00bb _module_preset=\u00bbdefault\u00bb link_text_color=\u00bb#4295C9&#8243; header_3_text_color=\u00bb#12284C\u00bb header_3_font_size=\u00bb54px\u00bb custom_margin=\u00bb0px||5px||false|false\u00bb animation_style=\u00bbslide\u00bb animation_direction=\u00bbbottom\u00bb animation_duration=\u00bb850ms\u00bb animation_intensity_slide=\u00bb10%\u00bb global_colors_info=\u00bb{}\u00bb link_text_color__hover=\u00bb#EAAB42&#8243; link_text_color__hover_enabled=\u00bbon|hover\u00bb]@ET-DC@eyJkeW5hbWljIjp0cnVlLCJjb250ZW50IjoicG9zdF90aXRsZSIsInNldHRpbmdzIjp7ImJlZm9yZSI6IjxoMj4iLCJhZnRlciI6IjxcL2gyPiJ9fQ==@[\/et_pb_text][et_pb_text _builder_version=\u00bb4.17.6&#8243; _module_preset=\u00bbdefault\u00bb text_font_size=\u00bb16px\u00bb custom_margin=\u00bb-10px||0px||false|false\u00bb custom_padding=\u00bb0px||16px||false|false\u00bb global_colors_info=\u00bb{}\u00bb]<\/p>\n<p class=\"italic\">Abogado<\/p>\n<p>[\/et_pb_text][et_pb_divider color=\u00bb#EAAB42&#8243; divider_weight=\u00bb2px\u00bb _builder_version=\u00bb4.17.6&#8243; _module_preset=\u00bbdefault\u00bb width=\u00bb80%\u00bb module_alignment=\u00bbleft\u00bb custom_margin=\u00bb||-2px|||\u00bb animation_style=\u00bbslide\u00bb animation_duration=\u00bb850ms\u00bb global_colors_info=\u00bb{}\u00bb][\/et_pb_divider][et_pb_text module_class=\u00bbsubhead\u00bb _builder_version=\u00bb4.17.6&#8243; _module_preset=\u00bbdefault\u00bb header_4_font=\u00bb|||on|||||\u00bb header_4_font_size=\u00bb22px\u00bb header_4_letter_spacing=\u00bb7px\u00bb custom_margin=\u00bb||0px|||\u00bb global_colors_info=\u00bb{}\u00bb]<\/p>\n<h4>Educaci\u00f3n<\/h4>\n<p>[\/et_pb_text][et_pb_text _builder_version=\u00bb4.17.6&#8243; _module_preset=\u00bbdefault\u00bb global_colors_info=\u00bb{}\u00bb]<\/p>\n<ul>\n<li>Facultad de Derecho de la Universidad de Widener (2003)<\/li>\n<li>Universidad Johns Hopkins (1998)<\/li>\n<\/ul>\n<p>[\/et_pb_text][et_pb_text _builder_version=\u00bb4.18.0&#8243; _module_preset=\u00bbdefault\u00bb custom_margin=\u00bb||40px||false|false\u00bb global_colors_info=\u00bb{}\u00bb]<\/p>\n<p><strong>Andrea J. Burns<\/strong> se licenci\u00f3 en salud p\u00fablica por la Universidad Johns Hopkins en 1998 y se licenci\u00f3 en Derecho por la Facultad de Derecho de la Universidad Widener en mayo de 2003.<\/p>\n<p>Comenz\u00f3 su carrera como abogada en un bufete sin \u00e1nimo de lucro, donde represent\u00f3 con \u00e9xito a clientes de bajos ingresos en disputas entre propietarios e inquilinos y redact\u00f3 testamentos, fideicomisos y poderes notariales. Tambi\u00e9n se encarg\u00f3 de la defensa de la salud de las personas mayores y de las familias con bajos ingresos en relaci\u00f3n con Medicare, Medicaid, COBRA y otros programas de salud.<\/p>\n<p>En 2011, la Sra. Burns trabaj\u00f3 como abogada en un bufete de lesiones personales, compensaci\u00f3n de trabajadores y discapacidad de la Seguridad Social con sede en Filadelfia, Pensilvania. Ha representado a miles de clientes en todos los niveles de apelaci\u00f3n para las reclamaciones del Seguro de Discapacidad de la Seguridad Social y de la Seguridad de Ingreso Suplementario (SSI). Tambi\u00e9n ha llevado a cabo m\u00e1s de 150 audiencias ante jueces de derecho administrativo y ha conseguido m\u00e1s de 724.000 d\u00f3lares en pagos atrasados para sus clientes.<\/p>\n<p>A continuaci\u00f3n, trabaj\u00f3 como responsable de cumplimiento y desarrollo corporativo para un centro sanitario sin \u00e1nimo de lucro en Mobile, Alabama, donde se asegur\u00f3 de que se siguieran las pol\u00edticas y los procedimientos de acuerdo con las normas de conducta del centro. La Sra. Burns tambi\u00e9n se coordin\u00f3 con otros departamentos para identificar \u00e1reas de riesgo y tendencias, y desarroll\u00f3 planes de acci\u00f3n para resolver los problemas identificados.<\/p>\n<p>Antes de incorporarse a Pond Lehocky Disability, la Sra. Burns fue abogada voluntaria de una red de ayuda legal sin \u00e1nimo de lucro en Mobile, Alabama, donde represent\u00f3 a clientes de SSI en los tribunales y realiz\u00f3 trabajos pro-bono.<\/p>\n<p>[\/et_pb_text][et_pb_button button_url=\u00bb@ET-DC@eyJkeW5hbWljIjp0cnVlLCJjb250ZW50IjoicG9zdF9saW5rX3VybF9wYWdlIiwic2V0dGluZ3MiOnsicG9zdF9pZCI6IjE1NiJ9fQ==@\u00bb button_text=\u00bbVolver a Nuestros Abogados\u00bb _builder_version=\u00bb4.18.0&#8243; _dynamic_attributes=\u00bbbutton_url\u00bb _module_preset=\u00bbdefault\u00bb custom_button=\u00bbon\u00bb button_text_size=\u00bb19px\u00bb button_text_color=\u00bb#4295C9&#8243; button_border_width=\u00bb0px\u00bb button_font=\u00bb|700||on|||||\u00bb button_icon=\u00bb&#xf359;||fa||400&#8243; button_icon_color=\u00bb#4295C9&#8243; button_icon_placement=\u00bbleft\u00bb button_on_hover=\u00bboff\u00bb global_module=\u00bb406&#8243; global_colors_info=\u00bb{}\u00bb button_text_color__hover_enabled=\u00bbon|desktop\u00bb button_text_color__hover=\u00bb#EAAB42&#8243; button_icon_color__hover_enabled=\u00bbon|hover\u00bb button_icon_color__hover=\u00bb#EAAB42&#8243; button_bg_color__hover_enabled=\u00bbon|desktop\u00bb button_bg_color__hover=\u00bbRGBA(255,255,255,0)\u00bb button_bg_enable_color__hover=\u00bbon\u00bb][\/et_pb_button][\/et_pb_column][et_pb_column type=\u00bb1_3&#8243; _builder_version=\u00bb4.17.6&#8243; _module_preset=\u00bbdefault\u00bb animation_style=\u00bbslide\u00bb animation_direction=\u00bbbottom\u00bb animation_duration=\u00bb850ms\u00bb animation_delay=\u00bb50ms\u00bb animation_intensity_slide=\u00bb5%\u00bb global_colors_info=\u00bb{}\u00bb][et_pb_image src=\u00bbhttps:\/\/old.pondlehocky.com\/wp-content\/uploads\/2023\/07\/Andrea-Burns.jpg\u00bb alt=\u00bbAndrea J. Burns\u00bb title_text=\u00bbAndrea Burns\u00bb show_bottom_space=\u00bboff\u00bb align=\u00bbcenter\u00bb _builder_version=\u00bb4.20.4&#8243; _module_preset=\u00bbdefault\u00bb custom_margin=\u00bb||10px||false|false\u00bb hover_enabled=\u00bb0&#8243; custom_css_main_element=\u00bboverflow:hidden;||cursor:pointer;\u00bb global_colors_info=\u00bb{}\u00bb transform_styles__hover_enabled=\u00bbon|hover\u00bb transform_scale__hover_enabled=\u00bbon|hover\u00bb transform_translate__hover_enabled=\u00bbon|desktop\u00bb transform_rotate__hover_enabled=\u00bbon|desktop\u00bb transform_skew__hover_enabled=\u00bbon|desktop\u00bb transform_origin__hover_enabled=\u00bbon|desktop\u00bb transform_scale__hover=\u00bb110%|110%\u00bb background__hover_enabled=\u00bbon|hover\u00bb background_color__hover=\u00bb\u00bb background_enable_color__hover=\u00bboff\u00bb background_pattern_style__hover=\u00bbpolka-dots\u00bb background_enable_pattern_style__hover=\u00bbon\u00bb background_pattern_color__hover=\u00bb#EAAB42&#8243; sticky_enabled=\u00bb0&#8243;][\/et_pb_image][et_pb_wpt_gravityform gravityform_id=\u00bbgf-1&#8243; description_custom_margin=\u00bb10px|0|16px|0|false|false\u00bb description_custom_padding=\u00bb0|0px|0|0|false|false\u00bb field_container_custom_margin=\u00bb20px|0|0|0|false|false\u00bb input_container_custom_margin=\u00bb0px|0|0|0|false|false\u00bb text_input_bg_color=\u00bb#FFFFFF\u00bb label_custom_margin=\u00bb5px|0|5px|0|false|false\u00bb title_custom_margin=\u00bb0px|0|0px|0|false|false\u00bb _builder_version=\u00bb4.20.4&#8243; _module_preset=\u00bbdefault\u00bb title_text_color=\u00bb#12284C\u00bb title_font_size=\u00bb36px\u00bb description_font=\u00bb|||on|||||\u00bb description_text_color=\u00bb#12284C\u00bb description_font_size=\u00bb18px\u00bb description_letter_spacing=\u00bb4px\u00bb description_line_height=\u00bb1.3em\u00bb label_text_color=\u00bb#000000&#8243; label_font_size=\u00bb18px\u00bb background_color=\u00bb#F2F2F2&#8243; custom_form_button=\u00bbon\u00bb form_button_text_color=\u00bb#12284C\u00bb form_button_bg_color=\u00bb#EAAB42&#8243; form_button_border_width=\u00bb0px\u00bb form_button_font=\u00bb|||on|||||\u00bb custom_padding=\u00bb15px|20px|15px|20px|true|true\u00bb custom_css_text_field=\u00bbwidth:100%;\u00bb custom_css_textarea_field=\u00bbwidth:100%;\u00bb custom_css_select_field=\u00bbwidth:100%;\u00bb custom_css_button=\u00bbwidth:100%;\u00bb border_color_all_input_general=\u00bb#dbdbdb\u00bb global_module=\u00bb206&#8243; global_colors_info=\u00bb{}\u00bb form_button_bg_color__hover_enabled=\u00bbon|desktop\u00bb form_button_bg_color__hover=\u00bb#12284C\u00bb form_button_bg_enable_color__hover=\u00bbon\u00bb form_button_text_color__hover_enabled=\u00bbon|desktop\u00bb form_button_text_color__hover=\u00bb#EAAB42&#8243;][\/et_pb_wpt_gravityform][\/et_pb_column][\/et_pb_row][\/et_pb_section]<\/p>\n","protected":false},"excerpt":{"rendered":"<p>Acerca deNuestros abogadosAbogadoEducaci\u00f3n Facultad de Derecho de la Universidad de Widener (2003) Universidad Johns Hopkins (1998) Andrea J. Burns se licenci\u00f3 en salud p\u00fablica por la Universidad Johns Hopkins en 1998 y se licenci\u00f3 en Derecho por la Facultad de Derecho de la Universidad Widener en mayo de 2003. Comenz\u00f3 su carrera como abogada en [&hellip;]<\/p>\n","protected":false},"author":1,"featured_media":0,"parent":5541,"menu_order":0,"comment_status":"closed","ping_status":"closed","template":"","meta":{"_et_pb_use_builder":"on","_et_pb_old_content":"","_et_gb_content_width":"","footnotes":""},"class_list":["post-5531","page","type-page","status-publish","hentry"],"acf":[],"_links":{"self":[{"href":"https:\/\/old.pondlehocky.com\/es\/wp-json\/wp\/v2\/pages\/5531","targetHints":{"allow":["GET"]}}],"collection":[{"href":"https:\/\/old.pondlehocky.com\/es\/wp-json\/wp\/v2\/pages"}],"about":[{"href":"https:\/\/old.pondlehocky.com\/es\/wp-json\/wp\/v2\/types\/page"}],"author":[{"embeddable":true,"href":"https:\/\/old.pondlehocky.com\/es\/wp-json\/wp\/v2\/users\/1"}],"replies":[{"embeddable":true,"href":"https:\/\/old.pondlehocky.com\/es\/wp-json\/wp\/v2\/comments?post=5531"}],"version-history":[{"count":0,"href":"https:\/\/old.pondlehocky.com\/es\/wp-json\/wp\/v2\/pages\/5531\/revisions"}],"up":[{"embeddable":true,"href":"https:\/\/old.pondlehocky.com\/es\/wp-json\/wp\/v2\/pages\/5541"}],"wp:attachment":[{"href":"https:\/\/old.pondlehocky.com\/es\/wp-json\/wp\/v2\/media?parent=5531"}],"curies":[{"name":"wp","href":"https:\/\/api.w.org\/{rel}","templated":true}]}}