{"id":5530,"date":"2022-07-22T15:13:43","date_gmt":"2022-07-22T15:13:43","guid":{"rendered":"https:\/\/old.pondlehocky.com\/jerry-m-lehocky\/"},"modified":"2022-12-15T15:11:34","modified_gmt":"2022-12-15T15:11:34","slug":"jerry-m-lehocky","status":"publish","type":"page","link":"https:\/\/old.pondlehocky.com\/es\/acerca-de\/nuestros-abogados\/jerry-m-lehocky\/","title":{"rendered":"Jerry M. Lehocky"},"content":{"rendered":"<p>[et_pb_section fb_built=\u00bb1&#8243; custom_padding_last_edited=\u00bbon|phone\u00bb _builder_version=\u00bb4.17.6&#8243; _module_preset=\u00bbdefault\u00bb background_image=\u00bbhttps:\/\/old.pondlehocky.com\/wp-content\/uploads\/2022\/07\/our-attorneys-bg.jpg\u00bb min_height=\u00bb325px\u00bb custom_margin=\u00bb0px||0px||false|false\u00bb custom_padding=\u00bb100px||0px||false|false\u00bb custom_padding_tablet=\u00bb100px||0px||false|false\u00bb custom_padding_phone=\u00bb50px||||false|false\u00bb global_colors_info=\u00bb{}\u00bb][et_pb_row _builder_version=\u00bb4.17.6&#8243; _module_preset=\u00bbdefault\u00bb global_colors_info=\u00bb{}\u00bb][et_pb_column type=\u00bb4_4&#8243; _builder_version=\u00bb4.17.6&#8243; _module_preset=\u00bbdefault\u00bb global_colors_info=\u00bb{}\u00bb][et_pb_text module_class=\u00bbbreadcrumb\u00bb _builder_version=\u00bb4.18.0&#8243; _module_preset=\u00bbdefault\u00bb text_font=\u00bb|||on|||||\u00bb text_text_color=\u00bb#4295C9&#8243; text_font_size=\u00bb22px\u00bb link_text_color=\u00bb#F5A81C\u00bb link_font_size=\u00bb22px\u00bb link_letter_spacing=\u00bb5px\u00bb header_2_font=\u00bb|||on|||||\u00bb header_2_text_color=\u00bb#EAAB42&#8243; header_2_font_size=\u00bb18px\u00bb header_2_letter_spacing=\u00bb6px\u00bb header_4_letter_spacing=\u00bb6px\u00bb custom_margin=\u00bb||-3px|||\u00bb animation_style=\u00bbslide\u00bb animation_direction=\u00bbbottom\u00bb animation_duration=\u00bb850ms\u00bb animation_intensity_slide=\u00bb10%\u00bb global_colors_info=\u00bb{}\u00bb link_text_color__hover=\u00bb#FFFFFF\u00bb link_text_color__hover_enabled=\u00bbon|desktop\u00bb]<a href=\"https:\/\/old.pondlehocky.com\/es\/acerca-de\/\">Acerca de<\/a>[\/et_pb_text][et_pb_text _builder_version=\u00bb4.17.6&#8243; _module_preset=\u00bbdefault\u00bb link_text_color=\u00bb#4295C9&#8243; header_text_color=\u00bb#FFFFFF\u00bb header_font_size=\u00bb72px\u00bb header_4_letter_spacing=\u00bb5px\u00bb animation_style=\u00bbslide\u00bb animation_direction=\u00bbbottom\u00bb animation_duration=\u00bb850ms\u00bb animation_intensity_slide=\u00bb10%\u00bb header_text_shadow_style=\u00bbpreset1&#8243; header_text_shadow_vertical_length=\u00bb0.08em\u00bb header_text_shadow_color=\u00bbrgba(18,40,76,0.15)\u00bb global_colors_info=\u00bb{}\u00bb link_text_color__hover=\u00bb#EAAB42&#8243; link_text_color__hover_enabled=\u00bbon|hover\u00bb]<\/p>\n<h1>Nuestros abogados<\/h1>\n<p>[\/et_pb_text][\/et_pb_column][\/et_pb_row][\/et_pb_section][et_pb_section fb_built=\u00bb1&#8243; _builder_version=\u00bb4.17.6&#8243; _module_preset=\u00bbdefault\u00bb custom_padding=\u00bb||19px|||\u00bb global_colors_info=\u00bb{}\u00bb][et_pb_row column_structure=\u00bb2_3,1_3&#8243; _builder_version=\u00bb4.17.6&#8243; _module_preset=\u00bbdefault\u00bb global_colors_info=\u00bb{}\u00bb][et_pb_column type=\u00bb2_3&#8243; _builder_version=\u00bb4.17.6&#8243; _module_preset=\u00bbdefault\u00bb animation_style=\u00bbslide\u00bb animation_direction=\u00bbbottom\u00bb animation_duration=\u00bb850ms\u00bb animation_intensity_slide=\u00bb5%\u00bb global_colors_info=\u00bb{}\u00bb][et_pb_text _builder_version=\u00bb4.17.6&#8243; _dynamic_attributes=\u00bbcontent\u00bb _module_preset=\u00bbdefault\u00bb link_text_color=\u00bb#4295C9&#8243; header_3_text_color=\u00bb#12284C\u00bb header_3_font_size=\u00bb54px\u00bb header_4_letter_spacing=\u00bb5px\u00bb custom_margin=\u00bb0px||5px||false|false\u00bb animation_style=\u00bbslide\u00bb animation_direction=\u00bbbottom\u00bb animation_duration=\u00bb850ms\u00bb animation_intensity_slide=\u00bb10%\u00bb global_colors_info=\u00bb{}\u00bb link_text_color__hover=\u00bb#EAAB42&#8243; link_text_color__hover_enabled=\u00bbon|hover\u00bb]@ET-DC@eyJkeW5hbWljIjp0cnVlLCJjb250ZW50IjoicG9zdF90aXRsZSIsInNldHRpbmdzIjp7ImJlZm9yZSI6IjxoMj4iLCJhZnRlciI6IjxcL2gyPiJ9fQ==@[\/et_pb_text][et_pb_text _builder_version=\u00bb4.17.6&#8243; _module_preset=\u00bbdefault\u00bb text_font_size=\u00bb16px\u00bb header_4_letter_spacing=\u00bb5px\u00bb custom_margin=\u00bb-10px||0px||false|false\u00bb custom_padding=\u00bb0px||16px||false|false\u00bb global_colors_info=\u00bb{}\u00bb]<\/p>\n<p class=\"italic\">Socio fundador<\/p>\n<p>[\/et_pb_text][et_pb_divider color=\u00bb#EAAB42&#8243; divider_weight=\u00bb2px\u00bb _builder_version=\u00bb4.17.6&#8243; _module_preset=\u00bbdefault\u00bb width=\u00bb80%\u00bb module_alignment=\u00bbleft\u00bb custom_margin=\u00bb||-2px|||\u00bb animation_style=\u00bbslide\u00bb animation_duration=\u00bb850ms\u00bb global_colors_info=\u00bb{}\u00bb][\/et_pb_divider][et_pb_text module_class=\u00bbsubhead\u00bb _builder_version=\u00bb4.17.6&#8243; _module_preset=\u00bbdefault\u00bb header_4_font=\u00bb|||on|||||\u00bb header_4_font_size=\u00bb22px\u00bb header_4_letter_spacing=\u00bb5px\u00bb custom_margin=\u00bb||0px|||\u00bb global_colors_info=\u00bb{}\u00bb]<\/p>\n<h4>Educaci\u00f3n<\/h4>\n<p>[\/et_pb_text][et_pb_text _builder_version=\u00bb4.17.6&#8243; _module_preset=\u00bbdefault\u00bb header_4_letter_spacing=\u00bb5px\u00bb global_colors_info=\u00bb{}\u00bb]<\/p>\n<ul>\n<li>Facultad de Derecho de la Universidad de Temple (J.D. 1985)<\/li>\n<li>Allegheny College (1982)<\/li>\n<\/ul>\n<p>[\/et_pb_text][et_pb_text module_class=\u00bbsubhead\u00bb _builder_version=\u00bb4.17.6&#8243; _module_preset=\u00bbdefault\u00bb header_4_font=\u00bb|||on|||||\u00bb header_4_font_size=\u00bb22px\u00bb header_4_letter_spacing=\u00bb5px\u00bb custom_margin=\u00bb-1px||0px|||\u00bb global_colors_info=\u00bb{}\u00bb]<\/p>\n<h4>Miembro<\/h4>\n<p>[\/et_pb_text][et_pb_text _builder_version=\u00bb4.17.6&#8243; _module_preset=\u00bbdefault\u00bb header_4_letter_spacing=\u00bb5px\u00bb global_colors_info=\u00bb{}\u00bb]<\/p>\n<ul>\n<li>Ex presidente de la Asociaci\u00f3n de Justicia de Pensilvania<\/li>\n<li>Antigua Junta Directiva del Programa de Voluntarios para los Indigentes<\/li>\n<li>Grupo de Litigios por Lesiones Laborales<\/li>\n<li>Presidente del Consejo Disciplinario del Tribunal Supremo de Pensilvania<\/li>\n<li>Colegios de Abogados de Estados Unidos, Pensilvania y Filadelfia<\/li>\n<li>Asociaciones de abogados litigantes de Estados Unidos y Filadelfia<\/li>\n<li>Junta de Gobernadores, Asociaci\u00f3n de Abogados Litigantes de Filadelfia<\/li>\n<li>Justicia p\u00fablica<\/li>\n<\/ul>\n<p>[\/et_pb_text][et_pb_text _builder_version=\u00bb4.19.2&#8243; _module_preset=\u00bbdefault\u00bb header_4_letter_spacing=\u00bb5px\u00bb custom_margin=\u00bb||40px||false|false\u00bb global_colors_info=\u00bb{}\u00bb]<\/p>\n<p><strong>Jerry Lehocky<\/strong> no pone el despertador.<\/p>\n<p>Cada d\u00eda se levanta para hacer lo que le gusta, y lo que le gusta es ayudar a los heridos y discapacitados de la sociedad. Por eso, durante m\u00e1s de 30 a\u00f1os, ha luchado incansablemente por los derechos legales de los trabajadores lesionados y discapacitados.<\/p>\n<p>Como \u00e1vido defensor de los trabajadores y exitoso litigante que ocupa varios puestos de liderazgo dentro de la comunidad jur\u00eddica, Jerry puede parecer alguien que procede de generaciones de abogados. Pero no se deje enga\u00f1ar por su seguridad profesional y su presencia tranquilizadora.<\/p>\n<p>Jerry creci\u00f3 en la peque\u00f1a zona obrera del condado de Beaver (Pensilvania), al noroeste de Pittsburgh. De ni\u00f1o aprendi\u00f3 el valor del trabajo duro cuando su padre, fontanero, le llevaba en su furgoneta los fines de semana a instalar inodoros y calentadores de agua. Su abuelo y sus t\u00edos trabajaban en la acer\u00eda de la ciudad. Como ellos, Jerry trabajaba duro, jornadas de 16 horas en la f\u00e1brica entre el D\u00eda de los Ca\u00eddos y el D\u00eda del Trabajo para pagarse la universidad y la carrera de Derecho.<\/p>\n<p>Unas pr\u00e1cticas en la Oficina del Defensor del Pueblo del Distrito de Columbia durante su \u00faltimo semestre de universidad despertaron el inter\u00e9s de Jerry por el Derecho, y el hecho de viajar con agentes de la Polic\u00eda de Washington y participar en autopsias le hizo pensar en las lesiones de las personas. Tras graduarse en el Allegheny College en 1982, Jerry asisti\u00f3 a la Facultad de Derecho de la Universidad de Temple, donde se licenci\u00f3 en 1985.<\/p>\n<p>En 1983, cuando uno de sus profesores de la facultad de Derecho dej\u00f3 Temple Law para convertirse en procurador de la ciudad de Filadelfia, ofreci\u00f3 a Jerry un puesto en el departamento de indemnizaci\u00f3n por accidentes laborales de esa oficina. Jerry aprovech\u00f3 la oportunidad de adquirir experiencia jur\u00eddica en el mundo real. En este caso, se trataba de ayudar a los abogados del Ayuntamiento de Filadelfia a defender al Ayuntamiento en casos de indemnizaci\u00f3n por accidentes laborales contra trabajadores municipales que alegaban haber sufrido lesiones en el trabajo.<\/p>\n<p>El puesto de Jerry en el Ayuntamiento de Filadelfia fue el primero de una serie de empleos, que culmin\u00f3 con su puesto en uno de los mayores bufetes de abogados de Filadelfia, donde defend\u00eda a empresarios y compa\u00f1\u00edas de seguros en casos de indemnizaci\u00f3n por accidentes laborales. Tras unos a\u00f1os encarg\u00e1ndose de ese tipo de trabajo, se dio cuenta de que estaba en el lado equivocado de esos casos. Quer\u00eda ayudar a los trabajadores a cobrar las prestaciones a las que ten\u00edan derecho por ley, no ayudar a sus empresas y compa\u00f1\u00edas de seguros a neg\u00e1rselas.<\/p>\n<p>A los pocos a\u00f1os cambi\u00f3 de bando y empez\u00f3 a representar a demandantes exclusivamente en casos de indemnizaci\u00f3n por accidente laboral e incapacidad de la Seguridad Social. A medida que crec\u00eda su pr\u00e1ctica jur\u00eddica representando a trabajadores lesionados, tambi\u00e9n lo hac\u00edan sus ambiciones. Quer\u00eda construir la mayor pr\u00e1ctica de compensaci\u00f3n de trabajadores en Pennsylvania.<\/p>\n<p>Para Jerry, este objetivo era personal. Cuando era joven, Jerry vio de primera mano c\u00f3mo los problemas de salud de su padre afectaban a su familia. Su padre luchaba por llevar comida a la mesa y la familia estaba al borde de la quiebra. S\u00f3lo despu\u00e9s de ser admitido en el sindicato de fontaneros y tener acceso a la cobertura del seguro como fontanero sindicalizado pudo su padre volver a ponerse en pie, literal y figuradamente.<\/p>\n<p>A d\u00eda de hoy, para Jerry, cada trabajador lesionado al que representa no es s\u00f3lo un nombre en un expediente. Es un miembro de una familia cuyas vidas han quedado en suspenso, cuyo sustento puede estar en peligro y que se enfrenta a una batalla legal potencialmente dif\u00edcil. Ah\u00ed es donde ve su oportunidad de ayudar.<\/p>\n<p>A medida que crec\u00eda su pr\u00e1ctica, Jerry quer\u00eda proporcionar un nivel de servicio sin precedentes, luchar tenazmente por sus clientes y ganar a lo grande. Cuando empez\u00f3 a representar a trabajadores lesionados, Jerry se cruz\u00f3 (de nuevo) con Sam Pond, un amigo de la facultad de Derecho y abogado al que Jerry hab\u00eda sustituido en una empresa anterior cuando Sam dej\u00f3 ese trabajo para incorporarse al bufete de indemnizaci\u00f3n por accidentes de trabajo en el que Jerry era ahora abogado.<\/p>\n<p>Durante el tiempo que pasaron juntos, Jerry y Sam se hicieron inseparables, desafi\u00e1ndose mutuamente a ser el mejor abogado, empresario, marido y padre que pudieran ser. Despu\u00e9s de 13 a\u00f1os trabajando juntos en esa importante empresa de indemnizaci\u00f3n por accidentes de trabajo, Jerry y Sam sab\u00edan que hab\u00eda una forma mejor de hacerlo.<\/p>\n<p>Una forma mejor de luchar contra los empresarios y aseguradoras que se negaban a cumplir la ley y pagar a sus trabajadores lesionados las prestaciones a las que ten\u00edan derecho.<\/p>\n<p>Una forma mejor de crear un bufete de abogados que pudiera ayudar a los clientes que sufr\u00edan lesiones de todo tipo a encontrar la ayuda jur\u00eddica y m\u00e9dica que necesitaban.<\/p>\n<p>Una forma mejor de crear una cultura de bufete ganadora que atraiga y retenga a los mejores abogados y empleados.<\/p>\n<p>Poniendo en juego su reputaci\u00f3n y sus recursos, y armados con la fe en s\u00ed mismos, en los dem\u00e1s y en que estaban haciendo lo correcto, Jerry y Sam, junto con Tom Giordano, encendieron las luces de Pond Lehocky Giordano el 1 de julio de 2010. En la actualidad, es el mayor bufete de abogados especializado en indemnizaci\u00f3n e incapacidad laboral de Pensilvania.<\/p>\n<p>Incluso como socio fundador de un bufete de abogados del tama\u00f1o de Pond Lehocky Giordano, Jerry sigue reuni\u00e9ndose con sus clientes cara a cara para entender su situaci\u00f3n y la de su familia, para determinar la mejor estrategia legal para asegurar los beneficios a los que tienen derecho, y descubrir maneras de asegurar que el mayor n\u00famero de sus necesidades legales y m\u00e9dicas sean atendidas como sea posible. A d\u00eda de hoy, Jerry sigue compareciendo ante los tribunales y defendiendo celosamente a sus clientes en cada paso de sus pleitos. De hecho, en 2020, un acuerdo de 4,4 millones de d\u00f3lares que Jerry asegur\u00f3 fue uno de los acuerdos de compensaci\u00f3n de trabajadores m\u00e1s altos de ese a\u00f1o.<\/p>\n<p>El trabajo de Jerry no se limita a los tribunales, sino que tambi\u00e9n conoce bien la C\u00e1mara de Representantes. Entre sus exitosos esfuerzos por persuadir a la Legislatura de Pensilvania de que aprobara proyectos de ley de apoyo a los trabajadores lesionados o discapacitados, Jerry fue coautor del proyecto de ley que cre\u00f3 el Fondo de Garant\u00eda para Empresarios No Asegurados. El proyecto, que se convirti\u00f3 en la primera ley en m\u00e1s de 30 a\u00f1os para proteger a los trabajadores lesionados, cre\u00f3 un fondo para proporcionar a los trabajadores de Pensilvania prestaciones y compensaciones econ\u00f3micas por sus lesiones en el trabajo cuando sus empleadores, de forma ilegal, no tienen un seguro activo de indemnizaci\u00f3n por accidentes laborales.<\/p>\n<p>Como alguien que cree en compartir sus conocimientos y sabidur\u00eda, en aprender de sus compa\u00f1eros y en proteger la integridad del colegio de abogados, Jerry lleva mucho tiempo participando activamente en el servicio p\u00fablico y al servicio de la comunidad jur\u00eddica. Sus servicios al p\u00fablico y al Colegio de Abogados incluyen:<\/p>\n<ul>\n<li>Fue presidente de la Secci\u00f3n de Indemnizaci\u00f3n por Accidentes Laborales de los Abogados Litigantes de Pensilvania (durante 12 a\u00f1os consecutivos);<\/li>\n<li>Ha asesorado a varios gobernadores de Pensilvania, as\u00ed como a numerosos senadores y representantes estatales, en cuestiones relacionadas con la indemnizaci\u00f3n de los trabajadores;<\/li>\n<li>Ha sido miembro de la Junta de Gobierno de la Pennsylvania Association for Justice y de la Philadelphia Trial Lawyers Association, as\u00ed como de la Junta Directiva del Volunteers for the Indigent Program;<\/li>\n<li>Presidente de la Junta Disciplinaria del Tribunal Supremo de Pensilvania y miembro del Grupo de Litigios por Lesiones Laborales del Tribunal; y<\/li>\n<li>Ha sido presidente de la Pennsylvania Association for Justice (Asociaci\u00f3n para la Justicia de Pensilvania), el primer abogado especializado en indemnizaciones por accidentes de trabajo de la historia de la organizaci\u00f3n en ocupar ese cargo.<\/li>\n<\/ul>\n<p>Jerry ha sido reconocido por sus logros como abogado y sus contribuciones a la sociedad, incluyendo:<\/p>\n<ul>\n<li>Recibir el Premio Milton J. Rosenberg 2017 de la Asociaci\u00f3n para la Justicia de Pensilvania, el m\u00e1ximo galard\u00f3n que concede la organizaci\u00f3n a un abogado litigante;<\/li>\n<li>Recibir el Premio del Presidente de la Asociaci\u00f3n de Abogados Litigantes de Filadelfia en 2018 por el servicio por encima y m\u00e1s all\u00e1 en nombre de las personas lesionadas en Pensilvania:<\/li>\n<li>Haber sido seleccionado para su inclusi\u00f3n en las listas Super <em>Lawyers\u00ae<\/em>Top 100 de Pensilvania y <em>Super Lawyers\u00ae<\/em>Top 100 de Filadelfia, adem\u00e1s de haber sido seleccionado para su inclusi\u00f3n en la lista <em>Super Lawyers\u00ae<\/em>durante los \u00faltimos 20 a\u00f1os consecutivos;<\/li>\n<li>Recibi\u00f3 el premio Legal Leader Award 1997 de Philaposh por su distinguido servicio a los trabajadores lesionados de Pensilvania;<\/li>\n<li>Recibir una menci\u00f3n al servicio dedicado del Senado del Estado de Pensilvania por sus esfuerzos en nombre de los trabajadores lesionados en Pensilvania; y<\/li>\n<li>Recibir el premio Good Guy 2014 del gimnasio Joe Hand por su apoyo al atletismo juvenil urbano.<\/li>\n<\/ul>\n<p>Como l\u00edder ambicioso comprometido con el crecimiento de su bufete, litigante accesible y apasionado por la protecci\u00f3n de los trabajadores, y colega experimentado dispuesto a compartir sus conocimientos sobre la vida y el derecho, Jerry siempre puede hacer m\u00e1s para ayudar a proteger a los trabajadores lesionados y discapacitados.<\/p>\n<p>Quiz\u00e1 esa sea la <em>verdadera <\/em>raz\u00f3n por la que no pone el despertador. \u00bfQui\u00e9n necesita un despertador cuando cada d\u00eda te mueve el ardiente deseo de hacer del mundo un lugar mejor para tus clientes y todos los heridos y discapacitados de la sociedad?<\/p>\n<p>[\/et_pb_text][et_pb_button button_url=\u00bb@ET-DC@eyJkeW5hbWljIjp0cnVlLCJjb250ZW50IjoicG9zdF9saW5rX3VybF9wYWdlIiwic2V0dGluZ3MiOnsicG9zdF9pZCI6IjE1NiJ9fQ==@\u00bb button_text=\u00bbVolver a nuestros abogados\u00bb _builder_version=\u00bb4.18.0&#8243; _dynamic_attributes=\u00bbbutton_url\u00bb _module_preset=\u00bbdefault\u00bb custom_button=\u00bbon\u00bb button_text_size=\u00bb19px\u00bb button_text_color=\u00bb#4295C9&#8243; button_border_width=\u00bb0px\u00bb button_font=\u00bb|700||on|||||\u00bb button_icon=\u00bb&#xf359;||fa||400&#8243; button_icon_color=\u00bb#4295C9&#8243; button_icon_placement=\u00bbleft\u00bb button_on_hover=\u00bboff\u00bb global_module=\u00bb406&#8243; global_colors_info=\u00bb{}\u00bb button_text_color__hover_enabled=\u00bbon|desktop\u00bb button_text_color__hover=\u00bb#EAAB42&#8243; button_icon_color__hover_enabled=\u00bbon|hover\u00bb button_icon_color__hover=\u00bb#EAAB42&#8243; button_bg_color__hover_enabled=\u00bbon|desktop\u00bb button_bg_color__hover=\u00bbRGBA(255,255,255,0)\u00bb button_bg_enable_color__hover=\u00bbon\u00bb][\/et_pb_button][\/et_pb_column][et_pb_column type=\u00bb1_3&#8243; _builder_version=\u00bb4.17.6&#8243; _module_preset=\u00bbdefault\u00bb animation_style=\u00bbslide\u00bb animation_direction=\u00bbbottom\u00bb animation_duration=\u00bb850ms\u00bb animation_delay=\u00bb50ms\u00bb animation_intensity_slide=\u00bb5%\u00bb global_colors_info=\u00bb{}\u00bb][et_pb_image src=\u00bbhttps:\/\/old.pondlehocky.com\/wp-content\/uploads\/2022\/07\/Jerry_Lehocky.jpg\u00bb alt=\u00bbJerry M. Lehocky\u00bb title_text=\u00bbJerry_Lehocky\u00bb show_bottom_space=\u00bboff\u00bb align=\u00bbcenter\u00bb _builder_version=\u00bb4.17.6&#8243; _module_preset=\u00bbdefault\u00bb custom_margin=\u00bb||10px||false|false\u00bb custom_css_main_element=\u00bboverflow:hidden;||cursor:pointer;\u00bb global_colors_info=\u00bb{}\u00bb transform_styles__hover_enabled=\u00bbon|hover\u00bb transform_scale__hover_enabled=\u00bbon|hover\u00bb transform_translate__hover_enabled=\u00bbon|desktop\u00bb transform_rotate__hover_enabled=\u00bbon|desktop\u00bb transform_skew__hover_enabled=\u00bbon|desktop\u00bb transform_origin__hover_enabled=\u00bbon|desktop\u00bb transform_scale__hover=\u00bb110%|110%\u00bb background__hover_enabled=\u00bbon|hover\u00bb background_color__hover=\u00bb\u00bb background_enable_color__hover=\u00bboff\u00bb background_pattern_style__hover=\u00bbpolka-dots\u00bb background_enable_pattern_style__hover=\u00bbon\u00bb background_pattern_color__hover=\u00bb#EAAB42&#8243;][\/et_pb_image][et_pb_wpt_gravityform gravityform_id=\u00bbgf-1&#8243; description_custom_margin=\u00bb10px|0|16px|0|false|false\u00bb description_custom_padding=\u00bb0|0px|0|0|false|false\u00bb field_container_custom_margin=\u00bb20px|0|0|0|false|false\u00bb input_container_custom_margin=\u00bb0px|0|0|0|false|false\u00bb text_input_bg_color=\u00bb#FFFFFF\u00bb label_custom_margin=\u00bb5px|0|5px|0|false|false\u00bb title_custom_margin=\u00bb0px|0|0px|0|false|false\u00bb _builder_version=\u00bb4.19.0&#8243; _module_preset=\u00bbdefault\u00bb title_text_color=\u00bb#12284C\u00bb title_font_size=\u00bb36px\u00bb description_font=\u00bb|||on|||||\u00bb description_text_color=\u00bb#12284C\u00bb description_font_size=\u00bb18px\u00bb description_letter_spacing=\u00bb4px\u00bb description_line_height=\u00bb1.3em\u00bb label_text_color=\u00bb#000000&#8243; label_font_size=\u00bb18px\u00bb background_color=\u00bb#F2F2F2&#8243; custom_form_button=\u00bbon\u00bb form_button_text_color=\u00bb#12284C\u00bb form_button_bg_color=\u00bb#EAAB42&#8243; form_button_border_width=\u00bb0px\u00bb form_button_font=\u00bb|||on|||||\u00bb custom_padding=\u00bb15px|20px|15px|20px|true|true\u00bb custom_css_text_field=\u00bbwidth:100%;\u00bb custom_css_textarea_field=\u00bbwidth:100%;\u00bb custom_css_select_field=\u00bbwidth:100%;\u00bb custom_css_button=\u00bbwidth:100%;\u00bb border_color_all_input_general=\u00bb#dbdbdb\u00bb global_module=\u00bb206&#8243; global_colors_info=\u00bb{}\u00bb form_button_bg_color__hover_enabled=\u00bbon|desktop\u00bb form_button_bg_color__hover=\u00bb#12284C\u00bb form_button_bg_enable_color__hover=\u00bbon\u00bb form_button_text_color__hover_enabled=\u00bbon|desktop\u00bb form_button_text_color__hover=\u00bb#EAAB42&#8243;][\/et_pb_wpt_gravityform][\/et_pb_column][\/et_pb_row][\/et_pb_section]<\/p>\n","protected":false},"excerpt":{"rendered":"<p>Acerca deNuestros abogadosSocio fundadorEducaci\u00f3n Facultad de Derecho de la Universidad de Temple (J.D. 1985) Allegheny College (1982) Miembro Ex presidente de la Asociaci\u00f3n de Justicia de Pensilvania Antigua Junta Directiva del Programa de Voluntarios para los Indigentes Grupo de Litigios por Lesiones Laborales Presidente del Consejo Disciplinario del Tribunal Supremo de Pensilvania Colegios de Abogados [&hellip;]<\/p>\n","protected":false},"author":1,"featured_media":0,"parent":5541,"menu_order":0,"comment_status":"closed","ping_status":"closed","template":"","meta":{"_et_pb_use_builder":"on","_et_pb_old_content":"","_et_gb_content_width":"","footnotes":""},"class_list":["post-5530","page","type-page","status-publish","hentry"],"acf":[],"_links":{"self":[{"href":"https:\/\/old.pondlehocky.com\/es\/wp-json\/wp\/v2\/pages\/5530","targetHints":{"allow":["GET"]}}],"collection":[{"href":"https:\/\/old.pondlehocky.com\/es\/wp-json\/wp\/v2\/pages"}],"about":[{"href":"https:\/\/old.pondlehocky.com\/es\/wp-json\/wp\/v2\/types\/page"}],"author":[{"embeddable":true,"href":"https:\/\/old.pondlehocky.com\/es\/wp-json\/wp\/v2\/users\/1"}],"replies":[{"embeddable":true,"href":"https:\/\/old.pondlehocky.com\/es\/wp-json\/wp\/v2\/comments?post=5530"}],"version-history":[{"count":0,"href":"https:\/\/old.pondlehocky.com\/es\/wp-json\/wp\/v2\/pages\/5530\/revisions"}],"up":[{"embeddable":true,"href":"https:\/\/old.pondlehocky.com\/es\/wp-json\/wp\/v2\/pages\/5541"}],"wp:attachment":[{"href":"https:\/\/old.pondlehocky.com\/es\/wp-json\/wp\/v2\/media?parent=5530"}],"curies":[{"name":"wp","href":"https:\/\/api.w.org\/{rel}","templated":true}]}}